{"id":9371,"date":"2022-11-17T21:20:26","date_gmt":"2022-11-17T20:20:26","guid":{"rendered":"https:\/\/sp6kwidzyn.pl\/?page_id=9371"},"modified":"2022-11-17T21:24:28","modified_gmt":"2022-11-17T20:24:28","slug":"sprzet-zakupiony-w-ramach-programu-laboratoria-przyszlosci","status":"publish","type":"page","link":"https:\/\/sp6kwidzyn.pl\/?page_id=9371","title":{"rendered":"Sprz\u0119t zakupiony w ramach programu Laboratoria Przysz\u0142o\u015bci"},"content":{"rendered":"<p><strong>Otrzymanie wsparcia finansowego<\/strong><\/p>\n<p>Sprz\u0119t zakupiony w ramach programu Laboratoria Przysz\u0142o\u015bci<\/p>\n<p>Do dnia<strong> 31 sierpnia 2022<\/strong> roku wydano pozosta\u0142e<strong> 40%<\/strong> przyznanych \u015brodk\u00f3w na zakup dodatkowego wyposa\u017cenia z katalogu Laboratoria Przysz\u0142o\u015bci w kwocie <strong>98348,99 z\u0142<\/strong> wg poni\u017cszej specyfikacji:<\/p>\n<ul>\n<li>Pracownia <strong>Druku 3D SkriLab<\/strong> \u2013 4 szt.<\/li>\n<li>Filament <strong>3D PLA biodegradowalny<\/strong> \u2013 2 szt.<\/li>\n<li>Zestaw Startowy <strong>Arduino MEGA2560 Starter KIT XXXL<\/strong> z akcesoriami \u2013 15 szt.<\/li>\n<li>Stacja lutownicza <strong>HOT AIR<\/strong> z grotem 2w1 898D \u2013 1 szt.<\/li>\n<li>Aparat <strong>Sony ZV-1<\/strong> \u2013 1 szt.<\/li>\n<li>Statyw do aparatu <strong>Hama STAR<\/strong> 0594105 \u2013 1 szt.<\/li>\n<li>Gimbal r\u0119czny <strong>DJI Ronin-SC<\/strong> \u2013 1 szt.<\/li>\n<li>Mikroport <strong>Saramonic UwMic9-RX9+TX9<\/strong> zestaw bezprzewodowy Kit2 \u2013 5 szt.<\/li>\n<li>O\u015bwietlenie do realizacji nagra\u0144 <strong>QUADRA LITELED Tuber<\/strong> zestaw \u015bwiat\u0142a ci\u0105g\u0142ego \u2013 1 szt.<\/li>\n<li>Zestaw 4 mikrofon\u00f3w bezprzewodowych <strong>UHF 4x bodypack PD504B<\/strong> \u2013 1 szt.<\/li>\n<li>Studyjny zestaw mikrofonowo-s\u0142uchawkowy <strong>AUNA MIC-920BV4<\/strong> \u2013 1 szt.<\/li>\n<li>Przeno\u015bny zestaw nag\u0142o\u015bnieniowy <strong>AUNA Streetstar 12<\/strong> \u2013 1 szt.<\/li>\n<li>Cyfrowy rejestrator d\u017awi\u0119ku <strong>Saramonic SR-Q2<\/strong> \u2013 1 szt.<\/li>\n<li>Zestaw 8 robot\u00f3w edukacyjnych <strong>mBot2<\/strong> \u2013 3 szt.<\/li>\n<li>Rozszerzenie dla zestawu robot\u00f3w edukacyjnych \u2013 zestaw \u015bwiat\u0142o\/d\u017awi\u0119k\/<strong>serwo Makeblock do mBota<\/strong> \u2013 3 szt.<\/li>\n<li>Zestaw klock\u00f3w edukacyjnych<strong> Ultimate Robot Kit 2.0<\/strong> \u2013 5 szt.<\/li>\n<li>Zestaw do budowy robot\u00f3w <strong>Makeblock \u2013 Robot mBot Ranger<\/strong> \u2013 5 szt.<\/li>\n<li>Robot dla pocz\u0105tkuj\u0105cych <strong>Ambitny Albert 3.1<\/strong> \u2013 2 szt.<\/li>\n<li>Zestaw klock\u00f3w edukacyjnych <strong>Lego Mindstorms EV345544<\/strong> \u2013 3 szt.<\/li>\n<li>Komplet sztu\u0107c\u00f3w \u2013 162 szt.<\/li>\n<li>Mikser \u2013 1 szt.<\/li>\n<li>Miski \u2013 3 szt.<\/li>\n<li>\u017belazko \u2013 1 szt.<\/li>\n<li>Deska do prasowania \u2013 1 szt.<\/li>\n<li>Opiekacz z wymiennymi wk\u0142adami \u2013 1 szt.<\/li>\n<li>Pojemnik warsztatowy \u2013 10 szt.<\/li>\n<li>Skaner kompatybilny z drukark\u0105 3D \u2013 1 szt.<\/li>\n<li>Lod\u00f3wka \u2013 1 szt.<\/li>\n<\/ul>\n<p>Wyposa\u017cenie oparte o najnowsz\u0105 technologi\u0119 zostanie wykorzystane do prowadzenia zaj\u0119\u0107 edukacyjnych nie tylko tych obowi\u0105zkowych, ale tak\u017ce dodatkowych, wynikaj\u0105cych z ch\u0119ci rozwijania pasji i zainteresowa\u0144 naszych uczni\u00f3w.<\/p>\n<p>&nbsp;<\/p>\n<p>#LaboratoriaPrzysz\u0142o\u015bci\u00a0 #LaboratoriaPrzyszlosci @LaboratoriaPrzyszlosci<\/p>\n","protected":false},"excerpt":{"rendered":"<p>Otrzymanie wsparcia finansowego Sprz\u0119t zakupiony w ramach programu Laboratoria Przysz\u0142o\u015bci Do dnia 31 sierpnia 2022 roku wydano pozosta\u0142e 40% przyznanych [&hellip;]<\/p>\n","protected":false},"author":1,"featured_media":0,"parent":0,"menu_order":0,"comment_status":"closed","ping_status":"closed","template":"","meta":{"footnotes":""},"class_list":["post-9371","page","type-page","status-publish","hentry","has_no_thumb"],"aioseo_notices":[],"_links":{"self":[{"href":"https:\/\/sp6kwidzyn.pl\/index.php?rest_route=\/wp\/v2\/pages\/9371","targetHints":{"allow":["GET"]}}],"collection":[{"href":"https:\/\/sp6kwidzyn.pl\/index.php?rest_route=\/wp\/v2\/pages"}],"about":[{"href":"https:\/\/sp6kwidzyn.pl\/index.php?rest_route=\/wp\/v2\/types\/page"}],"author":[{"embeddable":true,"href":"https:\/\/sp6kwidzyn.pl\/index.php?rest_route=\/wp\/v2\/users\/1"}],"replies":[{"embeddable":true,"href":"https:\/\/sp6kwidzyn.pl\/index.php?rest_route=%2Fwp%2Fv2%2Fcomments&post=9371"}],"version-history":[{"count":3,"href":"https:\/\/sp6kwidzyn.pl\/index.php?rest_route=\/wp\/v2\/pages\/9371\/revisions"}],"predecessor-version":[{"id":9374,"href":"https:\/\/sp6kwidzyn.pl\/index.php?rest_route=\/wp\/v2\/pages\/9371\/revisions\/9374"}],"wp:attachment":[{"href":"https:\/\/sp6kwidzyn.pl\/index.php?rest_route=%2Fwp%2Fv2%2Fmedia&parent=9371"}],"curies":[{"name":"wp","href":"https:\/\/api.w.org\/{rel}","templated":true}]}}