{"id":9366,"date":"2022-11-17T21:11:18","date_gmt":"2022-11-17T20:11:18","guid":{"rendered":"https:\/\/sp6kwidzyn.pl\/?page_id=9366"},"modified":"2026-03-04T10:57:35","modified_gmt":"2026-03-04T09:57:35","slug":"sprzet-zakupiony-w-ramach-programu-laboratoria-przyszlosci-do-31-12-2021-r","status":"publish","type":"page","link":"https:\/\/sp6kwidzyn.pl\/?page_id=9366","title":{"rendered":"Sprz\u0119t zakupiony w ramach programu Laboratoria Przysz\u0142o\u015bci do 31.12.2021 r."},"content":{"rendered":"<p style=\"text-align: center;\"><strong>Otrzymanie wsparcia finansowego<\/strong><\/p>\n<p style=\"text-align: center;\"><strong>Sprz\u0119t zakupiony w ramach programu Laboratoria Przysz\u0142o\u015bci<\/strong><\/p>\n<p>Finansowe wsparcie otrzymane w ramach programu Laboratoria Przysz\u0142o\u015bci przeznaczono na zakup sprz\u0119tu, nie tylko do pracowni komputerowych, ale tak\u017ce pomocy dydaktycznych, s\u0142u\u017c\u0105cych rozwijaniu podstawowych umiej\u0119tno\u015bci dzieci oraz m\u0142odzie\u017cy.<\/p>\n<p>Szko\u0142a Podstawowa nr 6 z Oddzia\u0142ami Integracyjnymi nr 6 im. W. G\u0119bika w Kwidzynie w ramach programu Laboratoria Przysz\u0142o\u015bci otrzyma\u0142a wsparcie w postaci \u015brodk\u00f3w finansowych w \u0142\u0105cznej wysoko\u015bci 239999,02 z\u0142.<\/p>\n<p>Do dnia 31 grudnia 2021 roku wydano 60% przyznanych \u015brodk\u00f3w na zakup wyposa\u017cenia w kwocie 141650,03 z\u0142 wg poni\u017cszej specyfikacji:<\/p>\n<ul>\n<li><strong>Drukarka 3D Skrinter<\/strong> \u2013 4 szt.<\/li>\n<li><strong>Stacja lutownicza HOT AIR<\/strong> z grotem 2w1 898D \u2013 7 szt.<\/li>\n<li><strong>Mikrofon kierunkowy Saramonic<\/strong> Vmic Mini \u2013 1 szt.<\/li>\n<li><strong>ClassVR<\/strong> \u2013 wirtualne laboratorium przedmiotowe zestaw 8 sztuk ClassVR Premium \u2013 3 szt.<\/li>\n<li><strong>ClassVR<\/strong> \u2013 licencja \u2013 3-letni dost\u0119p do portalu wirtualnych lekcji \u2013 1 szt.<\/li>\n<li><strong>Zestaw 8 robot\u00f3w edukacyjnych typu Photon EDU<\/strong> \u2013 3 szt.<\/li>\n<li><strong>Zestaw klock\u00f3w edukacyjnych Lego Mindstorms<\/strong> EV345544 \u2013 3 szt.<\/li>\n<\/ul>\n<p>&nbsp;<\/p>\n<p>#LaboratoriaPrzysz\u0142o\u015bci\u00a0 #LaboratoriaPrzyszlosci @LaboratoriaPrzyszlosci<\/p>\n<p>&nbsp;<\/p>\n<p>&nbsp;<\/p>\n<p style=\"text-align: center;\">#LaboratoriaPrzysz\u0142o\u015bci\u00a0 #LaboratoriaPrzyszlosci @LaboratoriaPrzyszlosci<\/p>\n","protected":false},"excerpt":{"rendered":"<p>Otrzymanie wsparcia finansowego Sprz\u0119t zakupiony w ramach programu Laboratoria Przysz\u0142o\u015bci Finansowe wsparcie otrzymane w ramach programu Laboratoria Przysz\u0142o\u015bci przeznaczono na [&hellip;]<\/p>\n","protected":false},"author":1,"featured_media":0,"parent":0,"menu_order":0,"comment_status":"closed","ping_status":"closed","template":"","meta":{"footnotes":""},"class_list":["post-9366","page","type-page","status-publish","hentry","has_no_thumb"],"aioseo_notices":[],"_links":{"self":[{"href":"https:\/\/sp6kwidzyn.pl\/index.php?rest_route=\/wp\/v2\/pages\/9366","targetHints":{"allow":["GET"]}}],"collection":[{"href":"https:\/\/sp6kwidzyn.pl\/index.php?rest_route=\/wp\/v2\/pages"}],"about":[{"href":"https:\/\/sp6kwidzyn.pl\/index.php?rest_route=\/wp\/v2\/types\/page"}],"author":[{"embeddable":true,"href":"https:\/\/sp6kwidzyn.pl\/index.php?rest_route=\/wp\/v2\/users\/1"}],"replies":[{"embeddable":true,"href":"https:\/\/sp6kwidzyn.pl\/index.php?rest_route=%2Fwp%2Fv2%2Fcomments&post=9366"}],"version-history":[{"count":8,"href":"https:\/\/sp6kwidzyn.pl\/index.php?rest_route=\/wp\/v2\/pages\/9366\/revisions"}],"predecessor-version":[{"id":11967,"href":"https:\/\/sp6kwidzyn.pl\/index.php?rest_route=\/wp\/v2\/pages\/9366\/revisions\/11967"}],"wp:attachment":[{"href":"https:\/\/sp6kwidzyn.pl\/index.php?rest_route=%2Fwp%2Fv2%2Fmedia&parent=9366"}],"curies":[{"name":"wp","href":"https:\/\/api.w.org\/{rel}","templated":true}]}}