{"id":9360,"date":"2022-11-17T21:02:01","date_gmt":"2022-11-17T20:02:01","guid":{"rendered":"https:\/\/sp6kwidzyn.pl\/?page_id=9360"},"modified":"2025-10-22T08:47:23","modified_gmt":"2025-10-22T06:47:23","slug":"o-programie-laboratoria-przyszlosci","status":"publish","type":"page","link":"https:\/\/sp6kwidzyn.pl\/?page_id=9360","title":{"rendered":"O programie Laboratoria Przysz\u0142o\u015bci"},"content":{"rendered":"<p><strong>Laboratoria Przysz\u0142o\u015bci<\/strong><\/p>\n<p>O programie<\/p>\n<p>Laboratoria Przysz\u0142o\u015bci to Program skierowany do szk\u00f3\u0142 podstawowych oraz og\u00f3lnokszta\u0142c\u0105cych szk\u00f3\u0142 artystycznych. Jego celem jest budowanie kompetencji kreatywnych i technicznych w\u015br\u00f3d uczni\u00f3w. W ramach Programu szko\u0142y otrzymaj\u0105 od pa\u0144stwa wsparcie finansowe na zakup wyposa\u017cenia technicznego niezb\u0119dnego do rozwoju umiej\u0119tno\u015bci praktycznych w\u015br\u00f3d dzieci i m\u0142odzie\u017cy.<\/p>\n<p>Kreatywne my\u015blenie oraz obs\u0142uga narz\u0119dzi to jedne z podstawowych umiej\u0119tno\u015bci decyduj\u0105cych o rozwoju cywilizacyjnym, gospodarczym i\u202fspo\u0142ecznym. Wzrost innowacyjno\u015bci oraz rozw\u00f3j technologiczny spowodowa\u0142, \u017ce umiej\u0119tno\u015bci matematyczne, w zakresie nauk przyrodniczych, technologii i in\u017cynierii s\u0105 dzi\u015b wa\u017cniejsze ni\u017c\u202fkiedykolwiek wcze\u015bniej. Laboratoria Przysz\u0142o\u015bci to kolejny krok w stron\u0119 wzmocnienia i uatrakcyjnienia dotychczasowego procesu zdobywania wiedzy i praktycznych umiej\u0119tno\u015bci w tych obszarach przez uczni\u00f3w.<\/p>\n<p>W ramach Laboratori\u00f3w Przysz\u0142o\u015bci szko\u0142y otrzymaj\u0105 wsparcie finansowe na zakup wyposa\u017cenia technicznego potrzebnego w\u202fkszta\u0142towaniu i\u202frozwijaniu umiej\u0119tno\u015bci manualnych i technicznych, umiej\u0119tno\u015bci samodzielnego i krytycznego my\u015blenia, zdolno\u015bci my\u015blenia matematycznego oraz umiej\u0119tno\u015bci w zakresie nauk przyrodniczych, technologii i in\u017cynierii, stosowania technologii informacyjno-komunikacyjnych, jak r\u00f3wnie\u017c pracy zespo\u0142owej, dobrej organizacji i dbania o\u202fporz\u0105dek na stanowisku pracy oraz radzenia sobie w \u017cyciu codziennym.<\/p>\n<p>Inicjatywa edukacyjna realizowana jest przez Ministerstwo Edukacji i Nauki we wsp\u00f3\u0142pracy z Centrum GovTech w Kancelarii Prezesa Rady Ministr\u00f3w. Ich misj\u0105 jest stworzenie nowoczesnej szko\u0142y, w kt\u00f3rej zaj\u0119cia b\u0119d\u0105 prowadzone w spos\u00f3b ciekawy, anga\u017cuj\u0105cy uczni\u00f3w oraz sprzyjaj\u0105cy odkrywaniu ich talent\u00f3w i rozwijaniu zainteresowa\u0144.<\/p>\n<p>Laboratoria Przysz\u0142o\u015bci to nowoczesny sprz\u0119t, kt\u00f3ry\u00a0uatrakcyjnia\u00a0zaj\u0119cia szkolne i pozwala\u00a0uczniom rozwija\u0107 swoje zainteresowania\u00a0nie tylko na lekcjach techniki i\u00a0w\u202framach innych obowi\u0105zkowych zaj\u0119\u0107 edukacyjnych, lecz\u00a0tak\u017ce w ramach zaj\u0119\u0107 pozalekcyjnych, k\u00f3\u0142 zainteresowa\u0144 i innych form rozwijania umiej\u0119tno\u015bci.<\/p>\n<p>Wi\u0119cej informacji na rz\u0105dowej stronie internetowej programu: <a href=\"https:\/\/www.gov.pl\/web\/laboratoria\">https:\/\/www.gov.pl\/web\/laboratoria<\/a><\/p>\n<p>&nbsp;<\/p>\n<p style=\"text-align: center;\">#LaboratoriaPrzysz\u0142o\u015bci\u00a0 #LaboratoriaPrzyszlosci @LaboratoriaPrzyszlosci<\/p>\n","protected":false},"excerpt":{"rendered":"<p>Laboratoria Przysz\u0142o\u015bci O programie Laboratoria Przysz\u0142o\u015bci to Program skierowany do szk\u00f3\u0142 podstawowych oraz og\u00f3lnokszta\u0142c\u0105cych szk\u00f3\u0142 artystycznych. Jego celem jest budowanie [&hellip;]<\/p>\n","protected":false},"author":1,"featured_media":0,"parent":0,"menu_order":0,"comment_status":"closed","ping_status":"closed","template":"","meta":{"footnotes":""},"class_list":["post-9360","page","type-page","status-publish","hentry","has_no_thumb"],"aioseo_notices":[],"_links":{"self":[{"href":"https:\/\/sp6kwidzyn.pl\/index.php?rest_route=\/wp\/v2\/pages\/9360","targetHints":{"allow":["GET"]}}],"collection":[{"href":"https:\/\/sp6kwidzyn.pl\/index.php?rest_route=\/wp\/v2\/pages"}],"about":[{"href":"https:\/\/sp6kwidzyn.pl\/index.php?rest_route=\/wp\/v2\/types\/page"}],"author":[{"embeddable":true,"href":"https:\/\/sp6kwidzyn.pl\/index.php?rest_route=\/wp\/v2\/users\/1"}],"replies":[{"embeddable":true,"href":"https:\/\/sp6kwidzyn.pl\/index.php?rest_route=%2Fwp%2Fv2%2Fcomments&post=9360"}],"version-history":[{"count":1,"href":"https:\/\/sp6kwidzyn.pl\/index.php?rest_route=\/wp\/v2\/pages\/9360\/revisions"}],"predecessor-version":[{"id":9361,"href":"https:\/\/sp6kwidzyn.pl\/index.php?rest_route=\/wp\/v2\/pages\/9360\/revisions\/9361"}],"wp:attachment":[{"href":"https:\/\/sp6kwidzyn.pl\/index.php?rest_route=%2Fwp%2Fv2%2Fmedia&parent=9360"}],"curies":[{"name":"wp","href":"https:\/\/api.w.org\/{rel}","templated":true}]}}