{"id":9355,"date":"2022-11-17T20:57:47","date_gmt":"2022-11-17T19:57:47","guid":{"rendered":"https:\/\/sp6kwidzyn.pl\/?page_id=9355"},"modified":"2026-03-04T11:43:34","modified_gmt":"2026-03-04T10:43:34","slug":"laboratorium-przyszlosci","status":"publish","type":"page","link":"https:\/\/sp6kwidzyn.pl\/?page_id=9355","title":{"rendered":"Laboratoria Przysz\u0142o\u015bci"},"content":{"rendered":"<h3><a href=\"https:\/\/sp6kwidzyn.pl\/?page_id=9360\"><img loading=\"lazy\" decoding=\"async\" class=\"wp-image-9356 alignleft\" src=\"https:\/\/sp6kwidzyn.pl\/wp-content\/uploads\/2022\/11\/lp.jpg\" alt=\"\" width=\"359\" height=\"173\" srcset=\"https:\/\/sp6kwidzyn.pl\/wp-content\/uploads\/2022\/11\/lp.jpg 886w, https:\/\/sp6kwidzyn.pl\/wp-content\/uploads\/2022\/11\/lp-300x145.jpg 300w, https:\/\/sp6kwidzyn.pl\/wp-content\/uploads\/2022\/11\/lp-768x370.jpg 768w\" sizes=\"auto, (max-width: 359px) 100vw, 359px\" \/><\/a><\/h3>\n<p>&nbsp;<\/p>\n<h3>O programie Laboratoria Przysz\u0142o\u015bci<\/h3>\n<p><a href=\"https:\/\/sp6kwidzyn.pl\/?page_id=9360\"><img loading=\"lazy\" decoding=\"async\" class=\"size-full wp-image-9358 alignleft\" src=\"https:\/\/sp6kwidzyn.pl\/wp-content\/uploads\/2022\/11\/czytajd50.jpg\" alt=\"\" width=\"158\" height=\"38\" \/><\/a><\/p>\n<p>&nbsp;<\/p>\n<p>&nbsp;<\/p>\n<p>&nbsp;<\/p>\n<p>&nbsp;<\/p>\n<h3><a href=\"https:\/\/sp6kwidzyn.pl\/?page_id=9366\"><img loading=\"lazy\" decoding=\"async\" class=\"wp-image-9356 alignleft\" src=\"https:\/\/sp6kwidzyn.pl\/wp-content\/uploads\/2022\/11\/lp.jpg\" alt=\"\" width=\"359\" height=\"173\" srcset=\"https:\/\/sp6kwidzyn.pl\/wp-content\/uploads\/2022\/11\/lp.jpg 886w, https:\/\/sp6kwidzyn.pl\/wp-content\/uploads\/2022\/11\/lp-300x145.jpg 300w, https:\/\/sp6kwidzyn.pl\/wp-content\/uploads\/2022\/11\/lp-768x370.jpg 768w\" sizes=\"auto, (max-width: 359px) 100vw, 359px\" \/><\/a><\/h3>\n<p>&nbsp;<\/p>\n<h3>Sprz\u0119t zakupiony w ramach programu Laboratoria Przysz\u0142o\u015bci do 31.12.2021 r.<\/h3>\n<p><a href=\"https:\/\/sp6kwidzyn.pl\/?page_id=9366\"><img loading=\"lazy\" decoding=\"async\" class=\"size-full wp-image-9358 alignleft\" src=\"https:\/\/sp6kwidzyn.pl\/wp-content\/uploads\/2022\/11\/czytajd50.jpg\" alt=\"\" width=\"158\" height=\"38\" \/><\/a><\/p>\n<p>&nbsp;<\/p>\n<p>&nbsp;<\/p>\n<p>&nbsp;<\/p>\n<p>&nbsp;<\/p>\n<h3><a href=\"https:\/\/sp6kwidzyn.pl\/?page_id=9371\"><img loading=\"lazy\" decoding=\"async\" class=\"wp-image-9356 alignleft\" src=\"https:\/\/sp6kwidzyn.pl\/wp-content\/uploads\/2022\/11\/lp.jpg\" alt=\"\" width=\"359\" height=\"173\" srcset=\"https:\/\/sp6kwidzyn.pl\/wp-content\/uploads\/2022\/11\/lp.jpg 886w, https:\/\/sp6kwidzyn.pl\/wp-content\/uploads\/2022\/11\/lp-300x145.jpg 300w, https:\/\/sp6kwidzyn.pl\/wp-content\/uploads\/2022\/11\/lp-768x370.jpg 768w\" sizes=\"auto, (max-width: 359px) 100vw, 359px\" \/><\/a>Sprz\u0119t zakupiony w ramach programu Laboratoria Przysz\u0142o\u015bci do 31.08.2022 r. oraz realizacja programu Laboratoria Przysz\u0142o\u015bci w roku szkolnym 2022\/2023<\/h3>\n<p>&nbsp;<\/p>\n<p><a href=\"https:\/\/sp6kwidzyn.pl\/?page_id=9371\"><img loading=\"lazy\" decoding=\"async\" class=\"size-full wp-image-9358 alignleft\" src=\"https:\/\/sp6kwidzyn.pl\/wp-content\/uploads\/2022\/11\/czytajd50.jpg\" alt=\"\" width=\"158\" height=\"38\" \/><\/a><\/p>\n<p>&nbsp;<\/p>\n<p>&nbsp;<\/p>\n<h3><\/h3>\n<h3><a href=\"https:\/\/sp6kwidzyn.pl\/?page_id=9371\"><img loading=\"lazy\" decoding=\"async\" class=\"wp-image-9356 alignleft\" src=\"https:\/\/sp6kwidzyn.pl\/wp-content\/uploads\/2022\/11\/lp.jpg\" alt=\"\" width=\"359\" height=\"173\" srcset=\"https:\/\/sp6kwidzyn.pl\/wp-content\/uploads\/2022\/11\/lp.jpg 886w, https:\/\/sp6kwidzyn.pl\/wp-content\/uploads\/2022\/11\/lp-300x145.jpg 300w, https:\/\/sp6kwidzyn.pl\/wp-content\/uploads\/2022\/11\/lp-768x370.jpg 768w\" sizes=\"auto, (max-width: 359px) 100vw, 359px\" \/><\/a><\/h3>\n<h3>Realizacja programu Laboratoria Przysz\u0142o\u015bci w roku szkolnym 2023\/2024<\/h3>\n<p>&nbsp;<\/p>\n<p><a href=\"https:\/\/sp6kwidzyn.pl\/?page_id=10321\"><img loading=\"lazy\" decoding=\"async\" class=\"size-full wp-image-9358 alignleft\" src=\"https:\/\/sp6kwidzyn.pl\/wp-content\/uploads\/2022\/11\/czytajd50.jpg\" alt=\"\" width=\"158\" height=\"38\" \/><\/a><\/p>\n<p>&nbsp;<\/p>\n<p>&nbsp;<\/p>\n<h3><\/h3>\n<h3><\/h3>\n<h3><img loading=\"lazy\" decoding=\"async\" class=\"alignleft wp-image-9356\" src=\"https:\/\/sp6kwidzyn.pl\/wp-content\/uploads\/2022\/11\/lp.jpg\" alt=\"\" width=\"359\" height=\"173\" srcset=\"https:\/\/sp6kwidzyn.pl\/wp-content\/uploads\/2022\/11\/lp.jpg 886w, https:\/\/sp6kwidzyn.pl\/wp-content\/uploads\/2022\/11\/lp-300x145.jpg 300w, https:\/\/sp6kwidzyn.pl\/wp-content\/uploads\/2022\/11\/lp-768x370.jpg 768w\" sizes=\"auto, (max-width: 359px) 100vw, 359px\" \/><\/h3>\n<h3>Realizacja programu Laboratoria Przysz\u0142o\u015bci w roku szkolnym 2024\/2025<\/h3>\n<h3><a href=\"https:\/\/sp6kwidzyn.pl\/?page_id=10999\"><img loading=\"lazy\" decoding=\"async\" class=\"alignleft wp-image-9358 size-full\" src=\"https:\/\/sp6kwidzyn.pl\/wp-content\/uploads\/2022\/11\/czytajd50.jpg\" alt=\"\" width=\"158\" height=\"38\" \/><\/a><\/h3>\n<p>&nbsp;<\/p>\n<h3><\/h3>\n<p>&nbsp;<\/p>\n<p>&nbsp;<\/p>\n<h3><\/h3>\n<p><img loading=\"lazy\" decoding=\"async\" class=\"wp-image-9356 alignleft\" src=\"https:\/\/sp6kwidzyn.pl\/wp-content\/uploads\/2022\/11\/lp.jpg\" alt=\"\" width=\"363\" height=\"175\" srcset=\"https:\/\/sp6kwidzyn.pl\/wp-content\/uploads\/2022\/11\/lp.jpg 886w, https:\/\/sp6kwidzyn.pl\/wp-content\/uploads\/2022\/11\/lp-300x145.jpg 300w, https:\/\/sp6kwidzyn.pl\/wp-content\/uploads\/2022\/11\/lp-768x370.jpg 768w\" sizes=\"auto, (max-width: 363px) 100vw, 363px\" \/><\/p>\n<h3><\/h3>\n<h3>Realizacja programu Laboratoria Przysz\u0142o\u015bci w roku szkolnym 2025\/2026<\/h3>\n<h3><img loading=\"lazy\" decoding=\"async\" class=\"alignleft wp-image-9358 size-full\" src=\"https:\/\/sp6kwidzyn.pl\/wp-content\/uploads\/2022\/11\/czytajd50.jpg\" alt=\"\" width=\"158\" height=\"38\" \/><\/h3>\n<p>&nbsp;<\/p>\n","protected":false},"excerpt":{"rendered":"<p>&nbsp; O programie Laboratoria Przysz\u0142o\u015bci &nbsp; &nbsp; &nbsp; &nbsp; &nbsp; Sprz\u0119t zakupiony w ramach programu Laboratoria Przysz\u0142o\u015bci do 31.12.2021 r. [&hellip;]<\/p>\n","protected":false},"author":1,"featured_media":0,"parent":0,"menu_order":0,"comment_status":"closed","ping_status":"closed","template":"","meta":{"footnotes":""},"class_list":["post-9355","page","type-page","status-publish","hentry","has_thumb"],"aioseo_notices":[],"_links":{"self":[{"href":"https:\/\/sp6kwidzyn.pl\/index.php?rest_route=\/wp\/v2\/pages\/9355","targetHints":{"allow":["GET"]}}],"collection":[{"href":"https:\/\/sp6kwidzyn.pl\/index.php?rest_route=\/wp\/v2\/pages"}],"about":[{"href":"https:\/\/sp6kwidzyn.pl\/index.php?rest_route=\/wp\/v2\/types\/page"}],"author":[{"embeddable":true,"href":"https:\/\/sp6kwidzyn.pl\/index.php?rest_route=\/wp\/v2\/users\/1"}],"replies":[{"embeddable":true,"href":"https:\/\/sp6kwidzyn.pl\/index.php?rest_route=%2Fwp%2Fv2%2Fcomments&post=9355"}],"version-history":[{"count":22,"href":"https:\/\/sp6kwidzyn.pl\/index.php?rest_route=\/wp\/v2\/pages\/9355\/revisions"}],"predecessor-version":[{"id":11968,"href":"https:\/\/sp6kwidzyn.pl\/index.php?rest_route=\/wp\/v2\/pages\/9355\/revisions\/11968"}],"wp:attachment":[{"href":"https:\/\/sp6kwidzyn.pl\/index.php?rest_route=%2Fwp%2Fv2%2Fmedia&parent=9355"}],"curies":[{"name":"wp","href":"https:\/\/api.w.org\/{rel}","templated":true}]}}