{"id":8941,"date":"2022-04-12T09:27:05","date_gmt":"2022-04-12T07:27:05","guid":{"rendered":"https:\/\/sp6kwidzyn.pl\/?page_id=8941"},"modified":"2022-04-12T09:27:05","modified_gmt":"2022-04-12T07:27:05","slug":"present-yourself-presente-toi","status":"publish","type":"page","link":"https:\/\/sp6kwidzyn.pl\/?page_id=8941","title":{"rendered":"Present yourself ! Pr\u00e9sente-toi!"},"content":{"rendered":"<p>Jest to nazwa <strong>projektu<\/strong>, w kt\u00f3rym bior\u0105 udzia\u0142 <strong>uczniowie klas 4<\/strong> pod opiek\u0105 nauczycielki angielskiego <strong>Kingi Bara\u0144skiej<\/strong> . Dzi\u0119ki mi\u0119dzynarodowemu programowi <strong>eTwinning<\/strong> uczniowie naszej szko\u0142y mog\u0105 wymienia\u0107 si\u0119 swoimi umiej\u0119tno\u015bciami i zainteresowaniami z uczniami ze szk\u00f3\u0142 w innych krajach, takich jak: <strong>Chorwacja<\/strong>, <strong>W\u0142ochy<\/strong>, <strong>Grecja<\/strong>, <strong>Francja,<\/strong> <strong>Turcja<\/strong> i Portugalia. W ramach projektu uczniowie wykonali wizyt\u00f3wki w j\u0119zyku <em>angielskim<\/em> oraz <em>polskim<\/em>, kt\u00f3re mo\u017cna zobaczy\u0107 wchodz\u0105c na stron\u0119 internetow\u0105, do kt\u00f3rej za\u0142\u0105czamy link. Zapraszamy do odwiedzenia galerii.<\/p>\n<p><a href=\"https:\/\/padlet.com\/kingapaurowska24\/g2xnocm60mx0eimn\"><img loading=\"lazy\" decoding=\"async\" class=\"aligncenter size-full wp-image-8942\" src=\"https:\/\/sp6kwidzyn.pl\/wp-content\/uploads\/2022\/04\/padlet-min-scaled.jpg\" alt=\"\" width=\"2560\" height=\"1097\" srcset=\"https:\/\/sp6kwidzyn.pl\/wp-content\/uploads\/2022\/04\/padlet-min-scaled.jpg 2560w, https:\/\/sp6kwidzyn.pl\/wp-content\/uploads\/2022\/04\/padlet-min-300x129.jpg 300w, https:\/\/sp6kwidzyn.pl\/wp-content\/uploads\/2022\/04\/padlet-min-1024x439.jpg 1024w, https:\/\/sp6kwidzyn.pl\/wp-content\/uploads\/2022\/04\/padlet-min-768x329.jpg 768w, https:\/\/sp6kwidzyn.pl\/wp-content\/uploads\/2022\/04\/padlet-min-1536x658.jpg 1536w, https:\/\/sp6kwidzyn.pl\/wp-content\/uploads\/2022\/04\/padlet-min-2048x878.jpg 2048w\" sizes=\"auto, (max-width: 2560px) 100vw, 2560px\" \/><\/a><\/p>\n","protected":false},"excerpt":{"rendered":"<p>Jest to nazwa projektu, w kt\u00f3rym bior\u0105 udzia\u0142 uczniowie klas 4 pod opiek\u0105 nauczycielki angielskiego Kingi Bara\u0144skiej . Dzi\u0119ki mi\u0119dzynarodowemu [&hellip;]<\/p>\n","protected":false},"author":1,"featured_media":0,"parent":0,"menu_order":0,"comment_status":"closed","ping_status":"closed","template":"","meta":{"footnotes":""},"class_list":["post-8941","page","type-page","status-publish","hentry","has_thumb"],"aioseo_notices":[],"_links":{"self":[{"href":"https:\/\/sp6kwidzyn.pl\/index.php?rest_route=\/wp\/v2\/pages\/8941","targetHints":{"allow":["GET"]}}],"collection":[{"href":"https:\/\/sp6kwidzyn.pl\/index.php?rest_route=\/wp\/v2\/pages"}],"about":[{"href":"https:\/\/sp6kwidzyn.pl\/index.php?rest_route=\/wp\/v2\/types\/page"}],"author":[{"embeddable":true,"href":"https:\/\/sp6kwidzyn.pl\/index.php?rest_route=\/wp\/v2\/users\/1"}],"replies":[{"embeddable":true,"href":"https:\/\/sp6kwidzyn.pl\/index.php?rest_route=%2Fwp%2Fv2%2Fcomments&post=8941"}],"version-history":[{"count":1,"href":"https:\/\/sp6kwidzyn.pl\/index.php?rest_route=\/wp\/v2\/pages\/8941\/revisions"}],"predecessor-version":[{"id":8943,"href":"https:\/\/sp6kwidzyn.pl\/index.php?rest_route=\/wp\/v2\/pages\/8941\/revisions\/8943"}],"wp:attachment":[{"href":"https:\/\/sp6kwidzyn.pl\/index.php?rest_route=%2Fwp%2Fv2%2Fmedia&parent=8941"}],"curies":[{"name":"wp","href":"https:\/\/api.w.org\/{rel}","templated":true}]}}