{"id":8875,"date":"2022-04-06T11:20:57","date_gmt":"2022-04-06T09:20:57","guid":{"rendered":"https:\/\/sp6kwidzyn.pl\/?page_id=8875"},"modified":"2022-04-06T11:20:57","modified_gmt":"2022-04-06T09:20:57","slug":"informacja-o-etwinning","status":"publish","type":"page","link":"https:\/\/sp6kwidzyn.pl\/?page_id=8875","title":{"rendered":"Informacja o eTwinning"},"content":{"rendered":"<p><img loading=\"lazy\" decoding=\"async\" class=\"aligncenter size-full wp-image-8876\" src=\"https:\/\/sp6kwidzyn.pl\/wp-content\/uploads\/2022\/04\/logoeTwinning.png\" alt=\"\" width=\"1682\" height=\"328\" srcset=\"https:\/\/sp6kwidzyn.pl\/wp-content\/uploads\/2022\/04\/logoeTwinning.png 1682w, https:\/\/sp6kwidzyn.pl\/wp-content\/uploads\/2022\/04\/logoeTwinning-300x59.png 300w, https:\/\/sp6kwidzyn.pl\/wp-content\/uploads\/2022\/04\/logoeTwinning-1024x200.png 1024w, https:\/\/sp6kwidzyn.pl\/wp-content\/uploads\/2022\/04\/logoeTwinning-768x150.png 768w, https:\/\/sp6kwidzyn.pl\/wp-content\/uploads\/2022\/04\/logoeTwinning-1536x300.png 1536w\" sizes=\"auto, (max-width: 1682px) 100vw, 1682px\" \/><\/p>\n<p>Od kwietnia uczniowie <strong>klasy 6a<\/strong> uczestnicz\u0105 w mi\u0119dzynarodowym projekcie <strong>eTwinning<\/strong>. Czym jest <strong>eTwinning<\/strong>? Ot\u00f3\u017c jest to jeden z program\u00f3w <strong>Unii Europejskiej<\/strong>, wsp\u00f3\u0142finansowany przez <strong>Erasmus+<\/strong>, kt\u00f3rego celem jest umo\u017cliwienie zdalnego kontaktu mi\u0119dzy uczniami i kadr\u0105 szk\u00f3\u0142 z <em><strong>wielu pa\u0144stw europejskich<\/strong><\/em>, r\u00f3wnie\u017c spoza UE i realizacja mi\u0119dzynarodowych<strong> projekt\u00f3w mi\u0119dzyszkolnyc<\/strong>h.<\/p>\n<p>Projekt, do kt\u00f3rego do\u0142\u0105czyli nasi uczniowie to \u201e<em><strong>My Colourful World: Food and Festivals<\/strong><\/em>\u201d (czyli w wolnym t\u0142umaczeniu: \u201eM\u00f3j kolorowy \u015bwiat: jedzenie i \u015bwi\u0119towanie\u201d).<\/p>\n<p><img loading=\"lazy\" decoding=\"async\" class=\"aligncenter size-full wp-image-8877\" src=\"https:\/\/sp6kwidzyn.pl\/wp-content\/uploads\/2022\/04\/foodandfestivals.jpg\" alt=\"\" width=\"400\" height=\"400\" srcset=\"https:\/\/sp6kwidzyn.pl\/wp-content\/uploads\/2022\/04\/foodandfestivals.jpg 400w, https:\/\/sp6kwidzyn.pl\/wp-content\/uploads\/2022\/04\/foodandfestivals-300x300.jpg 300w, https:\/\/sp6kwidzyn.pl\/wp-content\/uploads\/2022\/04\/foodandfestivals-150x150.jpg 150w\" sizes=\"auto, (max-width: 400px) 100vw, 400px\" \/><\/p>\n<p>W projekcie uczestniczy a\u017c 11 szk\u00f3\u0142 z 8 kraj\u00f3w.<\/p>\n<p><img loading=\"lazy\" decoding=\"async\" class=\"aligncenter size-full wp-image-8878\" src=\"https:\/\/sp6kwidzyn.pl\/wp-content\/uploads\/2022\/04\/etwinning_mapa.png\" alt=\"\" width=\"1122\" height=\"729\" srcset=\"https:\/\/sp6kwidzyn.pl\/wp-content\/uploads\/2022\/04\/etwinning_mapa.png 1122w, https:\/\/sp6kwidzyn.pl\/wp-content\/uploads\/2022\/04\/etwinning_mapa-300x195.png 300w, https:\/\/sp6kwidzyn.pl\/wp-content\/uploads\/2022\/04\/etwinning_mapa-1024x665.png 1024w, https:\/\/sp6kwidzyn.pl\/wp-content\/uploads\/2022\/04\/etwinning_mapa-768x499.png 768w\" sizes=\"auto, (max-width: 1122px) 100vw, 1122px\" \/><\/p>\n<p>Uczniowie tworzyli plakat reklamuj\u0105cy projekt. Oto galeria najlepszych prac.<\/p>\n<p><img loading=\"lazy\" decoding=\"async\" class=\"aligncenter size-full wp-image-8879\" src=\"https:\/\/sp6kwidzyn.pl\/wp-content\/uploads\/2022\/04\/etwinning_galeria1.png\" alt=\"\" width=\"819\" height=\"921\" srcset=\"https:\/\/sp6kwidzyn.pl\/wp-content\/uploads\/2022\/04\/etwinning_galeria1.png 819w, https:\/\/sp6kwidzyn.pl\/wp-content\/uploads\/2022\/04\/etwinning_galeria1-267x300.png 267w, https:\/\/sp6kwidzyn.pl\/wp-content\/uploads\/2022\/04\/etwinning_galeria1-768x864.png 768w\" sizes=\"auto, (max-width: 819px) 100vw, 819px\" \/><\/p>\n<p>Nast\u0119pnie uczniowie przygotowywali tradycyjne potrawy swoich kraj\u00f3w. Nasi sz\u00f3stoklasi\u015bci spisali si\u0119 \u015bwietnie. Teraz kole\u017canki i koledzy z Turcji, Portugalii czy Wysp Kanaryjskich ju\u017c wiedz\u0105 jak zrobi\u0107 krokiety z kapust\u0105 i grzybami albo usma\u017cy\u0107 schabowego. Zapraszamy do obejrzenia film\u00f3w:<\/p>\n<p><iframe loading=\"lazy\" title=\"Polish krokiety\/croquettes\" width=\"500\" height=\"281\" src=\"https:\/\/www.youtube.com\/embed\/9BDhcZ49woA?feature=oembed\" frameborder=\"0\" allow=\"accelerometer; autoplay; clipboard-write; encrypted-media; gyroscope; picture-in-picture; web-share\" referrerpolicy=\"strict-origin-when-cross-origin\" allowfullscreen><\/iframe><\/p>\n<p>&nbsp;<\/p>\n<p><iframe loading=\"lazy\" title=\"Polish Schabowy\/Schnitzel\" width=\"500\" height=\"281\" src=\"https:\/\/www.youtube.com\/embed\/QV4Z_veYgZQ?feature=oembed\" frameborder=\"0\" allow=\"accelerometer; autoplay; clipboard-write; encrypted-media; gyroscope; picture-in-picture; web-share\" referrerpolicy=\"strict-origin-when-cross-origin\" allowfullscreen><\/iframe><\/p>\n<p>A w miniony pi\u0105tek 8 szk\u00f3\u0142 spotka\u0142o si\u0119 na platformie <strong>Zoom<\/strong>. Mogli z sob\u0105 porozmawia\u0107 i sprawdzi\u0107 swoj\u0105 wiedz\u0119 o krajach uczestnicz\u0105cych w projekcie. Rywalizacja by\u0142a zaci\u0119ta. Nie uda\u0142o si\u0119 wygra\u0107, ale wszyscy <strong>dobrze si\u0119 bawili<\/strong>. Zreszt\u0105 zobaczcie sami.<\/p>\n<p>&nbsp;<\/p>\n<p>&nbsp;<\/p>\n<p>&nbsp;<\/p>\n<p>&nbsp;<\/p>\n<p>&nbsp;<\/p>\n","protected":false},"excerpt":{"rendered":"<p>Od kwietnia uczniowie klasy 6a uczestnicz\u0105 w mi\u0119dzynarodowym projekcie eTwinning. Czym jest eTwinning? Ot\u00f3\u017c jest to jeden z program\u00f3w Unii [&hellip;]<\/p>\n","protected":false},"author":1,"featured_media":0,"parent":0,"menu_order":0,"comment_status":"closed","ping_status":"closed","template":"","meta":{"footnotes":""},"class_list":["post-8875","page","type-page","status-publish","hentry","has_thumb"],"aioseo_notices":[],"_links":{"self":[{"href":"https:\/\/sp6kwidzyn.pl\/index.php?rest_route=\/wp\/v2\/pages\/8875","targetHints":{"allow":["GET"]}}],"collection":[{"href":"https:\/\/sp6kwidzyn.pl\/index.php?rest_route=\/wp\/v2\/pages"}],"about":[{"href":"https:\/\/sp6kwidzyn.pl\/index.php?rest_route=\/wp\/v2\/types\/page"}],"author":[{"embeddable":true,"href":"https:\/\/sp6kwidzyn.pl\/index.php?rest_route=\/wp\/v2\/users\/1"}],"replies":[{"embeddable":true,"href":"https:\/\/sp6kwidzyn.pl\/index.php?rest_route=%2Fwp%2Fv2%2Fcomments&post=8875"}],"version-history":[{"count":1,"href":"https:\/\/sp6kwidzyn.pl\/index.php?rest_route=\/wp\/v2\/pages\/8875\/revisions"}],"predecessor-version":[{"id":8880,"href":"https:\/\/sp6kwidzyn.pl\/index.php?rest_route=\/wp\/v2\/pages\/8875\/revisions\/8880"}],"wp:attachment":[{"href":"https:\/\/sp6kwidzyn.pl\/index.php?rest_route=%2Fwp%2Fv2%2Fmedia&parent=8875"}],"curies":[{"name":"wp","href":"https:\/\/api.w.org\/{rel}","templated":true}]}}