{"id":8739,"date":"2022-03-30T11:35:02","date_gmt":"2022-03-30T09:35:02","guid":{"rendered":"https:\/\/sp6kwidzyn.pl\/?page_id=8739"},"modified":"2022-04-03T14:00:08","modified_gmt":"2022-04-03T12:00:08","slug":"ciekawostki-geograficzne-poznaje-swiat","status":"publish","type":"page","link":"https:\/\/sp6kwidzyn.pl\/?page_id=8739","title":{"rendered":"CIEKAWOSTKI GEOGRAFICZNE &#8211; POZNAJ\u0118 \u015aWIAT"},"content":{"rendered":"<p style=\"text-align: center;\"><strong>\u00a0 <\/strong><strong>klasa VIII <\/strong><\/p>\n<table style=\"height: 636px;\" width=\"1107\">\n<tbody>\n<tr>\n<td width=\"243\">KANADA- ciekawostki<\/td>\n<td width=\"633\"><\/td>\n<\/tr>\n<tr>\n<td width=\"243\">Ameryka P\u00f3\u0142nocna-quizizz<\/td>\n<td width=\"633\"><a href=\"https:\/\/liblink.pl\/yQxpbSBClt\">https:\/\/liblink.pl\/yQxpbSBClt<\/a><\/p>\n<p>&nbsp;<\/td>\n<\/tr>\n<tr>\n<td width=\"243\">AMERYKA PN, PD -powt\u00f3rzenie<\/td>\n<td width=\"633\"><a href=\"https:\/\/view.genial.ly\/5e85c669d5aa510e32a30ddd\">https:\/\/view.genial.ly\/5e85c669d5aa510e32a30ddd<\/a><\/p>\n<p>&nbsp;<\/td>\n<\/tr>\n<tr>\n<td width=\"243\">AMERYKA PN PD \u2013 powt\u00f3rzenie<\/td>\n<td width=\"633\"><a href=\"https:\/\/www.quizme.pl\/quiz\/start\/68604133\">https:\/\/www.quizme.pl\/quiz\/start\/68604133<\/a><\/td>\n<\/tr>\n<tr>\n<td width=\"243\">Australia ciekawostki<\/td>\n<td width=\"633\"><a href=\"https:\/\/www.youtube.com\/watch?v=YOL8ADzfFR0\">https:\/\/www.youtube.com\/watch?v=YOL8ADzfFR0<\/a><\/td>\n<\/tr>\n<tr>\n<td width=\"243\">\u015aRODOWISKO PRZYRODNICZE ARKTYKI I ANTARKTYKI<\/td>\n<td width=\"633\"><a href=\"https:\/\/www.youtube.com\/watch?v=YoT4klVO0Ds\">https:\/\/www.youtube.com\/watch?v=YoT4klVO0Ds<\/a><\/p>\n<p>filmik<\/td>\n<\/tr>\n<tr>\n<td width=\"243\">10 fakt\u00f3w o Antarktydzie<\/td>\n<td width=\"633\"><a href=\"https:\/\/www.youtube.com\/watch?v=qsd70KJlX-E\">https:\/\/www.youtube.com\/watch?v=qsd70KJlX-E<\/a><\/td>\n<\/tr>\n<tr>\n<td width=\"243\">PRACE BADAWCZE Antarktydy i Antarktyki<\/td>\n<td width=\"633\"><a href=\"https:\/\/www.youtube.com\/watch?v=fOrk9y0YQhw\">https:\/\/www.youtube.com\/watch?v=fOrk9y0YQhw<\/a><\/td>\n<\/tr>\n<tr>\n<td width=\"243\">Japonia ciekawostki<\/td>\n<td width=\"633\"><a href=\"https:\/\/www.topnaj.pl\/japonia-ciekawostki\/\">https:\/\/www.topnaj.pl\/japonia-ciekawostki\/<\/a><\/td>\n<\/tr>\n<tr>\n<td width=\"243\"><strong>Zjawiska wulkaniczne Azja<\/strong><\/td>\n<td width=\"633\"><a href=\"http:\/\/geografia.sp130.edu.pl\/wulkanizm-i-trzesienia-ziemi-w-azji\/\">http:\/\/geografia.sp130.edu.pl\/wulkanizm-i-trzesienia-ziemi-w-azji\/<\/a><\/td>\n<\/tr>\n<tr>\n<td width=\"243\"><strong>Zjawiska wulkaniczne prezentacja<\/strong><\/td>\n<td width=\"633\"><a href=\"http:\/\/zsp6dg.szkolnastrona.pl\/download\/Wulkanizm%20i%20trzesienia%20ziemi%20w%20Azji.pdf\">http:\/\/zsp6dg.szkolnastrona.pl\/download\/Wulkanizm%20i%20trzesienia%20ziemi%20w%20Azji.pdf<\/a><\/td>\n<\/tr>\n<\/tbody>\n<\/table>\n<p style=\"text-align: center;\"><strong>\u00a0<\/strong><strong>\u00a0<\/strong><strong>Klasa VII <\/strong><\/p>\n<table style=\"height: 443px;\" width=\"1111\">\n<tbody>\n<tr>\n<td width=\"310\">10 miejsc tajemniczych w Polsce<\/p>\n<p>&nbsp;<\/td>\n<td width=\"374\"><a href=\"https:\/\/www.youtube.com\/watch?v=e95949xV92o\">https:\/\/www.youtube.com\/watch?v=e95949xV92o<\/a><\/td>\n<\/tr>\n<tr>\n<td width=\"310\">ZANIECZYSZCZENIA \u015aRODOW. PRZYRODNICZEGO<\/td>\n<td width=\"374\"><a href=\"https:\/\/www.youtube.com\/watch?v=l4jg85k0kew\">https:\/\/www.youtube.com\/watch?v=l4jg85k0kew<\/a><\/td>\n<\/tr>\n<tr>\n<td width=\"310\">Filmik plastik na Ziemi<\/td>\n<td width=\"374\"><a href=\"https:\/\/www.youtube.com\/watch?v=bKo1AkYFgTQ\">https:\/\/www.youtube.com\/watch?v=bKo1AkYFgTQ<\/a><\/td>\n<\/tr>\n<tr>\n<td width=\"310\">Atrakcje Dolnego \u015al\u0105ska<\/td>\n<td width=\"374\"><a href=\"https:\/\/www.youtube.com\/watch?v=F-Cl79v8WPo\">https:\/\/www.youtube.com\/watch?v=F-Cl79v8WPo<\/a><\/td>\n<\/tr>\n<tr>\n<td width=\"310\">G\u00f3ry w w Polsce.<\/p>\n<p>&nbsp;<\/td>\n<td width=\"374\"><a href=\"https:\/\/www.youtube.com\/watch?v=USAxSHQ9m70\">https:\/\/www.youtube.com\/watch?v=USAxSHQ9m70<\/a><\/td>\n<\/tr>\n<tr>\n<td width=\"310\">Co kryj\u0105 Polskie g\u00f3ry.<\/td>\n<td width=\"374\"><a href=\"https:\/\/www.youtube.com\/watch?v=SANwrfXb2lI\">https:\/\/www.youtube.com\/watch?v=SANwrfXb2lI<\/a><\/td>\n<\/tr>\n<tr>\n<td width=\"310\">Ca\u0142a prawda o Ba\u0142tyku<\/td>\n<td width=\"374\"><a href=\"https:\/\/www.youtube.com\/watch?v=J2fzcNTPdO8&amp;list=RDCMUCuZo1LXj01AgDb3bfb-uXrQ&amp;index=2\">https:\/\/www.youtube.com\/watch?v=J2fzcNTPdO8&amp;list=RDCMUCuZo1LXj01AgDb3bfb-uXrQ&amp;index=2<\/a><\/td>\n<\/tr>\n<tr>\n<td width=\"310\">Co zostawi\u0142 nam l\u0105dol\u00f3d?<\/td>\n<td width=\"374\"><a href=\"https:\/\/www.youtube.com\/watch?v=-Kg07R9cXP8\">https:\/\/www.youtube.com\/watch?v=-Kg07R9cXP8<\/a><\/td>\n<\/tr>\n<tr>\n<td width=\"310\">Walory przyrodnicze Wis\u0142y<\/td>\n<td width=\"374\"><a href=\"https:\/\/www.youtube.com\/watch?v=TaywxF_4gbQ\">https:\/\/www.youtube.com\/watch?v=TaywxF_4gbQ<\/a><\/td>\n<\/tr>\n<\/tbody>\n<\/table>\n<p style=\"text-align: center;\"><strong>\u00a0<\/strong><strong>Klasa VI<\/strong><\/p>\n<table style=\"height: 388px;\" width=\"1115\">\n<tbody>\n<tr>\n<td width=\"300\">TURYSTYKA W EUROPIE PD.<\/td>\n<td width=\"378\"><a href=\"https:\/\/www.youtube.com\/watch?v=5UcXLoKkczc\">https:\/\/www.youtube.com\/watch?v=5UcXLoKkczc<\/a><\/td>\n<\/tr>\n<tr>\n<td width=\"300\">TURYSTYCZNE ATRAKCJE CZECH I S\u0141OWACJI<\/td>\n<td width=\"378\"><a href=\"https:\/\/www.youtube.com\/watch?v=Ph8EbMEiilQ\">https:\/\/www.youtube.com\/watch?v=Ph8EbMEiilQ<\/a><\/td>\n<\/tr>\n<tr>\n<td width=\"300\">S\u0141OWACKI RAJ \u2013 PRZE\u0141OMU HORNADU<\/td>\n<td width=\"378\"><a href=\"https:\/\/www.youtube.com\/watch?v=0cTBTo3kiEE\">https:\/\/www.youtube.com\/watch?v=0cTBTo3kiEE<\/a><\/td>\n<\/tr>\n<tr>\n<td width=\"300\">ADRESPAH-CZESKI RAJ<\/td>\n<td width=\"378\"><a href=\"https:\/\/www.youtube.com\/watch?v=LJ3YSER6l3U\">https:\/\/www.youtube.com\/watch?v=LJ3YSER6l3U<\/a><\/td>\n<\/tr>\n<tr>\n<td width=\"300\"><strong>Planety\u00a0<\/strong><\/td>\n<td width=\"378\"><a href=\"https:\/\/www.youtube.com\/watch?v=0f_gB3MQsjU\">https:\/\/www.youtube.com\/watch?v=0f_gB3MQsjU<\/a><\/td>\n<\/tr>\n<tr>\n<td width=\"300\"><strong>Por\u00f3wnanie wielko\u015bci gwiazd<\/strong><\/td>\n<td width=\"378\"><a href=\"https:\/\/www.youtube.com\/watch?v=LpZ5zFew4Vk\">https:\/\/www.youtube.com\/watch?v=LpZ5zFew4Vk<\/a><\/td>\n<\/tr>\n<tr>\n<td width=\"300\"><strong>Wielko\u015b\u0107 gwiazd \u2013 informacje s\u0142owne<\/strong><\/td>\n<td width=\"378\"><a href=\"https:\/\/www.youtube.com\/watch?v=L7EPBCdt8SE\">https:\/\/www.youtube.com\/watch?v=L7EPBCdt8SE<\/a><\/td>\n<\/tr>\n<tr>\n<td width=\"300\"><strong>Wielko\u015b\u0107 wszech\u015bwiata<\/strong><\/td>\n<td width=\"378\"><a href=\"https:\/\/www.youtube.com\/watch?v=4l8KL-9Fj8Q\">https:\/\/www.youtube.com\/watch?v=4l8KL-9Fj8Q<\/a><\/td>\n<\/tr>\n<\/tbody>\n<\/table>\n<p style=\"text-align: center;\"><strong>\u00a0\u00a0\u00a0 <\/strong><strong>Kl. V<\/strong><\/p>\n<table style=\"height: 80px;\" width=\"1112\">\n<tbody>\n<tr>\n<td width=\"253\">LAS R\u00d3WNIKOWY I LAS STREFY UMIARKOWANEJ<\/td>\n<td width=\"437\"><a href=\"https:\/\/www.youtube.com\/watch?v=xhU-YsInGUY\">https:\/\/www.youtube.com\/watch?v=xhU-YsInGUY<\/a><\/td>\n<\/tr>\n<tr>\n<td width=\"253\">LAS R\u00d3WNIKOWY<\/td>\n<td width=\"437\"><a href=\"https:\/\/www.youtube.com\/watch?v=0aWIu6q8Z38\">https:\/\/www.youtube.com\/watch?v=0aWIu6q8Z38<\/a><\/td>\n<\/tr>\n<\/tbody>\n<\/table>\n<p style=\"text-align: center;\"><strong>\u00a0\u00a0\u00a0 <\/strong><strong>Kl. IV<\/strong><\/p>\n<table style=\"height: 324px;\" width=\"1109\">\n<tbody>\n<tr>\n<td width=\"272\">SAWANNA i STEPY<\/td>\n<td width=\"418\"><a href=\"https:\/\/www.youtube.com\/watch?v=dvW34NoWYA8\">https:\/\/www.youtube.com\/watch?v=dvW34NoWYA8<\/a><\/td>\n<\/tr>\n<tr>\n<td width=\"272\">Pustynia gor\u0105ca -filmik<\/td>\n<td width=\"418\"><a href=\"https:\/\/www.youtube.com\/watch?v=6JWoV8k-5NI\">https:\/\/www.youtube.com\/watch?v=6JWoV8k-5NI<\/a><\/td>\n<\/tr>\n<tr>\n<td width=\"272\">Pustynie ciekawostki<\/td>\n<td width=\"418\"><a href=\"https:\/\/www.youtube.com\/watch?v=iM-SiYFVTRk\">https:\/\/www.youtube.com\/watch?v=iM-SiYFVTRk<\/a><\/td>\n<\/tr>\n<tr>\n<td width=\"272\">PUSTYNIA LODOWA<\/td>\n<td width=\"418\"><a href=\"https:\/\/www.youtube.com\/watch?v=9Oo-fInwMc8\">https:\/\/www.youtube.com\/watch?v=9Oo-fInwMc8<\/a><\/td>\n<\/tr>\n<tr>\n<td width=\"272\">Pustynia lodowa\u00a0 -filmik<\/td>\n<td width=\"418\"><a href=\"https:\/\/www.youtube.com\/watch?v=-5ZUeD6q7RM\">https:\/\/www.youtube.com\/watch?v=-5ZUeD6q7RM<\/a><\/td>\n<\/tr>\n<tr>\n<td width=\"272\">Pustynie lodowe- ciekawostki<\/td>\n<td width=\"418\"><a href=\"https:\/\/www.youtube.com\/watch?v=Cs2VFeDGBGU\">https:\/\/www.youtube.com\/watch?v=Cs2VFeDGBGU<\/a><\/td>\n<\/tr>\n<tr>\n<td width=\"272\">TAJGA TUNDRA<\/td>\n<td width=\"418\"><a href=\"https:\/\/www.youtube.com\/watch?v=zVOH0NGlL3o\">https:\/\/www.youtube.com\/watch?v=zVOH0NGlL3o<\/a><\/td>\n<\/tr>\n<tr>\n<td width=\"272\">KRAJOBRAZ WYSOG\u00d3RSKI HIMALAJ\u00d3W<\/td>\n<td width=\"418\"><a href=\"https:\/\/www.youtube.com\/watch?v=uR-ev5vAqUA\">https:\/\/www.youtube.com\/watch?v=uR-ev5vAqUA<\/a><\/td>\n<\/tr>\n<\/tbody>\n<\/table>\n<p>&nbsp;<\/p>\n","protected":false},"excerpt":{"rendered":"<p>\u00a0 klasa VIII KANADA- ciekawostki Ameryka P\u00f3\u0142nocna-quizizz https:\/\/liblink.pl\/yQxpbSBClt &nbsp; AMERYKA PN, PD -powt\u00f3rzenie https:\/\/view.genial.ly\/5e85c669d5aa510e32a30ddd &nbsp; AMERYKA PN PD \u2013 powt\u00f3rzenie [&hellip;]<\/p>\n","protected":false},"author":1,"featured_media":0,"parent":0,"menu_order":0,"comment_status":"closed","ping_status":"closed","template":"","meta":{"footnotes":""},"class_list":["post-8739","page","type-page","status-publish","hentry","has_no_thumb"],"aioseo_notices":[],"_links":{"self":[{"href":"https:\/\/sp6kwidzyn.pl\/index.php?rest_route=\/wp\/v2\/pages\/8739","targetHints":{"allow":["GET"]}}],"collection":[{"href":"https:\/\/sp6kwidzyn.pl\/index.php?rest_route=\/wp\/v2\/pages"}],"about":[{"href":"https:\/\/sp6kwidzyn.pl\/index.php?rest_route=\/wp\/v2\/types\/page"}],"author":[{"embeddable":true,"href":"https:\/\/sp6kwidzyn.pl\/index.php?rest_route=\/wp\/v2\/users\/1"}],"replies":[{"embeddable":true,"href":"https:\/\/sp6kwidzyn.pl\/index.php?rest_route=%2Fwp%2Fv2%2Fcomments&post=8739"}],"version-history":[{"count":5,"href":"https:\/\/sp6kwidzyn.pl\/index.php?rest_route=\/wp\/v2\/pages\/8739\/revisions"}],"predecessor-version":[{"id":8774,"href":"https:\/\/sp6kwidzyn.pl\/index.php?rest_route=\/wp\/v2\/pages\/8739\/revisions\/8774"}],"wp:attachment":[{"href":"https:\/\/sp6kwidzyn.pl\/index.php?rest_route=%2Fwp%2Fv2%2Fmedia&parent=8739"}],"curies":[{"name":"wp","href":"https:\/\/api.w.org\/{rel}","templated":true}]}}