{"id":8694,"date":"2022-03-30T08:21:03","date_gmt":"2022-03-30T06:21:03","guid":{"rendered":"https:\/\/sp6kwidzyn.pl\/?page_id=8694"},"modified":"2022-03-30T08:21:03","modified_gmt":"2022-03-30T06:21:03","slug":"scisla-szostka-chemia","status":"publish","type":"page","link":"https:\/\/sp6kwidzyn.pl\/?page_id=8694","title":{"rendered":"\u015acis\u0142a Sz\u00f3stka &#8211; Chemia"},"content":{"rendered":"<p><img loading=\"lazy\" decoding=\"async\" class=\"wp-image-8695 aligncenter\" src=\"https:\/\/sp6kwidzyn.pl\/wp-content\/uploads\/2022\/03\/scisla_szostka_chemia.jpg\" alt=\"\" width=\"770\" height=\"433\" srcset=\"https:\/\/sp6kwidzyn.pl\/wp-content\/uploads\/2022\/03\/scisla_szostka_chemia.jpg 2543w, https:\/\/sp6kwidzyn.pl\/wp-content\/uploads\/2022\/03\/scisla_szostka_chemia-300x169.jpg 300w, https:\/\/sp6kwidzyn.pl\/wp-content\/uploads\/2022\/03\/scisla_szostka_chemia-1024x575.jpg 1024w, https:\/\/sp6kwidzyn.pl\/wp-content\/uploads\/2022\/03\/scisla_szostka_chemia-768x432.jpg 768w, https:\/\/sp6kwidzyn.pl\/wp-content\/uploads\/2022\/03\/scisla_szostka_chemia-1536x863.jpg 1536w, https:\/\/sp6kwidzyn.pl\/wp-content\/uploads\/2022\/03\/scisla_szostka_chemia-2048x1151.jpg 2048w\" sizes=\"auto, (max-width: 770px) 100vw, 770px\" \/><\/p>\n<p style=\"text-align: center;\"><a href=\"https:\/\/weirdscience.eu\/Jak%20wyhodowa%C4%87%20w%C4%99%C5%BCa%3F.html\">https:\/\/weirdscience.eu\/Jak%20wyhodowa%C4%87%20w%C4%99%C5%BCa%3F.html<\/a><\/p>\n<p style=\"text-align: center;\"><a href=\"https:\/\/weirdscience.eu\/Chemiczny%20ogr%C3%B3d.html\">https:\/\/weirdscience.eu\/Chemiczny%20ogr%C3%B3d.html<\/a><\/p>\n<p style=\"text-align: center;\"><a href=\"https:\/\/www.youtube.com\/watch?v=NenWLNC0GaE\">https:\/\/www.youtube.com\/watch?v=NenWLNC0GaE<\/a><\/p>\n<p style=\"text-align: center;\"><a href=\"https:\/\/www.youtube.com\/watch?v=RFEawyuTmsM\">https:\/\/www.youtube.com\/watch?v=RFEawyuTmsM<\/a><\/p>\n<p style=\"text-align: center;\"><a href=\"https:\/\/www.youtube.com\/watch?v=xwzQs6a4xW0\">https:\/\/www.youtube.com\/watch?v=xwzQs6a4xW0<\/a><\/p>\n<p style=\"text-align: center;\"><a href=\"https:\/\/learningapps.org\/display?v=pfgxmw5h522\">https:\/\/learningapps.org\/display?v=pfgxmw5h522<\/a><\/p>\n<p style=\"text-align: center;\"><a href=\"https:\/\/learningapps.org\/display?v=pq0j9imyn22\">https:\/\/learningapps.org\/display?v=pq0j9imyn22<\/a><\/p>\n<p style=\"text-align: center;\"><a href=\"https:\/\/learningapps.org\/display?v=pxoyf5xot22\">https:\/\/learningapps.org\/display?v=pxoyf5xot22<\/a><\/p>\n<p style=\"text-align: center;\">\n<p>&nbsp;<\/p>\n<p>&nbsp;<\/p>\n","protected":false},"excerpt":{"rendered":"<p>https:\/\/weirdscience.eu\/Jak%20wyhodowa%C4%87%20w%C4%99%C5%BCa%3F.html https:\/\/weirdscience.eu\/Chemiczny%20ogr%C3%B3d.html https:\/\/www.youtube.com\/watch?v=NenWLNC0GaE https:\/\/www.youtube.com\/watch?v=RFEawyuTmsM https:\/\/www.youtube.com\/watch?v=xwzQs6a4xW0 https:\/\/learningapps.org\/display?v=pfgxmw5h522 https:\/\/learningapps.org\/display?v=pq0j9imyn22 https:\/\/learningapps.org\/display?v=pxoyf5xot22 &nbsp; &nbsp;<\/p>\n","protected":false},"author":1,"featured_media":0,"parent":0,"menu_order":0,"comment_status":"closed","ping_status":"closed","template":"","meta":{"footnotes":""},"class_list":["post-8694","page","type-page","status-publish","hentry","has_thumb"],"aioseo_notices":[],"_links":{"self":[{"href":"https:\/\/sp6kwidzyn.pl\/index.php?rest_route=\/wp\/v2\/pages\/8694","targetHints":{"allow":["GET"]}}],"collection":[{"href":"https:\/\/sp6kwidzyn.pl\/index.php?rest_route=\/wp\/v2\/pages"}],"about":[{"href":"https:\/\/sp6kwidzyn.pl\/index.php?rest_route=\/wp\/v2\/types\/page"}],"author":[{"embeddable":true,"href":"https:\/\/sp6kwidzyn.pl\/index.php?rest_route=\/wp\/v2\/users\/1"}],"replies":[{"embeddable":true,"href":"https:\/\/sp6kwidzyn.pl\/index.php?rest_route=%2Fwp%2Fv2%2Fcomments&post=8694"}],"version-history":[{"count":1,"href":"https:\/\/sp6kwidzyn.pl\/index.php?rest_route=\/wp\/v2\/pages\/8694\/revisions"}],"predecessor-version":[{"id":8696,"href":"https:\/\/sp6kwidzyn.pl\/index.php?rest_route=\/wp\/v2\/pages\/8694\/revisions\/8696"}],"wp:attachment":[{"href":"https:\/\/sp6kwidzyn.pl\/index.php?rest_route=%2Fwp%2Fv2%2Fmedia&parent=8694"}],"curies":[{"name":"wp","href":"https:\/\/api.w.org\/{rel}","templated":true}]}}