{"id":8654,"date":"2022-03-28T10:38:35","date_gmt":"2022-03-28T08:38:35","guid":{"rendered":"https:\/\/sp6kwidzyn.pl\/?page_id=8654"},"modified":"2022-03-30T10:44:40","modified_gmt":"2022-03-30T08:44:40","slug":"laboratoria-przyszlosci","status":"publish","type":"page","link":"https:\/\/sp6kwidzyn.pl\/?page_id=8654","title":{"rendered":"Laboratoria Przysz\u0142o\u015bci"},"content":{"rendered":"<pre><strong>Nasza szko\u0142a otrzyma\u0142a dofinansowanie do zakupu pomocy dydaktycznych w ramach programu rz\u0105dowego: \u201eLABORATORIA PRZYSZ\u0141O\u015aCI\u201d.<\/strong><\/pre>\n<p><strong><a href=\"https:\/\/www.gov.pl\/web\/laboratoria\">Laboratoria Przysz\u0142o\u015bci<\/a> to inicjatywa edukacyjna realizowana przez Ministerstwo Edukacji i Nauki we wsp\u00f3\u0142pracy z Centrum GovTech w Kancelarii Prezesa Rady Ministr\u00f3w. Nasz\u0105 wsp\u00f3ln\u0105 misj\u0105 jest stworzenie nowoczesnej szko\u0142y, w kt\u00f3rej zaj\u0119cia b\u0119d\u0105 prowadzone w spos\u00f3b ciekawy, anga\u017cuj\u0105cy uczni\u00f3w oraz sprzyjaj\u0105cy odkrywaniu ich talent\u00f3w i rozwijaniu zainteresowa\u0144.<\/strong><\/p>\n<p>W sk\u0142ad podstawowego\/obowi\u0105zkowego wyposa\u017cenia wchodz\u0105:<img loading=\"lazy\" decoding=\"async\" class=\"wp-image-8655 alignright\" src=\"https:\/\/sp6kwidzyn.pl\/wp-content\/uploads\/2022\/03\/logo-Laboratoria_Przyszlosci_pion_kolor.png\" alt=\"\" width=\"309\" height=\"331\" srcset=\"https:\/\/sp6kwidzyn.pl\/wp-content\/uploads\/2022\/03\/logo-Laboratoria_Przyszlosci_pion_kolor.png 1623w, https:\/\/sp6kwidzyn.pl\/wp-content\/uploads\/2022\/03\/logo-Laboratoria_Przyszlosci_pion_kolor-280x300.png 280w, https:\/\/sp6kwidzyn.pl\/wp-content\/uploads\/2022\/03\/logo-Laboratoria_Przyszlosci_pion_kolor-956x1024.png 956w, https:\/\/sp6kwidzyn.pl\/wp-content\/uploads\/2022\/03\/logo-Laboratoria_Przyszlosci_pion_kolor-768x822.png 768w, https:\/\/sp6kwidzyn.pl\/wp-content\/uploads\/2022\/03\/logo-Laboratoria_Przyszlosci_pion_kolor-1434x1536.png 1434w\" sizes=\"auto, (max-width: 309px) 100vw, 309px\" \/><\/p>\n<ul>\n<li>Filament<\/li>\n<li>Drukarka 3D wraz z akcesoriami<\/li>\n<li>Mikrokontroler z czujnikami i akcesoriami<\/li>\n<li>Lutownica \/ Stacja lutownicza z gor\u0105cym powietrzem<\/li>\n<li>Kamera przeno\u015bna cyfrowa wraz z akcesoriami<\/li>\n<li>Statyw z akcesoriami<\/li>\n<li>Mikroport z akcesoriami<\/li>\n<li>O\u015bwietlenie do realizacji nagra\u0144<\/li>\n<li>Mikrofon kierunkowy z akcesoriami<\/li>\n<li>Gimbal<\/li>\n<li>Aparat fotograficzny z akcesoriami<\/li>\n<\/ul>\n<p>Szko\u0142a w ramach finansowania zakupi\u0142a mi\u0119dzy innymi cztery stanowiska do <strong>druku 3D<\/strong>, <strong>roboty dydaktyczne<\/strong> do nauki programowania, <strong>stacje lutownicze<\/strong>, zestawy do budowy uk\u0142ad\u00f3w elektronicznych i obwod\u00f3w elektrycznych oraz wyposa\u017cenie elektroniczne i techniczne <strong>Audio-Video<\/strong> w\u0142\u0105cznie z nag\u0142o\u015bnieniem i urz\u0105dzeniami dodatkowymi.<br \/>\nPozwol\u0105 one realizowa\u0107 zainteresowania uczni\u00f3w w tworzeniu i monta\u017cu nagra\u0144 d\u017awi\u0119kowych i film\u00f3w.<\/p>\n","protected":false},"excerpt":{"rendered":"<p>Nasza szko\u0142a otrzyma\u0142a dofinansowanie do zakupu pomocy dydaktycznych w ramach programu rz\u0105dowego: \u201eLABORATORIA PRZYSZ\u0141O\u015aCI\u201d. Laboratoria Przysz\u0142o\u015bci to inicjatywa edukacyjna realizowana [&hellip;]<\/p>\n","protected":false},"author":1,"featured_media":0,"parent":0,"menu_order":0,"comment_status":"closed","ping_status":"closed","template":"","meta":{"footnotes":""},"class_list":["post-8654","page","type-page","status-publish","hentry","has_thumb"],"aioseo_notices":[],"_links":{"self":[{"href":"https:\/\/sp6kwidzyn.pl\/index.php?rest_route=\/wp\/v2\/pages\/8654","targetHints":{"allow":["GET"]}}],"collection":[{"href":"https:\/\/sp6kwidzyn.pl\/index.php?rest_route=\/wp\/v2\/pages"}],"about":[{"href":"https:\/\/sp6kwidzyn.pl\/index.php?rest_route=\/wp\/v2\/types\/page"}],"author":[{"embeddable":true,"href":"https:\/\/sp6kwidzyn.pl\/index.php?rest_route=\/wp\/v2\/users\/1"}],"replies":[{"embeddable":true,"href":"https:\/\/sp6kwidzyn.pl\/index.php?rest_route=%2Fwp%2Fv2%2Fcomments&post=8654"}],"version-history":[{"count":3,"href":"https:\/\/sp6kwidzyn.pl\/index.php?rest_route=\/wp\/v2\/pages\/8654\/revisions"}],"predecessor-version":[{"id":8738,"href":"https:\/\/sp6kwidzyn.pl\/index.php?rest_route=\/wp\/v2\/pages\/8654\/revisions\/8738"}],"wp:attachment":[{"href":"https:\/\/sp6kwidzyn.pl\/index.php?rest_route=%2Fwp%2Fv2%2Fmedia&parent=8654"}],"curies":[{"name":"wp","href":"https:\/\/api.w.org\/{rel}","templated":true}]}}