{"id":8337,"date":"2022-02-18T11:47:31","date_gmt":"2022-02-18T10:47:31","guid":{"rendered":"https:\/\/sp6kwidzyn.pl\/?page_id=8337"},"modified":"2023-03-12T20:33:13","modified_gmt":"2023-03-12T19:33:13","slug":"prezentacja-zespolu-przedmiotow-scislych","status":"publish","type":"page","link":"https:\/\/sp6kwidzyn.pl\/?page_id=8337","title":{"rendered":"Prezentacja Zespo\u0142u Przedmiot\u00f3w \u015acis\u0142ych"},"content":{"rendered":"<p>Prezentujemy Pa\u0144stwu wycinek pracy<strong> zespo\u0142u nauk \u015bcis\u0142ych<\/strong> ze Szko\u0142y Podstawowej nr 6 w Kwidzynie.<\/p>\n<p>O tym, \u017ce \u201e<em>bez pracy nie ma ko\u0142aczy<\/em>\u201d wiedzieli ju\u017c nasi pradziadowie. Wiedz\u0105 te\u017c nasi nauczyciele <strong>matematyki<\/strong>, <strong>chemii<\/strong>, <strong>fizyki<\/strong>, <strong>geografii<\/strong>, <strong>biologii<\/strong>, <strong>przyrody<\/strong>, <strong>informatyki<\/strong> i <strong>techniki<\/strong>. Ludzie z pasj\u0105 i ogromnym zaanga\u017cowaniem. Osoby, mocne i dobre w tym, co robi\u0105. Ludzie o wysokiej kulturze osobistej i nastawieniu na prac\u0119 z ka\u017cdym dzieckiem\u2026nawet tym troch\u0119 opornym.<\/p>\n<p>Nie dziwi zatem fakt, i\u017c co roku mamy coraz liczniejsze grono <strong>finalist\u00f3w<\/strong> i <strong>laureat\u00f3w<\/strong> <strong>konkurs\u00f3w przedmiotowych<\/strong>, a wyniki egzaminu <strong>\u00f3smoklasist\u00f3w<\/strong> zazwyczaj znacz\u0105co przewy\u017cszaj\u0105 <strong>\u015brednie og\u00f3lnopolskie<\/strong>, <strong>wojew\u00f3dzkie<\/strong> czy <strong>miejskie<\/strong>.<\/p>\n<p>Wielu naszych \u201e\u015bcis\u0142ych\u201d absolwent\u00f3w znalaz\u0142o swoje miejsce w dobrych i bardzo dobrych liceach i technikach w mie\u015bcie i poza nim.<\/p>\n<p>Grupa nauczycieli \u2013 pasjonat\u00f3w, kt\u00f3rzy codziennie wykonuj\u0105 setki czynno\u015bci, podejmuj\u0105 tysi\u0105ce pr\u00f3b, by zainteresowa\u0107 dzieci \u015bwiatem, pokaza\u0107 im w\u0142a\u015bciwy odcie\u0144 wsp\u00f3\u0142czesnej rzeczywisto\u015bci, zaszczepi\u0107 dewiz\u0119 \u201elubi\u0119 wiedzie\u0107\u201d to z pewno\u015bci\u0105 to, czego oczekiwa\u0142by ka\u017cdy rodzic dla swojego dziecka.<\/p>\n<p>A zatem <strong>ZAPRASZAMY<\/strong> do naszej wyj\u0105tkowej, przyjaznej dzieciom szko\u0142y, w kt\u00f3rej tradycja i nowoczesno\u015b\u0107 przenikaj\u0105 si\u0119 i wsp\u00f3\u0142brzmi\u0105.<\/p>\n<p><iframe loading=\"lazy\" title=\"Zesp\u00f3\u0142 Przedmiot\u00f3w \u015acis\u0142ych\" width=\"500\" height=\"281\" src=\"https:\/\/www.youtube.com\/embed\/kToobSFEbZY?feature=oembed\" frameborder=\"0\" allow=\"accelerometer; autoplay; clipboard-write; encrypted-media; gyroscope; picture-in-picture; web-share\" referrerpolicy=\"strict-origin-when-cross-origin\" allowfullscreen><\/iframe><\/p>\n","protected":false},"excerpt":{"rendered":"<p>Prezentujemy Pa\u0144stwu wycinek pracy zespo\u0142u nauk \u015bcis\u0142ych ze Szko\u0142y Podstawowej nr 6 w Kwidzynie. O tym, \u017ce \u201ebez pracy nie [&hellip;]<\/p>\n","protected":false},"author":1,"featured_media":0,"parent":0,"menu_order":0,"comment_status":"closed","ping_status":"closed","template":"","meta":{"footnotes":""},"class_list":["post-8337","page","type-page","status-publish","hentry","has_thumb"],"aioseo_notices":[],"_links":{"self":[{"href":"https:\/\/sp6kwidzyn.pl\/index.php?rest_route=\/wp\/v2\/pages\/8337","targetHints":{"allow":["GET"]}}],"collection":[{"href":"https:\/\/sp6kwidzyn.pl\/index.php?rest_route=\/wp\/v2\/pages"}],"about":[{"href":"https:\/\/sp6kwidzyn.pl\/index.php?rest_route=\/wp\/v2\/types\/page"}],"author":[{"embeddable":true,"href":"https:\/\/sp6kwidzyn.pl\/index.php?rest_route=\/wp\/v2\/users\/1"}],"replies":[{"embeddable":true,"href":"https:\/\/sp6kwidzyn.pl\/index.php?rest_route=%2Fwp%2Fv2%2Fcomments&post=8337"}],"version-history":[{"count":4,"href":"https:\/\/sp6kwidzyn.pl\/index.php?rest_route=\/wp\/v2\/pages\/8337\/revisions"}],"predecessor-version":[{"id":9662,"href":"https:\/\/sp6kwidzyn.pl\/index.php?rest_route=\/wp\/v2\/pages\/8337\/revisions\/9662"}],"wp:attachment":[{"href":"https:\/\/sp6kwidzyn.pl\/index.php?rest_route=%2Fwp%2Fv2%2Fmedia&parent=8337"}],"curies":[{"name":"wp","href":"https:\/\/api.w.org\/{rel}","templated":true}]}}