{"id":7985,"date":"2021-12-21T17:32:52","date_gmt":"2021-12-21T16:32:52","guid":{"rendered":"https:\/\/sp6kwidzyn.pl\/?page_id=7985"},"modified":"2022-01-04T20:58:57","modified_gmt":"2022-01-04T19:58:57","slug":"linki-do-zajec-swietlicowych-w-okresie-zdalnej-nauki","status":"publish","type":"page","link":"https:\/\/sp6kwidzyn.pl\/?page_id=7985","title":{"rendered":"Linki do zaj\u0119\u0107 \u015bwietlicowych w okresie zdalnej nauki"},"content":{"rendered":"<div dir=\"ltr\">\n<p><strong><span style=\"color: #008000;\">ZABAWY RUCHOWE<\/span><\/strong><br \/>\n<a title=\"Link zosta\u0142 skonwertowany ze wzgl\u0119d\u00f3w bezpiecze\u0144stwa systemu.\" href=\"https:\/\/liblink.pl\/2ZAxBXtgGT\" target=\"_blank\" rel=\"noopener\">https:\/\/liblink.pl\/2ZAxBXtgGT<\/a><br \/>\n<a title=\"Link zosta\u0142 skonwertowany ze wzgl\u0119d\u00f3w bezpiecze\u0144stwa systemu.\" href=\"https:\/\/liblink.pl\/5cP4OshiNn\" target=\"_blank\" rel=\"noopener\">https:\/\/liblink.pl\/5cP4OshiNn<\/a><br \/>\n<a title=\"Link zosta\u0142 skonwertowany ze wzgl\u0119d\u00f3w bezpiecze\u0144stwa systemu.\" href=\"https:\/\/liblink.pl\/Imy1cp7na9\" target=\"_blank\" rel=\"noopener\">https:\/\/liblink.pl\/Imy1cp7na9<\/a><br \/>\n<a title=\"Link zosta\u0142 skonwertowany ze wzgl\u0119d\u00f3w bezpiecze\u0144stwa systemu.\" href=\"https:\/\/liblink.pl\/hkVpZtVVqS\" target=\"_blank\" rel=\"noopener\">https:\/\/liblink.pl\/hkVpZtVVqS<\/a><br \/>\n<a title=\"Link zosta\u0142 skonwertowany ze wzgl\u0119d\u00f3w bezpiecze\u0144stwa systemu.\" href=\"https:\/\/liblink.pl\/40391a7x7C\" target=\"_blank\" rel=\"noopener\">https:\/\/liblink.pl\/40391a7x7C<\/a><br \/>\n<a title=\"Link zosta\u0142 skonwertowany ze wzgl\u0119d\u00f3w bezpiecze\u0144stwa systemu.\" href=\"https:\/\/liblink.pl\/2O9XwGhSDO\" target=\"_blank\" rel=\"noopener\">https:\/\/liblink.pl\/2O9XwGhSDO<\/a><\/p>\n<p><span style=\"color: #ff0000;\"><strong>DOMOWE LABORATORIUM &#8211; DO\u015aWIADCZENIA W DOMU.<\/strong><\/span><\/p>\n<p><a title=\"Link zosta\u0142 skonwertowany ze wzgl\u0119d\u00f3w bezpiecze\u0144stwa systemu.\" href=\"https:\/\/liblink.pl\/gWqQPkimo4\" target=\"_blank\" rel=\"noopener\">https:\/\/liblink.pl\/gWqQPkimo4<\/a><br \/>\n<a title=\"Link zosta\u0142 skonwertowany ze wzgl\u0119d\u00f3w bezpiecze\u0144stwa systemu.\" href=\"https:\/\/liblink.pl\/uQ14vijaul\" target=\"_blank\" rel=\"noopener\">https:\/\/liblink.pl\/uQ14vijaul<\/a><br \/>\n<a title=\"Link zosta\u0142 skonwertowany ze wzgl\u0119d\u00f3w bezpiecze\u0144stwa systemu.\" href=\"https:\/\/liblink.pl\/6NFLIkpKcn\" target=\"_blank\" rel=\"noopener\">https:\/\/liblink.pl\/6NFLIkpKcn<\/a><br \/>\n<a title=\"Link zosta\u0142 skonwertowany ze wzgl\u0119d\u00f3w bezpiecze\u0144stwa systemu.\" href=\"https:\/\/liblink.pl\/j2IfWH5YBT\" target=\"_blank\" rel=\"noopener\">https:\/\/liblink.pl\/j2IfWH5YBT<\/a><br \/>\n<a title=\"Link zosta\u0142 skonwertowany ze wzgl\u0119d\u00f3w bezpiecze\u0144stwa systemu.\" href=\"https:\/\/liblink.pl\/En3fxZvVeO\" target=\"_blank\" rel=\"noopener\">https:\/\/liblink.pl\/En3fxZvVeO<\/a><\/p>\n<p><span style=\"color: #0000ff;\"><strong>MA\u0141Y KUCHARZ -POMYS\u0141Y NA \u00a0SAMODZIELNE WYKONANIE POTRAW.<\/strong><\/span><\/p>\n<p>10 potraw, kt\u00f3re dzieci mog\u0105 przygotowa\u0107 samodzielnie (edziecko.pl)<br \/>\nKanapki dla dzieci: ,,MI\u015a i ,,MOTYLEK &#8211; przepis &#8211; PrzyslijPrzepis.pl<br \/>\n<a title=\"Link zosta\u0142 skonwertowany ze wzgl\u0119d\u00f3w bezpiecze\u0144stwa systemu.\" href=\"https:\/\/liblink.pl\/rufrx9CfdK\" target=\"_blank\" rel=\"noopener\">https:\/\/liblink.pl\/rufrx9CfdK<\/a><br \/>\n<a title=\"Link zosta\u0142 skonwertowany ze wzgl\u0119d\u00f3w bezpiecze\u0144stwa systemu.\" href=\"https:\/\/liblink.pl\/QXvx1Los0n\" target=\"_blank\" rel=\"noopener\">https:\/\/liblink.pl\/QXvx1Los0n<\/a><br \/>\n<a title=\"Link zosta\u0142 skonwertowany ze wzgl\u0119d\u00f3w bezpiecze\u0144stwa systemu.\" href=\"https:\/\/liblink.pl\/wBoKPht6bl\" target=\"_blank\" rel=\"noopener\">https:\/\/liblink.pl\/wBoKPht6bl<\/a><\/p>\n<\/div>\n<div dir=\"ltr\"><\/div>\n<div dir=\"ltr\"><strong><span style=\"color: #00ff00;\">FANTASTYCZNE, PROSTE ZABAWY DLA DZIECI:<\/span><br \/>\n<\/strong><\/div>\n<div dir=\"ltr\">\n<div><a href=\"https:\/\/m.youtube.com\/watch?v=1qmiCGgUvMM\">https:\/\/m.youtube.com\/watch?v=1qmiCGgUvMM<\/a><\/div>\n<\/div>\n<p><span style=\"color: #ff6600;\"><strong>ZAJ\u0118CIA PLASTYCZNO-TECHNICZNE<\/strong><\/span><\/p>\n<p><a href=\"https:\/\/www.kolorowankionline.net\/category\/boze-narodzenie\/page\/2\">https:\/\/www.kolorowankionline.net\/category\/boze-narodzenie\/page\/2<\/a><\/p>\n<p><a href=\"https:\/\/www.youtube.com\/watch?v=_xkdDkdq0z8\">https:\/\/www.youtube.com\/watch?v=_xkdDkdq0z8<\/a><\/p>\n<p><a href=\"https:\/\/www.youtube.com\/watch?v=REbR5AQv-9A\">https:\/\/www.youtube.com\/watch?v=REbR5AQv-9A<\/a><\/p>\n<p><a href=\"https:\/\/www.youtube.com\/watch?v=zwQ3CMEdO3Y\">https:\/\/www.youtube.com\/watch?v=zwQ3CMEdO3Y<\/a><\/p>\n<p><a href=\"https:\/\/www.youtube.com\/watch?v=7owLh7VLnSg\">https:\/\/www.youtube.com\/watch?v=7owLh7VLnSg<\/a><\/p>\n<p><a href=\"https:\/\/www.youtube.com\/watch?v=btE_ufz-Udk\">https:\/\/www.youtube.com\/watch?v=btE_ufz-Udk<\/a><\/p>\n<p><a href=\"https:\/\/liblink.pl\/bzKcs6BhX7\">https:\/\/liblink.pl\/bzKcs6BhX7<\/a><\/p>\n<p><span style=\"color: #ff00ff;\"><strong>MUZYKA, \u015aPIEW<\/strong><\/span><\/p>\n<p><a href=\"https:\/\/www.youtube.com\/watch?v=awUmsG1r5wE\">https:\/\/www.youtube.com\/watch?v=awUmsG1r5wE<\/a><\/p>\n<p><a href=\"https:\/\/www.youtube.com\/watch?v=fHJJ1_wetTg\">https:\/\/www.youtube.com\/watch?v=fHJJ1_wetTg<\/a><\/p>\n<p><strong><span style=\"color: #ff0000;\">B<\/span><span style=\"color: #3366ff;\">A<\/span><span style=\"color: #00ff00;\">J<\/span><span style=\"color: #ffff00;\"><span style=\"color: #ffcc99;\">K<\/span><span style=\"color: #808000;\">I<\/span><\/span><\/strong><\/p>\n<p><a href=\"https:\/\/www.youtube.com\/watch?v=1QKv-KlG0xI\">https:\/\/www.youtube.com\/watch?v=1QKv-KlG0xI<\/a><\/p>\n<p><a href=\"https:\/\/www.youtube.com\/watch?v=wzUWseJCviM\">https:\/\/www.youtube.com\/watch?v=wzUWseJCviM<\/a><\/p>\n<p><a href=\"https:\/\/www.youtube.com\/watch?v=OnE1sJd0ZZM\">https:\/\/www.youtube.com\/watch?v=OnE1sJd0ZZM<\/a><\/p>\n<p><span style=\"color: #ffcc99;\"><strong>ZAJ\u0118CIA CZYTELNICZE<\/strong><\/span><\/p>\n<p><a href=\"https:\/\/www.youtube.com\/watch?v=3fTF4xgyMPQ\">https:\/\/www.youtube.com\/watch?v=3fTF4xgyMPQ<\/a><\/p>\n<p><span style=\"color: #008080;\"><strong>ZAJ\u0118CIA RUCHOWE<\/strong><\/span><\/p>\n<p><a href=\"https:\/\/www.youtube.com\/watch?v=64Cfm-fcso0\">https:\/\/www.youtube.com\/watch?v=64Cfm-fcso0<\/a><\/p>\n<p><a href=\"https:\/\/www.youtube.com\/watch?v=SPJodth-A4k\">https:\/\/www.youtube.com\/watch?v=SPJodth-A4k<\/a><\/p>\n<p><a href=\"https:\/\/www.youtube.com\/watch?v=oc4QS2USKmk\">https:\/\/www.youtube.com\/watch?v=oc4QS2USKmk<\/a><\/p>\n<p><a href=\"https:\/\/www.youtube.com\/watch?v=7hGtkE3mG_g\">https:\/\/www.youtube.com\/watch?v=7hGtkE3mG_g<\/a><\/p>\n<p><a href=\"https:\/\/wordwall.net\/resource\/914539\/%C4%87wiczenia-ruchowe\">https:\/\/wordwall.net\/resource\/914539\/%C4%87wiczenia-ruchowe<\/a><\/p>\n<p><span style=\"color: #800000;\"><strong>J\u0118ZYK W\u0141OSKI<\/strong><\/span><\/p>\n<p><a href=\"https:\/\/sp6kwidzyn.pl\/wp-content\/uploads\/2022\/01\/Wloskie_Swieto_Trzech_Kroli_j._wloski.docx\">W\u0142oskie_\u015awi\u0119to_Trzech_Kr\u00f3li_j._w\u0142oski<\/a><\/p>\n<p><strong><span style=\"color: #ff0000;\">J\u0118ZYK HISZPA\u0143SKI<\/span><br \/>\n<\/strong><\/p>\n<p><a title=\"Link zosta\u0142 skonwertowany ze wzgl\u0119d\u00f3w bezpiecze\u0144stwa systemu.\" href=\"https:\/\/liblink.pl\/dqG9Tg9rSL\" target=\"_blank\" rel=\"noopener\">https:\/\/liblink.pl\/dqG9Tg9rSL<\/a><\/p>\n<p><a title=\"Link zosta\u0142 skonwertowany ze wzgl\u0119d\u00f3w bezpiecze\u0144stwa systemu.\" href=\"https:\/\/liblink.pl\/kuvnVXoJaR\" target=\"_blank\" rel=\"noopener\">https:\/\/liblink.pl\/kuvnVXoJaR<\/a><\/p>\n<p><a title=\"Link zosta\u0142 skonwertowany ze wzgl\u0119d\u00f3w bezpiecze\u0144stwa systemu.\" href=\"https:\/\/liblink.pl\/4gqcl97u0i\" target=\"_blank\" rel=\"noopener\">https:\/\/liblink.pl\/4gqcl97u0i<\/a><\/p>\n<p><a title=\"Link zosta\u0142 skonwertowany ze wzgl\u0119d\u00f3w bezpiecze\u0144stwa systemu.\" href=\"https:\/\/liblink.pl\/11wtGlw8bM\" target=\"_blank\" rel=\"noopener\">https:\/\/liblink.pl\/11wtGlw8bM<\/a><\/p>\n<p><span style=\"color: #0000ff;\"><strong>J\u0118ZYK ANGIELSKI<\/strong><\/span><\/p>\n<p>\u015awi\u0105teczne memory<br \/>\n<a title=\"Link zosta\u0142 skonwertowany ze wzgl\u0119d\u00f3w bezpiecze\u0144stwa systemu.\" href=\"https:\/\/liblink.pl\/1MtcIRkJiC\" target=\"_blank\" rel=\"noopener\">https:\/\/liblink.pl\/1MtcIRkJiC<\/a><\/p>\n<p>\u015awi\u0105teczna krzy\u017c\u00f3wka<br \/>\n<a title=\"Link zosta\u0142 skonwertowany ze wzgl\u0119d\u00f3w bezpiecze\u0144stwa systemu.\" href=\"https:\/\/liblink.pl\/NhfnrqIh7F\" target=\"_blank\" rel=\"noopener\">https:\/\/liblink.pl\/NhfnrqIh7F<\/a><\/p>\n<p>\u015awi\u0105teczne s\u0142\u00f3ownictwo<br \/>\n<a title=\"Link zosta\u0142 skonwertowany ze wzgl\u0119d\u00f3w bezpiecze\u0144stwa systemu.\" href=\"https:\/\/liblink.pl\/h7YdxXDApD\" target=\"_blank\" rel=\"noopener\">https:\/\/liblink.pl\/h7YdxXDApD<\/a><\/p>\n<p>\u015awi\u0105teczna piosenka po angielsku &#8211; JINGLE BELLS<br \/>\n<a title=\"Link zosta\u0142 skonwertowany ze wzgl\u0119d\u00f3w bezpiecze\u0144stwa systemu.\" href=\"https:\/\/liblink.pl\/YrtWz8mYeQ\" target=\"_blank\" rel=\"noopener\">https:\/\/liblink.pl\/YrtWz8mYeQ<\/a><\/p>\n<p>Przepis na GINGERBREADMAN<\/p>\n<p><a title=\"Link zosta\u0142 skonwertowany ze wzgl\u0119d\u00f3w bezpiecze\u0144stwa systemu.\" href=\"https:\/\/liblink.pl\/LxRe5s6LXP\" target=\"_blank\" rel=\"noopener\">https:\/\/liblink.pl\/LxRe5s6LXP<\/a><\/p>\n<p><a title=\"Link zosta\u0142 skonwertowany ze wzgl\u0119d\u00f3w bezpiecze\u0144stwa systemu.\" href=\"https:\/\/liblink.pl\/H7K5nf8g3o\" target=\"_blank\" rel=\"noopener\">https:\/\/liblink.pl\/H7K5nf8g3o<\/a><\/p>\n<p><a title=\"Link zosta\u0142 skonwertowany ze wzgl\u0119d\u00f3w bezpiecze\u0144stwa systemu.\" href=\"https:\/\/liblink.pl\/sy1JUvTpsB\" target=\"_blank\" rel=\"noopener\">https:\/\/liblink.pl\/sy1JUvTpsB<\/a><\/p>\n<p>&nbsp;<\/p>\n","protected":false},"excerpt":{"rendered":"<p>ZABAWY RUCHOWE https:\/\/liblink.pl\/2ZAxBXtgGT https:\/\/liblink.pl\/5cP4OshiNn https:\/\/liblink.pl\/Imy1cp7na9 https:\/\/liblink.pl\/hkVpZtVVqS https:\/\/liblink.pl\/40391a7x7C https:\/\/liblink.pl\/2O9XwGhSDO DOMOWE LABORATORIUM &#8211; DO\u015aWIADCZENIA W DOMU. https:\/\/liblink.pl\/gWqQPkimo4 https:\/\/liblink.pl\/uQ14vijaul https:\/\/liblink.pl\/6NFLIkpKcn https:\/\/liblink.pl\/j2IfWH5YBT https:\/\/liblink.pl\/En3fxZvVeO MA\u0141Y [&hellip;]<\/p>\n","protected":false},"author":1,"featured_media":0,"parent":0,"menu_order":0,"comment_status":"closed","ping_status":"closed","template":"","meta":{"footnotes":""},"class_list":["post-7985","page","type-page","status-publish","hentry","has_no_thumb"],"aioseo_notices":[],"_links":{"self":[{"href":"https:\/\/sp6kwidzyn.pl\/index.php?rest_route=\/wp\/v2\/pages\/7985","targetHints":{"allow":["GET"]}}],"collection":[{"href":"https:\/\/sp6kwidzyn.pl\/index.php?rest_route=\/wp\/v2\/pages"}],"about":[{"href":"https:\/\/sp6kwidzyn.pl\/index.php?rest_route=\/wp\/v2\/types\/page"}],"author":[{"embeddable":true,"href":"https:\/\/sp6kwidzyn.pl\/index.php?rest_route=\/wp\/v2\/users\/1"}],"replies":[{"embeddable":true,"href":"https:\/\/sp6kwidzyn.pl\/index.php?rest_route=%2Fwp%2Fv2%2Fcomments&post=7985"}],"version-history":[{"count":8,"href":"https:\/\/sp6kwidzyn.pl\/index.php?rest_route=\/wp\/v2\/pages\/7985\/revisions"}],"predecessor-version":[{"id":8013,"href":"https:\/\/sp6kwidzyn.pl\/index.php?rest_route=\/wp\/v2\/pages\/7985\/revisions\/8013"}],"wp:attachment":[{"href":"https:\/\/sp6kwidzyn.pl\/index.php?rest_route=%2Fwp%2Fv2%2Fmedia&parent=7985"}],"curies":[{"name":"wp","href":"https:\/\/api.w.org\/{rel}","templated":true}]}}