{"id":7978,"date":"2021-12-21T17:23:32","date_gmt":"2021-12-21T16:23:32","guid":{"rendered":"https:\/\/sp6kwidzyn.pl\/?page_id=7978"},"modified":"2021-12-21T17:35:26","modified_gmt":"2021-12-21T16:35:26","slug":"swietlica","status":"publish","type":"page","link":"https:\/\/sp6kwidzyn.pl\/?page_id=7978","title":{"rendered":"\u015awietlica"},"content":{"rendered":"<p><img loading=\"lazy\" decoding=\"async\" class=\" wp-image-7981 alignleft\" src=\"https:\/\/sp6kwidzyn.pl\/wp-content\/uploads\/2021\/12\/play-5310799_640.jpg\" alt=\"\" width=\"147\" height=\"98\" srcset=\"https:\/\/sp6kwidzyn.pl\/wp-content\/uploads\/2021\/12\/play-5310799_640.jpg 640w, https:\/\/sp6kwidzyn.pl\/wp-content\/uploads\/2021\/12\/play-5310799_640-300x200.jpg 300w, https:\/\/sp6kwidzyn.pl\/wp-content\/uploads\/2021\/12\/play-5310799_640-480x320.jpg 480w\" sizes=\"auto, (max-width: 147px) 100vw, 147px\" \/>Drogie Dzieci!<\/p>\n<p>Je\u015bli si\u0119 nudzicie, je\u015bli nie wiecie co zrobi\u0107 z wolnym czasem, zach\u0119camy Was do skorzystania z propozycji zabaw i zaj\u0119\u0107 przygotowanych przez wychowawc\u00f3w \u015bwietlicy. Przedstawiamy Wam r\u00f3\u017cne pomys\u0142y, kt\u00f3re mo\u017cecie zrealizowa\u0107 w domu. Zapraszamy do wsp\u00f3lnej zabawy.<\/p>\n<p style=\"text-align: center;\"><a href=\"https:\/\/sp6kwidzyn.pl\/?p=7970\">Linki do zaj\u0119\u0107 \u015bwietlicowych w okresie zdalnej nauki<\/a><img loading=\"lazy\" decoding=\"async\" class=\"wp-image-7980 alignright\" src=\"https:\/\/sp6kwidzyn.pl\/wp-content\/uploads\/2021\/12\/toy-2561392_640.jpg\" alt=\"\" width=\"292\" height=\"164\" srcset=\"https:\/\/sp6kwidzyn.pl\/wp-content\/uploads\/2021\/12\/toy-2561392_640.jpg 640w, https:\/\/sp6kwidzyn.pl\/wp-content\/uploads\/2021\/12\/toy-2561392_640-300x169.jpg 300w\" sizes=\"auto, (max-width: 292px) 100vw, 292px\" \/><\/p>\n","protected":false},"excerpt":{"rendered":"<p>Drogie Dzieci! Je\u015bli si\u0119 nudzicie, je\u015bli nie wiecie co zrobi\u0107 z wolnym czasem, zach\u0119camy Was do skorzystania z propozycji zabaw [&hellip;]<\/p>\n","protected":false},"author":1,"featured_media":0,"parent":0,"menu_order":0,"comment_status":"closed","ping_status":"closed","template":"","meta":{"footnotes":""},"class_list":["post-7978","page","type-page","status-publish","hentry","has_thumb"],"aioseo_notices":[],"_links":{"self":[{"href":"https:\/\/sp6kwidzyn.pl\/index.php?rest_route=\/wp\/v2\/pages\/7978","targetHints":{"allow":["GET"]}}],"collection":[{"href":"https:\/\/sp6kwidzyn.pl\/index.php?rest_route=\/wp\/v2\/pages"}],"about":[{"href":"https:\/\/sp6kwidzyn.pl\/index.php?rest_route=\/wp\/v2\/types\/page"}],"author":[{"embeddable":true,"href":"https:\/\/sp6kwidzyn.pl\/index.php?rest_route=\/wp\/v2\/users\/1"}],"replies":[{"embeddable":true,"href":"https:\/\/sp6kwidzyn.pl\/index.php?rest_route=%2Fwp%2Fv2%2Fcomments&post=7978"}],"version-history":[{"count":4,"href":"https:\/\/sp6kwidzyn.pl\/index.php?rest_route=\/wp\/v2\/pages\/7978\/revisions"}],"predecessor-version":[{"id":7990,"href":"https:\/\/sp6kwidzyn.pl\/index.php?rest_route=\/wp\/v2\/pages\/7978\/revisions\/7990"}],"wp:attachment":[{"href":"https:\/\/sp6kwidzyn.pl\/index.php?rest_route=%2Fwp%2Fv2%2Fmedia&parent=7978"}],"curies":[{"name":"wp","href":"https:\/\/api.w.org\/{rel}","templated":true}]}}