{"id":787,"date":"2019-03-26T22:40:41","date_gmt":"2019-03-26T21:40:41","guid":{"rendered":"http:\/\/sp6kwidzyn.pl\/?page_id=787"},"modified":"2020-04-19T19:15:59","modified_gmt":"2020-04-19T17:15:59","slug":"poradnik-jak-madrze-wybierac-i-wspierac","status":"publish","type":"page","link":"https:\/\/sp6kwidzyn.pl\/?page_id=787","title":{"rendered":"Poradnik &#8222;Jak m\u0105drze wybiera\u0107 i wspiera\u0107&#8221;"},"content":{"rendered":"<p><img loading=\"lazy\" decoding=\"async\" class=\" wp-image-789 alignleft\" src=\"https:\/\/sp6kwidzyn.pl\/wp-content\/uploads\/2019\/03\/owl-47526_1280-300x283.png\" alt=\"\" width=\"241\" height=\"227\" srcset=\"https:\/\/sp6kwidzyn.pl\/wp-content\/uploads\/2019\/03\/owl-47526_1280-300x283.png 300w, https:\/\/sp6kwidzyn.pl\/wp-content\/uploads\/2019\/03\/owl-47526_1280-768x724.png 768w, https:\/\/sp6kwidzyn.pl\/wp-content\/uploads\/2019\/03\/owl-47526_1280-1024x965.png 1024w, https:\/\/sp6kwidzyn.pl\/wp-content\/uploads\/2019\/03\/owl-47526_1280.png 1280w\" sizes=\"auto, (max-width: 241px) 100vw, 241px\" \/><\/p>\n<p>&nbsp;<\/p>\n<p>&nbsp;<\/p>\n<p style=\"text-align: center;\"><a href=\"https:\/\/sp6kwidzyn.pl\/wp-content\/uploads\/2019\/03\/Poradnik-dla-rodzic\u00f3w-Jak-m\u0105drze-wybiera\u0107-i-wspiera\u0107.pdf\">Poradnik dla rodzic\u00f3w &#8222;Jak m\u0105drze wybiera\u0107 i wspiera\u0107&#8221; &#8211; pobierz<\/a><\/p>\n<p>&nbsp;<\/p>\n<p>&nbsp;<\/p>\n<p>&nbsp;<\/p>\n","protected":false},"excerpt":{"rendered":"<p>&nbsp; &nbsp; Poradnik dla rodzic\u00f3w &#8222;Jak m\u0105drze wybiera\u0107 i wspiera\u0107&#8221; &#8211; pobierz &nbsp; &nbsp; &nbsp;<\/p>\n","protected":false},"author":1,"featured_media":0,"parent":0,"menu_order":0,"comment_status":"closed","ping_status":"closed","template":"","meta":{"footnotes":""},"class_list":["post-787","page","type-page","status-publish","hentry","has_thumb"],"aioseo_notices":[],"_links":{"self":[{"href":"https:\/\/sp6kwidzyn.pl\/index.php?rest_route=\/wp\/v2\/pages\/787","targetHints":{"allow":["GET"]}}],"collection":[{"href":"https:\/\/sp6kwidzyn.pl\/index.php?rest_route=\/wp\/v2\/pages"}],"about":[{"href":"https:\/\/sp6kwidzyn.pl\/index.php?rest_route=\/wp\/v2\/types\/page"}],"author":[{"embeddable":true,"href":"https:\/\/sp6kwidzyn.pl\/index.php?rest_route=\/wp\/v2\/users\/1"}],"replies":[{"embeddable":true,"href":"https:\/\/sp6kwidzyn.pl\/index.php?rest_route=%2Fwp%2Fv2%2Fcomments&post=787"}],"version-history":[{"count":2,"href":"https:\/\/sp6kwidzyn.pl\/index.php?rest_route=\/wp\/v2\/pages\/787\/revisions"}],"predecessor-version":[{"id":4473,"href":"https:\/\/sp6kwidzyn.pl\/index.php?rest_route=\/wp\/v2\/pages\/787\/revisions\/4473"}],"wp:attachment":[{"href":"https:\/\/sp6kwidzyn.pl\/index.php?rest_route=%2Fwp%2Fv2%2Fmedia&parent=787"}],"curies":[{"name":"wp","href":"https:\/\/api.w.org\/{rel}","templated":true}]}}