{"id":7805,"date":"2021-11-16T09:30:50","date_gmt":"2021-11-16T08:30:50","guid":{"rendered":"https:\/\/sp6kwidzyn.pl\/?page_id=7805"},"modified":"2021-11-16T11:21:03","modified_gmt":"2021-11-16T10:21:03","slug":"jak-wesprzec-dziecko","status":"publish","type":"page","link":"https:\/\/sp6kwidzyn.pl\/?page_id=7805","title":{"rendered":"Jak wesprze\u0107 dziecko?"},"content":{"rendered":"<p><a href=\"https:\/\/sp6kwidzyn.pl\/wp-content\/uploads\/2021\/11\/Rownowaga-w-zyciu-ucznia1.docx\"><img loading=\"lazy\" decoding=\"async\" class=\"wp-image-7810 alignleft\" src=\"https:\/\/sp6kwidzyn.pl\/wp-content\/uploads\/2021\/11\/word.jpg\" alt=\"\" width=\"76\" height=\"68\" \/><\/a><br \/>\n<a href=\"https:\/\/sp6kwidzyn.pl\/wp-content\/uploads\/2021\/11\/Rownowaga-w-zyciu-ucznia1.docx\">R\u00f3wnowaga w \u017cyciu ucznia<\/a><\/p>\n<p>&nbsp;<\/p>\n<p><a href=\"https:\/\/sp6kwidzyn.pl\/wp-content\/uploads\/2021\/11\/Rownowaga-w-zyciu-ucznia1.docx\"><img loading=\"lazy\" decoding=\"async\" class=\"wp-image-7810 alignleft\" src=\"https:\/\/sp6kwidzyn.pl\/wp-content\/uploads\/2021\/11\/word.jpg\" alt=\"\" width=\"76\" height=\"68\" \/><\/a><br \/>\n<a href=\"https:\/\/sp6kwidzyn.pl\/wp-content\/uploads\/2021\/11\/Kiedy-dziecko-jest-zniechecone-do-nauki1.docx\">Kiedy dziecko jest zniech\u0119cone do nauki<\/a><\/p>\n<p>&nbsp;<\/p>\n<p><a href=\"https:\/\/sp6kwidzyn.pl\/wp-content\/uploads\/2021\/11\/Rownowaga-w-zyciu-ucznia1.docx\"><img loading=\"lazy\" decoding=\"async\" class=\"wp-image-7810 alignleft\" src=\"https:\/\/sp6kwidzyn.pl\/wp-content\/uploads\/2021\/11\/word.jpg\" alt=\"\" width=\"76\" height=\"68\" \/><\/a><\/p>\n<p><a href=\"https:\/\/sp6kwidzyn.pl\/wp-content\/uploads\/2021\/11\/Jak-w-domu-wspierac-dziecko-w-ramach-roznych-stylow-uczenia-sie1.docx\">Jak w domu wspiera\u0107 dziecko w ramach r\u00f3\u017cnych styl\u00f3w uczenia si\u0119<\/a><\/p>\n<p>&nbsp;<\/p>\n<p><a href=\"https:\/\/sp6kwidzyn.pl\/wp-content\/uploads\/2021\/11\/Rownowaga-w-zyciu-ucznia1.docx\"><img loading=\"lazy\" decoding=\"async\" class=\"wp-image-7810 alignleft\" src=\"https:\/\/sp6kwidzyn.pl\/wp-content\/uploads\/2021\/11\/word.jpg\" alt=\"\" width=\"76\" height=\"68\" \/><\/a><br \/>\n<a href=\"https:\/\/sp6kwidzyn.pl\/wp-content\/uploads\/2021\/11\/Jak-pomoc-dziecku-w-sytuacji-rozwodu-rodzicow-1.docx\">Jak pom\u00f3c dziecku w sytuacji rozwodu rodzic\u00f3w<\/a><\/p>\n<p>&nbsp;<\/p>\n<p><a href=\"https:\/\/sp6kwidzyn.pl\/wp-content\/uploads\/2021\/11\/DEPRESJA-w-wieku-szkolnym1.ppt\"><img loading=\"lazy\" decoding=\"async\" class=\" wp-image-7825 alignleft\" src=\"https:\/\/sp6kwidzyn.pl\/wp-content\/uploads\/2021\/11\/power.jpg\" alt=\"\" width=\"77\" height=\"77\" \/><br \/>\nDEPRESJA w wieku szkolnym<\/a><\/p>\n<p>&nbsp;<\/p>\n<p><a href=\"https:\/\/sp6kwidzyn.pl\/wp-content\/uploads\/2021\/11\/DEPRESJA-w-wieku-szkolnym1.ppt\"><img loading=\"lazy\" decoding=\"async\" class=\" wp-image-7825 alignleft\" src=\"https:\/\/sp6kwidzyn.pl\/wp-content\/uploads\/2021\/11\/power.jpg\" alt=\"\" width=\"77\" height=\"77\" \/><\/a><\/p>\n<p><a href=\"https:\/\/sp6kwidzyn.pl\/wp-content\/uploads\/2021\/11\/Motywowanie1.ppt\">Motywowanie<\/a><\/p>\n<p>&nbsp;<\/p>\n<p><a href=\"https:\/\/sp6kwidzyn.pl\/wp-content\/uploads\/2021\/11\/DEPRESJA-w-wieku-szkolnym1.ppt\"><img loading=\"lazy\" decoding=\"async\" class=\" wp-image-7825 alignleft\" src=\"https:\/\/sp6kwidzyn.pl\/wp-content\/uploads\/2021\/11\/power.jpg\" alt=\"\" width=\"77\" height=\"77\" \/><\/a><\/p>\n<p><a href=\"https:\/\/sp6kwidzyn.pl\/wp-content\/uploads\/2021\/11\/Wplyw-rozwodu-na-psychike-dziecka1.ppt\">Wp\u0142yw rozwodu na psychik\u0119 dziecka<\/a><\/p>\n<p>&nbsp;<\/p>\n<p><a href=\"https:\/\/sp6kwidzyn.pl\/wp-content\/uploads\/2021\/11\/DEPRESJA-w-wieku-szkolnym1.ppt\"><img loading=\"lazy\" decoding=\"async\" class=\" wp-image-7825 alignleft\" src=\"https:\/\/sp6kwidzyn.pl\/wp-content\/uploads\/2021\/11\/power.jpg\" alt=\"\" width=\"77\" height=\"77\" \/><\/a><\/p>\n<p><a href=\"https:\/\/sp6kwidzyn.pl\/wp-content\/uploads\/2021\/11\/Jak-przygotowac-dziecko-do-pojscia-do-szkoly1.pptx\">Jak przygotowa\u0107 dziecko do p\u00f3j\u015bcia do szko\u0142y<\/a><\/p>\n<p>&nbsp;<\/p>\n<p><a href=\"https:\/\/sp6kwidzyn.pl\/wp-content\/uploads\/2021\/11\/Rownowaga-w-zyciu-ucznia1.docx\"><img loading=\"lazy\" decoding=\"async\" class=\"wp-image-7810 alignleft\" src=\"https:\/\/sp6kwidzyn.pl\/wp-content\/uploads\/2021\/11\/word.jpg\" alt=\"\" width=\"76\" height=\"68\" \/><\/a><br \/>\n<a href=\"https:\/\/sp6kwidzyn.pl\/wp-content\/uploads\/2021\/11\/Zadbaj-o-zdrowie-psychiczne.1.docx\">Zadbaj o zdrowie psychiczne<\/a><\/p>\n<p>&nbsp;<\/p>\n<p><a href=\"https:\/\/sp6kwidzyn.pl\/wp-content\/uploads\/2021\/11\/Rownowaga-w-zyciu-ucznia1.docx\"><img loading=\"lazy\" decoding=\"async\" class=\"wp-image-7810 alignleft\" src=\"https:\/\/sp6kwidzyn.pl\/wp-content\/uploads\/2021\/11\/word.jpg\" alt=\"\" width=\"76\" height=\"68\" \/><\/a><br \/>\n<a href=\"https:\/\/sp6kwidzyn.pl\/wp-content\/uploads\/2021\/11\/Role-dzieci-w-rodzinach-z-problemem-alkoholowym.1.docx\">Role dzieci w rodzinach z problemem alkoholowym<\/a><\/p>\n<p>&nbsp;<\/p>\n<p><a href=\"https:\/\/sp6kwidzyn.pl\/wp-content\/uploads\/2021\/11\/Rownowaga-w-zyciu-ucznia1.docx\"><img loading=\"lazy\" decoding=\"async\" class=\"wp-image-7810 alignleft\" src=\"https:\/\/sp6kwidzyn.pl\/wp-content\/uploads\/2021\/11\/word.jpg\" alt=\"\" width=\"76\" height=\"68\" \/><\/a><br \/>\n<a href=\"https:\/\/sp6kwidzyn.pl\/wp-content\/uploads\/2021\/11\/Rownowaga-w-zyciu-ucznia1-1.docx\">Rownowaga-w-zyciu-ucznia<\/a><\/p>\n","protected":false},"excerpt":{"rendered":"<p>R\u00f3wnowaga w \u017cyciu ucznia &nbsp; Kiedy dziecko jest zniech\u0119cone do nauki &nbsp; Jak w domu wspiera\u0107 dziecko w ramach r\u00f3\u017cnych [&hellip;]<\/p>\n","protected":false},"author":1,"featured_media":0,"parent":0,"menu_order":0,"comment_status":"closed","ping_status":"closed","template":"","meta":{"footnotes":""},"class_list":["post-7805","page","type-page","status-publish","hentry","has_thumb"],"aioseo_notices":[],"_links":{"self":[{"href":"https:\/\/sp6kwidzyn.pl\/index.php?rest_route=\/wp\/v2\/pages\/7805","targetHints":{"allow":["GET"]}}],"collection":[{"href":"https:\/\/sp6kwidzyn.pl\/index.php?rest_route=\/wp\/v2\/pages"}],"about":[{"href":"https:\/\/sp6kwidzyn.pl\/index.php?rest_route=\/wp\/v2\/types\/page"}],"author":[{"embeddable":true,"href":"https:\/\/sp6kwidzyn.pl\/index.php?rest_route=\/wp\/v2\/users\/1"}],"replies":[{"embeddable":true,"href":"https:\/\/sp6kwidzyn.pl\/index.php?rest_route=%2Fwp%2Fv2%2Fcomments&post=7805"}],"version-history":[{"count":4,"href":"https:\/\/sp6kwidzyn.pl\/index.php?rest_route=\/wp\/v2\/pages\/7805\/revisions"}],"predecessor-version":[{"id":7816,"href":"https:\/\/sp6kwidzyn.pl\/index.php?rest_route=\/wp\/v2\/pages\/7805\/revisions\/7816"}],"wp:attachment":[{"href":"https:\/\/sp6kwidzyn.pl\/index.php?rest_route=%2Fwp%2Fv2%2Fmedia&parent=7805"}],"curies":[{"name":"wp","href":"https:\/\/api.w.org\/{rel}","templated":true}]}}