{"id":7047,"date":"2021-06-07T23:26:14","date_gmt":"2021-06-07T21:26:14","guid":{"rendered":"https:\/\/sp6kwidzyn.pl\/?page_id=7047"},"modified":"2022-03-03T18:05:05","modified_gmt":"2022-03-03T17:05:05","slug":"60-lat-sp6-diamentowy-jubileusz-szkoly-podstawowej-w-kwidzynie","status":"publish","type":"page","link":"https:\/\/sp6kwidzyn.pl\/?page_id=7047","title":{"rendered":"60 lat SP6 &#8211; diamentowy jubileusz Szko\u0142y Podstawowej w Kwidzynie"},"content":{"rendered":"<p><img loading=\"lazy\" decoding=\"async\" class=\"wp-image-7049 aligncenter\" src=\"https:\/\/sp6kwidzyn.pl\/wp-content\/uploads\/2021\/06\/60_30proc.png\" alt=\"\" width=\"147\" height=\"107\" srcset=\"https:\/\/sp6kwidzyn.pl\/wp-content\/uploads\/2021\/06\/60_30proc.png 479w, https:\/\/sp6kwidzyn.pl\/wp-content\/uploads\/2021\/06\/60_30proc-300x218.png 300w\" sizes=\"auto, (max-width: 147px) 100vw, 147px\" \/><\/p>\n<h2 style=\"text-align: center;\">Obchody 60 &#8211; lecia SP6 w Kwidzynie:<\/h2>\n<ul>\n<li style=\"text-align: left;\"><a href=\"https:\/\/sp6kwidzyn.pl\/?page_id=7044\">konkurs poetycki zwi\u0105zany z diamentowym jubileuszem SP6 w Kwidzynie<\/a><\/li>\n<li style=\"text-align: left;\"><a href=\"https:\/\/sp6kwidzyn.pl\/?page_id=7062\">konkurs literacki &#8222;Nasza szko\u0142a w moich wspomnieniach&#8221;<\/a><\/li>\n<li><a href=\"https:\/\/sp6kwidzyn.pl\/?p=8084\">konkurs \u201eSprawd\u017a si\u0119 \u2013 Historia kwidzy\u0144skiej Sz\u00f3stki\u201d<\/a><\/li>\n<li><a href=\"https:\/\/sp6kwidzyn.pl\/?p=8309\">konkurs historyczny W\u0142adys\u0142aw G\u0119bik &#8211; godny wz\u00f3r do na\u015bladowania<\/a><\/li>\n<\/ul>\n","protected":false},"excerpt":{"rendered":"<p>Obchody 60 &#8211; lecia SP6 w Kwidzynie: konkurs poetycki zwi\u0105zany z diamentowym jubileuszem SP6 w Kwidzynie konkurs literacki &#8222;Nasza szko\u0142a [&hellip;]<\/p>\n","protected":false},"author":1,"featured_media":0,"parent":0,"menu_order":0,"comment_status":"closed","ping_status":"closed","template":"","meta":{"footnotes":""},"class_list":["post-7047","page","type-page","status-publish","hentry","has_thumb"],"aioseo_notices":[],"_links":{"self":[{"href":"https:\/\/sp6kwidzyn.pl\/index.php?rest_route=\/wp\/v2\/pages\/7047","targetHints":{"allow":["GET"]}}],"collection":[{"href":"https:\/\/sp6kwidzyn.pl\/index.php?rest_route=\/wp\/v2\/pages"}],"about":[{"href":"https:\/\/sp6kwidzyn.pl\/index.php?rest_route=\/wp\/v2\/types\/page"}],"author":[{"embeddable":true,"href":"https:\/\/sp6kwidzyn.pl\/index.php?rest_route=\/wp\/v2\/users\/1"}],"replies":[{"embeddable":true,"href":"https:\/\/sp6kwidzyn.pl\/index.php?rest_route=%2Fwp%2Fv2%2Fcomments&post=7047"}],"version-history":[{"count":11,"href":"https:\/\/sp6kwidzyn.pl\/index.php?rest_route=\/wp\/v2\/pages\/7047\/revisions"}],"predecessor-version":[{"id":8383,"href":"https:\/\/sp6kwidzyn.pl\/index.php?rest_route=\/wp\/v2\/pages\/7047\/revisions\/8383"}],"wp:attachment":[{"href":"https:\/\/sp6kwidzyn.pl\/index.php?rest_route=%2Fwp%2Fv2%2Fmedia&parent=7047"}],"curies":[{"name":"wp","href":"https:\/\/api.w.org\/{rel}","templated":true}]}}