{"id":7044,"date":"2021-06-07T23:16:38","date_gmt":"2021-06-07T21:16:38","guid":{"rendered":"https:\/\/sp6kwidzyn.pl\/?page_id=7044"},"modified":"2021-06-07T23:54:59","modified_gmt":"2021-06-07T21:54:59","slug":"regulamin-konkursu-poetyckiego-zwiazanego-z-diamentowym-jubileuszem-sp6","status":"publish","type":"page","link":"https:\/\/sp6kwidzyn.pl\/?page_id=7044","title":{"rendered":"REGULAMIN KONKURSU POETYCKIEGO\u00a0 ZWI\u0104ZANEGO Z DIAMENTOWYM JUBILEUSZEM SP6"},"content":{"rendered":"<h3 style=\"text-align: center;\">REGULAMIN KONKURSU POETYCKIEGO\u00a0 ZWI\u0104ZANEGO Z DIAMENTOWYM JUBILEUSZEM SP6<\/h3>\n<h3 style=\"text-align: center;\">W KWIDZYNIE\u00a0 PN. \u201e SZKOLNE WIERSZOWANKI OD FANA I FANKI\u201d<\/h3>\n<h3>Wymogi dotycz\u0105ce prac konkursowych:<\/h3>\n<ul>\n<li>w\u0142asny wiersz dowolnej d\u0142ugo\u015bci, rymowany;<\/li>\n<li>utw\u00f3r poetycki nigdzie dot\u0105d niepublikowany;<\/li>\n<li>wiersz o tematyce zwi\u0105zanej ze szko\u0142\u0105, \u017cyciem uczniowskim, wspomnieniami zwi\u0105zanymi z jej nauczycielami\/pracownikami itp.<\/li>\n<\/ul>\n<p><strong>\u00a0<\/strong><strong>Przepisy og\u00f3lne:<\/strong><\/p>\n<ol>\n<li>Organizatorem konkursu jest SP 6 w Kwidzynie (koordynatorki: Danuta Chodorowska, Beata Wi\u015bniewska).<\/li>\n<li>Konkurs skierowany jest do uczni\u00f3w <strong>klas 1-8.<\/strong><\/li>\n<li>Konkurs zostanie przeprowadzony z podzia\u0142em na grupy wiekowe:<\/li>\n<\/ol>\n<p><strong>\u00a0\u00a0\u00a0 Grupa I \u2013 klasy 1-4<br \/>\n<\/strong><strong>\u00a0\u00a0 Grupa II \u2013 klasy 5-8\u00a0\u00a0\u00a0\u00a0\u00a0\u00a0\u00a0\u00a0\u00a0\u00a0\u00a0\u00a0\u00a0\u00a0\u00a0\u00a0\u00a0\u00a0\u00a0\u00a0\u00a0\u00a0\u00a0\u00a0\u00a0\u00a0\u00a0\u00a0\u00a0\u00a0\u00a0\u00a0\u00a0\u00a0\u00a0\u00a0\u00a0\u00a0\u00a0\u00a0\u00a0\u00a0\u00a0\u00a0\u00a0\u00a0\u00a0\u00a0\u00a0\u00a0\u00a0\u00a0\u00a0\u00a0\u00a0\u00a0\u00a0\u00a0\u00a0\u00a0\u00a0\u00a0\u00a0\u00a0\u00a0\u00a0\u00a0\u00a0\u00a0\u00a0\u00a0\u00a0\u00a0\u00a0\u00a0\u00a0\u00a0\u00a0\u00a0\u00a0\u00a0\u00a0\u00a0\u00a0\u00a0\u00a0 <\/strong><\/p>\n<ol start=\"4\">\n<li>Udzia\u0142 w konkursie jest dobrowolny.<\/li>\n<li>Oceny przys\u0142anych wierszy\/rymowanek dokona Jury w sk\u0142adzie:<\/li>\n<\/ol>\n<p>Danuta Chodorowska \u2013 klasy 4-8<br \/>\nBeata Wi\u015bniewska \u2013 klasy 1-4<\/p>\n<p>Laureaci konkursu otrzymaj\u0105 nagrody rzeczowe, a uczestnicy nagrodzeni zostan\u0105 ocen\u0105 bardzo dobr\u0105 z przedmiotu j. polski (kl.4-8) i edukacji polonistycznej (kl.1-3).<\/p>\n<ol start=\"7\">\n<li>Nades\u0142anie prac oznacza akceptacj\u0119 warunk\u00f3w konkursu i regulaminu, kt\u00f3rego ostateczna interpretacja nale\u017cy do Jury konkursu.<\/li>\n<\/ol>\n<ol start=\"8\">\n<li>Autorzy udzielaj\u0105 zgody organizatorowi na wielokrotne, nieodp\u0142atne, w ca\u0142o\u015bci lub w cz\u0119\u015bci, wykorzystanie przys\u0142anych wierszy w r\u00f3\u017cnych\u00a0 publikacjach jubileuszowych, w mediach oraz w wydawnictwach.<\/li>\n<\/ol>\n<p>Uprawnienia, o kt\u00f3rych mowa powy\u017cej, przys\u0142uguj\u0105 organizatorowi nieodp\u0142atnie, a przes\u0142anie utworu na konkurs jest jednoznaczne ze zgod\u0105 na jego przetwarzanie i publikowanie. Organizatorzy zastrzegaj\u0105 sobie te\u017c prawo do korygowania prac pod wzgl\u0119dem ortograficznym przed publikacj\u0105.<\/p>\n<p><strong>Przepisy dotycz\u0105ce prac:<\/strong><\/p>\n<ol>\n<li>Ka\u017cdy ucze\u0144 mo\u017ce zg\u0142osi\u0107 1 wiersz rymowany w dowolnym gatunku literackim.<\/li>\n<li>Do konkursu mo\u017cna zg\u0142asza\u0107 tylko wiersze oryginalne, nigdzie niepublikowane.<\/li>\n<li>Utw\u00f3r nale\u017cy wys\u0142a\u0107 na adres mailowy: <a href=\"mailto:WierszowankiSP6@interia.pl\"><strong>WierszowankiSP6@interia.pl<\/strong><\/a><\/li>\n<li>Utw\u00f3r musi by\u0107 opatrzony imieniem, nazwiskiem autora, prosz\u0119 poda\u0107 r\u00f3wnie\u017c klas\u0119.<\/li>\n<li>Do udzia\u0142u w konkursie nie dopuszcza si\u0119 prac, kt\u00f3re nie spe\u0142niaj\u0105 powy\u017cszych wymog\u00f3w.<\/li>\n<\/ol>\n<h2><strong>Terminarz:<\/strong><\/h2>\n<ol>\n<li>Konkurs trwa od <strong>6.<\/strong><strong>06.2021r. do 2.09.2021r.<\/strong><\/li>\n<li>Wiersze nades\u0142ane po terminie nie b\u0119d\u0105 brane pod uwag\u0119 w konkursie.<\/li>\n<li>Organizator powo\u0142uje Jury konkursu w celu wy\u0142onienia najlepszych wierszy.<br \/>\nJury decyduje o:<br \/>\n&#8211; zakwalifikowaniu prac do konkursu,<br \/>\n&#8211; umieszczeniu tekst\u00f3w na stronie internetowej szko\u0142y,<br \/>\n&#8211; przyznaniu nagr\u00f3d i wyr\u00f3\u017cnie\u0144.<\/li>\n<li>Ocena prac przez Jury nast\u0105pi\u00a0 do <strong>15.09.2021r.<\/strong><\/li>\n<li>Decyzja Jury jest ostateczna i nie podlega weryfikacji.<\/li>\n<li>Wyniki konkursu zostan\u0105 opublikowane na stronie internetowej szko\u0142y <strong>sp6kwidzyn.pl<\/strong><\/li>\n<li>O uroczystym wr\u0119czeniu nagr\u00f3d wszyscy laureaci zostan\u0105 poinformowani osobi\u015bcie.<\/li>\n<\/ol>\n<p style=\"text-align: center;\"><strong>\u00a0\u00a0\u00a0 ZAPRASZAMY DO UDZIA\u0141U<\/strong><\/p>\n","protected":false},"excerpt":{"rendered":"<p>REGULAMIN KONKURSU POETYCKIEGO\u00a0 ZWI\u0104ZANEGO Z DIAMENTOWYM JUBILEUSZEM SP6 W KWIDZYNIE\u00a0 PN. \u201e SZKOLNE WIERSZOWANKI OD FANA I FANKI\u201d Wymogi dotycz\u0105ce [&hellip;]<\/p>\n","protected":false},"author":1,"featured_media":0,"parent":0,"menu_order":0,"comment_status":"closed","ping_status":"closed","template":"","meta":{"footnotes":""},"class_list":["post-7044","page","type-page","status-publish","hentry","has_no_thumb"],"aioseo_notices":[],"_links":{"self":[{"href":"https:\/\/sp6kwidzyn.pl\/index.php?rest_route=\/wp\/v2\/pages\/7044","targetHints":{"allow":["GET"]}}],"collection":[{"href":"https:\/\/sp6kwidzyn.pl\/index.php?rest_route=\/wp\/v2\/pages"}],"about":[{"href":"https:\/\/sp6kwidzyn.pl\/index.php?rest_route=\/wp\/v2\/types\/page"}],"author":[{"embeddable":true,"href":"https:\/\/sp6kwidzyn.pl\/index.php?rest_route=\/wp\/v2\/users\/1"}],"replies":[{"embeddable":true,"href":"https:\/\/sp6kwidzyn.pl\/index.php?rest_route=%2Fwp%2Fv2%2Fcomments&post=7044"}],"version-history":[{"count":3,"href":"https:\/\/sp6kwidzyn.pl\/index.php?rest_route=\/wp\/v2\/pages\/7044\/revisions"}],"predecessor-version":[{"id":7060,"href":"https:\/\/sp6kwidzyn.pl\/index.php?rest_route=\/wp\/v2\/pages\/7044\/revisions\/7060"}],"wp:attachment":[{"href":"https:\/\/sp6kwidzyn.pl\/index.php?rest_route=%2Fwp%2Fv2%2Fmedia&parent=7044"}],"curies":[{"name":"wp","href":"https:\/\/api.w.org\/{rel}","templated":true}]}}