{"id":696,"date":"2019-03-21T19:52:58","date_gmt":"2019-03-21T18:52:58","guid":{"rendered":"http:\/\/sp6kwidzyn.pl\/?page_id=696"},"modified":"2020-01-02T14:59:32","modified_gmt":"2020-01-02T13:59:32","slug":"polityka-prywatnosci-2","status":"publish","type":"page","link":"https:\/\/sp6kwidzyn.pl\/?page_id=696","title":{"rendered":"Polityka prywatno\u015bci"},"content":{"rendered":"<h3><img loading=\"lazy\" decoding=\"async\" class=\"size-medium wp-image-697 alignleft\" src=\"https:\/\/sp6kwidzyn.pl\/wp-content\/uploads\/2019\/03\/cookies-1805_640-300x225.jpg\" alt=\"\" width=\"300\" height=\"225\" srcset=\"https:\/\/sp6kwidzyn.pl\/wp-content\/uploads\/2019\/03\/cookies-1805_640-300x225.jpg 300w, https:\/\/sp6kwidzyn.pl\/wp-content\/uploads\/2019\/03\/cookies-1805_640.jpg 640w\" sizes=\"auto, (max-width: 300px) 100vw, 300px\" \/>Polityka prywatno\u015bci<\/h3>\n<hr \/>\n<p><strong>Szko\u0142a Podstawowa nr 6 w Kwidzynie<\/strong> przywi\u0105zuje du\u017c\u0105 wag\u0119 do ochrony prywatno\u015bci os\u00f3b korzystaj\u0105cych z naszej strony internetowej. Dlatego te\u017c strona naszej szko\u0142y <strong>nie przechowuje<\/strong> \u017cadnych danych osobowych.<\/p>\n<p>Serwer firmy hostingowej, na kt\u00f3rym dzia\u0142a nasza strona mo\u017ce zapisywa\u0107 informacje dotycz\u0105ce wykorzystania serwisu przez u\u017cytkownik\u00f3w, to jest ich adresy IP, nazwy domen, dane techniczne i typy przegl\u0105darek, rodzaje systemu operacyjnego oraz rejon geograficzny, z kt\u00f3rego nast\u0105pi\u0142o wej\u015bcie na nasz\u0105 stron\u0119 internetow\u0105. Informacje te wykorzystywane s\u0105 w celach technicznych, do tworzenia wszelkiego rodzaju statystyk, szacowania wykorzystania konkretnych element\u00f3w serwisu a tak\u017ce przeciwdzia\u0142ania zagro\u017ceniom infrastruktury teleinformatycznej firmy hostingowej. Dane te nie umo\u017cliwiaj\u0105 jednoznacznej identyfikacji poszczeg\u00f3lnych u\u017cytkownik\u00f3w jako konkretnych os\u00f3b fizycznych.<\/p>\n<blockquote><p>Zgodnie z art. 13 ust. 1 i ust. 2 og\u00f3lnego rozporz\u0105dzenia o ochronie danych osobowych z dnia 27 kwietnia 2016r informujemy, \u017ce administratorem danych przetwarzanych na naszej stronie internetowej jest Szko\u0142a Podstawowa nr 6 z Oddzia\u0142ami Integracyjnymi im. W\u0142adys\u0142awa G\u0119bika, ul. Grunwaldzka 54, 82-500 Kwidzyn.<\/p><\/blockquote>\n<h4 style=\"text-align: center;\">Cookies (ciasteczka) i podobne technologie<\/h4>\n<hr \/>\n<h4 style=\"text-align: center;\">Gromadzenie danych<\/h4>\n<hr \/>\n<p>W ramach naszego serwisu internetowego mo\u017cemy stosowa\u0107 tzw. pliki cookies. Dane te przetwarzane b\u0119d\u0105 w celach reklamowych, statystycznych i do personalizacji strony. Wykorzystywanie plik\u00f3w cookies przez administratora nie s\u0142u\u017cy do tworzenia profili ani identyfikacji os\u00f3b. Podstaw\u0105 prawn\u0105 przetwarzania danych zbieranych za po\u015brednictwem plik\u00f3w cookies jest prawnie uzasadniony interes administratora. Cookies mog\u0105 by\u0107 r\u00f3wnie\u017c stosowane przez wsp\u00f3\u0142pracuj\u0105cych z administratorem reklamodawc\u00f3w, przez firmy badawcze i statystyczne oraz przez firmy \u015bwiadcz\u0105ce nam us\u0142ugi hostingowe.<\/p>\n<p>Zgodnie z art. 13 ust. 1 i ust. 2 og\u00f3lnego rozporz\u0105dzenia o ochronie danych osobowych z dnia 27 kwietnia 2016r informujemy, \u017ce administratorem danych zbieranych za po\u015brednictwem plik\u00f3w cookies jest <strong>Szko\u0142a Podstawowa nr 6 w Kwidzynie<\/strong>.<\/p>\n<p>Dane b\u0119d\u0105 przechowywane przez administratora przez okres niezb\u0119dny do ich przetworzenia. <strong>Posiadaj\u0105 Pa\u0144stwo prawo dost\u0119pu do tre\u015bci swoich danych oraz prawo ich sprostowania, usuni\u0119cia, ograniczenia przetwarzania, prawo do przenoszenia danych, prawo wniesienia sprzeciwu. Maj\u0105 Pa\u0144stwo r\u00f3wnie\u017c prawo wniesienia skargi do GIODO gdy uznaj\u0105, i\u017c przetwarzanie danych osobowych Pa\u0144stwa dotycz\u0105cych narusza przepisy og\u00f3lnego rozporz\u0105dzenia o ochronie danych osobowych z dnia 27 kwietnia 2016 r.<\/strong><\/p>\n<h4 style=\"text-align: center;\">Czym s\u0105 pliki cookies<\/h4>\n<hr \/>\n<p>Poprzez pliki cookies nale\u017cy rozumie\u0107 dane informatyczne, a w szczeg\u00f3lno\u015bci pliki tekstowe, kt\u00f3re przechowywane s\u0105 w urz\u0105dzeniu ko\u0144cowym u\u017cytkownika, przeznaczone do korzystania ze stron internetowych. Pliki te pozwalaj\u0105 mi\u0119dzy innymi rozpozna\u0107 urz\u0105dzenie u\u017cytkownika i odpowiednio wy\u015bwietli\u0107 nasz\u0105 stron\u0119 internetow\u0105, w spos\u00f3b spersonalizowany \/ dostosowany do indywidualnych preferencji u\u017cytkownika czy mo\u017cliwo\u015bci technicznych przegl\u0105darki internetowej \/ urz\u0105dzenia u\u017cytkownika strony. Pliki cookies mog\u0105 by\u0107 r\u00f3wnie\u017c u\u017cywane przez serwis internetowy (stron\u0119 internetow\u0105) w celu tworzenia anonimowych statystyk u\u017cytkowania stron, nie pozwalaj\u0105c na personaln\u0105 identyfikacj\u0119 u\u017cytkownika. Cookies zazwyczaj zawieraj\u0105 nazw\u0119 strony internetowej z kt\u00f3rej pochodz\u0105, czas przechowywania ich na urz\u0105dzeniu ko\u0144cowym i unikalny identyfikator \/ numer.<\/p>\n<h4 style=\"text-align: center;\">Rodzaje plik\u00f3w cookies jakich mo\u017cemy u\u017cywa\u0107<\/h4>\n<hr \/>\n<p>Na naszych stronach internetowych stosujemy dwa zasadnicze rodzaje plik\u00f3w cookies:<\/p>\n<ul>\n<li>sesyjne \u2013 pliki tymczasowe przechowywane w urz\u0105dzeniu ko\u0144cowym u\u017cytkownika do czasu wylogowania, opuszczenia strony internetowej i aplikacji lub wy\u0142\u0105czenia oprogramowania (przegl\u0105darki internetowej)<\/li>\n<li>sta\u0142e \u2013 przechowywane w urz\u0105dzeniu ko\u0144cowym u\u017cytkownika przez okre\u015blony w parametrach plik\u00f3w cookies czas, lub do momentu ich usuni\u0119cia przez u\u017cytkownika<\/li>\n<\/ul>\n<p>Ze wzgl\u0119du na cel, jakiemu s\u0142u\u017c\u0105 pliki cookies i inne podobne technologie, mo\u017cemy stosowa\u0107 poni\u017csze ich rodzaje:<\/p>\n<ul>\n<li>niezb\u0119dne do dzia\u0142ania us\u0142ug i aplikacji \/ umo\u017cliwiaj\u0105ce korzystanie z naszych us\u0142ug, np. wykorzystywane do uwierzytelniania \/ zalogowania u\u017cytkownika do naszego serwisu internetowego<\/li>\n<li>pliki s\u0142u\u017c\u0105ce do zapewnienia bezpiecze\u0144stwa, np. s\u0142u\u017c\u0105ce do wykrywania nadu\u017cy\u0107 w zakresie uwierzytelniania<\/li>\n<li>wydajno\u015bciowe \u2013 umo\u017cliwiaj\u0105ce zbieranie informacji o sposobie korzystania z naszych stron \/ serwis\u00f3w internetowych i aplikacji<\/li>\n<li>funkcjonalne \u2013 umo\u017cliwiaj\u0105ce zapami\u0119tanie wybranych przez u\u017cytkownika ustawie\u0144 i p\u00f3\u017aniejsz\u0105 personalizacj\u0119 interfejsu u\u017cytkownika, np. rozmiaru czcionki, wygl\u0105du strony internetowej i aplikacji, itp.<\/li>\n<li>reklamowe \u2013 umo\u017cliwiaj\u0105ce dostarczanie u\u017cytkownikom tre\u015bci reklamowych bardziej dostosowanych do ich zainteresowa\u0144<\/li>\n<li>statystyczne \u2013 s\u0142u\u017c\u0105ce do zliczana odwiedzin naszej strony, statystyk dotycz\u0105cych u\u017cytkowania naszych serwis\u00f3w internetowych i aplikacji. Aby lepiej okre\u015bli\u0107 jakie dzia\u0142y, artyku\u0142y lub narz\u0119dzia znajduj\u0105ce si\u0119 w naszym serwisie internetowym najbardziej podobaj\u0105 si\u0119 u\u017cytkownikom, podczas przegl\u0105dania stron serwisu zbierane s\u0105 dane dotycz\u0105ce liczby ods\u0142on poszczeg\u00f3lnych element\u00f3w serwisu.<\/li>\n<\/ul>\n<h4 style=\"text-align: center;\">Zarz\u0105dzanie \/ usuwanie plik\u00f3w cookies, zarz\u0105dzanie ustawieniami przegl\u0105darki internetowej<\/h4>\n<hr \/>\n<p>Standardowo oprogramowanie s\u0142u\u017c\u0105ce do przegl\u0105dania stron internetowych (przegl\u0105darki stron www) domy\u015blnie dopuszcza umieszczanie plik\u00f3w cookies na urz\u0105dzeniu ko\u0144cowym u\u017cytkownika. Ustawienie to mo\u017ce zosta\u0107 zmienione przez u\u017cytkownika w dowolny, wybrany przez niego spos\u00f3b, tak aby blokowa\u0107 ca\u0142kowicie automatyczn\u0105 obs\u0142ug\u0119 plik\u00f3w cookies, blokowa\u0107 wybi\u00f3rczo pliki cookies pochodz\u0105ce z okre\u015blonych stron \/ aplikacji \/ serwis\u00f3w internetowych, b\u0105d\u017a informowa\u0107 o ich ka\u017cdorazowym przes\u0142aniu na urz\u0105dzenie u\u017cytkownika.<\/p>\n<p>Szczeg\u00f3\u0142owe informacje o mo\u017cliwo\u015bci i sposobach obs\u0142ugi plik\u00f3w cookies oraz ustawienia mechanizmu ich obs\u0142ugi przez oprogramowanie u\u017cytkownika dost\u0119pne s\u0105 w ustawieniach oprogramowania (przegl\u0105darki internetowej) u\u017cytkownika.<\/p>\n<p>Informacje na temat ustawie\u0144 obs\u0142ugi plik\u00f3w cookies w najpopularniejszych przegl\u0105darkach internetowych mo\u017cna znale\u017a\u0107 na stronach obs\u0142ugi technicznej ich producent\u00f3w. Dodatkowe \/ rozszerzone informacje o technologii cookies znajdziecie Pa\u0144stwo na zewn\u0119trznych stronach internetowych po\u015bwi\u0119conych temu zagadnieniu, lub w pomocy swojej przegl\u0105darki.<\/p>\n<p><strong><em>Nale\u017cy pami\u0119ta\u0107, \u017ce ograniczenie b\u0105d\u017a wy\u0142\u0105czenie stosowania plik\u00f3w cookies i innych podobnych technologii dla stron internetowych mo\u017ce wp\u0142yn\u0105\u0107 na niekt\u00f3re funkcjonalno\u015bci dost\u0119pne w serwisach lub ca\u0142kowicie uniemo\u017cliwi\u0107 funkcjonowanie niekt\u00f3rych us\u0142ug \/ funkcji strony internetowej.<\/em><\/strong><\/p>\n<h4 style=\"text-align: center;\">Formularze elektroniczne<\/h4>\n<hr \/>\n<p>Podczas korzystania z naszych formularzy on-line \/ formularzy kontaktowych zbierane s\u0105 dane wykorzystywane do:<\/p>\n<ul>\n<li>odpowiedzi na zadane w poprzez formularz pytanie z Pa\u0144stwa strony<\/li>\n<li>umo\u017cliwienia kontaktu naszej szko\u0142y z Pa\u0144stwem przy u\u017cyciu danych kontaktowych wprowadzonych do formularzy<\/li>\n<\/ul>\n<p>Zgodnie z art. 13 ust. 1 i ust. 2 og\u00f3lnego rozporz\u0105dzenia o ochronie danych osobowych z dnia 27 kwietnia 2016 r. informujemy, i\u017c administratorem Pa\u0144stwa danych jest <strong>Szko\u0142a Podstawowa nr 6\u00a0 w Kwidzynie<\/strong>.<\/p>\n<p>Pa\u0144stwa dane osobowe przetwarzane b\u0119d\u0105 w celu przygotowania i udzielenia odpowiedzi na zadane poprzez formularz pytania. Administrator nie b\u0119dzie przekazywa\u0142 Pa\u0144stwa danych osobowych innym podmiotom. Pa\u0144stwa dane osobowe b\u0119d\u0105 przechowywane przez okres niezb\u0119dny do przygotowania odpowiedzi lub wykonania us\u0142ugi.<\/p>\n<p>Posiadaj\u0105 Pa\u0144stwo prawo dost\u0119pu do tre\u015bci swoich danych oraz prawo ich sprostowania, usuni\u0119cia, ograniczenia przetwarzania, prawo do przenoszenia danych, prawo wniesienia sprzeciwu. Maja Pa\u0144stwo r\u00f3wnie\u017c prawo wniesienia skargi do GIODO gdy uznaj\u0105, i\u017c przetwarzanie danych osobowych Pa\u0144stwa dotycz\u0105cych narusza przepisy og\u00f3lnego rozporz\u0105dzenia o ochronie danych osobowych z dnia 27 kwietnia 2016 r.<\/p>\n<p>Podanie przez Pa\u0144stwa danych osobowych wskazanych w formularzach jest dobrowolne, jednak bez ich podania nie b\u0119dziemy mie\u0107 mo\u017cliwo\u015bci przygotowania odpowiedzi na zapytanie lub zareagowania w odpowiedni spos\u00f3b na Pa\u0144stwa wiadomo\u015b\u0107.<\/p>\n<h4 style=\"text-align: center;\">Udost\u0119pnianie informacji o u\u017cytkownikach strony<\/h4>\n<hr \/>\n<p><strong>Szko\u0142a Podstawowa nr 6 w Kwidzynie<\/strong> nie przekazuje, nie sprzedaje i nie u\u017cycza danych u\u017cytkownik\u00f3w strony osobom lub instytucjom trzecim.<\/p>\n<p><strong>Szko\u0142a Podstawowa nr 6 w Kwidzynie\u00a0 <\/strong>mo\u017ce przedstawi\u0107 wsp\u00f3\u0142pracuj\u0105cym instytucjom zestawienia statystyczne ogl\u0105dalno\u015bci serwisu, nie pozwalaj\u0105ce jednak na identyfikacj\u0119 poszczeg\u00f3lnych u\u017cytkownik\u00f3w.<br \/>\nW przypadku kontroli Generalnego Inspektoratu Ochrony Danych Osobowych, Pa\u0144stwa dane mog\u0105 zosta\u0107 udost\u0119pnione pracownikom Inspektoratu zgodnie z ustaw\u0105 o ochronie danych osobowych.<\/p>\n<p>W przypadku naruszenia prawa, lub gdy b\u0119d\u0105 wymaga\u0142y tego przepisy obowi\u0105zuj\u0105cego prawa, mo\u017cemy udost\u0119pni\u0107 Pa\u0144stwa dane organom wymiaru sprawiedliwo\u015bci na podstawie odpowiednich przepis\u00f3w prawa \/ nakazu s\u0105dowego \/ innych dokument\u00f3w zgodnych z obowi\u0105zuj\u0105cym prawem polskim.<\/p>\n<h4 style=\"text-align: center;\">Szczeg\u00f3lne rodzaje danych i materia\u0142\u00f3w umieszczanych na stronie<\/h4>\n<hr \/>\n<h4 style=\"text-align: center;\">Upublicznianie wizerunku ucznia<\/h4>\n<p>W celu promocji dzia\u0142a\u0144 zwi\u0105zanych z realizacj\u0105 cel\u00f3w dydaktycznych, wychowawczych i opieku\u0144czych <strong>Szko\u0142y Podstawowej nr 6 w Kwidzynie<\/strong> wizerunek uczni\u00f3w, utrwalony podczas konkurs\u00f3w, turniej\u00f3w sportowych i innych uroczysto\u015bci szkolnych mo\u017ce zosta\u0107 wykorzystany do:<\/p>\n<ul>\n<li>umieszczenia w galerii zdj\u0119\u0107 na stronie internetowej Szko\u0142y<\/li>\n<li>umieszczenia w tre\u015bci zawarto\u015bci strony internetowej Szko\u0142y<\/li>\n<li>umieszczenia na fanpage\u2019u Szko\u0142y w mediach spo\u0142eczno\u015bciowych<\/li>\n<\/ul>\n<p>Publikacja wizerunku ucznia nast\u0119puje tylko po wyra\u017anym wyra\u017ceniu zgody przez rodzica \/ opiekuna prawnego. Wyra\u017cenie zgody na publikacj\u0119 wizerunku jest dobrowolne i nast\u0119puje poprzez akceptacj\u0119 odpowiednich zg\u00f3d w momencie podpisywania dokument\u00f3w przyj\u0119cia ucznia do szko\u0142y lub w trakcie trwania roku szkolnego.<\/p>\n<p>Zgodnie z art. 13 ust. 1 i ust. 2 og\u00f3lnego rozporz\u0105dzenia o ochronie danych osobowych z dnia 27 kwietnia 2016 r. informujemy, i\u017c administratorem danych jest <strong>Szko\u0142a Podstawowa nr 6 w Kwidzynie<\/strong>.<\/p>\n<p>Informujemy, i\u017c posiadaj\u0105 Pa\u0144stwo prawo dost\u0119pu do tre\u015bci swoich danych, w tym do materia\u0142\u00f3w utrwalaj\u0105cych wizerunek ucznia, oraz prawo ich sprostowania, usuni\u0119cia, ograniczenia przetwarzania, prawo do przenoszenia danych, prawo wniesienia sprzeciwu. Maja Pa\u0144stwo r\u00f3wnie\u017c prawo wniesienia skargi do GIODO gdy uznaj\u0105, i\u017c przetwarzanie danych osobowych Pa\u0144stwa dotycz\u0105cych narusza przepisy og\u00f3lnego rozporz\u0105dzenia o ochronie danych osobowych z dnia 27 kwietnia 2016 r.<\/p>\n<h4 style=\"text-align: center;\">Upublicznianie imienia i nazwiska ucznia<\/h4>\n<hr \/>\n<p>W celu promocji dzia\u0142a\u0144 zwi\u0105zanych z realizacj\u0105 cel\u00f3w dydaktycznych, wychowawczych i opieku\u0144czych <strong>Szko\u0142a Podstawowa nr 6 w Kwidzynie<\/strong> mo\u017cemy opublikowa\u0107 imiona i nazwiska ucznia w przypadku:<\/p>\n<ul>\n<li>osi\u0105gni\u0119cia przez niego wyr\u00f3\u017cnie\u0144 w konkursach szkolnych i pozaszkolnych<\/li>\n<li>wyr\u00f3\u017cniaj\u0105cej postawy spo\u0142ecznej<\/li>\n<li>udzia\u0142u w d\u0142ugotrwa\u0142ym projekcie szkolnym i pozaszkolnym<\/li>\n<\/ul>\n<p>Publikacja imienia i nazwiska ucznia nast\u0119puje tylko po wyra\u017anym wyra\u017ceniu zgody przez rodzica \/ opiekuna prawnego. Wyra\u017cenie zgody na publikacj\u0119 tych danych jest dobrowolne i nast\u0119puje poprzez akceptacj\u0119 odpowiednich zg\u00f3d w momencie podpisywania dokument\u00f3w przyj\u0119cia ucznia do szko\u0142y lub w trakcie trwania roku szkolnego.<\/p>\n<p>Zgodnie z art. 13 ust. 1 i ust. 2 og\u00f3lnego rozporz\u0105dzenia o ochronie danych osobowych z dnia 27 kwietnia 2016 r. informujemy, i\u017c administratorem danych jest <strong>Szko\u0142a Podstawowa nr 6 w Kwidzynie<\/strong>.<\/p>\n<p>Informujemy, i\u017c posiadaj\u0105 Pa\u0144stwo prawo dost\u0119pu do tre\u015bci swoich danych oraz prawo ich sprostowania, usuni\u0119cia, ograniczenia przetwarzania, prawo do przenoszenia danych, prawo wniesienia sprzeciwu. Maja Pa\u0144stwo r\u00f3wnie\u017c prawo wniesienia skargi do GIODO gdy uznaj\u0105, i\u017c przetwarzanie danych osobowych Pa\u0144stwa dotycz\u0105cych narusza przepisy og\u00f3lnego rozporz\u0105dzenia o ochronie danych osobowych z dnia 27 kwietnia 2016 r.<\/p>\n<h4 style=\"text-align: center;\">Zmiany w Polityce Prywatno\u015bci<\/h4>\n<hr \/>\n<p><strong>Szko\u0142a Podstawowa nr 6 w Kwidzynie<\/strong>\u00a0zastrzega, i\u017c w przysz\u0142o\u015bci mo\u017ce wprowadzi\u0107 zmiany w Polityce Prywatno\u015bci. Wraz z ka\u017cd\u0105 zmian\u0105 nowa wersja Polityki Prywatno\u015bci b\u0119dzie si\u0119 pojawia\u0107 w tym miejscu.<br \/>\nKorzystaj\u0105c z serwisu u\u017cytkownik akceptuje zmiany w nowej wersji Polityki Prywatno\u015bci.<\/p>\n<p>W przypadku pyta\u0144, w\u0105tpliwo\u015bci lub zgodnych z postanowieniami og\u00f3lnego rozporz\u0105dzenia o ochronie danych osobowych z dnia 27 kwietnia 2016r dyspozycji zwi\u0105zanych z gromadzeniem \/ przechowywaniem danych, prosimy o kontakt z nami. Wszelkie dane kontaktowe znajduj\u0105 si\u0119 [<a href=\"https:\/\/sp6kwidzyn.pl\/?page_id=44\">tutaj<\/a>].<\/p>\n<p style=\"text-align: center;\"><a href=\"https:\/\/sp6kwidzyn.pl\/wp-content\/uploads\/2019\/03\/PolitykaPrywatno\u015bci.pdf\">Pobierz polityk\u0119 prywatno\u015bci i wykorzystywania plik\u00f3w cookies (pdf)<\/a><\/p>\n<p style=\"text-align: right;\">Pozostajemy do Pa\u0144stwa dyspozycji<\/p>\n<p style=\"text-align: right;\"><a href=\"https:\/\/sp6kwidzyn.pl\/?page_id=44\"><em><strong>Szko\u0142a Podstawowa nr 6 w Kwidzynie<\/strong><\/em><\/a><\/p>\n<p style=\"text-align: right;\">\n","protected":false},"excerpt":{"rendered":"<p>Polityka prywatno\u015bci Szko\u0142a Podstawowa nr 6 w Kwidzynie przywi\u0105zuje du\u017c\u0105 wag\u0119 do ochrony prywatno\u015bci os\u00f3b korzystaj\u0105cych z naszej strony internetowej. [&hellip;]<\/p>\n","protected":false},"author":1,"featured_media":0,"parent":0,"menu_order":0,"comment_status":"closed","ping_status":"closed","template":"","meta":{"footnotes":""},"class_list":["post-696","page","type-page","status-publish","hentry","has_thumb"],"aioseo_notices":[],"_links":{"self":[{"href":"https:\/\/sp6kwidzyn.pl\/index.php?rest_route=\/wp\/v2\/pages\/696","targetHints":{"allow":["GET"]}}],"collection":[{"href":"https:\/\/sp6kwidzyn.pl\/index.php?rest_route=\/wp\/v2\/pages"}],"about":[{"href":"https:\/\/sp6kwidzyn.pl\/index.php?rest_route=\/wp\/v2\/types\/page"}],"author":[{"embeddable":true,"href":"https:\/\/sp6kwidzyn.pl\/index.php?rest_route=\/wp\/v2\/users\/1"}],"replies":[{"embeddable":true,"href":"https:\/\/sp6kwidzyn.pl\/index.php?rest_route=%2Fwp%2Fv2%2Fcomments&post=696"}],"version-history":[{"count":0,"href":"https:\/\/sp6kwidzyn.pl\/index.php?rest_route=\/wp\/v2\/pages\/696\/revisions"}],"wp:attachment":[{"href":"https:\/\/sp6kwidzyn.pl\/index.php?rest_route=%2Fwp%2Fv2%2Fmedia&parent=696"}],"curies":[{"name":"wp","href":"https:\/\/api.w.org\/{rel}","templated":true}]}}