{"id":6560,"date":"2021-03-16T13:12:21","date_gmt":"2021-03-16T12:12:21","guid":{"rendered":"https:\/\/sp6kwidzyn.pl\/?page_id=6560"},"modified":"2021-04-04T09:08:59","modified_gmt":"2021-04-04T07:08:59","slug":"deklaracja-dostepnosci","status":"publish","type":"page","link":"https:\/\/sp6kwidzyn.pl\/?page_id=6560","title":{"rendered":"Deklaracja dost\u0119pno\u015bci"},"content":{"rendered":"<p><img loading=\"lazy\" decoding=\"async\" class=\"wp-image-6562 alignleft\" src=\"https:\/\/sp6kwidzyn.pl\/wp-content\/uploads\/2021\/03\/wheelchair-43799_640.png\" alt=\"\" width=\"113\" height=\"113\" srcset=\"https:\/\/sp6kwidzyn.pl\/wp-content\/uploads\/2021\/03\/wheelchair-43799_640.png 640w, https:\/\/sp6kwidzyn.pl\/wp-content\/uploads\/2021\/03\/wheelchair-43799_640-300x300.png 300w, https:\/\/sp6kwidzyn.pl\/wp-content\/uploads\/2021\/03\/wheelchair-43799_640-150x150.png 150w\" sizes=\"auto, (max-width: 113px) 100vw, 113px\" \/><\/p>\n<p><strong>Szko\u0142a Podstawowa nr 6 z Oddzia\u0142ami Integracyjnymi im. W\u0142adys\u0142awa G\u0119bika w Kwidzynie<\/strong> zobowi\u0105zuje si\u0119 zapewni\u0107 dost\u0119pno\u015b\u0107 strony internetowej <em>sp6kwidzyn.pl<\/em> zgodnie z ustaw\u0105 z dnia 4 kwietnia 2019 r. o dost\u0119pno\u015bci cyfrowej stron internetowych i aplikacji mobilnych podmiot\u00f3w publicznych. O\u015bwiadczenie w sprawie dost\u0119pno\u015bci ma zastosowanie do<em> https:\/\/www.sp6kwidzyn.pl<\/em><\/p>\n<p>Data publikacji strony internetowej: <span style=\"color: #ff0000;\">2018.01.20<\/span>\u00a0 Data ostatniej du\u017cej aktualizacji: <span style=\"color: #ff0000;\">2019.12.28<\/span><\/p>\n<p>Strona internetowa jest zgodna z ustaw\u0105 o dost\u0119pno\u015bci cyfrowej stron internetowych i aplikacji mobilnych podmiot\u00f3w publicznych.\u00a0 Serwis nie zbiera w spos\u00f3b automatyczny \u017cadnych informacji (plik\u00f3w cookies). Na stronie internetowej mo\u017cna korzysta\u0107 ze standardowych skr\u00f3t\u00f3w klawiaturowych.<\/p>\n<p>O\u015bwiadczenie sporz\u0105dzono dnia <span style=\"color: #ff0000;\">2020.06.30<\/span> Deklaracj\u0119 sporz\u0105dzono na podstawie samooceny przeprowadzonej przez podmiot publiczny.<\/p>\n<p>Na stronie internetowej mo\u017cna korzysta\u0107 ze standardowych skr\u00f3t\u00f3w klawiaturowych.<\/p>\n<p>Strona internetowa jest cz\u0119\u015bciowo zgodna z ustaw\u0105 z powodu niezgodno\u015bci lub wy\u0142\u0105cze\u0144 wymienionych poni\u017cej:<\/p>\n<p>Brak jest transkrypcji opisowej niekt\u00f3rych materia\u0142\u00f3w d\u017awi\u0119kowych.<\/p>\n<ul>\n<li>Brak dost\u0119pno\u015bci wszystkich funkcjonalno\u015bci za pomoc\u0105 klawiatury.<\/li>\n<li>Niekt\u00f3re informacje przedstawiono jedynie w formie graficznej.<\/li>\n<li>Cz\u0119\u015b\u0107 zdj\u0119\u0107 nie posiada opisu alternatywnego.<\/li>\n<li>Na niekt\u00f3rych stronach brak jest odpowiedniej struktury nag\u0142\u00f3wkowej artyku\u0142\u00f3w.<\/li>\n<li>Niekt\u00f3re elementy tekstowe nie maj\u0105 mo\u017cliwo\u015bci zmiany rozmiaru czcionki.<\/li>\n<li>Brak jest mo\u017cliwo\u015bci zmiany odst\u0119p\u00f3w mi\u0119dzy wyrazami lub liniami tekstu<\/li>\n<\/ul>\n<p><strong>Informacje zwrotne i dane kontaktowe<\/strong><\/p>\n<p>W przypadku problem\u00f3w z dost\u0119pno\u015bci\u0105 cyfrowej dla os\u00f3b niepe\u0142nosprawnych strony internetowej prosimy o kontakt. Osob\u0105 odpowiedzialn\u0105 jest Dorota Bie\u017cu\u0144ska adres poczty elektronicznej <a href=\"mailto:szostka@sp6.kwidzyn.pl\">szostka@sp6.kwidzyn.pl<\/a><\/p>\n<p>Kontaktowa\u0107 mo\u017cna si\u0119 tak\u017ce dzwoni\u0105c na numer telefonu <strong>+55 279 34 44<\/strong> T\u0105 sam\u0105 drog\u0105 mo\u017cna sk\u0142ada\u0107 wnioski o udost\u0119pnienie informacji niedost\u0119pnej oraz sk\u0142ada\u0107 skargi na brak zapewnienia dost\u0119pno\u015bci.<\/p>\n<p>Ka\u017cdy ma prawo do wyst\u0105pienia z \u017c\u0105daniem zapewnienia dost\u0119pno\u015bci cyfrowej strony internetowej, aplikacji mobilnej lub jakiego\u015b ich elementu. Mo\u017cna tak\u017ce za\u017c\u0105da\u0107 udost\u0119pnienia informacji za pomoc\u0105 alternatywnego sposobu dost\u0119pu, na przyk\u0142ad przez odczytanie niedost\u0119pnego cyfrowo dokumentu, opisanie zawarto\u015bci filmu bez audio deskrypcji itp. \u017b\u0105danie powinno zawiera\u0107 dane osoby zg\u0142aszaj\u0105cej \u017c\u0105danie, wskazanie, o kt\u00f3r\u0105 stron\u0119 internetow\u0105 chodzi oraz spos\u00f3b kontaktu. Je\u017celi osoba \u017c\u0105daj\u0105ca zg\u0142asza potrzeb\u0119 otrzymania informacji za pomoc\u0105 alternatywnego sposobu dost\u0119pu, powinna tak\u017ce okre\u015bli\u0107 dogodny dla niej spos\u00f3b przedstawienia tej informacji. Podmiot publiczny powinien zrealizowa\u0107 \u017c\u0105danie niezw\u0142ocznie, nie p\u00f3\u017aniej ni\u017c w ci\u0105gu 7 dni od dnia wyst\u0105pienia z \u017c\u0105daniem. Je\u017celi dotrzymanie tego terminu nie jest mo\u017cliwe, podmiot publiczny niezw\u0142ocznie informuje o tym wnosz\u0105cego \u017c\u0105danie, kiedy realizacja \u017c\u0105dania b\u0119dzie mo\u017cliwa, przy czym termin ten nie mo\u017ce by\u0107 d\u0142u\u017cszy ni\u017c 2 miesi\u0105ce od dnia wyst\u0105pienia z \u017c\u0105daniem. Je\u017celi zapewnienie dost\u0119pno\u015bci cyfrowej nie jest mo\u017cliwe, podmiot publiczny mo\u017ce zaproponowa\u0107 alternatywny spos\u00f3b dost\u0119pu do informacji. W przypadku, gdy podmiot publiczny odm\u00f3wi realizacji \u017c\u0105dania zapewnienia dost\u0119pno\u015bci lub alternatywnego sposobu dost\u0119pu do informacji, wnosz\u0105cy \u017c\u0105danie mo\u017cne z\u0142o\u017cy\u0107 skarg\u0119. Po wyczerpaniu wskazanej wy\u017cej procedury mo\u017cna tak\u017ce z\u0142o\u017cy\u0107 wniosek do Rzecznika Praw Obywatelskich.<\/p>\n<p>Link do strony internetowej <a href=\"https:\/\/www.rpo.gov.pl\/\">Rzecznika Praw Obywatelskich<\/a> (<a href=\"http:\/\/www.rpo.gov.pl\/\">www.rpo.gov.pl<\/a>)<\/p>\n<p><strong>RODO<\/strong><\/p>\n<p>Administrator danych osobowych \u2013 Dyrektor Szko\u0142y &#8211; przetwarza dane osobowe na podstawie obowi\u0105zuj\u0105cych przepis\u00f3w prawa, zawartych um\u00f3w oraz na podstawie udzielonej zgody.<\/p>\n<p>Umieszczanie danych na stronie internetowej Szko\u0142y ma na celu<\/p>\n<ul>\n<li>informowanie o wa\u017cnych wydarzeniach w Szkole i \u015brodowisku,<\/li>\n<li>propagowanie dzia\u0142a\u0144 wychowawczych i profilaktycznych Szko\u0142y,<\/li>\n<li>promowanie sukces\u00f3w dzieci, prezentacja wynik\u00f3w,<\/li>\n<li>rozpowszechnianie ciekawych inicjatyw szkolnych, dzia\u0142alno\u015bci uczniowskiej,<\/li>\n<li>popularyzacja sportu, kultury, integracji w \u015brodowisku.<\/li>\n<\/ul>\n<p><strong>Dost\u0119pno\u015b\u0107 architektoniczna<\/strong><\/p>\n<ol>\n<li>Usytuowanie, lokalizacja obiektu, opis og\u00f3lny budynku.<\/li>\n<\/ol>\n<p>1) Nazwa obiektu i lokalizacja<\/p>\n<p>Szko\u0142a Podstawowa nr 6 z Oddzia\u0142ami Integracyjnymi im. W\u0142adys\u0142awa G\u0119bika w Kwidzynie mie\u015bci si\u0119 w budynku przy ul. Grunwaldzkiej 54.<\/p>\n<p>Wej\u015bcie g\u0142\u00f3wne (nr 1) do budynku znajduje si\u0119 od ul. Grunwaldzkiej (strona zachodnia), boczne wej\u015bcia od strony ulicy Moniuszki (nr 2, 3, 4) i Sportowej (nr 10, 11) oraz dodatkowe wej\u015bcia przez boiska, dziedziniec (nr 5, 6) i plac zabaw (nr 7, 8, 9) \u2013 przej\u015bcie od ulicy \u017beromskiego.<\/p>\n<p>Budynek szko\u0142y od ul. Moniuszki (strona p\u00f3\u0142nocna) jest po\u0142\u0105czony z budynkiem mieszkalnym, a od ul. \u017beromskiego (strona wschodnia) &#8211; z miejsk\u0105 hal\u0105 sportow\u0105. Wej\u015bcie wewn\u0119trzne (nr 12) na hal\u0119 jest dost\u0119pne poprzez schody lub schodo\u0142az z kondygnacji piwnicznej budynku (skrzyd\u0142o III).<\/p>\n<p>Bezpo\u015brednio na terenie przyleg\u0142ym od ul. Moniuszki istnieje zatoczka dla pojazd\u00f3w oraz mo\u017cliwo\u015b\u0107 czasowego zatrzymania si\u0119.<\/p>\n<p>2) Budynek szko\u0142y jest wolnostoj\u0105cy, murowany, tr\u00f3jskrzyd\u0142owy, jednopi\u0119trowy, trzykondygnacyjny, sk\u0142ada si\u0119 z dw\u00f3ch kondygnacji nadziemnych oraz jednej podziemnej.<\/p>\n<p>Po lewej stronie od wej\u015bcia g\u0142\u00f3wnego do szko\u0142y znajduje si\u0119 dy\u017curka, w kt\u00f3rej dost\u0119p do szko\u0142y nadzoruje wyznaczony pracownik szko\u0142y.<\/p>\n<p>Na parterze znajduje si\u0119 dy\u017curka, sekretariat, gabinet dyrektora, pok\u00f3j nauczycielski, sale lekcyjne, toalety, sala gimnastyczna. Na pierwszym pi\u0119trze mie\u015bci si\u0119 gabinet wicedyrektora, gabinety specjalist\u00f3w, sale lekcyjne, toalety. W cz\u0119\u015bci piwnicznej (niski parter) s\u0105: sale zaj\u0119\u0107, biblioteka, \u0142\u0105cznik z hal\u0105 (obiekt KCSiR).<\/p>\n<ol start=\"2\">\n<li>Informacje o miejscu i sposobie korzystania z miejsc parkingowych, w tym wyznaczonych dla os\u00f3b niepe\u0142nosprawnych.<\/li>\n<\/ol>\n<p>Do budynku zapewniony jest bezkolizyjny dojazd bramami od ul. Moniuszki i od ul. \u017beromskiego. Prowadz\u0105 one na dwa przyszkolne parkingi. Na parkingu od strony ul. Moniuszki wyznaczone s\u0105 dwa miejsca dla pojazd\u00f3w przywo\u017c\u0105cych osoby niepe\u0142nosprawne. Szeroko\u015b\u0107 dojazdu umo\u017cliwia poruszanie si\u0119 pojazd\u00f3w osobowych transportuj\u0105cych w\u00f3zki os\u00f3b niepe\u0142nosprawnych wraz z osob\u0105 niepe\u0142nosprawn\u0105 lub pojazd\u00f3w os\u00f3b niepe\u0142nosprawnych. Drogi z parkingu do wej\u015bcia na teren szko\u0142y s\u0105 przystosowany do poruszania si\u0119 w\u00f3zkami inwalidzkimi.<\/p>\n<p>Droga do wej\u015bcia nr 4 do szko\u0142y, szeroko\u015b\u0107 przejazdu i drzwi s\u0105 przystosowane dla w\u00f3zk\u00f3w inwalidzkich. W drzwiach jest d\u017awignia antypaniczna.<\/p>\n<p>Dost\u0119pno\u015b\u0107 wej\u015bcia do budynku i przechodzenie przez obszar kontroli.<\/p>\n<p>W szkole jest 11 drzwi wej\u015bciowych, rozmieszczonych z ka\u017cdej strony budynku, zgodnie z potrzebami, aby w sytuacji zagro\u017cenia zapewni\u0107 ewakuacj\u0119 os\u00f3b. Drogi ewakuacyjne i punkty zbi\u00f3rki s\u0105 oznakowane. Pracownicy szko\u0142y zostali przeszkoleni zgodnie z obowi\u0105zuj\u0105c\u0105 w szkole procedur\u0105. Wej\u015bcie g\u0142\u00f3wne (nr 1) znajduje si\u0119 od ulicy Grunwaldzkiej 54. Z wej\u015bcia od parkingu przy ulicy Moniuszki mog\u0105 korzysta\u0107 tylko pracownicy i osoby niepe\u0142nosprawne. Z wej\u015bcia nr 4 od parkingu przy ul. Moniuszki mog\u0105 korzysta\u0107 pracownicy za pomoc\u0105 kart identyfikuj\u0105cych oraz z u\u017cyciem dzwonka osoby niepe\u0142nosprawne. Uczniowie wchodz\u0105 do budynku drzwiami mieszcz\u0105cymi si\u0119 po obu stronach szkolnego tarasu. Wej\u015bcie od ulicy Sportowej jest przeznaczone g\u0142\u00f3wnie dla uczni\u00f3w klas 1-3. W okresie korzystania przez uczni\u00f3w z placu zabaw otwierane s\u0105 dodatkowe dwa wej\u015bcia do budynku, \u0142\u0105cz\u0105ce si\u0119 z placem zabaw, przeznaczone dla uczni\u00f3w klas 1-3. Szeroko\u015b\u0107 drzwi, przejazd\u00f3w dostosowana jest do ruchu w\u00f3zk\u00f3w inwalidzkich.<\/p>\n<p>W drzwiach (jednocze\u015bnie wyj\u015bciowych i ewakuacyjnych) zamocowane s\u0105 d\u017awignie antypaniczne.<\/p>\n<p>Uczniowie wchodz\u0105 do szko\u0142y wej\u015bciem nr 1, 5, 10. Wej\u015bcia opr\u00f3cz schod\u00f3w posiadaj\u0105 podjazd (pochylni\u0119) u\u0142atwiaj\u0105c\u0105 poruszanie si\u0119 na w\u00f3zkach inwalidzkich<\/p>\n<p>Wej\u015bcia nr 10 i 11 s\u0105 zadaszone, posiadaj\u0105 schody (6 stopni) i por\u0119cz od strony zewn\u0119trznej ci\u0105gu komunikacyjnego, bez podjazdu. Umo\u017cliwiaj\u0105 poruszanie si\u0119 samodzielne os\u00f3b z nieznaczn\u0105 niepe\u0142nosprawno\u015bci\u0105.<\/p>\n<p>W dniach, w kt\u00f3rych odbywaj\u0105 si\u0119 zaj\u0119cia szkolne, wszystkie wej\u015bcia s\u0105 zamkni\u0119te i dozorowane. Przy wej\u015bciach nr 1, 4, 5, znajduj\u0105 si\u0119 domofony, a przy wej\u015bciu nr 10 dzwonek przyzywowy. Wej\u015bcia nr 1, 4 i 5 s\u0105 monitorowane kamerami.<\/p>\n<p>Poruszanie si\u0119 po obiekcie osobom nie b\u0119d\u0105cym sta\u0142ymi u\u017cytkownikami obiektu, w tym osobom poruszaj\u0105cym si\u0119 na w\u00f3zkach inwalidzkich (samodzielne, z pomoc\u0105 os\u00f3b trzecich) jest niemo\u017cliwe.<\/p>\n<p>Przy wej\u015bciu nr 1 do szko\u0142y znajduje si\u0119 dy\u017curka, w kt\u00f3rej dost\u0119p do szko\u0142y nadzoruje wyznaczony pracownik.<\/p>\n<p>Po sygnale dzwonka nadzoruj\u0105cy wej\u015bcie pracownik szko\u0142y, post\u0119puje zgodnie z procedur\u0105 obowi\u0105zuj\u0105c\u0105 w szkole, udziela stosownych informacji.<\/p>\n<p>Po procedurze wej\u015bcia, osoba nie b\u0119d\u0105ca sta\u0142ym u\u017cytkownikiem obiektu, w obecno\u015bci pracownika, skierowana jest do pomieszczenia przy dy\u017curce szko\u0142y, gdzie mo\u017ce uzyska\u0107 wszelkich oczekiwanych informacji czy za\u0142atwienia konkretnej sprawy. Pomieszczenie umo\u017cliwia bezpo\u015brednie prowadzenie rozm\u00f3w z innymi pracownikami szko\u0142y.<\/p>\n<p>Pracownik szko\u0142y pomo\u017ce w wype\u0142nieniu lub sporz\u0105dzeniu wymaganej przy sprawie dokumentacji czy formularzy.<\/p>\n<p>Dalsze poruszanie si\u0119 po obiekcie osobom, mo\u017cliwe jest tylko w obecno\u015bci pracownika wskazanego przez dyrektora szko\u0142y.<\/p>\n<p>W budynku szko\u0142y korytarze, schody i balustrady schod\u00f3w s\u0105 zgodne z prawem budowlanym. W budynku g\u0142\u00f3wnym szko\u0142y jest jeden d\u017awig osobowy (winda), umo\u017cliwiaj\u0105cy osobom niepe\u0142nosprawnym przedostanie si\u0119 z parteru na pi\u0119tro. Winda nie jest skomunikowana z cz\u0119\u015bci\u0105 piwniczn\u0105.<\/p>\n<p>Komunikacja pionowa os\u00f3b z niepe\u0142nosprawno\u015bci\u0105 ruchow\u0105 lub poruszaj\u0105cych si\u0119 na w\u00f3zkach inwalidzkich, odbywa\u0107 si\u0119 mo\u017ce tak\u017ce z pomoc\u0105 os\u00f3b trzecich poprzez pomoc w poruszaniu si\u0119 lub zniesienie i wyniesienie w\u00f3zka z osob\u0105 niepe\u0142nosprawn\u0105, pomi\u0119dzy kondygnacjami lub na zewn\u0105trz budynku.<\/p>\n<p>W budynku od ul. Sportowej poruszanie si\u0119 w uk\u0142adzie pionowym osobom z niepe\u0142nosprawno\u015bci\u0105 ruchow\u0105 jest mo\u017cliwe z u\u017cyciem schodo\u0142aza i w\u00f3zka, co nale\u017cy wcze\u015bniej zg\u0142osi\u0107 pracownikowi szko\u0142y.<\/p>\n<p>Znajduj\u0105cy si\u0119 w skrzydle III w cz\u0119\u015bci piwnicznej korytarz prowadzi do drzwi wewn\u0119trznych nr 12, kt\u00f3re poprzez \u0142\u0105cznik \u0142\u0105cz\u0105 szko\u0142\u0119 z obiektem hali sportowej KCSiR.<\/p>\n<p>Na parterze g\u0142\u00f3wnego budynku dostosowane s\u0105 dwa pomieszczenia sanitarno-higieniczne (wc) dla os\u00f3b poruszaj\u0105cych si\u0119 na w\u00f3zkach inwalidzkich.<\/p>\n<p>W budynku szko\u0142y nie ma p\u0119tli indukcyjnych, oznacze\u0144 w alfabecie brajla ani oznacze\u0144 kontrastowych lub w druku powi\u0119kszonym dla os\u00f3b niewidomych i s\u0142abowidz\u0105cych.<\/p>\n<p>Informacja o mo\u017cliwo\u015bci skorzystania z t\u0142umacza\u00a0 j\u0119zyka migowego na miejscu\u00a0 lub online.<\/p>\n<p>Na terenie Szko\u0142y nie ma mo\u017cliwo\u015bci skorzystania z t\u0142umacza j\u0119zyka migowego. W przypadku zebra\u0144 z rodzicami jest mo\u017cliwo\u015b\u0107 zatrudnienia t\u0142umacza z zewn\u0105trz.<\/p>\n<p>Informacja o prawie wst\u0119pu z psem asystuj\u0105cym i ewentualnych uzasadnionych ograniczeniach.<\/p>\n<p>1) Do szko\u0142y mo\u017ce wej\u015b\u0107 osoba z psem asystuj\u0105cym.<\/p>\n<p>2) Pies asystuj\u0105cy jako przewodnik osoby niewidomej lub niedowidz\u0105cej lub asystent osoby niepe\u0142nosprawnej ruchowo, kt\u00f3ry u\u0142atwia osobie niepe\u0142nosprawnej aktywne uczestnictwo w \u017cyciu spo\u0142ecznym, ma prawo wst\u0119pu na teren i obiekty szko\u0142y po spe\u0142nieniu przez jego opiekuna wymaga\u0144 prawnych. Konieczne jest w chwili wej\u015bcia i przebywania:<\/p>\n<ol>\n<li>a) wyposa\u017cenie psa asystuj\u0105cego w uprz\u0105\u017c i odpowiednie jego oznakowanie, a ze wzgl\u0119d\u00f3w bezpiecze\u0144stwa powinien mie\u0107 za\u0142o\u017cony kaganiec,<\/li>\n<li>b) posiadanie przez osob\u0119 z niepe\u0142nosprawno\u015bci\u0105 certyfikatu potwierdzaj\u0105cego status psa asystuj\u0105cego oraz aktualne za\u015bwiadczenie lekarsko-weterynaryjne (ksi\u0105\u017ceczka zdrowia psa) o wykonaniu wymaganych szczepie\u0144.<\/li>\n<\/ol>\n<p>3) Na \u017c\u0105danie Dyrektora Szko\u0142y, nale\u017cy okaza\u0107 wymagane dokumenty: certyfikat oraz ksi\u0105\u017ceczk\u0119 zdrowia psa. Ich brak lub nieokazanie, mo\u017ce skutkowa\u0107 odmow\u0105 wej\u015bcia na teren i do obiekt\u00f3w szko\u0142y.<\/p>\n<p>4) Osoba z psem mo\u017ce wej\u015b\u0107 do obiekt\u00f3w Szko\u0142y wej\u015bciem nr 1. Decyzj\u0119 o tym czy pies mo\u017ce towarzyszy\u0107 osobie z niepe\u0142nosprawno\u015bci\u0105 podczas pobytu w szkole, oraz o tym, czy pies b\u0119dzie w kaga\u0144cu, czy pozostawiony, uwi\u0105zany przed wej\u015bciem, podejmuje ka\u017cdorazowo Dyrektor Szko\u0142y.<\/p>\n<p>5) Zgodnie z art. 20a ust. 3 Ustawy o rehabilitacji, mo\u017cliwo\u015b\u0107 korzystania z uprawnie\u0144 nie zwalnia osoby z niepe\u0142nosprawno\u015bci\u0105 z odpowiedzialno\u015bci za szkody wyrz\u0105dzone przez psa asystuj\u0105cego. Odpowiedzialno\u015b\u0107 ta jest pe\u0142na i nie zale\u017cy od tego, czy dany czyn by\u0142 zawiniony, czy te\u017c nie.<\/p>\n","protected":false},"excerpt":{"rendered":"<p>Szko\u0142a Podstawowa nr 6 z Oddzia\u0142ami Integracyjnymi im. W\u0142adys\u0142awa G\u0119bika w Kwidzynie zobowi\u0105zuje si\u0119 zapewni\u0107 dost\u0119pno\u015b\u0107 strony internetowej sp6kwidzyn.pl zgodnie [&hellip;]<\/p>\n","protected":false},"author":1,"featured_media":0,"parent":0,"menu_order":0,"comment_status":"closed","ping_status":"closed","template":"","meta":{"footnotes":""},"class_list":["post-6560","page","type-page","status-publish","hentry","has_thumb"],"aioseo_notices":[],"_links":{"self":[{"href":"https:\/\/sp6kwidzyn.pl\/index.php?rest_route=\/wp\/v2\/pages\/6560","targetHints":{"allow":["GET"]}}],"collection":[{"href":"https:\/\/sp6kwidzyn.pl\/index.php?rest_route=\/wp\/v2\/pages"}],"about":[{"href":"https:\/\/sp6kwidzyn.pl\/index.php?rest_route=\/wp\/v2\/types\/page"}],"author":[{"embeddable":true,"href":"https:\/\/sp6kwidzyn.pl\/index.php?rest_route=\/wp\/v2\/users\/1"}],"replies":[{"embeddable":true,"href":"https:\/\/sp6kwidzyn.pl\/index.php?rest_route=%2Fwp%2Fv2%2Fcomments&post=6560"}],"version-history":[{"count":19,"href":"https:\/\/sp6kwidzyn.pl\/index.php?rest_route=\/wp\/v2\/pages\/6560\/revisions"}],"predecessor-version":[{"id":6746,"href":"https:\/\/sp6kwidzyn.pl\/index.php?rest_route=\/wp\/v2\/pages\/6560\/revisions\/6746"}],"wp:attachment":[{"href":"https:\/\/sp6kwidzyn.pl\/index.php?rest_route=%2Fwp%2Fv2%2Fmedia&parent=6560"}],"curies":[{"name":"wp","href":"https:\/\/api.w.org\/{rel}","templated":true}]}}