{"id":6138,"date":"2021-02-09T17:56:41","date_gmt":"2021-02-09T16:56:41","guid":{"rendered":"https:\/\/sp6kwidzyn.pl\/?page_id=6138"},"modified":"2024-11-21T21:54:12","modified_gmt":"2024-11-21T20:54:12","slug":"sklad-rady-rodzicow","status":"publish","type":"page","link":"https:\/\/sp6kwidzyn.pl\/?page_id=6138","title":{"rendered":"Sk\u0142ad Rady Rodzic\u00f3w."},"content":{"rendered":"<h2 style=\"text-align: center;\"><strong>Zarz\u0105d Rady Rodzic\u00f3w Szko\u0142y Podstawowej Nr 6 w Kwidzynie w roku szkolnym 2024\/2025<\/strong><\/h2>\n<h3 style=\"text-align: center;\"><strong>przewodnicz\u0105ca Rady Rodzic\u00f3w-Anna Zubel<\/strong><br \/>\nzast\u0119pca przewodnicz\u0105cej \u2013 <strong>Marta Kawiak<\/strong><br \/>\nskarbnik \u2013 <strong>Dorota Walicka<\/strong><br \/>\nsekretarz \u2013 <strong><b>P<\/b>aulina Drzewicz-Tarnowska<\/strong><br \/>\ncz\u0142onkowie zarz\u0105du- <b>S\u0142awomir Brodzik, Izabela Bandzimiera, Wiktor Orzechowski, Klaudia Michalak<\/b><b>.<\/b><\/h3>\n<p>&nbsp;<\/p>\n<div class=\"nh_extra\" dir=\"auto\">\n<blockquote class=\"nh_quote\">\n<div id=\"gwpc36a9907\">\n<div id=\"gwpc36a9907h\">\n<div class=\"gwpc36a9907b\" data-message-body=\"true\">\n<div id=\"gwpc36a9907_gwp8737d958\">\n<div id=\"gwpc36a9907_gwp8737d958h\">\n<div class=\"gwpc36a9907_gwp8737d958b\" data-message-body=\"true\">\n<div style=\"text-align: left;\"><b>Przewodnicz\u0105cy Rad Oddzia\u0142owych:<\/b><\/div>\n<p>&nbsp;<\/p>\n<table border=\"0\" frame=\"VOID\" cellspacing=\"0\">\n<colgroup>\n<col width=\"30\" \/>\n<col width=\"45\" \/>\n<col width=\"212\" \/><\/colgroup>\n<tbody>\n<tr>\n<td align=\"CENTER\" valign=\"BOTTOM\" bgcolor=\"#FFFFFF\" width=\"30\" height=\"26\"><span class=\"gwpc36a9907_gwp8737d958_font\"><span class=\"gwpc36a9907_gwp8737d958_size\"><span class=\"gwpc36a9907_gwp8737d958_color\">1<\/span><\/span><\/span><\/td>\n<td align=\"CENTER\" valign=\"BOTTOM\" bgcolor=\"#FFFFFF\" width=\"45\"><b><span class=\"gwpc36a9907_gwp8737d958_font\"><span class=\"gwpc36a9907_gwp8737d958_size\"><span class=\"gwpc36a9907_gwp8737d958_color\">1a<\/span><\/span><\/span><\/b><\/td>\n<td align=\"CENTER\" valign=\"BOTTOM\" width=\"212\"><span class=\"gwpc36a9907_gwp8737d958_font\"><span class=\"gwpc36a9907_gwp8737d958_color\">S\u0142awomir Brodzik<\/span><\/span><\/td>\n<\/tr>\n<tr>\n<td align=\"CENTER\" valign=\"BOTTOM\" bgcolor=\"#FFFFFF\" height=\"26\"><span class=\"gwpc36a9907_gwp8737d958_font\"><span class=\"gwpc36a9907_gwp8737d958_size\"><span class=\"gwpc36a9907_gwp8737d958_color\">2<\/span><\/span><\/span><\/td>\n<td align=\"CENTER\" valign=\"BOTTOM\" bgcolor=\"#FFFFFF\"><b><span class=\"gwpc36a9907_gwp8737d958_font\"><span class=\"gwpc36a9907_gwp8737d958_size\"><span class=\"gwpc36a9907_gwp8737d958_color\">1bi<\/span><\/span><\/span><\/b><\/td>\n<td align=\"CENTER\" valign=\"BOTTOM\"><span class=\"gwpc36a9907_gwp8737d958_font\"><span class=\"gwpc36a9907_gwp8737d958_color\">Anna Rydel-Dubas<\/span><\/span><\/td>\n<\/tr>\n<tr>\n<td align=\"CENTER\" valign=\"BOTTOM\" bgcolor=\"#FFFFFF\" height=\"26\"><span class=\"gwpc36a9907_gwp8737d958_font\"><span class=\"gwpc36a9907_gwp8737d958_size\"><span class=\"gwpc36a9907_gwp8737d958_color\">3<\/span><\/span><\/span><\/td>\n<td align=\"CENTER\" valign=\"BOTTOM\" bgcolor=\"#FFFFFF\"><b><span class=\"gwpc36a9907_gwp8737d958_font\"><span class=\"gwpc36a9907_gwp8737d958_size\"><span class=\"gwpc36a9907_gwp8737d958_color\">1c<\/span><\/span><\/span><\/b><\/td>\n<td align=\"CENTER\" valign=\"BOTTOM\"><span class=\"gwpc36a9907_gwp8737d958_font\"><span class=\"gwpc36a9907_gwp8737d958_color\">Anna Orzechowska-Winnicka<\/span><\/span><\/td>\n<\/tr>\n<tr>\n<td align=\"CENTER\" valign=\"BOTTOM\" bgcolor=\"#FFFFFF\" height=\"26\"><span class=\"gwpc36a9907_gwp8737d958_font\"><span class=\"gwpc36a9907_gwp8737d958_size\"><span class=\"gwpc36a9907_gwp8737d958_color\">4<\/span><\/span><\/span><\/td>\n<td align=\"CENTER\" valign=\"BOTTOM\" bgcolor=\"#FFFFFF\"><b><span class=\"gwpc36a9907_gwp8737d958_font\"><span class=\"gwpc36a9907_gwp8737d958_size\"><span class=\"gwpc36a9907_gwp8737d958_color\">1di<\/span><\/span><\/span><\/b><\/td>\n<td align=\"CENTER\" valign=\"BOTTOM\"><span class=\"gwpc36a9907_gwp8737d958_font\"><span class=\"gwpc36a9907_gwp8737d958_color\">Marzena Gerlach<\/span><\/span><\/td>\n<\/tr>\n<tr>\n<td align=\"CENTER\" valign=\"BOTTOM\" bgcolor=\"#FFFFFF\" height=\"26\"><span class=\"gwpc36a9907_gwp8737d958_font\"><span class=\"gwpc36a9907_gwp8737d958_size\"><span class=\"gwpc36a9907_gwp8737d958_color\">5<\/span><\/span><\/span><\/td>\n<td align=\"CENTER\" valign=\"BOTTOM\" bgcolor=\"#FFFFFF\"><b><span class=\"gwpc36a9907_gwp8737d958_font\"><span class=\"gwpc36a9907_gwp8737d958_size\"><span class=\"gwpc36a9907_gwp8737d958_color\">1e<\/span><\/span><\/span><\/b><\/td>\n<td align=\"CENTER\" valign=\"BOTTOM\"><span class=\"gwpc36a9907_gwp8737d958_font\"><span class=\"gwpc36a9907_gwp8737d958_color\">Jolanta Wi\u015bniewska<\/span><\/span><\/td>\n<\/tr>\n<tr>\n<td align=\"CENTER\" valign=\"BOTTOM\" bgcolor=\"#FFFFFF\" height=\"26\"><span class=\"gwpc36a9907_gwp8737d958_font\"><span class=\"gwpc36a9907_gwp8737d958_size\"><span class=\"gwpc36a9907_gwp8737d958_color\">6<\/span><\/span><\/span><\/td>\n<td align=\"CENTER\" valign=\"BOTTOM\" bgcolor=\"#FFFFFF\"><b><span class=\"gwpc36a9907_gwp8737d958_font\"><span class=\"gwpc36a9907_gwp8737d958_size\"><span class=\"gwpc36a9907_gwp8737d958_color\">2a<\/span><\/span><\/span><\/b><\/td>\n<td align=\"CENTER\" valign=\"BOTTOM\"><span class=\"gwpc36a9907_gwp8737d958_font\"><span class=\"gwpc36a9907_gwp8737d958_color\">Izabela Bandzimiera<\/span><\/span><\/td>\n<\/tr>\n<tr>\n<td align=\"CENTER\" valign=\"BOTTOM\" bgcolor=\"#FFFFFF\" height=\"26\"><span class=\"gwpc36a9907_gwp8737d958_font\"><span class=\"gwpc36a9907_gwp8737d958_size\"><span class=\"gwpc36a9907_gwp8737d958_color\">7<\/span><\/span><\/span><\/td>\n<td align=\"CENTER\" valign=\"BOTTOM\" bgcolor=\"#FFFFFF\"><b><span class=\"gwpc36a9907_gwp8737d958_font\"><span class=\"gwpc36a9907_gwp8737d958_size\"><span class=\"gwpc36a9907_gwp8737d958_color\">2bi<\/span><\/span><\/span><\/b><\/td>\n<td align=\"CENTER\" valign=\"BOTTOM\"><span class=\"gwpc36a9907_gwp8737d958_font\"><span class=\"gwpc36a9907_gwp8737d958_color\">Lucyna Brzuszkiewicz<\/span><\/span><\/td>\n<\/tr>\n<tr>\n<td align=\"CENTER\" valign=\"BOTTOM\" bgcolor=\"#FFFFFF\" height=\"26\"><span class=\"gwpc36a9907_gwp8737d958_font\"><span class=\"gwpc36a9907_gwp8737d958_size\"><span class=\"gwpc36a9907_gwp8737d958_color\">8<\/span><\/span><\/span><\/td>\n<td align=\"CENTER\" valign=\"BOTTOM\" bgcolor=\"#FFFFFF\"><b><span class=\"gwpc36a9907_gwp8737d958_font\"><span class=\"gwpc36a9907_gwp8737d958_size\"><span class=\"gwpc36a9907_gwp8737d958_color\">2ci<\/span><\/span><\/span><\/b><\/td>\n<td align=\"CENTER\" valign=\"BOTTOM\"><span class=\"gwpc36a9907_gwp8737d958_font\"><span class=\"gwpc36a9907_gwp8737d958_color\">Pawe\u0142 \u0141ozi\u0144ski<\/span><\/span><\/td>\n<\/tr>\n<tr>\n<td align=\"CENTER\" valign=\"BOTTOM\" bgcolor=\"#FFFFFF\" height=\"26\"><span class=\"gwpc36a9907_gwp8737d958_font\"><span class=\"gwpc36a9907_gwp8737d958_size\"><span class=\"gwpc36a9907_gwp8737d958_color\">9<\/span><\/span><\/span><\/td>\n<td align=\"CENTER\" valign=\"BOTTOM\" bgcolor=\"#FFFFFF\"><b><span class=\"gwpc36a9907_gwp8737d958_font\"><span class=\"gwpc36a9907_gwp8737d958_size\"><span class=\"gwpc36a9907_gwp8737d958_color\">2d<\/span><\/span><\/span><\/b><\/td>\n<td align=\"CENTER\" valign=\"BOTTOM\"><span class=\"gwpc36a9907_gwp8737d958_font\"><span class=\"gwpc36a9907_gwp8737d958_color\">\u0141ukasz Sus<\/span><\/span><\/td>\n<\/tr>\n<tr>\n<td align=\"CENTER\" valign=\"BOTTOM\" bgcolor=\"#FFFFFF\" height=\"26\"><span class=\"gwpc36a9907_gwp8737d958_font\"><span class=\"gwpc36a9907_gwp8737d958_size\"><span class=\"gwpc36a9907_gwp8737d958_color\">10<\/span><\/span><\/span><\/td>\n<td align=\"CENTER\" valign=\"BOTTOM\" bgcolor=\"#FFFFFF\"><b><span class=\"gwpc36a9907_gwp8737d958_font\"><span class=\"gwpc36a9907_gwp8737d958_size\"><span class=\"gwpc36a9907_gwp8737d958_color\">3a<\/span><\/span><\/span><\/b><\/td>\n<td align=\"CENTER\" valign=\"BOTTOM\"><span class=\"gwpc36a9907_gwp8737d958_font\"><span class=\"gwpc36a9907_gwp8737d958_color\">Anna Kobus<\/span><\/span><\/td>\n<\/tr>\n<tr>\n<td align=\"CENTER\" valign=\"BOTTOM\" bgcolor=\"#FFFFFF\" height=\"26\"><span class=\"gwpc36a9907_gwp8737d958_font\"><span class=\"gwpc36a9907_gwp8737d958_size\"><span class=\"gwpc36a9907_gwp8737d958_color\">11<\/span><\/span><\/span><\/td>\n<td align=\"CENTER\" valign=\"BOTTOM\" bgcolor=\"#FFFFFF\"><b><span class=\"gwpc36a9907_gwp8737d958_font\"><span class=\"gwpc36a9907_gwp8737d958_size\"><span class=\"gwpc36a9907_gwp8737d958_color\">3bi<\/span><\/span><\/span><\/b><\/td>\n<td align=\"CENTER\" valign=\"BOTTOM\"><span class=\"gwpc36a9907_gwp8737d958_font\"><span class=\"gwpc36a9907_gwp8737d958_color\">Marta Soko\u0142owska<\/span><\/span><\/td>\n<\/tr>\n<tr>\n<td align=\"CENTER\" valign=\"BOTTOM\" bgcolor=\"#FFFFFF\" height=\"26\"><span class=\"gwpc36a9907_gwp8737d958_font\"><span class=\"gwpc36a9907_gwp8737d958_size\"><span class=\"gwpc36a9907_gwp8737d958_color\">12<\/span><\/span><\/span><\/td>\n<td align=\"CENTER\" valign=\"BOTTOM\" bgcolor=\"#FFFFFF\"><b><span class=\"gwpc36a9907_gwp8737d958_font\"><span class=\"gwpc36a9907_gwp8737d958_size\"><span class=\"gwpc36a9907_gwp8737d958_color\">3c<\/span><\/span><\/span><\/b><\/td>\n<td align=\"CENTER\" valign=\"BOTTOM\"><span class=\"gwpc36a9907_gwp8737d958_font\"><span class=\"gwpc36a9907_gwp8737d958_color\">Pamela Duliban<\/span><\/span><\/td>\n<\/tr>\n<tr>\n<td align=\"CENTER\" valign=\"BOTTOM\" bgcolor=\"#FFFFFF\" height=\"26\"><span class=\"gwpc36a9907_gwp8737d958_font\"><span class=\"gwpc36a9907_gwp8737d958_size\"><span class=\"gwpc36a9907_gwp8737d958_color\">13<\/span><\/span><\/span><\/td>\n<td align=\"CENTER\" valign=\"BOTTOM\" bgcolor=\"#FFFFFF\"><b><span class=\"gwpc36a9907_gwp8737d958_font\"><span class=\"gwpc36a9907_gwp8737d958_size\"><span class=\"gwpc36a9907_gwp8737d958_color\">3d<\/span><\/span><\/span><\/b><\/td>\n<td align=\"CENTER\" valign=\"BOTTOM\"><span class=\"gwpc36a9907_gwp8737d958_font\"><span class=\"gwpc36a9907_gwp8737d958_color\">Paulina Drzewicz-Tarnowska<\/span><\/span><\/td>\n<\/tr>\n<tr>\n<td align=\"CENTER\" valign=\"BOTTOM\" bgcolor=\"#FFFFFF\" height=\"26\"><span class=\"gwpc36a9907_gwp8737d958_font\"><span class=\"gwpc36a9907_gwp8737d958_size\"><span class=\"gwpc36a9907_gwp8737d958_color\">14<\/span><\/span><\/span><\/td>\n<td align=\"CENTER\" valign=\"BOTTOM\" bgcolor=\"#FFFFFF\"><b><span class=\"gwpc36a9907_gwp8737d958_font\"><span class=\"gwpc36a9907_gwp8737d958_size\"><span class=\"gwpc36a9907_gwp8737d958_color\">3ei<\/span><\/span><\/span><\/b><\/td>\n<td align=\"CENTER\" valign=\"BOTTOM\"><span class=\"gwpc36a9907_gwp8737d958_font\"><span class=\"gwpc36a9907_gwp8737d958_color\">Magdalena Nadolska<\/span><\/span><\/td>\n<\/tr>\n<tr>\n<td align=\"CENTER\" valign=\"BOTTOM\" bgcolor=\"#FFFFFF\" height=\"26\"><span class=\"gwpc36a9907_gwp8737d958_font\"><span class=\"gwpc36a9907_gwp8737d958_size\"><span class=\"gwpc36a9907_gwp8737d958_color\">15<\/span><\/span><\/span><\/td>\n<td align=\"CENTER\" valign=\"BOTTOM\" bgcolor=\"#FFFFFF\"><b><span class=\"gwpc36a9907_gwp8737d958_font\"><span class=\"gwpc36a9907_gwp8737d958_size\"><span class=\"gwpc36a9907_gwp8737d958_color\">4ams<\/span><\/span><\/span><\/b><\/td>\n<td align=\"CENTER\" valign=\"BOTTOM\"><span class=\"gwpc36a9907_gwp8737d958_font\"><span class=\"gwpc36a9907_gwp8737d958_color\">Klaudia Schreiber<\/span><\/span><\/td>\n<\/tr>\n<tr>\n<td align=\"CENTER\" valign=\"BOTTOM\" bgcolor=\"#FFFFFF\" height=\"26\"><span class=\"gwpc36a9907_gwp8737d958_font\"><span class=\"gwpc36a9907_gwp8737d958_size\"><span class=\"gwpc36a9907_gwp8737d958_color\">16<\/span><\/span><\/span><\/td>\n<td align=\"CENTER\" valign=\"BOTTOM\" bgcolor=\"#FFFFFF\"><b><span class=\"gwpc36a9907_gwp8737d958_font\"><span class=\"gwpc36a9907_gwp8737d958_size\"><span class=\"gwpc36a9907_gwp8737d958_color\">4bi<\/span><\/span><\/span><\/b><\/td>\n<td align=\"CENTER\" valign=\"BOTTOM\"><span class=\"gwpc36a9907_gwp8737d958_font\"><span class=\"gwpc36a9907_gwp8737d958_color\">Beata Rublewska<\/span><\/span><\/td>\n<\/tr>\n<tr>\n<td align=\"CENTER\" valign=\"BOTTOM\" bgcolor=\"#FFFFFF\" height=\"26\"><span class=\"gwpc36a9907_gwp8737d958_font\"><span class=\"gwpc36a9907_gwp8737d958_size\"><span class=\"gwpc36a9907_gwp8737d958_color\">17<\/span><\/span><\/span><\/td>\n<td align=\"CENTER\" valign=\"BOTTOM\" bgcolor=\"#FFFFFF\"><b><span class=\"gwpc36a9907_gwp8737d958_font\"><span class=\"gwpc36a9907_gwp8737d958_size\"><span class=\"gwpc36a9907_gwp8737d958_color\">4c<\/span><\/span><\/span><\/b><\/td>\n<td align=\"CENTER\" valign=\"BOTTOM\"><span class=\"gwpc36a9907_gwp8737d958_font\"><span class=\"gwpc36a9907_gwp8737d958_color\">Wiktor Orzechowski<\/span><\/span><\/td>\n<\/tr>\n<tr>\n<td align=\"CENTER\" valign=\"BOTTOM\" bgcolor=\"#FFFFFF\" height=\"26\"><span class=\"gwpc36a9907_gwp8737d958_font\"><span class=\"gwpc36a9907_gwp8737d958_size\"><span class=\"gwpc36a9907_gwp8737d958_color\">18<\/span><\/span><\/span><\/td>\n<td align=\"CENTER\" valign=\"BOTTOM\" bgcolor=\"#FFFFFF\"><b><span class=\"gwpc36a9907_gwp8737d958_font\"><span class=\"gwpc36a9907_gwp8737d958_size\"><span class=\"gwpc36a9907_gwp8737d958_color\">4di<\/span><\/span><\/span><\/b><\/td>\n<td align=\"CENTER\" valign=\"BOTTOM\"><span class=\"gwpc36a9907_gwp8737d958_font\"><span class=\"gwpc36a9907_gwp8737d958_color\">Justyna Ciep\u0142uch<\/span><\/span><\/td>\n<\/tr>\n<tr>\n<td align=\"CENTER\" valign=\"BOTTOM\" bgcolor=\"#FFFFFF\" height=\"26\"><span class=\"gwpc36a9907_gwp8737d958_font\"><span class=\"gwpc36a9907_gwp8737d958_size\"><span class=\"gwpc36a9907_gwp8737d958_color\">19<\/span><\/span><\/span><\/td>\n<td align=\"CENTER\" valign=\"BOTTOM\" bgcolor=\"#FFFFFF\"><b><span class=\"gwpc36a9907_gwp8737d958_font\"><span class=\"gwpc36a9907_gwp8737d958_size\"><span class=\"gwpc36a9907_gwp8737d958_color\">5ams<\/span><\/span><\/span><\/b><\/td>\n<td align=\"CENTER\" valign=\"BOTTOM\"><span class=\"gwpc36a9907_gwp8737d958_font\"><span class=\"gwpc36a9907_gwp8737d958_color\">Miros\u0142aw Mik\u0142aszewicz<\/span><\/span><\/td>\n<\/tr>\n<tr>\n<td align=\"CENTER\" valign=\"BOTTOM\" bgcolor=\"#FFFFFF\" height=\"26\"><span class=\"gwpc36a9907_gwp8737d958_font\"><span class=\"gwpc36a9907_gwp8737d958_size\"><span class=\"gwpc36a9907_gwp8737d958_color\">20<\/span><\/span><\/span><\/td>\n<td align=\"CENTER\" valign=\"BOTTOM\" bgcolor=\"#FFFFFF\"><b><span class=\"gwpc36a9907_gwp8737d958_font\"><span class=\"gwpc36a9907_gwp8737d958_size\"><span class=\"gwpc36a9907_gwp8737d958_color\">5bi<\/span><\/span><\/span><\/b><\/td>\n<td align=\"CENTER\" valign=\"BOTTOM\"><span class=\"gwpc36a9907_gwp8737d958_font\"><span class=\"gwpc36a9907_gwp8737d958_color\">Anna Zubel<\/span><\/span><\/td>\n<\/tr>\n<tr>\n<td align=\"CENTER\" valign=\"BOTTOM\" bgcolor=\"#FFFFFF\" height=\"26\"><span class=\"gwpc36a9907_gwp8737d958_font\"><span class=\"gwpc36a9907_gwp8737d958_size\"><span class=\"gwpc36a9907_gwp8737d958_color\">21<\/span><\/span><\/span><\/td>\n<td align=\"CENTER\" valign=\"BOTTOM\" bgcolor=\"#FFFFFF\"><b><span class=\"gwpc36a9907_gwp8737d958_font\"><span class=\"gwpc36a9907_gwp8737d958_size\"><span class=\"gwpc36a9907_gwp8737d958_color\">5c<\/span><\/span><\/span><\/b><\/td>\n<td align=\"CENTER\" valign=\"BOTTOM\"><span class=\"gwpc36a9907_gwp8737d958_font\"><span class=\"gwpc36a9907_gwp8737d958_color\">Marlena Strzelczyk-Sta\u015bkiewicz<\/span><\/span><\/td>\n<\/tr>\n<tr>\n<td align=\"CENTER\" valign=\"BOTTOM\" bgcolor=\"#FFFFFF\" height=\"26\"><span class=\"gwpc36a9907_gwp8737d958_font\"><span class=\"gwpc36a9907_gwp8737d958_size\"><span class=\"gwpc36a9907_gwp8737d958_color\">22<\/span><\/span><\/span><\/td>\n<td align=\"CENTER\" valign=\"BOTTOM\" bgcolor=\"#FFFFFF\"><b><span class=\"gwpc36a9907_gwp8737d958_font\"><span class=\"gwpc36a9907_gwp8737d958_size\"><span class=\"gwpc36a9907_gwp8737d958_color\">5d<\/span><\/span><\/span><\/b><\/td>\n<td align=\"CENTER\" valign=\"BOTTOM\"><span class=\"gwpc36a9907_gwp8737d958_font\"><span class=\"gwpc36a9907_gwp8737d958_color\">Tomasz Wi\u015bniewski<\/span><\/span><\/td>\n<\/tr>\n<tr>\n<td align=\"CENTER\" valign=\"BOTTOM\" bgcolor=\"#FFFFFF\" height=\"26\"><span class=\"gwpc36a9907_gwp8737d958_font\"><span class=\"gwpc36a9907_gwp8737d958_size\"><span class=\"gwpc36a9907_gwp8737d958_color\">23<\/span><\/span><\/span><\/td>\n<td align=\"CENTER\" valign=\"BOTTOM\" bgcolor=\"#FFFFFF\"><b><span class=\"gwpc36a9907_gwp8737d958_font\"><span class=\"gwpc36a9907_gwp8737d958_size\"><span class=\"gwpc36a9907_gwp8737d958_color\">6ams<\/span><\/span><\/span><\/b><\/td>\n<td align=\"CENTER\" valign=\"BOTTOM\"><span class=\"gwpc36a9907_gwp8737d958_font\"><span class=\"gwpc36a9907_gwp8737d958_color\">Klaudia Michalak<\/span><\/span><\/td>\n<\/tr>\n<tr>\n<td align=\"CENTER\" valign=\"BOTTOM\" bgcolor=\"#FFFFFF\" height=\"26\"><span class=\"gwpc36a9907_gwp8737d958_font\"><span class=\"gwpc36a9907_gwp8737d958_size\"><span class=\"gwpc36a9907_gwp8737d958_color\">24<\/span><\/span><\/span><\/td>\n<td align=\"CENTER\" valign=\"BOTTOM\" bgcolor=\"#FFFFFF\"><b><span class=\"gwpc36a9907_gwp8737d958_font\"><span class=\"gwpc36a9907_gwp8737d958_size\"><span class=\"gwpc36a9907_gwp8737d958_color\">6bi<\/span><\/span><\/span><\/b><\/td>\n<td align=\"CENTER\" valign=\"BOTTOM\"><span class=\"gwpc36a9907_gwp8737d958_font\"><span class=\"gwpc36a9907_gwp8737d958_color\">Sylwia Witkowska<\/span><\/span><\/td>\n<\/tr>\n<tr>\n<td align=\"CENTER\" valign=\"BOTTOM\" bgcolor=\"#FFFFFF\" height=\"26\"><span class=\"gwpc36a9907_gwp8737d958_font\"><span class=\"gwpc36a9907_gwp8737d958_size\"><span class=\"gwpc36a9907_gwp8737d958_color\">25<\/span><\/span><\/span><\/td>\n<td align=\"CENTER\" valign=\"BOTTOM\" bgcolor=\"#FFFFFF\"><b><span class=\"gwpc36a9907_gwp8737d958_font\"><span class=\"gwpc36a9907_gwp8737d958_size\">6c<\/span><\/span><\/b><\/td>\n<td align=\"CENTER\" valign=\"BOTTOM\"><span class=\"gwpc36a9907_gwp8737d958_font\"><span class=\"gwpc36a9907_gwp8737d958_color\">Ewelina Pondel<\/span><\/span><\/td>\n<\/tr>\n<tr>\n<td align=\"CENTER\" valign=\"BOTTOM\" bgcolor=\"#FFFFFF\" height=\"26\"><span class=\"gwpc36a9907_gwp8737d958_font\"><span class=\"gwpc36a9907_gwp8737d958_size\"><span class=\"gwpc36a9907_gwp8737d958_color\">26<\/span><\/span><\/span><\/td>\n<td align=\"CENTER\" valign=\"BOTTOM\" bgcolor=\"#FFFFFF\"><b><span class=\"gwpc36a9907_gwp8737d958_font\"><span class=\"gwpc36a9907_gwp8737d958_size\"><span class=\"gwpc36a9907_gwp8737d958_color\">6d<\/span><\/span><\/span><\/b><\/td>\n<td align=\"CENTER\" valign=\"BOTTOM\"><span class=\"gwpc36a9907_gwp8737d958_font\"><span class=\"gwpc36a9907_gwp8737d958_color\">Aleksandra Bylczy\u0144ska<\/span><\/span><\/td>\n<\/tr>\n<tr>\n<td align=\"CENTER\" valign=\"BOTTOM\" bgcolor=\"#FFFFFF\" height=\"26\"><span class=\"gwpc36a9907_gwp8737d958_font\"><span class=\"gwpc36a9907_gwp8737d958_size\"><span class=\"gwpc36a9907_gwp8737d958_color\">27<\/span><\/span><\/span><\/td>\n<td align=\"CENTER\" valign=\"BOTTOM\" bgcolor=\"#FFFFFF\"><b><span class=\"gwpc36a9907_gwp8737d958_font\"><span class=\"gwpc36a9907_gwp8737d958_size\"><span class=\"gwpc36a9907_gwp8737d958_color\">7ams<\/span><\/span><\/span><\/b><\/td>\n<td align=\"CENTER\" valign=\"BOTTOM\"><span class=\"gwpc36a9907_gwp8737d958_font\"><span class=\"gwpc36a9907_gwp8737d958_color\">Edyta Matuszczak<\/span><\/span><\/td>\n<\/tr>\n<tr>\n<td align=\"CENTER\" valign=\"BOTTOM\" bgcolor=\"#FFFFFF\" height=\"26\"><span class=\"gwpc36a9907_gwp8737d958_font\"><span class=\"gwpc36a9907_gwp8737d958_size\"><span class=\"gwpc36a9907_gwp8737d958_color\">28<\/span><\/span><\/span><\/td>\n<td align=\"CENTER\" valign=\"BOTTOM\" bgcolor=\"#FFFFFF\"><b><span class=\"gwpc36a9907_gwp8737d958_font\"><span class=\"gwpc36a9907_gwp8737d958_size\"><span class=\"gwpc36a9907_gwp8737d958_color\">7bi<\/span><\/span><\/span><\/b><\/td>\n<td align=\"CENTER\" valign=\"BOTTOM\"><span class=\"gwpc36a9907_gwp8737d958_font\"><span class=\"gwpc36a9907_gwp8737d958_color\">Emilia Laszczka<\/span><\/span><\/td>\n<\/tr>\n<tr>\n<td align=\"CENTER\" valign=\"BOTTOM\" bgcolor=\"#FFFFFF\" height=\"26\"><span class=\"gwpc36a9907_gwp8737d958_font\"><span class=\"gwpc36a9907_gwp8737d958_size\"><span class=\"gwpc36a9907_gwp8737d958_color\">29<\/span><\/span><\/span><\/td>\n<td align=\"CENTER\" valign=\"BOTTOM\" bgcolor=\"#FFFFFF\"><b><span class=\"gwpc36a9907_gwp8737d958_font\"><span class=\"gwpc36a9907_gwp8737d958_size\">7c<\/span><\/span><\/b><\/td>\n<td align=\"CENTER\" valign=\"BOTTOM\"><span class=\"gwpc36a9907_gwp8737d958_font\"><span class=\"gwpc36a9907_gwp8737d958_color\">Ewelina Zaremba<\/span><\/span><\/td>\n<\/tr>\n<tr>\n<td align=\"CENTER\" valign=\"BOTTOM\" bgcolor=\"#FFFFFF\" height=\"26\"><span class=\"gwpc36a9907_gwp8737d958_font\"><span class=\"gwpc36a9907_gwp8737d958_size\"><span class=\"gwpc36a9907_gwp8737d958_color\">30<\/span><\/span><\/span><\/td>\n<td align=\"CENTER\" valign=\"BOTTOM\" bgcolor=\"#FFFFFF\"><b><span class=\"gwpc36a9907_gwp8737d958_font\"><span class=\"gwpc36a9907_gwp8737d958_size\"><span class=\"gwpc36a9907_gwp8737d958_color\">7d<\/span><\/span><\/span><\/b><\/td>\n<td align=\"CENTER\" valign=\"BOTTOM\"><span class=\"gwpc36a9907_gwp8737d958_font\"><span class=\"gwpc36a9907_gwp8737d958_color\">Dorota Walicka<\/span><\/span><\/td>\n<\/tr>\n<tr>\n<td align=\"CENTER\" valign=\"BOTTOM\" bgcolor=\"#FFFFFF\" height=\"26\"><span class=\"gwpc36a9907_gwp8737d958_font\"><span class=\"gwpc36a9907_gwp8737d958_size\"><span class=\"gwpc36a9907_gwp8737d958_color\">31<\/span><\/span><\/span><\/td>\n<td align=\"CENTER\" valign=\"BOTTOM\" bgcolor=\"#FFFFFF\"><b><span class=\"gwpc36a9907_gwp8737d958_font\"><span class=\"gwpc36a9907_gwp8737d958_size\"><span class=\"gwpc36a9907_gwp8737d958_color\">8ams<\/span><\/span><\/span><\/b><\/td>\n<td align=\"CENTER\" valign=\"BOTTOM\"><span class=\"gwpc36a9907_gwp8737d958_font\"><span class=\"gwpc36a9907_gwp8737d958_color\">Marta Kawiak<\/span><\/span><\/td>\n<\/tr>\n<tr>\n<td align=\"CENTER\" valign=\"BOTTOM\" bgcolor=\"#FFFFFF\" height=\"26\"><span class=\"gwpc36a9907_gwp8737d958_font\"><span class=\"gwpc36a9907_gwp8737d958_size\"><span class=\"gwpc36a9907_gwp8737d958_color\">32<\/span><\/span><\/span><\/td>\n<td align=\"CENTER\" valign=\"BOTTOM\" bgcolor=\"#FFFFFF\"><b><span class=\"gwpc36a9907_gwp8737d958_font\"><span class=\"gwpc36a9907_gwp8737d958_size\"><span class=\"gwpc36a9907_gwp8737d958_color\">8bi<\/span><\/span><\/span><\/b><\/td>\n<td align=\"CENTER\" valign=\"BOTTOM\"><span class=\"gwpc36a9907_gwp8737d958_font\"><span class=\"gwpc36a9907_gwp8737d958_color\">Joanna Nowakowska<\/span><\/span><\/td>\n<\/tr>\n<tr>\n<td align=\"CENTER\" valign=\"BOTTOM\" bgcolor=\"#FFFFFF\" height=\"26\"><span class=\"gwpc36a9907_gwp8737d958_font\"><span class=\"gwpc36a9907_gwp8737d958_size\"><span class=\"gwpc36a9907_gwp8737d958_color\">33<\/span><\/span><\/span><\/td>\n<td align=\"CENTER\" valign=\"BOTTOM\" bgcolor=\"#FFFFFF\"><b><span class=\"gwpc36a9907_gwp8737d958_font\"><span class=\"gwpc36a9907_gwp8737d958_size\"><span class=\"gwpc36a9907_gwp8737d958_color\">8c<\/span><\/span><\/span><\/b><\/td>\n<td align=\"CENTER\" valign=\"BOTTOM\"><span class=\"gwpc36a9907_gwp8737d958_font\"><span class=\"gwpc36a9907_gwp8737d958_color\">Barbara Kudli\u0144ska<\/span><\/span><\/td>\n<\/tr>\n<tr>\n<td align=\"CENTER\" valign=\"BOTTOM\" bgcolor=\"#FFFFFF\" height=\"26\"><span class=\"gwpc36a9907_gwp8737d958_font\"><span class=\"gwpc36a9907_gwp8737d958_size\"><span class=\"gwpc36a9907_gwp8737d958_color\">34<\/span><\/span><\/span><\/td>\n<td align=\"CENTER\" valign=\"BOTTOM\" bgcolor=\"#FFFFFF\"><b><span class=\"gwpc36a9907_gwp8737d958_font\"><span class=\"gwpc36a9907_gwp8737d958_size\"><span class=\"gwpc36a9907_gwp8737d958_color\">8d<\/span><\/span><\/span><\/b><\/td>\n<td align=\"CENTER\" valign=\"BOTTOM\"><span class=\"gwpc36a9907_gwp8737d958_font\"><span class=\"gwpc36a9907_gwp8737d958_color\">Anna Baranowicz<\/span><\/span><\/td>\n<\/tr>\n<\/tbody>\n<\/table>\n<div><\/div>\n<\/div>\n<\/div>\n<\/div>\n<\/div>\n<\/div>\n<\/div>\n<\/blockquote>\n<\/div>\n","protected":false},"excerpt":{"rendered":"<p>Zarz\u0105d Rady Rodzic\u00f3w Szko\u0142y Podstawowej Nr 6 w Kwidzynie w roku szkolnym 2024\/2025 przewodnicz\u0105ca Rady Rodzic\u00f3w-Anna Zubel zast\u0119pca przewodnicz\u0105cej \u2013 [&hellip;]<\/p>\n","protected":false},"author":1,"featured_media":0,"parent":0,"menu_order":0,"comment_status":"closed","ping_status":"closed","template":"","meta":{"footnotes":""},"class_list":["post-6138","page","type-page","status-publish","hentry","has_no_thumb"],"aioseo_notices":[],"_links":{"self":[{"href":"https:\/\/sp6kwidzyn.pl\/index.php?rest_route=\/wp\/v2\/pages\/6138","targetHints":{"allow":["GET"]}}],"collection":[{"href":"https:\/\/sp6kwidzyn.pl\/index.php?rest_route=\/wp\/v2\/pages"}],"about":[{"href":"https:\/\/sp6kwidzyn.pl\/index.php?rest_route=\/wp\/v2\/types\/page"}],"author":[{"embeddable":true,"href":"https:\/\/sp6kwidzyn.pl\/index.php?rest_route=\/wp\/v2\/users\/1"}],"replies":[{"embeddable":true,"href":"https:\/\/sp6kwidzyn.pl\/index.php?rest_route=%2Fwp%2Fv2%2Fcomments&post=6138"}],"version-history":[{"count":11,"href":"https:\/\/sp6kwidzyn.pl\/index.php?rest_route=\/wp\/v2\/pages\/6138\/revisions"}],"predecessor-version":[{"id":10995,"href":"https:\/\/sp6kwidzyn.pl\/index.php?rest_route=\/wp\/v2\/pages\/6138\/revisions\/10995"}],"wp:attachment":[{"href":"https:\/\/sp6kwidzyn.pl\/index.php?rest_route=%2Fwp%2Fv2%2Fmedia&parent=6138"}],"curies":[{"name":"wp","href":"https:\/\/api.w.org\/{rel}","templated":true}]}}