{"id":6113,"date":"2021-02-06T13:29:26","date_gmt":"2021-02-06T12:29:26","guid":{"rendered":"https:\/\/sp6kwidzyn.pl\/?page_id=6113"},"modified":"2021-02-06T13:29:26","modified_gmt":"2021-02-06T12:29:26","slug":"wskazowki-do-pracy-z-dzieckiem-majacym-problemy-z-koncentracja-uwagi","status":"publish","type":"page","link":"https:\/\/sp6kwidzyn.pl\/?page_id=6113","title":{"rendered":"Wskaz\u00f3wki do pracy z dzieckiem maj\u0105cym problemy z koncentracj\u0105 uwagi."},"content":{"rendered":"<p><a href=\"https:\/\/drive.google.com\/file\/d\/14M3qoL7fMprnqEvpH0661yHZKUgE5DRX\/view?usp=sharing\"><img loading=\"lazy\" decoding=\"async\" class=\"aligncenter  wp-image-6114\" src=\"https:\/\/sp6kwidzyn.pl\/wp-content\/uploads\/2021\/02\/problemyzkoncentracja.png\" alt=\"\" width=\"592\" height=\"443\" srcset=\"https:\/\/sp6kwidzyn.pl\/wp-content\/uploads\/2021\/02\/problemyzkoncentracja.png 1494w, https:\/\/sp6kwidzyn.pl\/wp-content\/uploads\/2021\/02\/problemyzkoncentracja-300x224.png 300w, https:\/\/sp6kwidzyn.pl\/wp-content\/uploads\/2021\/02\/problemyzkoncentracja-1024x766.png 1024w, https:\/\/sp6kwidzyn.pl\/wp-content\/uploads\/2021\/02\/problemyzkoncentracja-768x575.png 768w, https:\/\/sp6kwidzyn.pl\/wp-content\/uploads\/2021\/02\/problemyzkoncentracja-640x480.png 640w\" sizes=\"auto, (max-width: 592px) 100vw, 592px\" \/><\/a><\/p>\n","protected":false},"excerpt":{"rendered":"","protected":false},"author":1,"featured_media":0,"parent":0,"menu_order":0,"comment_status":"closed","ping_status":"closed","template":"","meta":{"footnotes":""},"class_list":["post-6113","page","type-page","status-publish","hentry","has_thumb"],"aioseo_notices":[],"_links":{"self":[{"href":"https:\/\/sp6kwidzyn.pl\/index.php?rest_route=\/wp\/v2\/pages\/6113","targetHints":{"allow":["GET"]}}],"collection":[{"href":"https:\/\/sp6kwidzyn.pl\/index.php?rest_route=\/wp\/v2\/pages"}],"about":[{"href":"https:\/\/sp6kwidzyn.pl\/index.php?rest_route=\/wp\/v2\/types\/page"}],"author":[{"embeddable":true,"href":"https:\/\/sp6kwidzyn.pl\/index.php?rest_route=\/wp\/v2\/users\/1"}],"replies":[{"embeddable":true,"href":"https:\/\/sp6kwidzyn.pl\/index.php?rest_route=%2Fwp%2Fv2%2Fcomments&post=6113"}],"version-history":[{"count":1,"href":"https:\/\/sp6kwidzyn.pl\/index.php?rest_route=\/wp\/v2\/pages\/6113\/revisions"}],"predecessor-version":[{"id":6115,"href":"https:\/\/sp6kwidzyn.pl\/index.php?rest_route=\/wp\/v2\/pages\/6113\/revisions\/6115"}],"wp:attachment":[{"href":"https:\/\/sp6kwidzyn.pl\/index.php?rest_route=%2Fwp%2Fv2%2Fmedia&parent=6113"}],"curies":[{"name":"wp","href":"https:\/\/api.w.org\/{rel}","templated":true}]}}