{"id":6109,"date":"2021-02-06T13:21:24","date_gmt":"2021-02-06T12:21:24","guid":{"rendered":"https:\/\/sp6kwidzyn.pl\/?page_id=6109"},"modified":"2021-02-06T13:22:06","modified_gmt":"2021-02-06T12:22:06","slug":"rodzaje-uzaleznien-jak-im-przeciwdzialac-rozpoznawac-i-leczyc","status":"publish","type":"page","link":"https:\/\/sp6kwidzyn.pl\/?page_id=6109","title":{"rendered":"Rodzaje uzale\u017cnie\u0144 \u2013 jak im przeciwdzia\u0142a\u0107, rozpoznawa\u0107 i leczy\u0107?"},"content":{"rendered":"<p><a href=\"https:\/\/drive.google.com\/file\/d\/18sbjfRNth7cld5y5FyyMRGD0gwo6jvib\/view?usp=sharing\"><img loading=\"lazy\" decoding=\"async\" class=\"aligncenter wp-image-6110\" src=\"https:\/\/sp6kwidzyn.pl\/wp-content\/uploads\/2021\/02\/uzaleznienia.png\" alt=\"\" width=\"651\" height=\"474\" srcset=\"https:\/\/sp6kwidzyn.pl\/wp-content\/uploads\/2021\/02\/uzaleznienia.png 1435w, https:\/\/sp6kwidzyn.pl\/wp-content\/uploads\/2021\/02\/uzaleznienia-300x218.png 300w, https:\/\/sp6kwidzyn.pl\/wp-content\/uploads\/2021\/02\/uzaleznienia-1024x746.png 1024w, https:\/\/sp6kwidzyn.pl\/wp-content\/uploads\/2021\/02\/uzaleznienia-768x559.png 768w\" sizes=\"auto, (max-width: 651px) 100vw, 651px\" \/><\/a><\/p>\n","protected":false},"excerpt":{"rendered":"","protected":false},"author":1,"featured_media":0,"parent":0,"menu_order":0,"comment_status":"closed","ping_status":"closed","template":"","meta":{"footnotes":""},"class_list":["post-6109","page","type-page","status-publish","hentry","has_thumb"],"aioseo_notices":[],"_links":{"self":[{"href":"https:\/\/sp6kwidzyn.pl\/index.php?rest_route=\/wp\/v2\/pages\/6109","targetHints":{"allow":["GET"]}}],"collection":[{"href":"https:\/\/sp6kwidzyn.pl\/index.php?rest_route=\/wp\/v2\/pages"}],"about":[{"href":"https:\/\/sp6kwidzyn.pl\/index.php?rest_route=\/wp\/v2\/types\/page"}],"author":[{"embeddable":true,"href":"https:\/\/sp6kwidzyn.pl\/index.php?rest_route=\/wp\/v2\/users\/1"}],"replies":[{"embeddable":true,"href":"https:\/\/sp6kwidzyn.pl\/index.php?rest_route=%2Fwp%2Fv2%2Fcomments&post=6109"}],"version-history":[{"count":1,"href":"https:\/\/sp6kwidzyn.pl\/index.php?rest_route=\/wp\/v2\/pages\/6109\/revisions"}],"predecessor-version":[{"id":6111,"href":"https:\/\/sp6kwidzyn.pl\/index.php?rest_route=\/wp\/v2\/pages\/6109\/revisions\/6111"}],"wp:attachment":[{"href":"https:\/\/sp6kwidzyn.pl\/index.php?rest_route=%2Fwp%2Fv2%2Fmedia&parent=6109"}],"curies":[{"name":"wp","href":"https:\/\/api.w.org\/{rel}","templated":true}]}}