{"id":6098,"date":"2021-02-06T12:00:12","date_gmt":"2021-02-06T11:00:12","guid":{"rendered":"https:\/\/sp6kwidzyn.pl\/?page_id=6098"},"modified":"2021-02-06T12:45:13","modified_gmt":"2021-02-06T11:45:13","slug":"pomoc-w-lekcjach","status":"publish","type":"page","link":"https:\/\/sp6kwidzyn.pl\/?page_id=6098","title":{"rendered":"Jak pomaga\u0107 dziecku w lekcjach bez wyr\u0119czania?"},"content":{"rendered":"<p><em>\u201eTato, jaka jest najd\u0142u\u017csza rzeka na \u015bwiecie?<\/em>\u201d pyta dziecko, ziewaj\u0105c pochylone nad zeszytem. A tata odruchowo udziela odpowiedzi.<\/p>\n<p>W ten oto spos\u00f3b jeste\u015b \u201ezmanipulowany\u201d w odrabianie lekcji. Okazuje si\u0119, \u017ce jest wielu rodzic\u00f3w, kt\u00f3rzy w podobny spos\u00f3b pomagaj\u0105 swoim pociechom.<\/p>\n<p>W jaki spos\u00f3b pom\u00f3c dziecku w odrabianiu lekcji, unikaj\u0105c jednocze\u015bnie sytuacji, w kt\u00f3rej je po prostu wyr\u0119czasz?<\/p>\n<p>Oto kilka pomocnych wskaz\u00f3wek:<\/p>\n<ul>\n<li><strong>Planowanie zada\u0144<\/strong>. Ta umiej\u0119tno\u015b\u0107 przyda si\u0119 na ca\u0142e \u017cycie. Om\u00f3w z\u00a0dzieckiem kolejno\u015b\u0107 dzia\u0142a\u0144, jakie nale\u017cy wykona\u0107 \u201ekrok po kroku\u201d. Popro\u015b dziecko o powt\u00f3rzenie tego, co razem ustalili\u015bcie.<\/li>\n<li><strong>Dobra organizacja<\/strong>. Zapewnij dziecku sta\u0142e miejsce, odpowiednie do odrabiania pracy domowej i przechowywania podr\u0119cznik\u00f3w, zeszyt\u00f3w, pomocy szkolnych itp. Postaraj si\u0119 przyzwyczai\u0107 dziecko do chowania, uk\u0142adania rzeczy po sko\u0144czonej pracy, a tak\u017ce do pakowania plecaka na nast\u0119pny dzie\u0144 \u2013 koniecznie zgodnie z planem lekcji.<\/li>\n<li>Dzieci nie potrafi\u0105 uczy\u0107 si\u0119 przy w\u0142\u0105czonym TV, radio, komputerze. Dobrze jest, aby dziecko odrabia\u0142o lekcje w tym samym czasie, kiedy reszta domownik\u00f3w r\u00f3wnie\u017c zaj\u0119ta jest jak\u0105\u015b prac\u0105.<\/li>\n<li><strong>Satysfakcja<\/strong>. Warto nagradza\u0107 dziecko za systematyczn\u0105 nauk\u0119. Nie chodzi tu o nagrody typowo materialne, ale przede wszystkim o\u00a0pokazanie mu, \u017ce mo\u017cna by\u0107 dumnym z wykonanej pracy. Powiedz np.\u201d To wspania\u0142e uczucie \u2013 mie\u0107 zako\u0144czon\u0105 prac\u0119, prawda?\u201d.<\/li>\n<\/ul>\n<p><img loading=\"lazy\" decoding=\"async\" class=\"aligncenter size-full wp-image-6099\" src=\"https:\/\/sp6kwidzyn.pl\/wp-content\/uploads\/2021\/02\/ksiazka.png\" alt=\"\" width=\"153\" height=\"122\" \/><\/p>\n<p><em>Opracowa\u0142a JBO.<\/em><\/p>\n<p>&nbsp;<\/p>\n","protected":false},"excerpt":{"rendered":"<p>\u201eTato, jaka jest najd\u0142u\u017csza rzeka na \u015bwiecie?\u201d pyta dziecko, ziewaj\u0105c pochylone nad zeszytem. A tata odruchowo udziela odpowiedzi. W ten [&hellip;]<\/p>\n","protected":false},"author":1,"featured_media":0,"parent":0,"menu_order":0,"comment_status":"closed","ping_status":"closed","template":"","meta":{"footnotes":""},"class_list":["post-6098","page","type-page","status-publish","hentry","has_thumb"],"aioseo_notices":[],"_links":{"self":[{"href":"https:\/\/sp6kwidzyn.pl\/index.php?rest_route=\/wp\/v2\/pages\/6098","targetHints":{"allow":["GET"]}}],"collection":[{"href":"https:\/\/sp6kwidzyn.pl\/index.php?rest_route=\/wp\/v2\/pages"}],"about":[{"href":"https:\/\/sp6kwidzyn.pl\/index.php?rest_route=\/wp\/v2\/types\/page"}],"author":[{"embeddable":true,"href":"https:\/\/sp6kwidzyn.pl\/index.php?rest_route=\/wp\/v2\/users\/1"}],"replies":[{"embeddable":true,"href":"https:\/\/sp6kwidzyn.pl\/index.php?rest_route=%2Fwp%2Fv2%2Fcomments&post=6098"}],"version-history":[{"count":2,"href":"https:\/\/sp6kwidzyn.pl\/index.php?rest_route=\/wp\/v2\/pages\/6098\/revisions"}],"predecessor-version":[{"id":6101,"href":"https:\/\/sp6kwidzyn.pl\/index.php?rest_route=\/wp\/v2\/pages\/6098\/revisions\/6101"}],"wp:attachment":[{"href":"https:\/\/sp6kwidzyn.pl\/index.php?rest_route=%2Fwp%2Fv2%2Fmedia&parent=6098"}],"curies":[{"name":"wp","href":"https:\/\/api.w.org\/{rel}","templated":true}]}}