{"id":5422,"date":"2020-07-05T14:20:55","date_gmt":"2020-07-05T12:20:55","guid":{"rendered":"https:\/\/sp6kwidzyn.pl\/?page_id=5422"},"modified":"2020-07-17T21:01:50","modified_gmt":"2020-07-17T19:01:50","slug":"lautreatka-i-dwoch-finalistow-z-informatyki","status":"publish","type":"page","link":"https:\/\/sp6kwidzyn.pl\/?page_id=5422","title":{"rendered":"Laureatka i dw\u00f3ch finalist\u00f3w z informatyki!"},"content":{"rendered":"<p><strong>Marysia Kuberska<\/strong> z klasy 7c zosta\u0142a <strong>LAUREATK\u0104<\/strong> <strong>Kuratoryjnego Konkursu z Informatyki<\/strong>, a <strong>Adam Biskupski<\/strong> z klasy 8c i <strong>Kuba Schreiber<\/strong> z klasy 7e &#8211; <strong>FINALISTAMI.<\/strong><\/p>\n<p>Warto\u00a0 zauwa\u017cy\u0107, \u017ce Marysia jest jedn\u0105 z dw\u00f3ch uczennic w wojew\u00f3dztwie z tytu\u0142em Laureata z Informatyki, jedynym Laureatem z powiatu kwidzy\u0144skiego i naszego rejonu, no i jest dopiero w si\u00f3dmej klasie&#8230;<\/p>\n<div id='gallery-1' class='gallery galleryid-5422 gallery-columns-3 gallery-size-thumbnail'><figure class='gallery-item'>\n\t\t\t<div class='gallery-icon portrait'>\n\t\t\t\t<a href='https:\/\/sp6kwidzyn.pl\/?attachment_id=3298'><img loading=\"lazy\" decoding=\"async\" width=\"150\" height=\"150\" src=\"https:\/\/sp6kwidzyn.pl\/wp-content\/uploads\/2020\/03\/Adam-150x150.png\" class=\"attachment-thumbnail size-thumbnail\" alt=\"\" aria-describedby=\"gallery-1-3298\" srcset=\"https:\/\/sp6kwidzyn.pl\/wp-content\/uploads\/2020\/03\/Adam-150x150.png 150w, https:\/\/sp6kwidzyn.pl\/wp-content\/uploads\/2020\/03\/Adam-653x653.png 653w, https:\/\/sp6kwidzyn.pl\/wp-content\/uploads\/2020\/03\/Adam-620x620.png 620w, https:\/\/sp6kwidzyn.pl\/wp-content\/uploads\/2020\/03\/Adam-400x400.png 400w, https:\/\/sp6kwidzyn.pl\/wp-content\/uploads\/2020\/03\/Adam-500x500.png 500w, https:\/\/sp6kwidzyn.pl\/wp-content\/uploads\/2020\/03\/Adam-550x550.png 550w\" sizes=\"auto, (max-width: 150px) 100vw, 150px\" \/><\/a>\n\t\t\t<\/div>\n\t\t\t\t<figcaption class='wp-caption-text gallery-caption' id='gallery-1-3298'>\n\t\t\t\tAdam Biskupski &#8211; Finalista\n\t\t\t\t<\/figcaption><\/figure><figure class='gallery-item'>\n\t\t\t<div class='gallery-icon portrait'>\n\t\t\t\t<a href='https:\/\/sp6kwidzyn.pl\/?attachment_id=3296'><img loading=\"lazy\" decoding=\"async\" width=\"150\" height=\"150\" src=\"https:\/\/sp6kwidzyn.pl\/wp-content\/uploads\/2020\/03\/Marysia-150x150.png\" class=\"attachment-thumbnail size-thumbnail\" alt=\"\" aria-describedby=\"gallery-1-3296\" srcset=\"https:\/\/sp6kwidzyn.pl\/wp-content\/uploads\/2020\/03\/Marysia-150x150.png 150w, https:\/\/sp6kwidzyn.pl\/wp-content\/uploads\/2020\/03\/Marysia-585x585.png 585w, https:\/\/sp6kwidzyn.pl\/wp-content\/uploads\/2020\/03\/Marysia-500x500.png 500w, https:\/\/sp6kwidzyn.pl\/wp-content\/uploads\/2020\/03\/Marysia-550x550.png 550w\" sizes=\"auto, (max-width: 150px) 100vw, 150px\" \/><\/a>\n\t\t\t<\/div>\n\t\t\t\t<figcaption class='wp-caption-text gallery-caption' id='gallery-1-3296'>\n\t\t\t\tMarysia Kuberska &#8211; Laureatka Kuratoryjnego Konkursu z Informatyki\n\t\t\t\t<\/figcaption><\/figure><figure class='gallery-item'>\n\t\t\t<div class='gallery-icon portrait'>\n\t\t\t\t<a href='https:\/\/sp6kwidzyn.pl\/?attachment_id=3297'><img loading=\"lazy\" decoding=\"async\" width=\"150\" height=\"150\" src=\"https:\/\/sp6kwidzyn.pl\/wp-content\/uploads\/2020\/03\/Kuba-150x150.png\" class=\"attachment-thumbnail size-thumbnail\" alt=\"\" aria-describedby=\"gallery-1-3297\" srcset=\"https:\/\/sp6kwidzyn.pl\/wp-content\/uploads\/2020\/03\/Kuba-150x150.png 150w, https:\/\/sp6kwidzyn.pl\/wp-content\/uploads\/2020\/03\/Kuba-581x581.png 581w, https:\/\/sp6kwidzyn.pl\/wp-content\/uploads\/2020\/03\/Kuba-500x500.png 500w, https:\/\/sp6kwidzyn.pl\/wp-content\/uploads\/2020\/03\/Kuba-550x550.png 550w\" sizes=\"auto, (max-width: 150px) 100vw, 150px\" \/><\/a>\n\t\t\t<\/div>\n\t\t\t\t<figcaption class='wp-caption-text gallery-caption' id='gallery-1-3297'>\n\t\t\t\tKuba Schreiber &#8211; Finalista\n\t\t\t\t<\/figcaption><\/figure>\n\t\t<\/div>\n\n<p>Nauczyciel: <strong>Marek Taraszkiewicz<\/strong>.<\/p>\n<p style=\"text-align: right;\"><strong>Gratulujemy sukcesu naszym najlepszym informatykom!<\/strong><\/p>\n<p><img loading=\"lazy\" decoding=\"async\" class=\" wp-image-493 alignright\" src=\"https:\/\/sp6kwidzyn.pl\/wp-content\/uploads\/2019\/03\/oklaski.png\" alt=\"\" width=\"247\" height=\"178\" srcset=\"https:\/\/sp6kwidzyn.pl\/wp-content\/uploads\/2019\/03\/oklaski.png 398w, https:\/\/sp6kwidzyn.pl\/wp-content\/uploads\/2019\/03\/oklaski-300x216.png 300w\" sizes=\"auto, (max-width: 247px) 100vw, 247px\" \/><\/p>\n<p>&nbsp;<\/p>\n<p>&nbsp;<\/p>\n<p>&nbsp;<\/p>\n<p>&nbsp;<\/p>\n<p>Poni\u017cej: Lista laureat\u00f3w i finalist\u00f3w.<\/p>\n<p><img loading=\"lazy\" decoding=\"async\" class=\"aligncenter size-full wp-image-3269\" src=\"https:\/\/sp6kwidzyn.pl\/wp-content\/uploads\/2020\/03\/listalaureatow2020.png\" alt=\"\" width=\"864\" height=\"537\" srcset=\"https:\/\/sp6kwidzyn.pl\/wp-content\/uploads\/2020\/03\/listalaureatow2020.png 864w, https:\/\/sp6kwidzyn.pl\/wp-content\/uploads\/2020\/03\/listalaureatow2020-300x186.png 300w, https:\/\/sp6kwidzyn.pl\/wp-content\/uploads\/2020\/03\/listalaureatow2020-768x477.png 768w\" sizes=\"auto, (max-width: 864px) 100vw, 864px\" \/><\/p>\n<p><img loading=\"lazy\" decoding=\"async\" class=\"aligncenter size-full wp-image-3270\" src=\"https:\/\/sp6kwidzyn.pl\/wp-content\/uploads\/2020\/03\/finalisci2020.png\" alt=\"\" width=\"878\" height=\"532\" srcset=\"https:\/\/sp6kwidzyn.pl\/wp-content\/uploads\/2020\/03\/finalisci2020.png 878w, https:\/\/sp6kwidzyn.pl\/wp-content\/uploads\/2020\/03\/finalisci2020-300x182.png 300w, https:\/\/sp6kwidzyn.pl\/wp-content\/uploads\/2020\/03\/finalisci2020-768x465.png 768w\" sizes=\"auto, (max-width: 878px) 100vw, 878px\" \/><\/p>\n","protected":false},"excerpt":{"rendered":"<p>Marysia Kuberska z klasy 7c zosta\u0142a LAUREATK\u0104 Kuratoryjnego Konkursu z Informatyki, a Adam Biskupski z klasy 8c i Kuba Schreiber [&hellip;]<\/p>\n","protected":false},"author":1,"featured_media":0,"parent":0,"menu_order":0,"comment_status":"closed","ping_status":"closed","template":"","meta":{"footnotes":""},"class_list":["post-5422","page","type-page","status-publish","hentry","has_thumb"],"aioseo_notices":[],"_links":{"self":[{"href":"https:\/\/sp6kwidzyn.pl\/index.php?rest_route=\/wp\/v2\/pages\/5422","targetHints":{"allow":["GET"]}}],"collection":[{"href":"https:\/\/sp6kwidzyn.pl\/index.php?rest_route=\/wp\/v2\/pages"}],"about":[{"href":"https:\/\/sp6kwidzyn.pl\/index.php?rest_route=\/wp\/v2\/types\/page"}],"author":[{"embeddable":true,"href":"https:\/\/sp6kwidzyn.pl\/index.php?rest_route=\/wp\/v2\/users\/1"}],"replies":[{"embeddable":true,"href":"https:\/\/sp6kwidzyn.pl\/index.php?rest_route=%2Fwp%2Fv2%2Fcomments&post=5422"}],"version-history":[{"count":4,"href":"https:\/\/sp6kwidzyn.pl\/index.php?rest_route=\/wp\/v2\/pages\/5422\/revisions"}],"predecessor-version":[{"id":5441,"href":"https:\/\/sp6kwidzyn.pl\/index.php?rest_route=\/wp\/v2\/pages\/5422\/revisions\/5441"}],"wp:attachment":[{"href":"https:\/\/sp6kwidzyn.pl\/index.php?rest_route=%2Fwp%2Fv2%2Fmedia&parent=5422"}],"curies":[{"name":"wp","href":"https:\/\/api.w.org\/{rel}","templated":true}]}}