{"id":4484,"date":"2020-04-23T09:28:10","date_gmt":"2020-04-23T07:28:10","guid":{"rendered":"https:\/\/sp6kwidzyn.pl\/?page_id=4484"},"modified":"2025-09-07T09:25:52","modified_gmt":"2025-09-07T07:25:52","slug":"informator-o-ofercie-edukacyjnej-na-rok-szkolny-2020-2021-dla-kandydatow-do-szkol-ponadpodstawowych-prowadzonych-przez-powiat-kwidzynski","status":"publish","type":"page","link":"https:\/\/sp6kwidzyn.pl\/?page_id=4484","title":{"rendered":"INFORMATOR O OFERCIE EDUKACYJNEJ NA ROK SZKOLNY 2024\/2025 DLA KANDYDAT\u00d3W DO SZK\u00d3\u0141 PONADPODSTAWOWYCH PROWADZONYCH PRZEZ POWIAT KWIDZY\u0143SKI"},"content":{"rendered":"<p>&nbsp;<\/p>\n<p style=\"text-align: center;\"><a href=\"https:\/\/sp6kwidzyn.pl\/wp-content\/uploads\/2025\/09\/informator2024.pdf\">informator2024<\/a><a href=\"https:\/\/sp6kwidzyn.pl\/wp-content\/uploads\/2025\/09\/informator2024.pdf\">\/2025<\/a><\/p>\n<p><a href=\"https:\/\/sp6kwidzyn.pl\/wp-content\/uploads\/2025\/09\/informator2024.pdf\"><img loading=\"lazy\" decoding=\"async\" class=\"aligncenter size-full wp-image-11723\" src=\"https:\/\/sp6kwidzyn.pl\/wp-content\/uploads\/2025\/09\/informator202425.jpg\" alt=\"\" width=\"1858\" height=\"1556\" srcset=\"https:\/\/sp6kwidzyn.pl\/wp-content\/uploads\/2025\/09\/informator202425.jpg 1858w, https:\/\/sp6kwidzyn.pl\/wp-content\/uploads\/2025\/09\/informator202425-300x251.jpg 300w, https:\/\/sp6kwidzyn.pl\/wp-content\/uploads\/2025\/09\/informator202425-1024x858.jpg 1024w, https:\/\/sp6kwidzyn.pl\/wp-content\/uploads\/2025\/09\/informator202425-768x643.jpg 768w, https:\/\/sp6kwidzyn.pl\/wp-content\/uploads\/2025\/09\/informator202425-1536x1286.jpg 1536w\" sizes=\"auto, (max-width: 1858px) 100vw, 1858px\" \/><\/a><\/p>\n<p>&nbsp;<\/p>\n","protected":false},"excerpt":{"rendered":"<p>&nbsp; informator2024\/2025 &nbsp;<\/p>\n","protected":false},"author":1,"featured_media":0,"parent":0,"menu_order":0,"comment_status":"closed","ping_status":"closed","template":"","meta":{"footnotes":""},"class_list":["post-4484","page","type-page","status-publish","hentry","has_thumb"],"aioseo_notices":[],"_links":{"self":[{"href":"https:\/\/sp6kwidzyn.pl\/index.php?rest_route=\/wp\/v2\/pages\/4484","targetHints":{"allow":["GET"]}}],"collection":[{"href":"https:\/\/sp6kwidzyn.pl\/index.php?rest_route=\/wp\/v2\/pages"}],"about":[{"href":"https:\/\/sp6kwidzyn.pl\/index.php?rest_route=\/wp\/v2\/types\/page"}],"author":[{"embeddable":true,"href":"https:\/\/sp6kwidzyn.pl\/index.php?rest_route=\/wp\/v2\/users\/1"}],"replies":[{"embeddable":true,"href":"https:\/\/sp6kwidzyn.pl\/index.php?rest_route=%2Fwp%2Fv2%2Fcomments&post=4484"}],"version-history":[{"count":7,"href":"https:\/\/sp6kwidzyn.pl\/index.php?rest_route=\/wp\/v2\/pages\/4484\/revisions"}],"predecessor-version":[{"id":11725,"href":"https:\/\/sp6kwidzyn.pl\/index.php?rest_route=\/wp\/v2\/pages\/4484\/revisions\/11725"}],"wp:attachment":[{"href":"https:\/\/sp6kwidzyn.pl\/index.php?rest_route=%2Fwp%2Fv2%2Fmedia&parent=4484"}],"curies":[{"name":"wp","href":"https:\/\/api.w.org\/{rel}","templated":true}]}}