{"id":44,"date":"2019-03-02T22:25:13","date_gmt":"2019-03-02T21:25:13","guid":{"rendered":"http:\/\/sp6kwidzyn.pl\/?page_id=44"},"modified":"2026-02-09T10:19:34","modified_gmt":"2026-02-09T09:19:34","slug":"kontakt","status":"publish","type":"page","link":"https:\/\/sp6kwidzyn.pl\/?page_id=44","title":{"rendered":"Kontakt"},"content":{"rendered":"\r\n<p><strong>Szko\u0142a Podstawowa nr 6 z Oddzia\u0142ami Integracyjnymi w Kwidzynie im. W\u0142adys\u0142awa G\u0119bika\u00a0<\/strong><\/p>\r\n<p><img loading=\"lazy\" decoding=\"async\" class=\"wp-image-219 alignleft\" src=\"https:\/\/sp6kwidzyn.pl\/wp-content\/uploads\/2019\/03\/Szko_a_Podstawowa_nr_6_w_Kwidzynie_-300x300.png\" alt=\"\" width=\"144\" height=\"144\" srcset=\"https:\/\/sp6kwidzyn.pl\/wp-content\/uploads\/2019\/03\/Szko_a_Podstawowa_nr_6_w_Kwidzynie_-300x300.png 300w, https:\/\/sp6kwidzyn.pl\/wp-content\/uploads\/2019\/03\/Szko_a_Podstawowa_nr_6_w_Kwidzynie_-150x150.png 150w, https:\/\/sp6kwidzyn.pl\/wp-content\/uploads\/2019\/03\/Szko_a_Podstawowa_nr_6_w_Kwidzynie_-768x768.png 768w, https:\/\/sp6kwidzyn.pl\/wp-content\/uploads\/2019\/03\/Szko_a_Podstawowa_nr_6_w_Kwidzynie_-1024x1024.png 1024w\" sizes=\"auto, (max-width: 144px) 100vw, 144px\" \/><\/p>\r\n<p><br \/>Wizyt\u00f3wka vCard<\/p>\r\n<p>&nbsp;<\/p>\r\n<p>&nbsp;<\/p>\r\n<p><em><a href=\"https:\/\/www.google.pl\/maps\/dir\/\/Szko%C5%82a+Podstawowa+nr+6,+Grunwaldzka+54,+82-500+Kwidzyn\/@53.7247612,18.9250982,15z\/data=!4m9!4m8!1m0!1m5!1m1!1s0x4702b0d20f9abaa5:0x14f4d6e8789d2bb2!2m2!1d18.9323087!2d53.7241352!3e0\"><img loading=\"lazy\" decoding=\"async\" class=\"size-full wp-image-140 alignleft\" src=\"https:\/\/sp6kwidzyn.pl\/wp-content\/uploads\/2019\/03\/mapka.png\" alt=\"\" width=\"196\" height=\"119\" \/><\/a><\/em><\/p>\r\n<p><em>Adres:<\/em> <a href=\"https:\/\/www.google.pl\/maps\/dir\/\/Szko%C5%82a+Podstawowa+nr+6,+Grunwaldzka+54,+82-500+Kwidzyn\/@53.7247612,18.9250982,15z\/data=!4m9!4m8!1m0!1m5!1m1!1s0x4702b0d20f9abaa5:0x14f4d6e8789d2bb2!2m2!1d18.9323087!2d53.7241352!3e0\">(mapa)<\/a><br \/>ul.Grunwaldzka 54<br \/>82-500 Kwidzyn<\/p>\r\n<p><br \/><em><br \/><a href=\"mailto:szostka@sp6.kwidzyn.pl\"><img loading=\"lazy\" decoding=\"async\" class=\"size-full wp-image-137 alignleft\" src=\"https:\/\/sp6kwidzyn.pl\/wp-content\/uploads\/2019\/03\/mail.png\" alt=\"\" width=\"64\" height=\"62\" \/><\/a>Email:<br \/><\/em><a href=\"mailto:szostka@sp6.kwidzyn.pl\">szostka@sp6.kwidzyn.pl<\/a><\/p>\r\n\r\n\r\n\r\n<p>&nbsp;<\/p>\r\n<p><em><img loading=\"lazy\" decoding=\"async\" class=\"size-full wp-image-138 alignleft\" src=\"https:\/\/sp6kwidzyn.pl\/wp-content\/uploads\/2019\/03\/tel.png\" alt=\"\" width=\"65\" height=\"64\" \/>Telefon:<\/em><br \/>55 279-34-44<\/p>\r\n<p>&nbsp;<\/p>\r\n<p><em><img loading=\"lazy\" decoding=\"async\" class=\"size-full wp-image-139 alignleft\" src=\"https:\/\/sp6kwidzyn.pl\/wp-content\/uploads\/2019\/03\/fax.png\" alt=\"\" width=\"60\" height=\"60\" \/><\/em><\/p>\r\n<div>adres do E-dor\u0119cze\u0144: <strong>AE:PL-40323-48305-JTFWS-21<\/strong><br \/><em>Strona www: <\/em><a href=\"https:\/\/www.sp6kwidzyn.pl\">https:\/\/www.sp6kwidzyn.pl<\/a><\/div>\r\n","protected":false},"excerpt":{"rendered":"<p>Szko\u0142a Podstawowa nr 6 z Oddzia\u0142ami Integracyjnymi w Kwidzynie im. W\u0142adys\u0142awa G\u0119bika\u00a0 Wizyt\u00f3wka vCard &nbsp; &nbsp; Adres: (mapa)ul.Grunwaldzka 5482-500 Kwidzyn [&hellip;]<\/p>\n","protected":false},"author":1,"featured_media":0,"parent":0,"menu_order":0,"comment_status":"closed","ping_status":"closed","template":"","meta":{"footnotes":""},"class_list":["post-44","page","type-page","status-publish","hentry","has_thumb"],"aioseo_notices":[],"_links":{"self":[{"href":"https:\/\/sp6kwidzyn.pl\/index.php?rest_route=\/wp\/v2\/pages\/44","targetHints":{"allow":["GET"]}}],"collection":[{"href":"https:\/\/sp6kwidzyn.pl\/index.php?rest_route=\/wp\/v2\/pages"}],"about":[{"href":"https:\/\/sp6kwidzyn.pl\/index.php?rest_route=\/wp\/v2\/types\/page"}],"author":[{"embeddable":true,"href":"https:\/\/sp6kwidzyn.pl\/index.php?rest_route=\/wp\/v2\/users\/1"}],"replies":[{"embeddable":true,"href":"https:\/\/sp6kwidzyn.pl\/index.php?rest_route=%2Fwp%2Fv2%2Fcomments&post=44"}],"version-history":[{"count":4,"href":"https:\/\/sp6kwidzyn.pl\/index.php?rest_route=\/wp\/v2\/pages\/44\/revisions"}],"predecessor-version":[{"id":11948,"href":"https:\/\/sp6kwidzyn.pl\/index.php?rest_route=\/wp\/v2\/pages\/44\/revisions\/11948"}],"wp:attachment":[{"href":"https:\/\/sp6kwidzyn.pl\/index.php?rest_route=%2Fwp%2Fv2%2Fmedia&parent=44"}],"curies":[{"name":"wp","href":"https:\/\/api.w.org\/{rel}","templated":true}]}}