{"id":208,"date":"2019-03-03T17:50:12","date_gmt":"2019-03-03T16:50:12","guid":{"rendered":"http:\/\/sp6kwidzyn.pl\/?page_id=208"},"modified":"2019-03-03T17:50:24","modified_gmt":"2019-03-03T16:50:24","slug":"stolowka","status":"publish","type":"page","link":"https:\/\/sp6kwidzyn.pl\/?page_id=208","title":{"rendered":"Sto\u0142\u00f3wka"},"content":{"rendered":"<div class=\"entry-content cf\">\n<p>STO\u0141\u00d3WKA<br \/>\nwydaje obiady od poniedzia\u0142ku do pi\u0105tku w godz.11:30 \u2013 14:30<br \/>\nUczniowie spo\u017cywaj\u0105 posi\u0142ki na d\u0142ugich przerwach lub po lekcjach:<br \/>\nKl. I-III \u2013 w godz.11:30 \u2013 11:45<br \/>\nKl. IV-VIII \u2013 w godz.12:30 \u2013 12:45<br \/>\nDzieci ucz\u0119szczaj\u0105ce do \u015bwietlicy jedz\u0105 obiady pod opiek\u0105 pracownik\u00f3w szko\u0142y zgodnie z harmonogramem \u015bwietlicy.<\/p>\n<\/div>\n","protected":false},"excerpt":{"rendered":"<p>STO\u0141\u00d3WKA wydaje obiady od poniedzia\u0142ku do pi\u0105tku w godz.11:30 \u2013 14:30 Uczniowie spo\u017cywaj\u0105 posi\u0142ki na d\u0142ugich przerwach lub po lekcjach: [&hellip;]<\/p>\n","protected":false},"author":1,"featured_media":0,"parent":0,"menu_order":0,"comment_status":"closed","ping_status":"closed","template":"","meta":{"footnotes":""},"class_list":["post-208","page","type-page","status-publish","hentry","has_no_thumb"],"aioseo_notices":[],"_links":{"self":[{"href":"https:\/\/sp6kwidzyn.pl\/index.php?rest_route=\/wp\/v2\/pages\/208","targetHints":{"allow":["GET"]}}],"collection":[{"href":"https:\/\/sp6kwidzyn.pl\/index.php?rest_route=\/wp\/v2\/pages"}],"about":[{"href":"https:\/\/sp6kwidzyn.pl\/index.php?rest_route=\/wp\/v2\/types\/page"}],"author":[{"embeddable":true,"href":"https:\/\/sp6kwidzyn.pl\/index.php?rest_route=\/wp\/v2\/users\/1"}],"replies":[{"embeddable":true,"href":"https:\/\/sp6kwidzyn.pl\/index.php?rest_route=%2Fwp%2Fv2%2Fcomments&post=208"}],"version-history":[{"count":0,"href":"https:\/\/sp6kwidzyn.pl\/index.php?rest_route=\/wp\/v2\/pages\/208\/revisions"}],"wp:attachment":[{"href":"https:\/\/sp6kwidzyn.pl\/index.php?rest_route=%2Fwp%2Fv2%2Fmedia&parent=208"}],"curies":[{"name":"wp","href":"https:\/\/api.w.org\/{rel}","templated":true}]}}