{"id":204,"date":"2019-03-03T17:46:05","date_gmt":"2019-03-03T16:46:05","guid":{"rendered":"http:\/\/sp6kwidzyn.pl\/?page_id=204"},"modified":"2025-02-14T10:34:31","modified_gmt":"2025-02-14T09:34:31","slug":"specjalisci","status":"publish","type":"page","link":"https:\/\/sp6kwidzyn.pl\/?page_id=204","title":{"rendered":"Specjali\u015bci"},"content":{"rendered":"<div class=\"entry-content cf\">\n<p style=\"text-align: left;\"><strong> PEDAGOG SZKOLNY KAROLINA DUBIENIEC KA s. 117<\/strong><\/p>\n<table width=\"614\">\n<tbody>\n<tr>\n<td style=\"text-align: center;\" width=\"189\">Poniedzia\u0142ek<\/td>\n<td>Wtorek<\/td>\n<td>\u015aroda<\/td>\n<td>Czwartek<\/td>\n<td>Pi\u0105tek<\/td>\n<\/tr>\n<tr>\n<td>8.30 &#8211; 12.00<\/td>\n<td>8.30 &#8211; 14.00<\/td>\n<td>\u00a08.30 &#8211; 14.00<\/td>\n<td>\u00a08.30 &#8211; 13.00<\/td>\n<td>\u00a08.30 &#8211; 14.30<\/td>\n<\/tr>\n<tr>\n<td><\/td>\n<td><\/td>\n<td><\/td>\n<td><\/td>\n<td><\/td>\n<\/tr>\n<\/tbody>\n<\/table>\n<p><strong>LOGOPEDA Alina K\u0142os <\/strong><strong>sala 135<\/strong><\/p>\n<table width=\"696\">\n<tbody>\n<tr>\n<td width=\"164\">PONIEDZIA\u0141EK<\/td>\n<td width=\"136\">WTOREK<\/td>\n<td width=\"134\">\u015aRODA<\/td>\n<td width=\"128\">CZWARTEK<\/td>\n<td width=\"134\">PI\u0104TEK<\/td>\n<\/tr>\n<tr>\n<td width=\"164\">8.00-13.30<\/td>\n<td width=\"136\">8.00-13.30<\/td>\n<td width=\"134\">8.00-14.30<\/td>\n<td width=\"128\">9.50-13.30<\/td>\n<td width=\"134\">8.00-13.30<\/td>\n<\/tr>\n<\/tbody>\n<\/table>\n<p><strong><br \/>\nPSYCHOLOG SZKOLNY\/PSYCHOLOG SPECJALNY &#8211; EWA RUBAJ-BISKUPSKA s. 115<\/strong><\/p>\n<table>\n<tbody>\n<tr>\n<td>Poniedzia\u0142ek<\/td>\n<td>Wtorek<\/td>\n<td>\u015aroda<\/td>\n<td>Czwartek<\/td>\n<td>Pi\u0105tek<\/td>\n<\/tr>\n<tr>\n<td>8.00 &#8211; 14.00<\/td>\n<td>8.00 &#8211; 15.30<\/td>\n<td>8.00 &#8211; 14.30<\/td>\n<td>8.00 &#8211; 14.00<\/td>\n<td>8.00 &#8211; 13.00<\/td>\n<\/tr>\n<\/tbody>\n<\/table>\n<p><strong>Psycholog\u00a0<\/strong><strong>Katarzyna Prusinowska\u00a0<\/strong><strong>sala 24a<\/strong><\/p>\n<table width=\"605\">\n<tbody>\n<tr>\n<td width=\"164\">PONIEDZIA\u0141EK<\/td>\n<td width=\"134\">\u015aRODA<\/td>\n<td width=\"147\">CZWARTEK<\/td>\n<td width=\"161\">PI\u0104TEK<\/td>\n<\/tr>\n<tr>\n<td width=\"164\">12.30-15.30<\/td>\n<td width=\"134\">13.30-15.30<\/td>\n<td width=\"147\">13.30-15.30<\/td>\n<td width=\"161\">8.00-12.00<\/td>\n<\/tr>\n<\/tbody>\n<\/table>\n<p><strong>\u00a0<\/strong><\/p>\n<p><strong>PIEL\u0118GNIARKA SZKOLNA &#8211; Katarzyna Kostro sala 9<\/strong><\/p>\n<table>\n<tbody>\n<tr>\n<td>Poniedzia\u0142ek<\/td>\n<td>Wtorek<\/td>\n<td>\u015aroda<\/td>\n<td>Czwartek<\/td>\n<td>Pi\u0105tek<\/td>\n<\/tr>\n<tr>\n<td>7:00 \u2013 14:00<\/td>\n<td>7:00 \u2013 14:00<\/td>\n<td>7:00 \u2013 14:00<\/td>\n<td>7.00- 10.00<\/td>\n<td>7.00- 10.00<\/td>\n<\/tr>\n<\/tbody>\n<\/table>\n<\/div>\n","protected":false},"excerpt":{"rendered":"<p>PEDAGOG SZKOLNY KAROLINA DUBIENIEC KA s. 117 Poniedzia\u0142ek Wtorek \u015aroda Czwartek Pi\u0105tek 8.30 &#8211; 12.00 8.30 &#8211; 14.00 \u00a08.30 &#8211; [&hellip;]<\/p>\n","protected":false},"author":1,"featured_media":0,"parent":0,"menu_order":0,"comment_status":"closed","ping_status":"closed","template":"","meta":{"footnotes":""},"class_list":["post-204","page","type-page","status-publish","hentry","has_no_thumb"],"aioseo_notices":[],"_links":{"self":[{"href":"https:\/\/sp6kwidzyn.pl\/index.php?rest_route=\/wp\/v2\/pages\/204","targetHints":{"allow":["GET"]}}],"collection":[{"href":"https:\/\/sp6kwidzyn.pl\/index.php?rest_route=\/wp\/v2\/pages"}],"about":[{"href":"https:\/\/sp6kwidzyn.pl\/index.php?rest_route=\/wp\/v2\/types\/page"}],"author":[{"embeddable":true,"href":"https:\/\/sp6kwidzyn.pl\/index.php?rest_route=\/wp\/v2\/users\/1"}],"replies":[{"embeddable":true,"href":"https:\/\/sp6kwidzyn.pl\/index.php?rest_route=%2Fwp%2Fv2%2Fcomments&post=204"}],"version-history":[{"count":12,"href":"https:\/\/sp6kwidzyn.pl\/index.php?rest_route=\/wp\/v2\/pages\/204\/revisions"}],"predecessor-version":[{"id":11181,"href":"https:\/\/sp6kwidzyn.pl\/index.php?rest_route=\/wp\/v2\/pages\/204\/revisions\/11181"}],"wp:attachment":[{"href":"https:\/\/sp6kwidzyn.pl\/index.php?rest_route=%2Fwp%2Fv2%2Fmedia&parent=204"}],"curies":[{"name":"wp","href":"https:\/\/api.w.org\/{rel}","templated":true}]}}