{"id":201,"date":"2019-03-03T17:43:08","date_gmt":"2019-03-03T16:43:08","guid":{"rendered":"http:\/\/sp6kwidzyn.pl\/?page_id=201"},"modified":"2024-03-12T12:08:16","modified_gmt":"2024-03-12T11:08:16","slug":"dyrekcja-szkoly","status":"publish","type":"page","link":"https:\/\/sp6kwidzyn.pl\/?page_id=201","title":{"rendered":"Dyrekcja szko\u0142y"},"content":{"rendered":"<div class=\"entry-content cf\">\n<p style=\"text-align: center;\"><strong>Dyrektor szko\u0142y<\/strong><br \/>\n<strong>Danuta Chodorowska<\/strong><\/p>\n<p style=\"text-align: center;\"><em>dchodorowska@sp6kwidzyn.pl<\/em><\/p>\n<p style=\"text-align: center;\">godziny przyj\u0119\u0107 interesant\u00f3w<br \/>\n\u015broda 11.00 \u2013 15.00<br \/>\n<strong><br \/>\nWicedyrektor <\/strong><br \/>\n<strong>Miros\u0142awa Makul<\/strong><\/p>\n<p style=\"text-align: center;\"><em>mmakul@sp6kwidzyn.pl<\/em><\/p>\n<p style=\"text-align: center;\">godziny przyj\u0119\u0107 interesant\u00f3w<br \/>\nponiedzia\u0142ek 13.00 \u2013 15.00<br \/>\npi\u0105tek 9.30 \u2013 11.30<\/p>\n<p style=\"text-align: center;\"><strong>Wicedyrektor <\/strong><br \/>\n<strong> Joanna Burandt Oprawa<\/strong><\/p>\n<p style=\"text-align: center;\"><em>jbo@sp6kwidzyn.pl<\/em><\/p>\n<p style=\"text-align: center;\">godziny przyj\u0119\u0107 interesant\u00f3w<br \/>\nwtorek 13.00 \u2013 15.00.<br \/>\nczwartek 9.30 \u2013 11.30<\/p>\n<\/div>\n","protected":false},"excerpt":{"rendered":"<p>Dyrektor szko\u0142y Danuta Chodorowska dchodorowska@sp6kwidzyn.pl godziny przyj\u0119\u0107 interesant\u00f3w \u015broda 11.00 \u2013 15.00 Wicedyrektor Miros\u0142awa Makul mmakul@sp6kwidzyn.pl godziny przyj\u0119\u0107 interesant\u00f3w poniedzia\u0142ek [&hellip;]<\/p>\n","protected":false},"author":1,"featured_media":0,"parent":0,"menu_order":0,"comment_status":"closed","ping_status":"closed","template":"","meta":{"footnotes":""},"class_list":["post-201","page","type-page","status-publish","hentry","has_no_thumb"],"aioseo_notices":[],"_links":{"self":[{"href":"https:\/\/sp6kwidzyn.pl\/index.php?rest_route=\/wp\/v2\/pages\/201","targetHints":{"allow":["GET"]}}],"collection":[{"href":"https:\/\/sp6kwidzyn.pl\/index.php?rest_route=\/wp\/v2\/pages"}],"about":[{"href":"https:\/\/sp6kwidzyn.pl\/index.php?rest_route=\/wp\/v2\/types\/page"}],"author":[{"embeddable":true,"href":"https:\/\/sp6kwidzyn.pl\/index.php?rest_route=\/wp\/v2\/users\/1"}],"replies":[{"embeddable":true,"href":"https:\/\/sp6kwidzyn.pl\/index.php?rest_route=%2Fwp%2Fv2%2Fcomments&post=201"}],"version-history":[{"count":5,"href":"https:\/\/sp6kwidzyn.pl\/index.php?rest_route=\/wp\/v2\/pages\/201\/revisions"}],"predecessor-version":[{"id":10429,"href":"https:\/\/sp6kwidzyn.pl\/index.php?rest_route=\/wp\/v2\/pages\/201\/revisions\/10429"}],"wp:attachment":[{"href":"https:\/\/sp6kwidzyn.pl\/index.php?rest_route=%2Fwp%2Fv2%2Fmedia&parent=201"}],"curies":[{"name":"wp","href":"https:\/\/api.w.org\/{rel}","templated":true}]}}