{"id":198,"date":"2019-03-03T17:41:01","date_gmt":"2019-03-03T16:41:01","guid":{"rendered":"http:\/\/sp6kwidzyn.pl\/?page_id=198"},"modified":"2020-01-02T15:38:06","modified_gmt":"2020-01-02T14:38:06","slug":"sekretariat","status":"publish","type":"page","link":"https:\/\/sp6kwidzyn.pl\/?page_id=198","title":{"rendered":"Sekretariat"},"content":{"rendered":"<div class=\"entry-content cf\">\n<p><strong>SZANUJEMY PA\u0143STWA PRYWATNO\u015a\u0106<br \/>\n<em><br \/>\nPodczas za\u0142atwiania spraw w sekretariacie przez zainteresowan\u0105 osob\u0119 lub osoby, pozostali interesanci czekaj\u0105 na swoj\u0105 kolej na korytarzu do momentu zaproszenia.<\/em><\/strong><\/p>\n<p style=\"text-align: right;\"><strong><img loading=\"lazy\" decoding=\"async\" class=\" wp-image-324 alignleft\" src=\"https:\/\/sp6kwidzyn.pl\/wp-content\/uploads\/2019\/03\/clock-147257_640-300x300.png\" alt=\"\" width=\"163\" height=\"163\" srcset=\"https:\/\/sp6kwidzyn.pl\/wp-content\/uploads\/2019\/03\/clock-147257_640-300x300.png 300w, https:\/\/sp6kwidzyn.pl\/wp-content\/uploads\/2019\/03\/clock-147257_640-150x150.png 150w, https:\/\/sp6kwidzyn.pl\/wp-content\/uploads\/2019\/03\/clock-147257_640.png 640w\" sizes=\"auto, (max-width: 163px) 100vw, 163px\" \/><\/strong><strong><em>Dzi\u0119kujemy<\/em> <\/strong><\/p>\n<p style=\"text-align: center;\"><strong>Godziny pracy<\/strong><br \/>\n<strong><em>Sekretariat szko\u0142y<\/em><\/strong><br \/>\nponiedzia\u0142ek \u2013 pi\u0105tek 7.30 \u2013 15.30<br \/>\n<strong>Dorota Bie\u017cu\u0144ska<\/strong> \u2013 <em>sprawy administracyjne<br \/>\n<\/em><strong>Aleksandra Struzik<\/strong> \u2013 <em>sprawy uczniowskie<\/em><\/p>\n<p>Uczniowie sprawy szkolne za\u0142atwiaj\u0105 po lekcjach lub na d\u0142ugich przerwach:<br \/>\n<strong>Kl. I-III \u2013 w godzinach 11.30 \u2013 11.45<br \/>\nKl. IV-VI \u2013 w godzinach 12.30 \u2013 12.45<\/strong><\/p>\n<p>Pisma, podania, korespondencj\u0119 mo\u017cna dostarcza\u0107 osobi\u015bcie, drog\u0105 pocztow\u0105 lub mailow\u0105: szostka@sp6.kwidzyn.pl .<\/p>\n<p><em>Sprawy rozpatrywane s\u0105 z zachowaniem trybu i terminu KPA. Szczeg\u00f3\u0142owych informacji na temat sposobu za\u0142atwiania spraw udzielaj\u0105 pracownicy sekretariatu. Sprawy pilne za\u0142atwiane s\u0105 niezw\u0142ocznie.<br \/>\nForma za\u0142atwiania spraw: ustna, odr\u0119czna, pisemna (udzielenie odpowiedzi\/ informacji, sporz\u0105dzenie notatki wskazuj\u0105cej spos\u00f3b za\u0142atwienia sprawy).<\/em><\/p>\n<\/div>\n","protected":false},"excerpt":{"rendered":"<p>SZANUJEMY PA\u0143STWA PRYWATNO\u015a\u0106 Podczas za\u0142atwiania spraw w sekretariacie przez zainteresowan\u0105 osob\u0119 lub osoby, pozostali interesanci czekaj\u0105 na swoj\u0105 kolej na [&hellip;]<\/p>\n","protected":false},"author":1,"featured_media":0,"parent":0,"menu_order":0,"comment_status":"closed","ping_status":"closed","template":"","meta":{"footnotes":""},"class_list":["post-198","page","type-page","status-publish","hentry","has_thumb"],"aioseo_notices":[],"_links":{"self":[{"href":"https:\/\/sp6kwidzyn.pl\/index.php?rest_route=\/wp\/v2\/pages\/198","targetHints":{"allow":["GET"]}}],"collection":[{"href":"https:\/\/sp6kwidzyn.pl\/index.php?rest_route=\/wp\/v2\/pages"}],"about":[{"href":"https:\/\/sp6kwidzyn.pl\/index.php?rest_route=\/wp\/v2\/types\/page"}],"author":[{"embeddable":true,"href":"https:\/\/sp6kwidzyn.pl\/index.php?rest_route=\/wp\/v2\/users\/1"}],"replies":[{"embeddable":true,"href":"https:\/\/sp6kwidzyn.pl\/index.php?rest_route=%2Fwp%2Fv2%2Fcomments&post=198"}],"version-history":[{"count":0,"href":"https:\/\/sp6kwidzyn.pl\/index.php?rest_route=\/wp\/v2\/pages\/198\/revisions"}],"wp:attachment":[{"href":"https:\/\/sp6kwidzyn.pl\/index.php?rest_route=%2Fwp%2Fv2%2Fmedia&parent=198"}],"curies":[{"name":"wp","href":"https:\/\/api.w.org\/{rel}","templated":true}]}}