{"id":166,"date":"2019-03-03T16:51:33","date_gmt":"2019-03-03T15:51:33","guid":{"rendered":"http:\/\/sp6kwidzyn.pl\/?page_id=166"},"modified":"2020-01-02T14:37:18","modified_gmt":"2020-01-02T13:37:18","slug":"elektroniczna-skrzynka-podawcza","status":"publish","type":"page","link":"https:\/\/sp6kwidzyn.pl\/?page_id=166","title":{"rendered":"Elektroniczna skrzynka podawcza"},"content":{"rendered":"<p><strong><img loading=\"lazy\" decoding=\"async\" class=\"size-medium wp-image-167 aligncenter\" src=\"https:\/\/sp6kwidzyn.pl\/wp-content\/uploads\/2019\/03\/epuap-300x78.jpg\" alt=\"\" width=\"300\" height=\"78\" srcset=\"https:\/\/sp6kwidzyn.pl\/wp-content\/uploads\/2019\/03\/epuap-300x78.jpg 300w, https:\/\/sp6kwidzyn.pl\/wp-content\/uploads\/2019\/03\/epuap.jpg 505w\" sizes=\"auto, (max-width: 300px) 100vw, 300px\" \/><br \/>\nCo to jest ePUAP?<\/strong><br \/>\nElektroniczna Platforma Us\u0142ug Administracji Publicznej (ePUAP) to system informatyczny, dzi\u0119ki kt\u00f3remu obywatele mog\u0105 za\u0142atwia\u0107 sprawy urz\u0119dowe za po\u015brednictwem internetu, natomiast przedstawiciele podmiot\u00f3w publicznych \u2013 bezp\u0142atnie udost\u0119pnia\u0107 swoje us\u0142ugi w postaci elektronicznej. Ide\u0105 przy\u015bwiecaj\u0105c\u0105 budowie ePUAP by\u0142o stworzenie jednego, \u0142atwo dost\u0119pnego i bezpiecznego elektronicznego kana\u0142u udost\u0119pniania us\u0142ug publicznych.<br \/>\nPortal zapewnia sprawn\u0105 komunikacj\u0119 pomi\u0119dzy:<br \/>\n\u2013 obywatelami a administracj\u0105<br \/>\n\u2013 przedsi\u0119biorcami a administracj\u0105<br \/>\n\u2013 instytucjami administracji publicznej<br \/>\nElektroniczna skrzynka podawcza pozwala na dor\u0119czanie do instytucji pism podpisanych bezpiecznym podpisem elektronicznym w spos\u00f3b zapewniaj\u0105cy otrzymanie urz\u0119dowego po\u015bwiadczenia przed\u0142o\u017cenia (UPP). UPP jest dowodem dor\u0119czenia pisma, a widniej\u0105ca na nim data stanowi dat\u0119 dor\u0119czenia.<br \/>\nW celu dostarczenia do Szko\u0142y Podstawowej nr 6 w Kwidzynie dokumentu elektronicznego, nale\u017cy zarejestrowa\u0107 si\u0119 na elektronicznej platformie us\u0142ug administracji publicznej (ePUAP) pod adresem epuap.gov.pl.<br \/>\nPo za\u0142o\u017ceniu konta i zalogowaniu si\u0119 na ePUAP u\u017cytkownik ma dost\u0119p do elektronicznej skrzynki podawczej naszej szko\u0142y (sp6_kwidzyn\/SkrytkaESP).<br \/>\nSkrzynka zawiera jeden formularz elektroniczny pn. \u201eSkargi, wnioski, inne pisma\u201d. Za jego pomoc\u0105 za\u0142atwi\u0105 Pa\u0144stwo ka\u017cd\u0105 spraw\u0119 nale\u017c\u0105c\u0105 do kompetencji Szko\u0142y Podstawowej nr 6 w Kwidzynie. Do formularza mo\u017cna dodawa\u0107 za\u0142\u0105czniki o nast\u0119puj\u0105cych rozszerzeniach: .doc, .docx, .gif, .jpg (.jpeg), .ods, .odt, .pdf, .png, .rtf, .svg, .tif(.tiff), .txt, .xls, .xlsx, .xml. Maksymalny rozmiar dokumentu elektronicznego to 3 megabajty.<br \/>\nPliki zawieraj\u0105ce szkodliwe oprogramowanie b\u0119d\u0105 automatycznie usuwane.<br \/>\nSprawy za\u0142atwiane w trybie post\u0119powania administracyjnego wymagaj\u0105 podania imienia, nazwiska, adresu osoby wnosz\u0105cej pismo oraz jej podpisu. Elektroniczna skrzynka podawcza obs\u0142uguje zar\u00f3wno bezpieczny kwalifikowany podpis elektroniczny jak i jego darmowy odpowiednik, czyli profil zaufany ePUAP.<\/p>\n","protected":false},"excerpt":{"rendered":"<p>Co to jest ePUAP? Elektroniczna Platforma Us\u0142ug Administracji Publicznej (ePUAP) to system informatyczny, dzi\u0119ki kt\u00f3remu obywatele mog\u0105 za\u0142atwia\u0107 sprawy urz\u0119dowe [&hellip;]<\/p>\n","protected":false},"author":1,"featured_media":0,"parent":0,"menu_order":0,"comment_status":"closed","ping_status":"closed","template":"","meta":{"footnotes":""},"class_list":["post-166","page","type-page","status-publish","hentry","has_thumb"],"aioseo_notices":[],"_links":{"self":[{"href":"https:\/\/sp6kwidzyn.pl\/index.php?rest_route=\/wp\/v2\/pages\/166","targetHints":{"allow":["GET"]}}],"collection":[{"href":"https:\/\/sp6kwidzyn.pl\/index.php?rest_route=\/wp\/v2\/pages"}],"about":[{"href":"https:\/\/sp6kwidzyn.pl\/index.php?rest_route=\/wp\/v2\/types\/page"}],"author":[{"embeddable":true,"href":"https:\/\/sp6kwidzyn.pl\/index.php?rest_route=\/wp\/v2\/users\/1"}],"replies":[{"embeddable":true,"href":"https:\/\/sp6kwidzyn.pl\/index.php?rest_route=%2Fwp%2Fv2%2Fcomments&post=166"}],"version-history":[{"count":0,"href":"https:\/\/sp6kwidzyn.pl\/index.php?rest_route=\/wp\/v2\/pages\/166\/revisions"}],"wp:attachment":[{"href":"https:\/\/sp6kwidzyn.pl\/index.php?rest_route=%2Fwp%2Fv2%2Fmedia&parent=166"}],"curies":[{"name":"wp","href":"https:\/\/api.w.org\/{rel}","templated":true}]}}