{"id":1569,"date":"2019-06-13T09:30:22","date_gmt":"2019-06-13T07:30:22","guid":{"rendered":"http:\/\/sp6kwidzyn.pl\/?page_id=1569"},"modified":"2025-09-10T14:49:19","modified_gmt":"2025-09-10T12:49:19","slug":"zasady-przedmiotowego-oceniania","status":"publish","type":"page","link":"https:\/\/sp6kwidzyn.pl\/?page_id=1569","title":{"rendered":"Wymagania edukacyjne niezb\u0119dne do otrzymania poszczeg\u00f3lnych \u015br\u00f3drocznych i rocznych ocen klasyfikacyjnych z obowi\u0105zkowych zaj\u0119\u0107 edukacyjnych w klasach I-VIII w roku szkolnym 2025\/2026"},"content":{"rendered":"<p><a href=\"https:\/\/sp6kwidzyn.pl\/wp-content\/uploads\/2025\/09\/Wymagania-edukacyjne-2025-2026.pdf\"><img loading=\"lazy\" decoding=\"async\" class=\"wp-image-11733 alignleft\" src=\"https:\/\/sp6kwidzyn.pl\/wp-content\/uploads\/2025\/09\/pdf.png\" alt=\"\" width=\"83\" height=\"102\" \/> <\/a><\/p>\n<p>&nbsp;<\/p>\n<p><a href=\"https:\/\/sp6kwidzyn.pl\/wp-content\/uploads\/2025\/09\/Wymagania-edukacyjne-2025-2026.pdf\">Wymagania edukacyjne niezb\u0119dne do otrzymania poszczeg\u00f3lnych \u015br\u00f3drocznych i rocznych ocen klasyfikacyjnych z obowi\u0105zkowych zaj\u0119\u0107 edukacyjnych w klasach I-VIII w roku szkolnym 2025\/2026<\/a><\/p>\n","protected":false},"excerpt":{"rendered":"<p>&nbsp; Wymagania edukacyjne niezb\u0119dne do otrzymania poszczeg\u00f3lnych \u015br\u00f3drocznych i rocznych ocen klasyfikacyjnych z obowi\u0105zkowych zaj\u0119\u0107 edukacyjnych w klasach I-VIII w [&hellip;]<\/p>\n","protected":false},"author":1,"featured_media":0,"parent":0,"menu_order":0,"comment_status":"closed","ping_status":"closed","template":"","meta":{"footnotes":""},"class_list":["post-1569","page","type-page","status-publish","hentry","has_thumb"],"aioseo_notices":[],"_links":{"self":[{"href":"https:\/\/sp6kwidzyn.pl\/index.php?rest_route=\/wp\/v2\/pages\/1569","targetHints":{"allow":["GET"]}}],"collection":[{"href":"https:\/\/sp6kwidzyn.pl\/index.php?rest_route=\/wp\/v2\/pages"}],"about":[{"href":"https:\/\/sp6kwidzyn.pl\/index.php?rest_route=\/wp\/v2\/types\/page"}],"author":[{"embeddable":true,"href":"https:\/\/sp6kwidzyn.pl\/index.php?rest_route=\/wp\/v2\/users\/1"}],"replies":[{"embeddable":true,"href":"https:\/\/sp6kwidzyn.pl\/index.php?rest_route=%2Fwp%2Fv2%2Fcomments&post=1569"}],"version-history":[{"count":67,"href":"https:\/\/sp6kwidzyn.pl\/index.php?rest_route=\/wp\/v2\/pages\/1569\/revisions"}],"predecessor-version":[{"id":11735,"href":"https:\/\/sp6kwidzyn.pl\/index.php?rest_route=\/wp\/v2\/pages\/1569\/revisions\/11735"}],"wp:attachment":[{"href":"https:\/\/sp6kwidzyn.pl\/index.php?rest_route=%2Fwp%2Fv2%2Fmedia&parent=1569"}],"curies":[{"name":"wp","href":"https:\/\/api.w.org\/{rel}","templated":true}]}}