{"id":1507,"date":"2019-05-30T13:42:27","date_gmt":"2019-05-30T11:42:27","guid":{"rendered":"http:\/\/sp6kwidzyn.pl\/?page_id=1507"},"modified":"2019-05-30T13:42:27","modified_gmt":"2019-05-30T11:42:27","slug":"procedura-przyjmowania-oraz-rozpatrywania-skarg-i-wnioskow-w-szkole-podstawowej-nr-6-z-oddzialami-integracyjnymi-im-wladyslawa-gebika-w-kwidzynie","status":"publish","type":"page","link":"https:\/\/sp6kwidzyn.pl\/?page_id=1507","title":{"rendered":"Procedura przyjmowania oraz rozpatrywania skarg i wniosk\u00f3w  w Szkole Podstawowej nr 6 z Oddzia\u0142ami Integracyjnymi im. W\u0142adys\u0142awa G\u0119bika w Kwidzynie"},"content":{"rendered":"<p><strong>I Przyjmowanie skarg i wniosk\u00f3w:<\/strong><\/p>\n<ol>\n<li>Skargi i wnioski mo\u017ce przyj\u0105\u0107: wychowawca klasy, nauczyciel, pedagog szkolny, kierownik \u015bwietlicy, zast\u0119pcy dyrektora i dyrektor szko\u0142y.<\/li>\n<li>Skarga lub wniosek niezw\u0142ocznie przekazywany jest dyrektorowi szko\u0142y.<\/li>\n<li>Ka\u017cdy wniosek lub skarga podlega rejestracji w sekretariacie szko\u0142y, codziennie w godzinach pracy administracyjnej.<\/li>\n<li>Skarga lub wniosek ma form\u0119 pisemn\u0105 lub ustn\u0105 (telefoniczn\u0105 ), mo\u017ce by\u0107 zg\u0142oszona osobi\u015bcie, telefonicznie lub poczt\u0105.<\/li>\n<li>Skargi lub wnioski ustne wymagaj\u0105 sporz\u0105dzenia notatki przez przyjmuj\u0105cego i potwierdzenie jej w p\u00f3\u017aniejszym czasie przez osob\u0119 zg\u0142aszaj\u0105c\u0105.<\/li>\n<\/ol>\n<p><strong>II Za\u0142atwianie skarg i wniosk\u00f3w:\u00a0 <\/strong><\/p>\n<ol>\n<li>Skarga lub wniosek rozpatrywana jest w ci\u0105gu 14 dni od jej z\u0142o\u017cenia.<\/li>\n<li>Skarga lub wniosek wymagaj\u0105cy dodatkowego wyja\u015bnienia mog\u0105 by\u0107 rozpatrywane w terminie 30 dni.<\/li>\n<li>Skarg\u0119 lub wniosek za\u0142atwia dyrektor szko\u0142y lub osoba przez niego wskazana.<\/li>\n<li>Za\u0142atwiaj\u0105cy skarg\u0119 lub wniosek przygotowuje notatk\u0119 s\u0142u\u017cbow\u0105, kt\u00f3ra zawiera informacje: czego dotyczy skarga lub wniosek, kto sk\u0142ada, jak zosta\u0142a za\u0142atwiona, w jakim terminie.<\/li>\n<li>Za\u0142atwiaj\u0105cy skarg\u0119 lub wniosek, w ustalonym terminie, wysy\u0142a pisemn\u0105 odpowied\u017a osobie sk\u0142adaj\u0105cej.<\/li>\n<li>Je\u017celi skarga lub wniosek by\u0142y z\u0142o\u017cone z adnotacj\u0105 \u201e do wiadomo\u015bci\u2026\u201d to kopie odpowiedzi wysy\u0142a si\u0119 do os\u00f3b wskazanych.<\/li>\n<\/ol>\n<p><strong>III Tryb odwo\u0142awczy:<\/strong><\/p>\n<ol>\n<li>Wszelkie sprawy sporne w za\u0142atwianiu skarg i wniosk\u00f3w rozpatruje organ wy\u017cszego rz\u0119du:\n<ol>\n<li>dla wychowawcy, nauczyciela, pedagoga, kierownika \u015bwietlicy, zast\u0119pcy dyrektora \u2013 dyrektor szko\u0142y,<\/li>\n<li>dla dyrektora szko\u0142y \u2013 organ prowadz\u0105cy szko\u0142\u0119 lub organ sprawuj\u0105cy nadz\u00f3r pedagogiczny.<\/li>\n<\/ol>\n<\/li>\n<li>Przy odwo\u0142aniach obowi\u0105zuje zachowanie drogi s\u0142u\u017cbowej.<\/li>\n<li>Wszelkie odwo\u0142ania sporz\u0105dza si\u0119 w formie pisemnej i rejestruje si\u0119 w sekretariacie szko\u0142y.<\/li>\n<\/ol>\n<p><strong>IV Dokumentacja dotycz\u0105ca skarg i wniosk\u00f3w:<\/strong><\/p>\n<ol>\n<li>Rejestr skarg i wniosk\u00f3w znajduj\u0105cy si\u0119 w sekretariacie szko\u0142y.<\/li>\n<li>Orygina\u0142y skarg i wniosk\u00f3w oraz kopie odpowiedzi w dokumentacji szko\u0142y.<\/li>\n<li>Roczne sprawozdanie z za\u0142atwiania skarg i wniosk\u00f3w w protokole Rady Pedagogicznej.<\/li>\n<\/ol>\n","protected":false},"excerpt":{"rendered":"<p>I Przyjmowanie skarg i wniosk\u00f3w: Skargi i wnioski mo\u017ce przyj\u0105\u0107: wychowawca klasy, nauczyciel, pedagog szkolny, kierownik \u015bwietlicy, zast\u0119pcy dyrektora i [&hellip;]<\/p>\n","protected":false},"author":1,"featured_media":0,"parent":0,"menu_order":0,"comment_status":"closed","ping_status":"closed","template":"","meta":{"footnotes":""},"class_list":["post-1507","page","type-page","status-publish","hentry","has_no_thumb"],"aioseo_notices":[],"_links":{"self":[{"href":"https:\/\/sp6kwidzyn.pl\/index.php?rest_route=\/wp\/v2\/pages\/1507","targetHints":{"allow":["GET"]}}],"collection":[{"href":"https:\/\/sp6kwidzyn.pl\/index.php?rest_route=\/wp\/v2\/pages"}],"about":[{"href":"https:\/\/sp6kwidzyn.pl\/index.php?rest_route=\/wp\/v2\/types\/page"}],"author":[{"embeddable":true,"href":"https:\/\/sp6kwidzyn.pl\/index.php?rest_route=\/wp\/v2\/users\/1"}],"replies":[{"embeddable":true,"href":"https:\/\/sp6kwidzyn.pl\/index.php?rest_route=%2Fwp%2Fv2%2Fcomments&post=1507"}],"version-history":[{"count":0,"href":"https:\/\/sp6kwidzyn.pl\/index.php?rest_route=\/wp\/v2\/pages\/1507\/revisions"}],"wp:attachment":[{"href":"https:\/\/sp6kwidzyn.pl\/index.php?rest_route=%2Fwp%2Fv2%2Fmedia&parent=1507"}],"curies":[{"name":"wp","href":"https:\/\/api.w.org\/{rel}","templated":true}]}}