{"id":1504,"date":"2019-05-30T13:41:26","date_gmt":"2019-05-30T11:41:26","guid":{"rendered":"http:\/\/sp6kwidzyn.pl\/?page_id=1504"},"modified":"2019-05-30T13:41:26","modified_gmt":"2019-05-30T11:41:26","slug":"zasady-wykorzystywania-monitoringu-wizyjnego","status":"publish","type":"page","link":"https:\/\/sp6kwidzyn.pl\/?page_id=1504","title":{"rendered":"Zasady wykorzystywania monitoringu wizyjnego."},"content":{"rendered":"<ol>\n<li>Monitoring wizyjny mo\u017ce by\u0107 wykorzystywany jedynie w celach podnoszenia poziomu bezpiecze\u0144stwa w szkole.<\/li>\n<li>Nagrania z monitoringu zachowywane s\u0105 przez 30 dni na dyskach twardych rejestratora. Systematycznie nast\u0119puje nadpisywanie nagra\u0144.<\/li>\n<li>Obraz\u00f3w oraz nagra\u0144 z monitoringu nie udost\u0119pnia si\u0119 rodzicom, uczniom oraz osob\u0105 trzecim. Informacje na temat zarejestrowanej sytuacji przekazuj\u0105 osoby upowa\u017cnione do odczytu czyli dyrekcja szko\u0142y, sekretarz szko\u0142y, przedstawiciel obs\u0142ugi serwisowej. Odczytuj\u0105cy sporz\u0105dzaj\u0105 notatk\u0119 s\u0142u\u017cbow\u0105, potwierdzaj\u0105 jej prawdziwo\u015b\u0107 swoim podpisem. Odczytu dokonuj\u0105 co najmniej dwie upowa\u017cnione osoby.<\/li>\n<li>Na wniosek Policji mo\u017cna wykona\u0107 kopi\u0119 nagrania, kt\u00f3ra mo\u017ce by\u0107 dowodem w prowadzonej sprawie.<\/li>\n<\/ol>\n","protected":false},"excerpt":{"rendered":"<p>Monitoring wizyjny mo\u017ce by\u0107 wykorzystywany jedynie w celach podnoszenia poziomu bezpiecze\u0144stwa w szkole. Nagrania z monitoringu zachowywane s\u0105 przez 30 [&hellip;]<\/p>\n","protected":false},"author":1,"featured_media":0,"parent":0,"menu_order":0,"comment_status":"closed","ping_status":"closed","template":"","meta":{"footnotes":""},"class_list":["post-1504","page","type-page","status-publish","hentry","has_no_thumb"],"aioseo_notices":[],"_links":{"self":[{"href":"https:\/\/sp6kwidzyn.pl\/index.php?rest_route=\/wp\/v2\/pages\/1504","targetHints":{"allow":["GET"]}}],"collection":[{"href":"https:\/\/sp6kwidzyn.pl\/index.php?rest_route=\/wp\/v2\/pages"}],"about":[{"href":"https:\/\/sp6kwidzyn.pl\/index.php?rest_route=\/wp\/v2\/types\/page"}],"author":[{"embeddable":true,"href":"https:\/\/sp6kwidzyn.pl\/index.php?rest_route=\/wp\/v2\/users\/1"}],"replies":[{"embeddable":true,"href":"https:\/\/sp6kwidzyn.pl\/index.php?rest_route=%2Fwp%2Fv2%2Fcomments&post=1504"}],"version-history":[{"count":0,"href":"https:\/\/sp6kwidzyn.pl\/index.php?rest_route=\/wp\/v2\/pages\/1504\/revisions"}],"wp:attachment":[{"href":"https:\/\/sp6kwidzyn.pl\/index.php?rest_route=%2Fwp%2Fv2%2Fmedia&parent=1504"}],"curies":[{"name":"wp","href":"https:\/\/api.w.org\/{rel}","templated":true}]}}