{"id":1501,"date":"2019-05-30T13:39:56","date_gmt":"2019-05-30T11:39:56","guid":{"rendered":"http:\/\/sp6kwidzyn.pl\/?page_id=1501"},"modified":"2019-05-30T13:39:56","modified_gmt":"2019-05-30T11:39:56","slug":"procedura-ewakuacji-uczniow-i-nauczycieli-z-budynku-szkoly","status":"publish","type":"page","link":"https:\/\/sp6kwidzyn.pl\/?page_id=1501","title":{"rendered":"PROCEDURA EWAKUACJI UCZNI\u00d3W I NAUCZYCIELI Z BUDYNKU SZKO\u0141Y"},"content":{"rendered":"<ol>\n<li>CEL PROCEDURY<\/li>\n<li>PRZEDMIOT I ZAKRES STOSOWANIA<\/li>\n<\/ol>\n<ul>\n<li>PODSTAWY URUCHOMIENIA PROCEDURY \u2013 ZARZ\u0104DZENIA EWAKUACJI<\/li>\n<\/ul>\n<ol>\n<li>SPOS\u00d3B OG\u0141ASZANIA ALARMU \u2013 SYGNA\u0141Y ALARMOWE<\/li>\n<li>PRZYDZIA\u0141 OBOWI\u0104ZK\u00d3W I ORGANIZACJA DZIA\u0141ANIA:<\/li>\n<\/ol>\n<ul>\n<li>WYZNACZONY PRACOWNIK OBS\u0141UGI<\/li>\n<li>SEKRETARIAT SZKO\u0141Y<\/li>\n<li>DYREKTOR SZKO\u0141Y<\/li>\n<li>WYCHOWAWCY KLAS \u2013 NAUCZYCIELE<\/li>\n<li>DY\u017bURNY NAUCZYCIEL<\/li>\n<li>PRACOWNICY ZATRUDNIENI W SZKOLE<\/li>\n<\/ul>\n<ol>\n<li>OG\u00d3LNE ZASADY POST\u0118POWANIA PODCZAS EWAKUACJI<\/li>\n<\/ol>\n<ul>\n<li>DROGI EWAKUACJI \/KIERUNKI EWAKUACJI\/<\/li>\n<li>OBOWI\u0104ZKI WYCHOWAWC\u00d3W KLAS I SEKRETARIATU SZKO\u0141Y<\/li>\n<\/ul>\n<ol>\n<li>POSTANOWIENIA KO\u0143COWE<\/li>\n<\/ol>\n<p><strong>\u00a0<\/strong><\/p>\n<p><strong>CEL PROCEDURY<\/strong><\/p>\n<p>ZAPEWNIENIE SPRAWNEGO PRZYGOTOWANIA I PRZEPROWADZENIA BEZPIECZNEJ EWAKUACJI UCZNI\u00d3W I NAUCZYCIELI SZKO\u0141Y W SYTUACJI WYST\u0104PIENIA ZAGRO\u017bENIA.<\/p>\n<p><strong>\u00a0<\/strong><\/p>\n<p><strong>PRZEDMIOT I ZAKRES STOSOWANIA<\/strong><\/p>\n<p>OKRE\u015aLA TRYB POST\u0118POWANIA ORAZ UPRAWNIENIA I ODPOWIEDZIALNO\u015aCI OS\u00d3B REALIZUJ\u0104CYCH NIEZB\u0118DNE DZIA\u0141ANIE POCZ\u0104WSZY OD STWIERDZENIA\/ MO\u017bLIWO\u015aCI WYST\u0104PIENIA\/ SYMPTOM\u00d3W WSKAZUJ\u0104CYCH NA KONIECZNO\u015a\u0106 PODJ\u0118CIA CZYNNO\u015aCI ZWI\u0104ZANYCH Z EWAKUACJ\u0104 UCZNI\u00d3W I NAUCZYCIELI Z BUDYNKU<\/p>\n<p><strong>\u00a0<\/strong><\/p>\n<p><strong>PODSTAWY URUCHOMIENIA PROCEDURY \u2013 ZARZ\u0104DZENIA EWAKUACJI<\/strong><\/p>\n<ol>\n<li>PO\u017bAR \/ GDY NIESKUTECZNA JEST LIKWIDACJA PO\u017bARU PODR\u0118CZNYMI \u015aRODKAMI;<\/li>\n<li>ZAMACH TERRORYSTYCZNY \/ OTRZYMANIE INFORMACJI O POD\u0141O\u017bENIU \u0141ADUNKU WYBUCHOWEGO LUB INNEGO \u015aRODKA NIEBEZPIECZNEGO\/;<\/li>\n<li>ZAGRO\u017bENIE NSCH\/ JE\u017bELI CZAS DOJ\u015aCIA SKA\u017bONEGO OB\u0141OKU POWIETRZA JEST WI\u0118KSZY NI\u017b 15 MINUT\/;<\/li>\n<li>ZAGRO\u017bENIE KATASTROF\u0104 BUDOWLAN\u0104;<\/li>\n<li>ZAGRO\u017bENIE WYBUCHEM GAZU SPOWODOWANE AWARI\u0104 INSTALACJI GAZOWEJ;<\/li>\n<li><\/li>\n<\/ol>\n<p>&nbsp;<\/p>\n<p><strong>SPOS\u00d3B OG\u0141ASZANIA ALARMU \u2013 SYGNA\u0141Y ALARMOWE<\/strong><\/p>\n<ol>\n<li>Alarmowanie o zagro\u017ceniach w budynku szko\u0142y odbywa si\u0119 w ramach wewn\u0119trznego systemu alarmowania z wykorzystaniem dzwonk\u00f3w szkolnych. W ka\u017cdym wypadku zagro\u017cenia wymagaj\u0105cego ewakuacji kilkakrotnie powtarzamy \/ s\u0142owny komunikat \u2013 <strong>\u201eEWAKUACJA\u201d<\/strong> oraz sygna\u0142 d\u017awi\u0119kowy trwaj\u0105cy <strong>3<\/strong><\/li>\n<li>Wo\u017any szko\u0142y przekazuje komunikat o ewakuacji do sekretariatu szko\u0142y, na tej podstawie w klasach og\u0142asza si\u0119 alarm i przyst\u0119puje do natychmiastowej ewakuacji.<\/li>\n<li>Ewakuacj\u0119 nale\u017cy prowadzi\u0107 w spos\u00f3b zorganizowany kieruj\u0105c si\u0119 ustaleniami procedury i aktualnie zaistnia\u0142\u0105 sytuacj\u0105.<\/li>\n<\/ol>\n<p>Komunikat o ewakuacji powinien by\u0107 s\u0142ownie doprowadzony do wszystkich os\u00f3b znajduj\u0105cych si\u0119 w rejonie szko\u0142y. <strong>\u015aWIADEK NIEBEZPIECZNEGO ZDARZENIA \/ODBIORCA INFORMACJI\/ ZOBOWI\u0104ZANY JEST NATYCHMIAST POWIADOMI\u0106 SEKRETARIAT SZKO\u0141Y TEL. 55 2793444<\/strong><\/p>\n<p><strong>PRZYDZIA\u0141 OBOWI\u0104ZK\u00d3W I ORGANIZACJA DZIA\u0141ANIA<\/strong><\/p>\n<p>&nbsp;<\/p>\n<ol>\n<li><strong><u>WYZNACZONY PRACOWNIK OBS\u0141UGI:<\/u><\/strong><\/li>\n<\/ol>\n<p><strong>W godzinach pracy szko\u0142y \u2013 <\/strong>tre\u015b\u0107 otrzymane informacji \/komunikatu\/ o zagro\u017ceniu przekazuje do:<\/p>\n<ol>\n<li>Dyrektora szko\u0142y<\/li>\n<li>Sekretariatu<\/li>\n<li>Pokoju nauczycielskiego<\/li>\n<\/ol>\n<ul>\n<li>Wstrzymuje wej\u015bcie na teren szko\u0142y<\/li>\n<li><strong>Po godzinach pracy szko\u0142y<\/strong> \u2013 w pierwszej kolejno\u015bci powiadamia specjalistyczne s\u0142u\u017cby ratownicze \u2013 stosownie do zagro\u017cenia a nast\u0119pnie informuje o zaistnia\u0142ym zdarzeniu kierownictwo szko\u0142y.<\/li>\n<\/ul>\n<ol start=\"2\">\n<li><strong><u> SEKRETARIAT SZKO\u0141Y: <\/u><\/strong><\/li>\n<\/ol>\n<ul>\n<li>Zgodnie z decyzj\u0105 Dyrektora Szko\u0142y powiadamia:<\/li>\n<li>S\u0142u\u017cb\u0119 dy\u017curn\u0105 Policji nr <strong>997<\/strong><\/li>\n<li>S\u0142u\u017cb\u0119 dy\u017curn\u0105 PSP nr <strong>998<\/strong><\/li>\n<li>Pogotowie Ratunkowe nr <strong>999<\/strong><\/li>\n<li><strong>Alarmowy 112<\/strong><\/li>\n<li>Inne s\u0142u\u017cby w zale\u017cno\u015bci od potrzeb Za\u0142. nr 1<\/li>\n<li>Nadzoruje zabezpieczenie \/ewakuacj\u0119\/ wa\u017cnego mienia, dokument\u00f3w, urz\u0105dze\u0144, piecz\u0119ci itp.<\/li>\n<\/ul>\n<ol start=\"3\">\n<li><strong><u>DYREKTOR SZKO\u0141Y<\/u><\/strong><\/li>\n<\/ol>\n<ul>\n<li>Podejmuje decyzj\u0119 o zakresie ewakuacji \/pe\u0142nej lub cz\u0119\u015bciowej\/;<\/li>\n<li>Nadzoruje przestrzeganie ustale\u0144 zawartych w niniejszej procedurze;<\/li>\n<li>Nakazuje powiadomienie specjalistycznych s\u0142u\u017cb ratowniczych;<\/li>\n<li>Nakazuje uruchomienie element\u00f3w zabezpieczenia procesu ewakuacji w szczeg\u00f3lno\u015bci: transport, za\u0142adunek i ochrona dokumentacji szko\u0142y, zabezpieczenie instalacji gazowej, wodnej i elektrycznej, otwarcie wyj\u015b\u0107 ewakuacyjnych;<\/li>\n<li>Wprowadza zakaz wej\u015bcia i wjazdu na teren szko\u0142y os\u00f3b postronnych;<\/li>\n<li>Organizuje akcj\u0119 ratownicz\u0105;<\/li>\n<li>Zarz\u0105dza ewakuacj\u0119 samochod\u00f3w;<\/li>\n<li>Okre\u015bla miejsce deponowania ewakuowanego mienia;<\/li>\n<li>Wsp\u00f3\u0142dzia\u0142a ze specjalistycznymi s\u0142u\u017cbami ratowniczymi \/PSP, Policj\u0105, Pogotowiem Ratunkowym, Pogotowiem Gazowym itp.\/<\/li>\n<\/ul>\n<ol start=\"4\">\n<li><strong><u>WYCHOWAWCY KLAS \u2013 NAUCZYCIELE<\/u><\/strong><\/li>\n<\/ol>\n<ul>\n<li>Og\u0142aszaj\u0105 alarm dla uczni\u00f3w \/klas\/;<\/li>\n<li>Nakazuj\u0105 opuszczenie budynku<\/li>\n<li>Nadzoruj\u0105 przebieg ewakuacji uczni\u00f3w \/klasy\/;<\/li>\n<li>Nadzoruj\u0105 zabezpieczenie \/ewakuacj\u0119\/ wa\u017cnego mienia i dokument\u00f3w;<\/li>\n<\/ul>\n<ol start=\"5\">\n<li><strong><u>DU\u017bURNY NAUCZYCIEL<\/u><\/strong><\/li>\n<\/ol>\n<ul>\n<li>Nadzoruje ewakuacj\u0119 samochod\u00f3w;<\/li>\n<li>przekazuje na miejsce ewakuacji informacj\u0119 o zako\u0144czeniu ewakuacji;<\/li>\n<\/ul>\n<ol start=\"6\">\n<li><strong><u>PRACOWNICY ZATRUDNIENI W SZKOLE <\/u><\/strong><\/li>\n<\/ol>\n<ul>\n<li>W ka\u017cdym z przypadk\u00f3w wymagaj\u0105cym ewakuacji nale\u017cy post\u0119powa\u0107 zgodnie z planem ewakuacji szko\u0142y oraz ewakuowa\u0107 si\u0119 drogami ewakuacyjnymi okre\u015blonymi w procederze;<\/li>\n<li>w przypadku zagro\u017cenia lub wyst\u0105pienia ska\u017cenia chemicznego \/NSCH\/ w zale\u017cno\u015bci od zaistnia\u0142ej sytuacji nale\u017cy post\u0119powa\u0107 zgodnie z zaleceniami \/pozosta\u0107 na miejscu, ewakuowa\u0107 si\u0119\/.<\/li>\n<\/ul>\n<p><strong>Og\u00f3lne zasady ewakuacji<\/strong><\/p>\n<ol>\n<li>\u015aci\u015ble stosowa\u0107 si\u0119 do przekazywanych zalece\u0144;<\/li>\n<li>Wy\u0142\u0105czy\u0107 i zabezpieczy\u0107 wszystkie urz\u0105dzenia elektryczne i gazowe;<\/li>\n<li>Zako\u0144czy\u0107 prac\u0119 sprz\u0119tu komputerowego oraz zabezpieczy\u0107 dane informatyczne przed dost\u0119pem os\u00f3b niepowo\u0142anych;<\/li>\n<li>Przygotowa\u0107 do ewakuacji \/zabezpieczy\u0107\/ wa\u017cne wytypowane mienie, dokumenty, piecz\u0119cie, \u015brodki finansowe itp.;<\/li>\n<li>Pozamyka\u0107 okna;<\/li>\n<li>Wytypowane osoby do dzia\u0142a\u0144 zabezpieczaj\u0105cych ewakuacj\u0119 winny przyst\u0105pi\u0107 do wykonywania przypisanych im zada\u0144;<\/li>\n<li>Wszystkie osoby opuszczaj\u0105ce szko\u0142\u0119 powinny zabra\u0107 rzeczy osobiste i przyst\u0105pi\u0107 do ewakuacji post\u0119puj\u0105c zgodnie z post\u0119puj\u0105cymi zaleceniami i uda\u0107 si\u0119 na wyznaczone miejsce ewakuacji tj. boisko szkolne i tereny trawiaste od strony ul. Moniuszki i ul. \u017beromskiego \/za\u0142\u0105cznik nr 6\/;<\/li>\n<li>Nie zamyka\u0107 pomieszcze\u0144 ;<\/li>\n<li>Wychowawcy \/nauczyciele\/ informuj\u0105 wo\u017anego o opuszczeniu klas przez uczni\u00f3w;<\/li>\n<li>Wychowawcy \/ nauczyciele\/ na miejscu ewakuacji sprawdzaj\u0105 obecno\u015b\u0107 i przekazuj\u0105 informacj\u0119 do dyrekcji szko\u0142y lub osobie prowadz\u0105cej ewakuacj\u0119.<\/li>\n<li>Na miejscu ewakuacji nauczyciel i uczniowie przebywaj\u0105 do czasu otrzymania stosownej informacji co do powrotu i kontynuacji nauki lub jej zako\u0144czenia.<\/li>\n<\/ol>\n<p><strong>\u00a0<\/strong><\/p>\n<p><strong>DROGI EWAKUACJI \/KIERUNKI EWAKUACJI\/<\/strong><\/p>\n<ol>\n<li>ewakuacja uczni\u00f3w \/ pracownik\u00f3w szko\u0142y\/ odbywa si\u0119:<\/li>\n<\/ol>\n<ul>\n<li>z budynku nowego przez wyj\u015bcie g\u0142\u00f3wne oraz drog\u0119 ewakuacyjn\u0105 wyj\u015bciem bocznym,<\/li>\n<li>z budynku starego przez wyj\u015bcie g\u0142\u00f3wne oraz drog\u0119 ewakuacyjn\u0105 wyj\u015bciem bocznym<\/li>\n<\/ul>\n<p>&nbsp;<\/p>\n<p><strong>OBOWI\u0104ZKI WYCHOWAWC\u00d3W KLAS I SEKRETARIATU SZKO\u0141Y<\/strong><\/p>\n<ol>\n<li>Opracowa\u0107 wewn\u0119trzn\u0105 procedur\u0119 stanowi\u0105c\u0105 za\u0142\u0105cznik co uwzgl\u0119dniaj\u0105c\u0105 w\u0142asne potrzeby i uwarunkowanie w szczeg\u00f3lno\u015bci w zakresie zabezpieczenia dokument\u00f3w\/ dziennik\u00f3w post\u0119powania w przypadku pozostania uczni\u00f3w w pomieszczeniach szko\u0142y;<\/li>\n<li>Posiada\u0107 wykaz wa\u017cnych dokument\u00f3w, urz\u0105dze\u0144, piecz\u0119ci itp., kt\u00f3re maj\u0105 by\u0107 zabezpieczone\/ ewakuowane\/;<\/li>\n<li>Posiada\u0107 przygotowane pojemniki na dokumenty, piecz\u0119ci itp.;<\/li>\n<li>Przeszkoli\u0107 uczni\u00f3w w zakresie organizacji, przebiegu ewakuacji;<\/li>\n<li>Przeprowadzi\u0107 pr\u00f3b\u0105 ewakuacj\u0119 klas w ramach godzin wychowawczych;<\/li>\n<\/ol>\n<p><strong>\u00a0<\/strong><\/p>\n<p><strong>POSTANOWIENIA KO\u0143COWE<\/strong><\/p>\n<ol>\n<li>Wyznaczy\u0107 nauczycieli reguluj\u0105cych ruchem, zabezpieczaj\u0105cych dokumenty, wa\u017cne mienie itp.;<\/li>\n<li>Na terenie szko\u0142y do czasu otrzymania innych dyspozycji pozostaje wo\u017any szko\u0142y oraz wyznaczone osoby funkcyjne: dyrektor, zast\u0119pcy, sekretarz szko\u0142y.<\/li>\n<\/ol>\n<p>&nbsp;<\/p>\n","protected":false},"excerpt":{"rendered":"<p>CEL PROCEDURY PRZEDMIOT I ZAKRES STOSOWANIA PODSTAWY URUCHOMIENIA PROCEDURY \u2013 ZARZ\u0104DZENIA EWAKUACJI SPOS\u00d3B OG\u0141ASZANIA ALARMU \u2013 SYGNA\u0141Y ALARMOWE PRZYDZIA\u0141 OBOWI\u0104ZK\u00d3W [&hellip;]<\/p>\n","protected":false},"author":1,"featured_media":0,"parent":0,"menu_order":0,"comment_status":"closed","ping_status":"closed","template":"","meta":{"footnotes":""},"class_list":["post-1501","page","type-page","status-publish","hentry","has_no_thumb"],"aioseo_notices":[],"_links":{"self":[{"href":"https:\/\/sp6kwidzyn.pl\/index.php?rest_route=\/wp\/v2\/pages\/1501","targetHints":{"allow":["GET"]}}],"collection":[{"href":"https:\/\/sp6kwidzyn.pl\/index.php?rest_route=\/wp\/v2\/pages"}],"about":[{"href":"https:\/\/sp6kwidzyn.pl\/index.php?rest_route=\/wp\/v2\/types\/page"}],"author":[{"embeddable":true,"href":"https:\/\/sp6kwidzyn.pl\/index.php?rest_route=\/wp\/v2\/users\/1"}],"replies":[{"embeddable":true,"href":"https:\/\/sp6kwidzyn.pl\/index.php?rest_route=%2Fwp%2Fv2%2Fcomments&post=1501"}],"version-history":[{"count":0,"href":"https:\/\/sp6kwidzyn.pl\/index.php?rest_route=\/wp\/v2\/pages\/1501\/revisions"}],"wp:attachment":[{"href":"https:\/\/sp6kwidzyn.pl\/index.php?rest_route=%2Fwp%2Fv2%2Fmedia&parent=1501"}],"curies":[{"name":"wp","href":"https:\/\/api.w.org\/{rel}","templated":true}]}}