{"id":1495,"date":"2019-05-30T13:37:02","date_gmt":"2019-05-30T11:37:02","guid":{"rendered":"http:\/\/sp6kwidzyn.pl\/?page_id=1495"},"modified":"2019-05-30T13:37:02","modified_gmt":"2019-05-30T11:37:02","slug":"procedura-wydawania-dokumentow","status":"publish","type":"page","link":"https:\/\/sp6kwidzyn.pl\/?page_id=1495","title":{"rendered":"Procedura wydawania dokument\u00f3w."},"content":{"rendered":"<p><u>PODSTAWA PRAWNA<\/u><\/p>\n<p><em>ROZPORZ\u0104DZENIE MINISTRA EDUKACJI NARODOWEJ z dnia 18 stycznia 2017 r.\u00a0 w sprawie \u015bwiadectw, dyplom\u00f3w pa\u0144stwowych i innych druk\u00f3w szkolnych ( Dz.U. z dnia 27 styczna 2017 r. poz. 170)<\/em><\/p>\n<ol>\n<li>Szko\u0142a Podstawowa nr 6 im. dra W\u0142adys\u0142awa G\u0119bika wydaje \u015bwiadectwa i inne druki zgodnie z powy\u017cszym rozporz\u0105dzeniem Ministra Edukacji Narodowej.<\/li>\n<li>Informacje og\u00f3lne dotycz\u0105ce wydawania \u015bwiadectw i innych druk\u00f3w szkolnych oraz wykaz wzor\u00f3w \u015bwiadectw i innych druk\u00f3w szkolnych zawiera za\u0142\u0105cznik nr 2 do powy\u017cszego rozporz\u0105dzenia.<\/li>\n<li>\u015awiadectwa szkolne promocyjne, \u015bwiadectwa uko\u0144czenia szko\u0142y i za\u015bwiadczenia dotycz\u0105ce przebiegu nauczania wydaje si\u0119 na podstawie dokumentacji przebiegu nauczania prowadzonej przez szko\u0142\u0119.<\/li>\n<li>Po uko\u0144czeniu nauki w danej klasie, z wyj\u0105tkiem klasy programowo najwy\u017cszej, ucze\u0144, zale\u017cnie od wynik\u00f3w klasyfikacji rocznej, otrzymuje \u015bwiadectwo szkolne promocyjne potwierdzaj\u0105ce uzyskanie albo nieuzyskanie promocji do klasy programowo wy\u017cszej.<\/li>\n<li>Ucze\u0144 klasy programowo najwy\u017cszej otrzymuje \u015bwiadectwo uko\u0144czenia szko\u0142y. Ucze\u0144, kt\u00f3ry uko\u0144czy\u0142 szko\u0142\u0119 z wyr\u00f3\u017cnieniem, otrzymuje \u015bwiadectwo uko\u0144czenia szko\u0142y potwierdzaj\u0105ce uko\u0144czenie szko\u0142y z wyr\u00f3\u017cnieniem.<\/li>\n<li>\u015awiadectwa i inne druki szkolne wype\u0142nia si\u0119 czytelnie, bez poprawek, pismem komputerowym, maszynowym lub r\u0119cznym, z uwzgl\u0119dnieniem \u00a7 17 -19 powy\u017cszego rozporz\u0105dzenia.<\/li>\n<li>W przypadku utraty orygina\u0142u \u015bwiadectwa ucze\u0144 lub rodzic\/opiekun mo\u017ce wyst\u0105pi\u0107 do szko\u0142y, kt\u00f3ra wyda\u0142a ten dokument, z wnioskiem o wydanie duplikatu \u015bwiadectwa.<\/li>\n<li>Duplikat wydaje si\u0119 na druku wed\u0142ug wzoru obowi\u0105zuj\u0105cego w dniu wydania orygina\u0142u \u015bwiadectwa. Na pierwszej stronie u g\u00f3ry nale\u017cy umie\u015bci\u0107 wyraz \u201eDuplikat\u201d, a na ko\u0144cu dokumentu doda\u0107 wyrazy \u201eorygina\u0142 podpisali\u201d i wymieni\u0107 nazwiska os\u00f3b, kt\u00f3re podpisa\u0142y orygina\u0142 \u015bwiadectwa lub stwierdzi\u0107 nieczytelno\u015b\u0107 podpis\u00f3w oraz zamie\u015bci\u0107 dat\u0119 wydania duplikatu i opatrzy\u0107 piecz\u0119ci\u0105 urz\u0119dow\u0105.<\/li>\n<li>Duplikat ma moc orygina\u0142u i mo\u017ce by\u0107 wydany ponownie.<\/li>\n<li>Dyrektor szko\u0142y po\u015bwiadcza zgodno\u015b\u0107 kopii z orygina\u0142em \u015bwiadectwa lub innego druku szkolnego, gdy jest to niezb\u0119dne dla z\u0142o\u017cenia kopii w aktach tej szko\u0142y.<\/li>\n<li>\u015awiadectwa, legitymacje szkolne, a tak\u017ce kopie, o kt\u00f3rych mowa w \u00a7 24 rozporz\u0105dzenia, s\u0105 wydawane przez szko\u0142\u0119 nieodp\u0142atnie.<\/li>\n<li>Za wydanie duplikatu \u015bwiadectwa oraz za uwierzytelnienie dokumentu przeznaczonego do obrotu prawnego z zagranic\u0105 pobiera si\u0119 op\u0142at\u0119 w wysoko\u015bci r\u00f3wnej kwocie op\u0142aty skarbowej od legalizacji dokumentu. Za wydanie duplikatu legitymacji szkolnej pobiera si\u0119 op\u0142at\u0119 w wysoko\u015bci r\u00f3wnej kwocie op\u0142aty skarbowej od po\u015bwiadczenia w\u0142asnor\u0119czno\u015bci podpisu. Op\u0142at\u0119 wnosi si\u0119 na rachunek bankowy wskazany odpowiednio przez dyrektora szko\u0142y.<\/li>\n<\/ol>\n","protected":false},"excerpt":{"rendered":"<p>PODSTAWA PRAWNA ROZPORZ\u0104DZENIE MINISTRA EDUKACJI NARODOWEJ z dnia 18 stycznia 2017 r.\u00a0 w sprawie \u015bwiadectw, dyplom\u00f3w pa\u0144stwowych i innych druk\u00f3w [&hellip;]<\/p>\n","protected":false},"author":1,"featured_media":0,"parent":0,"menu_order":0,"comment_status":"closed","ping_status":"closed","template":"","meta":{"footnotes":""},"class_list":["post-1495","page","type-page","status-publish","hentry","has_no_thumb"],"aioseo_notices":[],"_links":{"self":[{"href":"https:\/\/sp6kwidzyn.pl\/index.php?rest_route=\/wp\/v2\/pages\/1495","targetHints":{"allow":["GET"]}}],"collection":[{"href":"https:\/\/sp6kwidzyn.pl\/index.php?rest_route=\/wp\/v2\/pages"}],"about":[{"href":"https:\/\/sp6kwidzyn.pl\/index.php?rest_route=\/wp\/v2\/types\/page"}],"author":[{"embeddable":true,"href":"https:\/\/sp6kwidzyn.pl\/index.php?rest_route=\/wp\/v2\/users\/1"}],"replies":[{"embeddable":true,"href":"https:\/\/sp6kwidzyn.pl\/index.php?rest_route=%2Fwp%2Fv2%2Fcomments&post=1495"}],"version-history":[{"count":0,"href":"https:\/\/sp6kwidzyn.pl\/index.php?rest_route=\/wp\/v2\/pages\/1495\/revisions"}],"wp:attachment":[{"href":"https:\/\/sp6kwidzyn.pl\/index.php?rest_route=%2Fwp%2Fv2%2Fmedia&parent=1495"}],"curies":[{"name":"wp","href":"https:\/\/api.w.org\/{rel}","templated":true}]}}