{"id":1492,"date":"2019-05-30T13:36:03","date_gmt":"2019-05-30T11:36:03","guid":{"rendered":"http:\/\/sp6kwidzyn.pl\/?page_id=1492"},"modified":"2019-05-30T13:36:03","modified_gmt":"2019-05-30T11:36:03","slug":"procedura-rezygnacji-z-zajec-wychowania-do-zycia-w-rodzinie","status":"publish","type":"page","link":"https:\/\/sp6kwidzyn.pl\/?page_id=1492","title":{"rendered":"Procedura rezygnacji z zaj\u0119\u0107 wychowania do \u017cycia w rodzinie."},"content":{"rendered":"<p><em><u>Podstawa prawna:<\/u><\/em><\/p>\n<ol>\n<li><em>ROZPORZ\u0104DZENIE MINISTRA EDUKACJI NARODOWEJ <\/em><em>z dnia 2 czerwca 2017 r. zmieniaj\u0105ce rozporz\u0105dzenie w sprawie sposobu nauczania szkolnego oraz zakresu tre\u015bci dotycz\u0105cych wiedzy o \u017cyciu seksualnym cz\u0142owieka, o zasadach \u015bwiadomego i odpowiedzialnego rodzicielstwa, o warto\u015bci rodziny, \u017cycia w fazie prenatalnej oraz metodach i \u015brodkach \u015bwiadomej prokreacji zawartych w podstawie programowej kszta\u0142cenia og\u00f3lnego. (Dz.U. poz. 1117)<\/em><\/li>\n<li><em>ROZPORZ\u0104DZENIE MINISTRA EDUKACJI NARODOWEJ <\/em><em>z dnia 10 sierpnia 2009 r. zmieniaj\u0105ce rozporz\u0105dzenie w sprawie sposobu nauczania szkolnego oraz zakresu tre\u015bci dotycz\u0105cych wiedzy o \u017cyciu seksualnym cz\u0142owieka, o zasadach \u015bwiadomego i odpowiedzialnego rodzicielstwa, o warto\u015bci rodziny, \u017cycia w fazie prenatalnej oraz metodach i \u015brodkach \u015bwiadomej prokreacji zawartych w podstawie programowej kszta\u0142cenia og\u00f3lnego. (Dz.U. nr 131, poz. 1079)<\/em><\/li>\n<li><em>ROZPORZ\u0104DZENIE MINISTRA EDUKACJI NARODOWEJ <\/em><em>z dnia 12 sierpnia 1999 r. w sprawie sposobu nauczania szkolnego oraz zakresu tre\u015bci dotycz\u0105cych wiedzy o \u017cyciu seksualnym cz\u0142owieka, o zasadach \u015bwiadomego i odpowiedzialnego rodzicielstwa, o warto\u015bci rodziny, \u017cycia w fazie prenatalnej oraz metodach i \u015brodkach \u015bwiadomej prokreacji zawartych w podstawie programowej kszta\u0142cenia og\u00f3lnego. (Dz.U. nr 67, poz. 756)<\/em><\/li>\n<\/ol>\n<p>&nbsp;<\/p>\n<ol>\n<li>Ucze\u0144 niepe\u0142noletni ma obowi\u0105zek ucz\u0119szczania na zaj\u0119cia <em>wychowania do \u017cycia w rodzinie,<\/em> chyba \u017ce jego rodzice zg\u0142osz\u0105 dyrektorowi szko\u0142y w formie pisemnej rezygnacj\u0119 z udzia\u0142u ucznia w zaj\u0119ciach.<\/li>\n<li>Wz\u00f3r rezygnacji z zaj\u0119\u0107 <em>wychowania do \u017cycia w rodzinie<\/em> zawiera za\u0142\u0105cznik do niniejszej procedury.<\/li>\n<li>Rezygnacja, o kt\u00f3rej mowa w pkt. 1 mo\u017ce by\u0107 z\u0142o\u017cona w ka\u017cdym czasie w danym roku szkolnym i obowi\u0105zuje do ko\u0144ca roku szkolnego, w kt\u00f3rym zosta\u0142a z\u0142o\u017cona.<\/li>\n<li>Zaj\u0119cia nie podlegaj\u0105 ocenie i nie maj\u0105 wp\u0142ywu na promocj\u0119 ucznia do klasy programowo wy\u017cszej ani na uko\u0144cze-nie szko\u0142y przez ucznia.<\/li>\n<li>W przypadku udzia\u0142u ucznia w zaj\u0119ciach, fakt ten odnotowuje si\u0119 na \u015bwiadectwie szkolnym w cz\u0119\u015bci przeznaczonej na dodatkowe zaj\u0119cia edukacyjne wpisem \u201euczestniczy\u0142(\u0142a)\u201d.<\/li>\n<li>W ka\u017cdym roku szkolnym podczas pierwszej wywiad\u00f3wki (przed przyst\u0105pieniem do realizacji zaj\u0119\u0107 <em>wychowania do \u017cycia w rodzinie<\/em>) wychowawca klasy przedstawia rodzicom przygotowan\u0105 przez nauczyciela pe\u0142n\u0105 informacj\u0119 o celach i tre\u015bciach realizowanego programu nauczania, podr\u0119cznikach szkolnych oraz \u015brodkach dydaktycznych. W sytuacji nieobecno\u015bci rodzica dopuszcza si\u0119 przes\u0142anie pe\u0142nej informacji przez dziennik elektroniczny Librus.<\/li>\n<\/ol>\n<p>&nbsp;<\/p>\n<p>Za\u0142\u0105cznik: <em>Wz\u00f3r rezygnacji z zaj\u0119\u0107 wychowania do \u017cycia w rodzinie<\/em>.<\/p>\n<p style=\"text-align: right;\">Kwidzyn, data \u2026\u2026\u2026\u2026<\/p>\n<p style=\"text-align: center;\"><strong><em>Dyrektor<\/em><\/strong><\/p>\n<p style=\"text-align: center;\"><strong><em>Szko\u0142y Podstawowej nr 6<\/em><\/strong><\/p>\n<p style=\"text-align: center;\"><strong><em>w Kwidzynie<\/em><\/strong><\/p>\n<p>Na podstawie <em>\u00a7 4.1.<\/em><em> rozporz\u0105dzenia ministra edukacji narodowej z dnia 10 sierpnia 2009 r. zmieniaj\u0105cego rozpo-rz\u0105dzenie w sprawie sposobu nauczania szkolnego oraz zakresu tre\u015bci dotycz\u0105cych wiedzy o \u017cyciu seksualnym cz\u0142owieka, o zasadach \u015bwiadomego i odpowiedzialnego rodzicielstwa, o warto\u015bci rodziny, \u017cycia w fazie prenatalnej oraz metodach i \u015brodkach \u015bwiadomej prokreacji zawartych w podstawie programowej kszta\u0142cenia og\u00f3lnego (Dz.U.nr 131, poz. 1079) o\u015bwiadczam, \u017ce rezygnuj\u0119 z uczestnictwa ucznia <\/em><em>(imi\u0119 i nazwisko)<\/em><em>\u2026\u2026\u2026\u2026.\u2026\u2026\u2026\u2026\u2026\u2026\u2026\u2026\u2026\u2026\u2026\u2026\u2026\u2026\u2026\u2026\u2026\u2026 ucz\u0119szczaj\u0105cego do klasy\u2026\u2026\u2026\u2026 z udzia\u0142u w zaj\u0119ciach wychowania do \u017cycia w rodzinie w roku szkolnym 20\u2026.\/ 20\u2026.<\/em><\/p>\n<p style=\"text-align: right;\"><em>\u2026\u2026\u2026\u2026\u2026\u2026\u2026\u2026\u2026\u2026\u2026\u2026\u2026<\/em><\/p>\n<p style=\"text-align: right;\"><em>Podpis rodzica<\/em><\/p>\n<p>&nbsp;<\/p>\n","protected":false},"excerpt":{"rendered":"<p>Podstawa prawna: ROZPORZ\u0104DZENIE MINISTRA EDUKACJI NARODOWEJ z dnia 2 czerwca 2017 r. zmieniaj\u0105ce rozporz\u0105dzenie w sprawie sposobu nauczania szkolnego oraz [&hellip;]<\/p>\n","protected":false},"author":1,"featured_media":0,"parent":0,"menu_order":0,"comment_status":"closed","ping_status":"closed","template":"","meta":{"footnotes":""},"class_list":["post-1492","page","type-page","status-publish","hentry","has_no_thumb"],"aioseo_notices":[],"_links":{"self":[{"href":"https:\/\/sp6kwidzyn.pl\/index.php?rest_route=\/wp\/v2\/pages\/1492","targetHints":{"allow":["GET"]}}],"collection":[{"href":"https:\/\/sp6kwidzyn.pl\/index.php?rest_route=\/wp\/v2\/pages"}],"about":[{"href":"https:\/\/sp6kwidzyn.pl\/index.php?rest_route=\/wp\/v2\/types\/page"}],"author":[{"embeddable":true,"href":"https:\/\/sp6kwidzyn.pl\/index.php?rest_route=\/wp\/v2\/users\/1"}],"replies":[{"embeddable":true,"href":"https:\/\/sp6kwidzyn.pl\/index.php?rest_route=%2Fwp%2Fv2%2Fcomments&post=1492"}],"version-history":[{"count":0,"href":"https:\/\/sp6kwidzyn.pl\/index.php?rest_route=\/wp\/v2\/pages\/1492\/revisions"}],"wp:attachment":[{"href":"https:\/\/sp6kwidzyn.pl\/index.php?rest_route=%2Fwp%2Fv2%2Fmedia&parent=1492"}],"curies":[{"name":"wp","href":"https:\/\/api.w.org\/{rel}","templated":true}]}}