{"id":1489,"date":"2019-05-30T13:33:33","date_gmt":"2019-05-30T11:33:33","guid":{"rendered":"http:\/\/sp6kwidzyn.pl\/?page_id=1489"},"modified":"2019-05-30T13:33:33","modified_gmt":"2019-05-30T11:33:33","slug":"procedura-dzialan-szkolnego-wolontariatu","status":"publish","type":"page","link":"https:\/\/sp6kwidzyn.pl\/?page_id=1489","title":{"rendered":"Procedura dzia\u0142a\u0144 szkolnego wolontariatu."},"content":{"rendered":"<ol>\n<li>W Szkole Podstawowej nr 6 w Kwidzynie prowadzona jest za zgod\u0105 rodzic\u00f3w dzia\u0142alno\u015b\u0107 dydaktyczno-wychowawcza i opieku\u0144cza na zasadach wolontariatu pod nadzorem merytorycznym i metodycznym dyrektora szko\u0142y.<br \/>\n2. Za zgod\u0105 rodzic\u00f3w oraz dyrektora szko\u0142y opiek\u0119 nad uczniami podczas zaj\u0119\u0107 edukacyjnych mo\u017ce sprawowa\u0107 wolontariusz &#8211; koordynator.<\/li>\n<li>Koordynator odpowiada m.in. za wyznaczanie kierunk\u00f3w prac, organizacj\u0119 spotka\u0144 wolontariuszy, okre\u015blanie termin\u00f3w realizacji zada\u0144.<\/li>\n<li>Do jego g\u0142\u00f3wnych zada\u0144 nale\u017cy:<br \/>\n1) promocja idei wolontariatu w\u015br\u00f3d uczni\u00f3w i ich rekrutacja,<\/li>\n<\/ol>\n<p>2) wyznaczanie zada\u0144 odpowiednich do profilu i zainteresowa\u0144 wolontariusza,<\/p>\n<p>3) nadzorowanie pracy wolontariuszy,<\/p>\n<p>4) przygotowanie stanowiska pracy oraz samego wolontariusza do pracy,<br \/>\n5) okre\u015blenie warunk\u00f3w wsp\u00f3\u0142pracy,<br \/>\n6) dopilnowanie wszelkich formalno\u015bci, w tym m.in. ubezpieczenie,<br \/>\n7) utrzymywanie sta\u0142ego kontaktu z wolontariuszami,<br \/>\n8) nagradzanie i podtrzymywanie motywacji wolontariusza,<br \/>\n9) rozwi\u0105zywanie trudnych sytuacji.<\/p>\n<ol start=\"5\">\n<li>Cz\u0142onkowie Samorz\u0105du Uczniowskiego tworz\u0105 Rad\u0119 Wolontariatu.<\/li>\n<li>Samorz\u0105d Uczniowski podejmuje dzia\u0142ania z zakresu wolontariatu w porozumieniu z dyrektorem szko\u0142y.<\/li>\n<li>Struktura i kompetencje Rady Wolontariatu ustala Samorz\u0105d Uczniowski w swoim regulaminie.<\/li>\n<li>Dzia\u0142ania Szkolnego Wolontariatu adresowane s\u0105 do:<\/li>\n<\/ol>\n<ul>\n<li>potrzebuj\u0105cych pomocy wewn\u0105trz spo\u0142eczno\u015bci szkolnej, w \u015brodowisku lokalnym oraz zg\u0142aszanych w og\u00f3lnopolskich akcjach charytatywnych, po uzyskaniu akceptacji dyrektora szko\u0142y<\/li>\n<li>r\u00f3wie\u015bnik\u00f3w: koleg\u00f3w ze szko\u0142y, kt\u00f3rzy maj\u0105 problem np. z zaleg\u0142o\u015bciami w nauce lub s\u0105 w trudnej sytuacji materialnej (pomoc anonimowa),<\/li>\n<li>spo\u0142eczno\u015bci szkolnej poprzez podejmowanie dzia\u0142a\u0144 informacyjnych oraz aktywizuj\u0105cych,<\/li>\n<li>wolontariuszy poprzez szkolenia wewn\u0119trzne,<\/li>\n<li>lokalnych instytucji i organizacji.<\/li>\n<\/ul>\n<ol start=\"9\">\n<li>Cele Szkolnego Wolontariatu:<br \/>\n1) Zapoznanie m\u0142odzie\u017cy z ide\u0105 wolontariatu oraz jej propagowanie.<br \/>\n2) Uwra\u017cliwienie na cierpienie, samotno\u015b\u0107 i potrzeby innych.<br \/>\n3) Kszta\u0142towanie postaw prospo\u0142ecznych.<br \/>\n4) Rozwijanie empatii i tolerancji.<br \/>\n5) Inspirowanie do aktywnego sp\u0119dzania czasu wolnego.<br \/>\n6) Kreowanie roli szko\u0142y jako centrum lokalnej aktywno\u015bci.<br \/>\n7) Budowanie tradycji szko\u0142y zgodnie z za\u0142o\u017ceniami programu wychowawczego.<br \/>\n8) Anga\u017cowanie si\u0119 w dzia\u0142ania na rzecz spo\u0142eczno\u015bci szkolnej i lokalnej, tworzenie wi\u0119zi ze \u015brodowiskiem.<br \/>\n9) Zawieranie g\u0142\u0119bokich, warto\u015bciowych przyja\u017ani.<br \/>\n10) Kszta\u0142towanie umiej\u0119tno\u015bci dzia\u0142ania zespo\u0142owego.<br \/>\n11) Wsp\u00f3\u0142dzia\u0142anie z organizacjami spo\u0142ecznymi i m\u0142odzie\u017cowymi.<br \/>\n12) Mo\u017cliwo\u015b\u0107 wykorzystywania w\u0142asnych umiej\u0119tno\u015bci i do\u015bwiadcze\u0144.<br \/>\n13) Rozwijanie zainteresowa\u0144.<br \/>\n14) Zdobywanie do\u015bwiadczenia w nowych dziedzinach.<br \/>\n15) Wspieranie ciekawych inicjatyw m\u0142odzie\u017cy szkolnej.<\/li>\n<\/ol>\n<p>16) Dzia\u0142ania sprzyjaj\u0105ce aktywnemu uczestnictwu w \u017cyciu spo\u0142ecznym.<\/p>\n<ol start=\"10\">\n<li>10. Dzia\u0142alno\u015b\u0107 Szkolnego Wolontariatu mo\u017ce by\u0107 wspierana przez:<\/li>\n<\/ol>\n<p>1) wychowawc\u00f3w oddzia\u0142\u00f3w wraz z ich klasami,<\/p>\n<p>2) nauczycieli i innych pracownik\u00f3w szko\u0142y,<\/p>\n<p>3) rodzic\u00f3w,<\/p>\n<p>4) instytucje i inne osoby.<\/p>\n<ol start=\"11\">\n<li>11. Zaj\u0119cia pozalekcyjne mog\u0105 by\u0107 prowadzone przez instytucje do tego uprawnione na zasadach wolontariatu lub odp\u0142atnie, po uzyskaniu zgody rodzic\u00f3w i Dyrektora Szko\u0142y.<\/li>\n<li>Wolontariusze powinni posiada\u0107 odpowiednie kwalifikacje i spe\u0142nia\u0107 wymagania odpowiednie do rodzaju i zakresu wykonywanych \u015bwiadcze\u0144, je\u017celi obowi\u0105zek posiadania takich kwalifikacji i spe\u0142niania stosownych wymaga\u0144 wynika z odr\u0119bnych przepis\u00f3w<\/li>\n<li>13. Zasady funkcjonowania, cele oraz zadania Szkolnego Wolontariatu zawarte s\u0105 w jego programie.<\/li>\n<\/ol>\n","protected":false},"excerpt":{"rendered":"<p>W Szkole Podstawowej nr 6 w Kwidzynie prowadzona jest za zgod\u0105 rodzic\u00f3w dzia\u0142alno\u015b\u0107 dydaktyczno-wychowawcza i opieku\u0144cza na zasadach wolontariatu pod [&hellip;]<\/p>\n","protected":false},"author":1,"featured_media":0,"parent":0,"menu_order":0,"comment_status":"closed","ping_status":"closed","template":"","meta":{"footnotes":""},"class_list":["post-1489","page","type-page","status-publish","hentry","has_no_thumb"],"aioseo_notices":[],"_links":{"self":[{"href":"https:\/\/sp6kwidzyn.pl\/index.php?rest_route=\/wp\/v2\/pages\/1489","targetHints":{"allow":["GET"]}}],"collection":[{"href":"https:\/\/sp6kwidzyn.pl\/index.php?rest_route=\/wp\/v2\/pages"}],"about":[{"href":"https:\/\/sp6kwidzyn.pl\/index.php?rest_route=\/wp\/v2\/types\/page"}],"author":[{"embeddable":true,"href":"https:\/\/sp6kwidzyn.pl\/index.php?rest_route=\/wp\/v2\/users\/1"}],"replies":[{"embeddable":true,"href":"https:\/\/sp6kwidzyn.pl\/index.php?rest_route=%2Fwp%2Fv2%2Fcomments&post=1489"}],"version-history":[{"count":0,"href":"https:\/\/sp6kwidzyn.pl\/index.php?rest_route=\/wp\/v2\/pages\/1489\/revisions"}],"wp:attachment":[{"href":"https:\/\/sp6kwidzyn.pl\/index.php?rest_route=%2Fwp%2Fv2%2Fmedia&parent=1489"}],"curies":[{"name":"wp","href":"https:\/\/api.w.org\/{rel}","templated":true}]}}