{"id":1485,"date":"2019-05-30T13:30:46","date_gmt":"2019-05-30T11:30:46","guid":{"rendered":"http:\/\/sp6kwidzyn.pl\/?page_id=1485"},"modified":"2019-05-30T13:30:46","modified_gmt":"2019-05-30T11:30:46","slug":"procedura-wydawania-opinii-o-uczniu","status":"publish","type":"page","link":"https:\/\/sp6kwidzyn.pl\/?page_id=1485","title":{"rendered":"Procedura wydawania opinii o uczniu."},"content":{"rendered":"<p><strong>PODSTAWA PRAWNA: <\/strong><em>\u00a0Rozporz\u0105dzenie MEN z dnia 9 sierpnia 2017 r. w sprawie zasad organizacji i udzielania pomocy psychologiczno-pedagogicznej w publicznych przedszkolach, szko\u0142ach\u00a0i plac\u00f3wkach (Dz. U. z dnia 1.09.2017, poz. 1591) oraz \u00a77 ust. 2 i ust. 3 Rozporz\u0105dzenia Ministra Edukacji Narodowej z dnia 7.09.2017 r. (Dz. U. z dnia 14.09.2017 r. poz. 1743) w sprawie orzecze\u0144 i opinii wydawanych przez zespo\u0142y orzekaj\u0105ce dzia\u0142aj\u0105ce w publicznych poradniach psychologiczno-pedagogicznych<\/em><\/p>\n<ol>\n<li>Opini\u0119 przygotowuje si\u0119 na pisemn\u0105 pro\u015bb\u0119 :<\/li>\n<li>a) rodzic\u00f3w\/prawnych opiekun\u00f3w ucznia,<\/li>\n<li>b) poradni psychologiczno-pedagogicznej b\u0105d\u017a innej poradni specjalistycznej,<\/li>\n<li>c) S\u0105du Rejonowego (w tym kurator\u00f3w s\u0105dowych),<\/li>\n<li>d) innych instytucji wspomagaj\u0105cych, w tym: Policji, MOPS.<\/li>\n<\/ol>\n<p>2.Druki wniosk\u00f3w dla rodzic\u00f3w\/opiekun\u00f3w s\u0105 do pobrania w sekretariacie szko\u0142y lub ze strony internetowej szko\u0142y.<\/p>\n<p>3.Opinia o uczniu Szko\u0142y Podstawowej nr 6 im. dra W\u0142adys\u0142awa G\u0119bika jest przygotowywana przez wychowawc\u0119, nauczyciela b\u0105d\u017a specjalist\u0119 w ci\u0105gu 14 dni od otrzymania wniosku z sekretariatu szko\u0142y.<\/p>\n<p>4.Opinia zostaje przygotowana w dw\u00f3ch egzemplarzach z podpisem osoby sporz\u0105dzaj\u0105cej opini\u0119 oraz dyrektora szko\u0142y. Opinia opatrzona jest piecz\u0119ci\u0105 szko\u0142y i numerem.<\/p>\n<p>5.Opinia powinna zawiera\u0107 tylko takie informacje, na kt\u00f3re sporz\u0105dzaj\u0105cy j\u0105 ma potwierdzenie w swojej dokumentacji oraz uzyska\u0142 informacje z wiarygodnych \u017ar\u00f3de\u0142 maj\u0105ce istotny wp\u0142yw na rozpatrywan\u0105 spraw\u0119.<\/p>\n<p>6.Rodzic\/opiekun zobowi\u0105zany jest do wskazania we wniosku dok\u0142adnych danych instytucji, do kt\u00f3rej opinia ma zosta\u0107 przekazana przez szko\u0142\u0119.<\/p>\n<p>8.Kopi\u0119 wydanej informacji (opinii) przechowuje si\u0119 w dokumentacji szkolnej.<\/p>\n<p>9.Nauczyciel\/pracownik szko\u0142y nie wydaje opinii o uczniu bez zachowania przyj\u0119tej procedury.<\/p>\n","protected":false},"excerpt":{"rendered":"<p>PODSTAWA PRAWNA: \u00a0Rozporz\u0105dzenie MEN z dnia 9 sierpnia 2017 r. w sprawie zasad organizacji i udzielania pomocy psychologiczno-pedagogicznej w publicznych [&hellip;]<\/p>\n","protected":false},"author":1,"featured_media":0,"parent":0,"menu_order":0,"comment_status":"closed","ping_status":"closed","template":"","meta":{"footnotes":""},"class_list":["post-1485","page","type-page","status-publish","hentry","has_no_thumb"],"aioseo_notices":[],"_links":{"self":[{"href":"https:\/\/sp6kwidzyn.pl\/index.php?rest_route=\/wp\/v2\/pages\/1485","targetHints":{"allow":["GET"]}}],"collection":[{"href":"https:\/\/sp6kwidzyn.pl\/index.php?rest_route=\/wp\/v2\/pages"}],"about":[{"href":"https:\/\/sp6kwidzyn.pl\/index.php?rest_route=\/wp\/v2\/types\/page"}],"author":[{"embeddable":true,"href":"https:\/\/sp6kwidzyn.pl\/index.php?rest_route=\/wp\/v2\/users\/1"}],"replies":[{"embeddable":true,"href":"https:\/\/sp6kwidzyn.pl\/index.php?rest_route=%2Fwp%2Fv2%2Fcomments&post=1485"}],"version-history":[{"count":0,"href":"https:\/\/sp6kwidzyn.pl\/index.php?rest_route=\/wp\/v2\/pages\/1485\/revisions"}],"wp:attachment":[{"href":"https:\/\/sp6kwidzyn.pl\/index.php?rest_route=%2Fwp%2Fv2%2Fmedia&parent=1485"}],"curies":[{"name":"wp","href":"https:\/\/api.w.org\/{rel}","templated":true}]}}