{"id":1480,"date":"2019-05-30T13:29:00","date_gmt":"2019-05-30T11:29:00","guid":{"rendered":"http:\/\/sp6kwidzyn.pl\/?page_id=1480"},"modified":"2019-05-30T13:29:00","modified_gmt":"2019-05-30T11:29:00","slug":"procedura-organizacji-zespolu-wychowawczego","status":"publish","type":"page","link":"https:\/\/sp6kwidzyn.pl\/?page_id=1480","title":{"rendered":"Procedura organizacji zespo\u0142u wychowawczego."},"content":{"rendered":"<ol>\n<li>W celu w\u0142a\u015bciwego sprawowania opieki nad uczniami oraz stwarzania warunk\u00f3w do harmonijnego rozwoju poprzez odpowiedni dob\u00f3r \u015brodk\u00f3w wychowawczych dyrektor szko\u0142y powo\u0142a\u0142 Zesp\u00f3\u0142 Wychowawc\u00f3w.<\/li>\n<li>W sk\u0142ad Zespo\u0142u Wychowawc\u00f3w w Szkole Podstawowej nr 6 z Oddzia\u0142ami Integracyjnymi im. W.G\u0119bika w Kwidzynie<\/li>\n<\/ol>\n<p>wchodz\u0105 wszyscy wychowawcy poszczeg\u00f3lnych oddzia\u0142\u00f3w szko\u0142y, pedagog i psycholog szkolny oraz wicedyrektor.<\/p>\n<ol start=\"3\">\n<li>Prac\u0105 Zespo\u0142u Wychowawc\u00f3w kieruje przewodnicz\u0105cy powo\u0142any przez dyrektora szko\u0142y, na wniosek zespo\u0142u.<\/li>\n<li>Zesp\u00f3\u0142 Wychowawc\u00f3w pracuje na podstawie rocznego planu pracy oraz harmonogramu ustalonego i zatwierdzonego przez zesp\u00f3\u0142 na pocz\u0105tku roku szkolnego.<\/li>\n<li>Cele og\u00f3lne dzia\u0142alno\u015bci zespo\u0142u:<\/li>\n<li>U\u015bwiadomienie wychowankom praw i obowi\u0105zk\u00f3w ucznia.<\/li>\n<li>Korelacja dzia\u0142a\u0144 Zespo\u0142u Wychowawc\u00f3w z Programem Wychowawczo- Profilaktycznym Szko\u0142y.<\/li>\n<li>Kszta\u0142towanie w\u0142a\u015bciwych postaw uczniowskich w wsp\u00f3\u0142pracy z samorz\u0105dem uczniowskim.<\/li>\n<li>Eliminowanie zachowa\u0144 agresywnych.<\/li>\n<li>U\u015bwiadomienie konsekwencji nieodpowiedniego zachowania.<\/li>\n<li>Wspieranie uzdolnie\u0144.<\/li>\n<li>Poprawa skuteczno\u015bci oddzia\u0142ywa\u0144 wychowawczych.<\/li>\n<li>Wspieranie rodzic\u00f3w w procesie wychowawczym.<\/li>\n<li>Pedagogizacja rodzic\u00f3w.<\/li>\n<li>Wypracowywanie form i metod pomocy dziecku i jego rodzinie w rozwi\u0105zywaniu trudnych problem\u00f3w zwi\u0105zanych z wype\u0142nianiem obowi\u0105zk\u00f3w szkolnych, z okresem dorastania oraz w podejmowaniu w\u0142a\u015bciwych decyzji \u017cyciowych.<\/li>\n<li>Zadania zespo\u0142u:<\/li>\n<li>Opracowanie szkolnego programu wychowawczo -profilaktycznego na dany rok szkolny.<\/li>\n<li>Opracowanie zasad wsp\u00f3\u0142pracy z s\u0105dem rodzinnym i policj\u0105.<\/li>\n<li>Koordynowanie i monitorowanie przebiegu realizacji Programu Wychowawczo-Profilaktycznego.<\/li>\n<li>Diagnozowanie i monitorowanie sytuacji wychowawczej w szkole.<\/li>\n<li>Bie\u017c\u0105ca analiza sytuacji wychowawczej w szkole poprzez gromadzenie informacji dotycz\u0105cych uczni\u00f3w przejawiaj\u0105cych niew\u0142a\u015bciwe zachowanie w \u015brodowisku szkolnym i rodzinnym.<\/li>\n<li>Omawianie trudnych sytuacji wychowawczych zaistnia\u0142ych w szkole i opracowywanie sposob\u00f3w ich rozwi\u0105zywania, szukanie przyczyn ich powstania oraz sposob\u00f3w zapobiegania.<\/li>\n<li>Monitorowanie frekwencji uczni\u00f3w na zaj\u0119ciach.<\/li>\n<li>Wypracowywanie wniosk\u00f3w lub podejmowanie decyzji w sprawie organizacji r\u00f3\u017cnych form przeciwdzia\u0142ania negatywnym zjawiskom wychowawczym, kt\u00f3rych sprawc\u0105 jest ucze\u0144.<\/li>\n<li>Czuwanie nad znajomo\u015bci\u0105 przez uczni\u00f3w praw i obowi\u0105zk\u00f3w ucznia obowi\u0105zuj\u0105cych w szkole oraz nad przestrzeganiem ich zar\u00f3wno przez uczni\u00f3w, jak i przez wszystkich pracownik\u00f3w szko\u0142y.<\/li>\n<li>Wsp\u00f3\u0142praca z rodzicami lub prawnymi opiekunami uczni\u00f3w sprawiaj\u0105cych trudno\u015bci wychowawcze.<\/li>\n<li>Wspieranie wychowawc\u00f3w i nauczycieli w realizacji zada\u0144 wynikaj\u0105cych z programu wychowawczego.<\/li>\n<li>Ewaluacja realizacji zada\u0144 wychowawczych.<\/li>\n<li>Zesp\u00f3\u0142 ma prawo wnioskowa\u0107 o skre\u015blenie ucznia z listy uczni\u00f3w, jak r\u00f3wnie\u017c wnioskowa\u0107 o przeniesienie ucznia do innej klasy.<\/li>\n<li>Spotkania zespo\u0142u odbywaj\u0105 si\u0119:<\/li>\n<li>a) Na pocz\u0105tku roku szkolnego w celu opracowania szkolnego programu wychowawczo-profilaktycznego, na koniec semestru I w celu podsumowania semestru oraz postawienia wniosk\u00f3w na II semestr, na zako\u0144czenie II semestru , celem podsumowania.<\/li>\n<li>b) Wed\u0142ug bie\u017c\u0105cych potrzeb oraz w sprawach pilnych na wniosek nauczyciela lub wychowawcy.<\/li>\n<\/ol>\n<p>Formularz wniosku do\u0142\u0105czony do procedury w formie za\u0142\u0105cznika.<\/p>\n<ol start=\"9\">\n<li>Zebrania zespo\u0142u s\u0105 przygotowywane i prowadzone przez przewodnicz\u0105cego, a w razie jego nieobecno\u015bci przez nauczyciela wyznaczonego przez przewodnicz\u0105cego.<\/li>\n<li>Wszystkie spotkania zespo\u0142u s\u0105 protoko\u0142owane, a dokumentacja zespo\u0142u znajduje si\u0119 u dyrektora szko\u0142y.<\/li>\n<\/ol>\n<p><strong>\u00a0<\/strong><\/p>\n<p><strong>\u00a0<\/strong><\/p>\n","protected":false},"excerpt":{"rendered":"<p>W celu w\u0142a\u015bciwego sprawowania opieki nad uczniami oraz stwarzania warunk\u00f3w do harmonijnego rozwoju poprzez odpowiedni dob\u00f3r \u015brodk\u00f3w wychowawczych dyrektor szko\u0142y [&hellip;]<\/p>\n","protected":false},"author":1,"featured_media":0,"parent":0,"menu_order":0,"comment_status":"closed","ping_status":"closed","template":"","meta":{"footnotes":""},"class_list":["post-1480","page","type-page","status-publish","hentry","has_no_thumb"],"aioseo_notices":[],"_links":{"self":[{"href":"https:\/\/sp6kwidzyn.pl\/index.php?rest_route=\/wp\/v2\/pages\/1480","targetHints":{"allow":["GET"]}}],"collection":[{"href":"https:\/\/sp6kwidzyn.pl\/index.php?rest_route=\/wp\/v2\/pages"}],"about":[{"href":"https:\/\/sp6kwidzyn.pl\/index.php?rest_route=\/wp\/v2\/types\/page"}],"author":[{"embeddable":true,"href":"https:\/\/sp6kwidzyn.pl\/index.php?rest_route=\/wp\/v2\/users\/1"}],"replies":[{"embeddable":true,"href":"https:\/\/sp6kwidzyn.pl\/index.php?rest_route=%2Fwp%2Fv2%2Fcomments&post=1480"}],"version-history":[{"count":0,"href":"https:\/\/sp6kwidzyn.pl\/index.php?rest_route=\/wp\/v2\/pages\/1480\/revisions"}],"wp:attachment":[{"href":"https:\/\/sp6kwidzyn.pl\/index.php?rest_route=%2Fwp%2Fv2%2Fmedia&parent=1480"}],"curies":[{"name":"wp","href":"https:\/\/api.w.org\/{rel}","templated":true}]}}