{"id":1463,"date":"2019-05-30T13:15:22","date_gmt":"2019-05-30T11:15:22","guid":{"rendered":"http:\/\/sp6kwidzyn.pl\/?page_id=1463"},"modified":"2019-05-30T13:15:22","modified_gmt":"2019-05-30T11:15:22","slug":"procedura-rozpoznawania-srodowiska-ucznia","status":"publish","type":"page","link":"https:\/\/sp6kwidzyn.pl\/?page_id=1463","title":{"rendered":"PROCEDURA ROZPOZNAWANIA \u015aRODOWISKA UCZNIA"},"content":{"rendered":"<ol>\n<li>Komunikowanie si\u0119 jest podstawow\u0105 cech\u0105 systemu rozpoznawania \u015brodowiska uczni\u00f3w.<\/li>\n<li>Wymiana informacji na temat poszczeg\u00f3lnych uczni\u00f3w zachodzi mi\u0119dzy wsp\u00f3\u0142dzia\u0142aj\u0105cymi osobami zatrudnionymi w szkole: dyrektorem\u00a0 szko\u0142y, wychowawcami, specjalistami szkolnymi, nauczycielami, wychowawcami \u015bwietlicy, pracownikiem biblioteki.<\/li>\n<li>Na wniosek specjalisty szkolnego informacj\u0119 uzupe\u0142niaj\u0105 osoby zatrudnione poza szko\u0142\u0105, tj.: pracownicy O\u015brodka Pomocy Spo\u0142ecznej, Policji, Stra\u017cy Miejskiej, Publicznej Poradni Psychologiczno-Pedagogicznej, kuratorzy s\u0105dowi.<\/li>\n<li>Pod koniec ka\u017cdego roku szkolnego odbywaj\u0105 si\u0119 konsultacje pracownik\u00f3w przedszkoli \u2013 wychowawc\u00f3w dzieci sze\u015bcioletnich z przysz\u0142ymi wychowawcami klas pierwszych.<\/li>\n<li>W przypadku nag\u0142ego wyst\u0105pienia problem\u00f3w ucznia (niespe\u0142nienie wymaga\u0144 szko\u0142y), zmiana zachowania (wagary, agresja, niepos\u0142usze\u0144stwo, u\u017cywanie \u015brodk\u00f3w psychoaktywnych, itp.) specjalista szkolny:<\/li>\n<\/ol>\n<p>1)\u00a0 przeprowadza rozmow\u0119 z rodzicami na terenie szko\u0142y w celu ustalenia przyczyn zmiany zachowania ucznia i podj\u0119cia \u015brodk\u00f3w zaradczych,<\/p>\n<p>2)\u00a0 przeprowadza wywiad \u015brodowiskowy ustalaj\u0105c warunki socjalno-bytowe, relacje mi\u0119dzy dzieckiem a rodzicami\u00a0 i rodze\u0144stwem, system kar i nagr\u00f3d, czas wolny dziecka, po wcze\u015bniejszym\u00a0 um\u00f3wieniu terminu z rodzicem.<\/p>\n<ol start=\"6\">\n<li>W sytuacjach wyj\u0105tkowych pedagog szkolny mo\u017ce korzysta\u0107\u00a0 z asysty funkcjonariusza KPP, SM, MOPS, oraz kuratora s\u0105dowego.<\/li>\n<li>W uzasadnionych przypadkach dyrektor wnioskuje\u00a0 o kierowanie spraw uczni\u00f3w z rodzin zaniedbanych \u015brodowisko-wo do S\u0105du Rejonowego \u2013 Wydzia\u0142 Rodzinny i Nieletnich.<\/li>\n<\/ol>\n","protected":false},"excerpt":{"rendered":"<p>Komunikowanie si\u0119 jest podstawow\u0105 cech\u0105 systemu rozpoznawania \u015brodowiska uczni\u00f3w. Wymiana informacji na temat poszczeg\u00f3lnych uczni\u00f3w zachodzi mi\u0119dzy wsp\u00f3\u0142dzia\u0142aj\u0105cymi osobami zatrudnionymi [&hellip;]<\/p>\n","protected":false},"author":1,"featured_media":0,"parent":0,"menu_order":0,"comment_status":"closed","ping_status":"closed","template":"","meta":{"footnotes":""},"class_list":["post-1463","page","type-page","status-publish","hentry","has_no_thumb"],"aioseo_notices":[],"_links":{"self":[{"href":"https:\/\/sp6kwidzyn.pl\/index.php?rest_route=\/wp\/v2\/pages\/1463","targetHints":{"allow":["GET"]}}],"collection":[{"href":"https:\/\/sp6kwidzyn.pl\/index.php?rest_route=\/wp\/v2\/pages"}],"about":[{"href":"https:\/\/sp6kwidzyn.pl\/index.php?rest_route=\/wp\/v2\/types\/page"}],"author":[{"embeddable":true,"href":"https:\/\/sp6kwidzyn.pl\/index.php?rest_route=\/wp\/v2\/users\/1"}],"replies":[{"embeddable":true,"href":"https:\/\/sp6kwidzyn.pl\/index.php?rest_route=%2Fwp%2Fv2%2Fcomments&post=1463"}],"version-history":[{"count":0,"href":"https:\/\/sp6kwidzyn.pl\/index.php?rest_route=\/wp\/v2\/pages\/1463\/revisions"}],"wp:attachment":[{"href":"https:\/\/sp6kwidzyn.pl\/index.php?rest_route=%2Fwp%2Fv2%2Fmedia&parent=1463"}],"curies":[{"name":"wp","href":"https:\/\/api.w.org\/{rel}","templated":true}]}}