{"id":1460,"date":"2019-05-30T13:13:59","date_gmt":"2019-05-30T11:13:59","guid":{"rendered":"http:\/\/sp6kwidzyn.pl\/?page_id=1460"},"modified":"2019-05-30T13:13:59","modified_gmt":"2019-05-30T11:13:59","slug":"procedura-procesu-adaptacyjnego-uczniow-klas-czwartych","status":"publish","type":"page","link":"https:\/\/sp6kwidzyn.pl\/?page_id=1460","title":{"rendered":"PROCEDURA PROCESU ADAPTACYJNEGO UCZNI\u00d3W KLAS CZWARTYCH"},"content":{"rendered":"<ol>\n<li>Pod koniec ka\u017cdego roku szkolnego wychowawcy klas III przekazuj\u0105 informacje o swoich wychowankach przysz\u0142ym wychowawcom klas IV.<\/li>\n<li>Uczniowie klas IV w pierwszych dniach nauki zapoznawani s\u0105 z nowymi zasadami funkcjonowania w szkole.<\/li>\n<li>Uczniowie zostaj\u0105 zapoznani z ofert\u0105 zaj\u0119\u0107 pozalekcyjnych.<\/li>\n<li>Czwartoklasi\u015bci wraz z wychowawc\u0105 tworz\u0105 tzw. \u201eKontrakt klasowy\u201d, ustalaj\u0105c w nim zasady i normy post\u0119powania, kt\u00f3re b\u0119d\u0105 obowi\u0105zywa\u0107 w ich klasie.<\/li>\n<li>Wychowawcy przeprowadzaj\u0105 zaj\u0119cia integruj\u0105ce zesp\u00f3\u0142 klasowy oraz przygotowuj\u0105 narz\u0119dzia diagnozuj\u0105ce samopoczucie w klasie.<\/li>\n<li>Na pierwszym zebraniu z rodzicami, wychowawca przeprowadza ankiet\u0119, na podstawie, kt\u00f3rej diagnozuje oczekiwania rodzic\u00f3w wobec szko\u0142y i uzyskuje dodatkowe informacje o dziecku.<\/li>\n<\/ol>\n","protected":false},"excerpt":{"rendered":"<p>Pod koniec ka\u017cdego roku szkolnego wychowawcy klas III przekazuj\u0105 informacje o swoich wychowankach przysz\u0142ym wychowawcom klas IV. Uczniowie klas IV [&hellip;]<\/p>\n","protected":false},"author":1,"featured_media":0,"parent":0,"menu_order":0,"comment_status":"closed","ping_status":"closed","template":"","meta":{"footnotes":""},"class_list":["post-1460","page","type-page","status-publish","hentry","has_no_thumb"],"aioseo_notices":[],"_links":{"self":[{"href":"https:\/\/sp6kwidzyn.pl\/index.php?rest_route=\/wp\/v2\/pages\/1460","targetHints":{"allow":["GET"]}}],"collection":[{"href":"https:\/\/sp6kwidzyn.pl\/index.php?rest_route=\/wp\/v2\/pages"}],"about":[{"href":"https:\/\/sp6kwidzyn.pl\/index.php?rest_route=\/wp\/v2\/types\/page"}],"author":[{"embeddable":true,"href":"https:\/\/sp6kwidzyn.pl\/index.php?rest_route=\/wp\/v2\/users\/1"}],"replies":[{"embeddable":true,"href":"https:\/\/sp6kwidzyn.pl\/index.php?rest_route=%2Fwp%2Fv2%2Fcomments&post=1460"}],"version-history":[{"count":0,"href":"https:\/\/sp6kwidzyn.pl\/index.php?rest_route=\/wp\/v2\/pages\/1460\/revisions"}],"wp:attachment":[{"href":"https:\/\/sp6kwidzyn.pl\/index.php?rest_route=%2Fwp%2Fv2%2Fmedia&parent=1460"}],"curies":[{"name":"wp","href":"https:\/\/api.w.org\/{rel}","templated":true}]}}