{"id":1453,"date":"2019-05-30T13:11:46","date_gmt":"2019-05-30T11:11:46","guid":{"rendered":"http:\/\/sp6kwidzyn.pl\/?page_id=1453"},"modified":"2019-05-30T13:11:46","modified_gmt":"2019-05-30T11:11:46","slug":"procedura-rozpoznawania-potrzeb-uczniow-w-zakresie-pomocy-materialnej","status":"publish","type":"page","link":"https:\/\/sp6kwidzyn.pl\/?page_id=1453","title":{"rendered":"PROCEDURA ROZPOZNAWANIA POTRZEB UCZNI\u00d3W W ZAKRESIE POMOCY MATERIALNEJ"},"content":{"rendered":"<ol>\n<li>Wst\u0119pny obraz ka\u017cdej klasy ustala pedagog szkolny w oparciu o:\n<ul>\n<li>indywidualn\u0105 rozmow\u0119 z nauczycielem \u2013 wychowawc\u0105,<\/li>\n<li>indywidualn\u0105 rozmow\u0119 z rodzicami,<\/li>\n<li>indywidualn\u0105 rozmow\u0119 z\u00a0 uczniami;<\/li>\n<\/ul>\n<\/li>\n<li>Dodatkowe informacje uzyskuje si\u0119 z dobrowolnie wype\u0142nionego przez rodzic\u00f3w kwestionariusza dotycz\u0105cego sytuacji materialnej rodziny oraz oczekiwanej formy pomocy.<\/li>\n<li>W przypadku zg\u0142oszenia przez rodzic\u00f3w ucznia pogorszenia si\u0119 warunk\u00f3w materialnych rodziny wychowawca klasy, pracownicy \u015bwietlicy, pedagog szkolny informuj\u0105 si\u0119 wzajemnie o zaistnia\u0142ej sytuacji.<\/li>\n<li>Pedagog szkolny zg\u0142asza pracownikowi MOPS informacj\u0119 o potrzebie pomocy dziecku i jego rodzinie, kt\u00f3ry nast\u0119pnie przeprowadza w danej rodzinie wywiad \u015brodowiskowy.<\/li>\n<li>Wsp\u00f3\u0142praca z MOPS ma charakter dwukierunkowy, informacje przekazywane s\u0105\u00a0 w obie strony.<\/li>\n<li>Pedagog:<\/li>\n<\/ol>\n<p>1) organizuje do\u017cywianie uczni\u00f3w z rodzin maj\u0105cych szczeg\u00f3lnie trudne warunki materialne,<\/p>\n<p>2) po zasi\u0119gni\u0119ciu opinii wychowawc\u00f3w dokonuje rozdzielenia bezp\u0142atnej pomocy udzielanej w szkole (np. obozy).<\/p>\n","protected":false},"excerpt":{"rendered":"<p>Wst\u0119pny obraz ka\u017cdej klasy ustala pedagog szkolny w oparciu o: indywidualn\u0105 rozmow\u0119 z nauczycielem \u2013 wychowawc\u0105, indywidualn\u0105 rozmow\u0119 z rodzicami, [&hellip;]<\/p>\n","protected":false},"author":1,"featured_media":0,"parent":0,"menu_order":0,"comment_status":"closed","ping_status":"closed","template":"","meta":{"footnotes":""},"class_list":["post-1453","page","type-page","status-publish","hentry","has_no_thumb"],"aioseo_notices":[],"_links":{"self":[{"href":"https:\/\/sp6kwidzyn.pl\/index.php?rest_route=\/wp\/v2\/pages\/1453","targetHints":{"allow":["GET"]}}],"collection":[{"href":"https:\/\/sp6kwidzyn.pl\/index.php?rest_route=\/wp\/v2\/pages"}],"about":[{"href":"https:\/\/sp6kwidzyn.pl\/index.php?rest_route=\/wp\/v2\/types\/page"}],"author":[{"embeddable":true,"href":"https:\/\/sp6kwidzyn.pl\/index.php?rest_route=\/wp\/v2\/users\/1"}],"replies":[{"embeddable":true,"href":"https:\/\/sp6kwidzyn.pl\/index.php?rest_route=%2Fwp%2Fv2%2Fcomments&post=1453"}],"version-history":[{"count":0,"href":"https:\/\/sp6kwidzyn.pl\/index.php?rest_route=\/wp\/v2\/pages\/1453\/revisions"}],"wp:attachment":[{"href":"https:\/\/sp6kwidzyn.pl\/index.php?rest_route=%2Fwp%2Fv2%2Fmedia&parent=1453"}],"curies":[{"name":"wp","href":"https:\/\/api.w.org\/{rel}","templated":true}]}}