{"id":1444,"date":"2019-05-30T13:07:43","date_gmt":"2019-05-30T11:07:43","guid":{"rendered":"http:\/\/sp6kwidzyn.pl\/?page_id=1444"},"modified":"2019-05-30T13:07:43","modified_gmt":"2019-05-30T11:07:43","slug":"procedura-postepowania-w-sytuacjach-gdy-rodzice-odmawiaja-wspolpracy-ze-szkola-lub-rodzina-jest-niewydolna-wychowawczo-rodzice-uzaleznieni-od-alkoholu-narkotykow-lub-przejawiajacy-zachowania-mogace","status":"publish","type":"page","link":"https:\/\/sp6kwidzyn.pl\/?page_id=1444","title":{"rendered":"Procedura post\u0119powania w sytuacjach, gdy rodzice odmawiaj\u0105 wsp\u00f3\u0142pracy ze szko\u0142\u0105 lub rodzina jest niewydolna wychowawczo (rodzice uzale\u017cnieni od alkoholu, narkotyk\u00f3w lub przejawiaj\u0105cy zachowania mog\u0105ce \u015bwiadczy\u0107 o zaburzeniach psychicznych, dziecko jest uczestnikiem lub ofiar\u0105 przemocy domowej, nieuregulowana jest sytuacja prawna dziecka)."},"content":{"rendered":"<ol>\n<li>Nauczyciel\/wychowawca powiadamia o zaobserwowanej sytuacji pedagoga szkolnego, z kt\u00f3rym udaje si\u0119 na wywiad \u015brodowiskowy do miejsca zamieszkania ucznia.<\/li>\n<li>W przypadku potwierdzenia z\u0142ej sytuacji domowej ucznia pedagog szkolny informuje o tym fakcie dyrektora szko\u0142y.<\/li>\n<li>Problem zostaje obj\u0119ty praca zespo\u0142u wychowawczego w celu udzielenia pomocy dziecku.<\/li>\n<li>Pedagog szkolny nawi\u0105zuje wsp\u00f3\u0142prac\u0119 z GOPS oraz informuje na pi\u015bmie o sprawie sad rodzinny.<\/li>\n<\/ol>\n","protected":false},"excerpt":{"rendered":"<p>Nauczyciel\/wychowawca powiadamia o zaobserwowanej sytuacji pedagoga szkolnego, z kt\u00f3rym udaje si\u0119 na wywiad \u015brodowiskowy do miejsca zamieszkania ucznia. W przypadku [&hellip;]<\/p>\n","protected":false},"author":1,"featured_media":0,"parent":0,"menu_order":0,"comment_status":"closed","ping_status":"closed","template":"","meta":{"footnotes":""},"class_list":["post-1444","page","type-page","status-publish","hentry","has_no_thumb"],"aioseo_notices":[],"_links":{"self":[{"href":"https:\/\/sp6kwidzyn.pl\/index.php?rest_route=\/wp\/v2\/pages\/1444","targetHints":{"allow":["GET"]}}],"collection":[{"href":"https:\/\/sp6kwidzyn.pl\/index.php?rest_route=\/wp\/v2\/pages"}],"about":[{"href":"https:\/\/sp6kwidzyn.pl\/index.php?rest_route=\/wp\/v2\/types\/page"}],"author":[{"embeddable":true,"href":"https:\/\/sp6kwidzyn.pl\/index.php?rest_route=\/wp\/v2\/users\/1"}],"replies":[{"embeddable":true,"href":"https:\/\/sp6kwidzyn.pl\/index.php?rest_route=%2Fwp%2Fv2%2Fcomments&post=1444"}],"version-history":[{"count":0,"href":"https:\/\/sp6kwidzyn.pl\/index.php?rest_route=\/wp\/v2\/pages\/1444\/revisions"}],"wp:attachment":[{"href":"https:\/\/sp6kwidzyn.pl\/index.php?rest_route=%2Fwp%2Fv2%2Fmedia&parent=1444"}],"curies":[{"name":"wp","href":"https:\/\/api.w.org\/{rel}","templated":true}]}}