{"id":1432,"date":"2019-05-30T11:24:18","date_gmt":"2019-05-30T09:24:18","guid":{"rendered":"http:\/\/sp6kwidzyn.pl\/?page_id=1432"},"modified":"2019-05-30T11:24:18","modified_gmt":"2019-05-30T09:24:18","slug":"prowadzenia-dokumentacji-wychowawcy-klasy-dotyczacej-odbierania-dziecka-ze-szkoly-oraz-zajec-pozalekcyjnych","status":"publish","type":"page","link":"https:\/\/sp6kwidzyn.pl\/?page_id=1432","title":{"rendered":"Prowadzenia dokumentacji wychowawcy klasy dotycz\u0105cej odbierania dziecka ze szko\u0142y oraz zaj\u0119\u0107 pozalekcyjnych"},"content":{"rendered":"<p>Ka\u017cdy wychowawca klas I-III:<\/p>\n<p>1) Zbiera od rodzic\u00f3w o\u015bwiadczenia wed\u0142ug przyj\u0119tego przez szko\u0142\u0119 wzoru o\u015bwiadcze\u0144<em><sup>)<\/sup><\/em> (termin \u2013 pierwszy tydzie\u0144 wrze\u015bnia), w kt\u00f3rych rodzice wyra\u017caj\u0105 zgod\u0119 na samodzielne powroty dziecka ze szko\u0142y do domu, przejmuj\u0105c za nie odpowiedzialno\u015b\u0107 w tym czasie.<\/p>\n<p>2) Gromadzi i przechowuje o\u015bwiadczenia w teczce wychowawcy do ko\u0144ca roku szkolnego.<\/p>\n<p>3) Zamieszcza nazwiska dzieci, posiadaj\u0105ce pozwolenie na samodzielny powr\u00f3t w teczce wychowawcy, w rubryce \u201enotatki\u201d (termin \u2013 pierwszy tydzie\u0144 wrze\u015bnia).<\/p>\n<p>4) Samodzielny powr\u00f3t dziecka (sporadyczny, periodyczny) udokumentowany stosownym o\u015bwiadczeniem, kt\u00f3re maj\u0105 obowi\u0105zek z\u0142o\u017cy\u0107 rodzice\/prawni opiekunowie zamieszcza w teczce wychowawcy i informuj\u0105 o tym innych nauczycieli prowadz\u0105cych ostatni\u0105 lekcj\u0119 w klasie.<\/p>\n<p>5) Zamieszcza w dzienniku list\u0119 dzieci ucz\u0119szczaj\u0105cych na zaj\u0119cia pozalekcyjne odbywaj\u0105ce si\u0119 w szkole. Czas oczekiwania na zaj\u0119cia pozalekcyjne uczniowie klas I-III sp\u0119dzaj\u0105 w \u015bwietlicy. Rodzic zobowi\u0105zany jest w\u00f3wczas wype\u0142ni\u0107 kart\u0119 \u015bwietlicy.<\/p>\n<p>Wychowawcy klas IV-VIII sporz\u0105dzaj\u0105 listy uczni\u00f3w klas IV-VIII oczekuj\u0105cych na zaj\u0119cia pozalekcyjne w bibliotece szkolnej i przekazuj\u0105 je nauczycielowi bibliotekarzowi. Procedura gromadzenia wy\u017cej wymienionej dokumentacji powtarzana jest w ka\u017cdym roku szkolnym.<\/p>\n","protected":false},"excerpt":{"rendered":"<p>Ka\u017cdy wychowawca klas I-III: 1) Zbiera od rodzic\u00f3w o\u015bwiadczenia wed\u0142ug przyj\u0119tego przez szko\u0142\u0119 wzoru o\u015bwiadcze\u0144) (termin \u2013 pierwszy tydzie\u0144 wrze\u015bnia), [&hellip;]<\/p>\n","protected":false},"author":1,"featured_media":0,"parent":0,"menu_order":0,"comment_status":"closed","ping_status":"closed","template":"","meta":{"footnotes":""},"class_list":["post-1432","page","type-page","status-publish","hentry","has_no_thumb"],"aioseo_notices":[],"_links":{"self":[{"href":"https:\/\/sp6kwidzyn.pl\/index.php?rest_route=\/wp\/v2\/pages\/1432","targetHints":{"allow":["GET"]}}],"collection":[{"href":"https:\/\/sp6kwidzyn.pl\/index.php?rest_route=\/wp\/v2\/pages"}],"about":[{"href":"https:\/\/sp6kwidzyn.pl\/index.php?rest_route=\/wp\/v2\/types\/page"}],"author":[{"embeddable":true,"href":"https:\/\/sp6kwidzyn.pl\/index.php?rest_route=\/wp\/v2\/users\/1"}],"replies":[{"embeddable":true,"href":"https:\/\/sp6kwidzyn.pl\/index.php?rest_route=%2Fwp%2Fv2%2Fcomments&post=1432"}],"version-history":[{"count":0,"href":"https:\/\/sp6kwidzyn.pl\/index.php?rest_route=\/wp\/v2\/pages\/1432\/revisions"}],"wp:attachment":[{"href":"https:\/\/sp6kwidzyn.pl\/index.php?rest_route=%2Fwp%2Fv2%2Fmedia&parent=1432"}],"curies":[{"name":"wp","href":"https:\/\/api.w.org\/{rel}","templated":true}]}}