{"id":1424,"date":"2019-05-30T11:16:15","date_gmt":"2019-05-30T09:16:15","guid":{"rendered":"http:\/\/sp6kwidzyn.pl\/?page_id=1424"},"modified":"2019-05-30T11:16:15","modified_gmt":"2019-05-30T09:16:15","slug":"procedury-postepowania-w-przypadku-samowolnego-opuszczenia-szkoly","status":"publish","type":"page","link":"https:\/\/sp6kwidzyn.pl\/?page_id=1424","title":{"rendered":"Procedury post\u0119powania w przypadku samowolnego opuszczenia szko\u0142y."},"content":{"rendered":"<ol>\n<li>Wychowawca na bie\u017c\u0105co powiadamia telefonicznie rodzic\u00f3w (opiekun\u00f3w prawnych) o nieobecno\u015bciach na lekcjach.<\/li>\n<li>Ustala we wsp\u00f3\u0142pracy z pedagogiem szkolnym przyczyn\u0119 wagar\u00f3w i miejsca pobytu ucznia w czasie nieobecno\u015bci w szkole.<\/li>\n<li>Wzywa do szko\u0142y rodzic\u00f3w (opiekun\u00f3w prawnych) ucznia i przeprowadza rozmow\u0119 z rodzicami w obecno\u015bci ucznia. Zobowi\u0105zuje ucznia do zaniechania wagar\u00f3w lub samowolnego opuszczania szko\u0142y, a rodzic\u00f3w do kontrolowania frekwencji dziecka. Ustala z rodzicami strategie post\u0119powania. Sporz\u0105dza notatk\u0119 z przeprowadzonej rozmowy podpisana przez rodzica i ucznia (do teczki wychowawcy).<\/li>\n<li>W przypadku braku poprawy i cz\u0119stej nieobecno\u015bci ucznia spowodowanej wagarami informuje o zdarzeniu pedagoga szkolnego.<\/li>\n<li>Pedagog w porozumieniu z dyrektorem szko\u0142y wzywa rodzic\u00f3w na rozmow\u0119 celem wyja\u015bnienia sytuacji i poinformowania rodzic\u00f3w (prawnych opiekun\u00f3w) ucznia o konsekwencjach wynikaj\u0105cych z nie realizacji obowi\u0105zku szkolnego przez dziecko.<\/li>\n<li>W sytuacji, gdy szko\u0142a wykorzysta wszystkie dost\u0119pne jej \u015brodki oddzia\u0142ywa\u0144 wychowawczych, a ich zastosowanie nie przynosi oczekiwanych rezultat\u00f3w, dyrektor szko\u0142y powiadamia pisemnie s\u0105d rodzinny lub policj\u0119 oraz organ prowadz\u0105cy.<\/li>\n<\/ol>\n","protected":false},"excerpt":{"rendered":"<p>Wychowawca na bie\u017c\u0105co powiadamia telefonicznie rodzic\u00f3w (opiekun\u00f3w prawnych) o nieobecno\u015bciach na lekcjach. Ustala we wsp\u00f3\u0142pracy z pedagogiem szkolnym przyczyn\u0119 wagar\u00f3w [&hellip;]<\/p>\n","protected":false},"author":1,"featured_media":0,"parent":0,"menu_order":0,"comment_status":"closed","ping_status":"closed","template":"","meta":{"footnotes":""},"class_list":["post-1424","page","type-page","status-publish","hentry","has_no_thumb"],"aioseo_notices":[],"_links":{"self":[{"href":"https:\/\/sp6kwidzyn.pl\/index.php?rest_route=\/wp\/v2\/pages\/1424","targetHints":{"allow":["GET"]}}],"collection":[{"href":"https:\/\/sp6kwidzyn.pl\/index.php?rest_route=\/wp\/v2\/pages"}],"about":[{"href":"https:\/\/sp6kwidzyn.pl\/index.php?rest_route=\/wp\/v2\/types\/page"}],"author":[{"embeddable":true,"href":"https:\/\/sp6kwidzyn.pl\/index.php?rest_route=\/wp\/v2\/users\/1"}],"replies":[{"embeddable":true,"href":"https:\/\/sp6kwidzyn.pl\/index.php?rest_route=%2Fwp%2Fv2%2Fcomments&post=1424"}],"version-history":[{"count":0,"href":"https:\/\/sp6kwidzyn.pl\/index.php?rest_route=\/wp\/v2\/pages\/1424\/revisions"}],"wp:attachment":[{"href":"https:\/\/sp6kwidzyn.pl\/index.php?rest_route=%2Fwp%2Fv2%2Fmedia&parent=1424"}],"curies":[{"name":"wp","href":"https:\/\/api.w.org\/{rel}","templated":true}]}}