{"id":1410,"date":"2019-05-30T11:09:41","date_gmt":"2019-05-30T09:09:41","guid":{"rendered":"http:\/\/sp6kwidzyn.pl\/?page_id=1410"},"modified":"2019-05-30T11:09:41","modified_gmt":"2019-05-30T09:09:41","slug":"korzystanie-z-dziennika-elektronicznego","status":"publish","type":"page","link":"https:\/\/sp6kwidzyn.pl\/?page_id=1410","title":{"rendered":"Korzystanie z dziennika elektronicznego."},"content":{"rendered":"<ol>\n<li>W Szkole Podstawowej nr 6 z Oddzia\u0142ami Integracyjnymi im. W\u0142adys\u0142awa G\u0119bika w Kwidzynie dokumentacje szkoln\u0105 prowadzi si\u0119 z \u00a0wykorzystaniem dziennika elektronicznego, za po\u015brednictwem strony <u>librus.pl.<\/u> Oprogramowanie oraz us\u0142ugi w zakresie jego obs\u0142ugi dostarczane s\u0105 przez firm\u0119 zewn\u0119trzn\u0105, wsp\u00f3\u0142pracuj\u0105c\u0105 ze szko\u0142\u0105. Podstaw\u0105 dzia\u0142ania dziennika elektronicznego jest umowa podpisana przez Dyrektora Szko\u0142y i uprawnionego przedstawiciela firmy dostarczaj\u0105cej i \u00a0obs\u0142uguj\u0105cej system dziennika elektronicznego.<\/li>\n<li>Za niezawodno\u015b\u0107 dzia\u0142ania systemu, ochron\u0119 danych osobowych umieszczonych na serwerach oraz tworzenie kopii bezpiecze\u0144stwa, odpowiada firma nadzoruj\u0105ca prac\u0119 dziennika elektronicznego, pracownicy szko\u0142y, kt\u00f3rzy maj\u0105 bezpo\u015bredni dost\u0119p do edycji i \u00a0przegl\u0105dania danych oraz rodzice w zakresie udost\u0119pnionych im danych.<\/li>\n<li>Administratorem danych osobowych jest Szko\u0142a Podstawowa nr 6 z Oddzia\u0142ami Integracyjnymi im. W\u0142adys\u0142awa G\u0119bika w Kwidzynie. Dyrektor szko\u0142y nie jest zobligowany do zbierania zgody od rodzic\u00f3w lub prawnych opiekun\u00f3w na przetwarzanie danych osobowych wynikaj\u0105cych z przepis\u00f3w prawa.<\/li>\n<li>W dzienniku elektronicznym umieszcza si\u0119: oceny cz\u0105stkowe, oceny przewidywane, oceny \u015br\u00f3droczne i roczne, frekwencje, tematy zaj\u0119\u0107, terminy sprawdzian\u00f3w, plan lekcji, uwagi, og\u0142oszenia i terminarz.<\/li>\n<li>Pracownicy szko\u0142y zobowi\u0105zani s\u0105 do stosowania zasad zawartych w poni\u017cszym dokumencie, przestrzegania przepis\u00f3w obowi\u0105zuj\u0105cych w szkole.<\/li>\n<li>Rodzicom na pierwszym zebraniu w nowym roku szkolnym, zapewnia si\u0119 mo\u017cliwo\u015b\u0107 zapoznania si\u0119 ze sposobem dzia\u0142ania i funkcjonowania dziennika elektronicznego. Dost\u0119p do wszystkich, przeznaczonych dla rodzic\u00f3w, zawartych w dzienniku informacji jest bezp\u0142atny.<\/li>\n<\/ol>\n<p><strong>KONTA W DZIENNIKU ELEKTRONICZNYM<\/strong><\/p>\n<ol>\n<li>Ka\u017cdy u\u017cytkownik posiada w\u0142asne konto w systemie dziennika elektronicznego, za kt\u00f3re osobi\u015bcie odpowiada.<\/li>\n<li>Dost\u0119p do konta chroniony jest przez has\u0142o. Has\u0142o musi by\u0107 zmieniane przez nauczycieli, co \u00a030 dni. Has\u0142o musi sk\u0142ada\u0107 si\u0119 z co najmniej 8 znak\u00f3w i by\u0107 kombinacj\u0105 liter i cyfr. Pocz\u0105tkowe has\u0142o do konta, kt\u00f3re u\u017cytkownik dostanie od administratora, s\u0142u\u017cy tylko do pierwszego logowania.<\/li>\n<li>U\u017cytkownik jest zobowi\u0105zany stosowa\u0107 si\u0119 do zasad bezpiecze\u0144stwa w pos\u0142ugiwaniu si\u0119 loginem i has\u0142em do systemu.<\/li>\n<li>Has\u0142o umo\u017cliwiaj\u0105ce dost\u0119p do zasob\u00f3w sieci ka\u017cdy u\u017cytkownik utrzymuje w tajemnicy r\u00f3wnie\u017c po up\u0142ywie jego wa\u017cno\u015bci.<\/li>\n<li>W przypadku utraty has\u0142a lub podejrzenia, \u017ce zosta\u0142o odczytane\/wykradzione przez osob\u0119 nieuprawnion\u0105, u\u017cytkownik zobowi\u0105zany jest do poinformowania o tym fakcie administratora dziennika elektronicznego r\u00f3wnie\u017c za po\u015brednictwem wychowawcy klasy. Zablokowanie jest mo\u017cliwe drog\u0105 mailow\u0105 na adres szko\u0142y podany w BiP, odbi\u00f3r nowego has\u0142a musi nast\u0105pi\u0107 osobi\u015bcie.<\/li>\n<li>W dzienniku elektronicznym funkcjonuj\u0105 nast\u0119puj\u0105ce grupy kont posiadaj\u0105ce odpowiadaj\u0105ce im uprawnienia:<\/li>\n<\/ol>\n<p>&nbsp;<\/p>\n<table width=\"697\">\n<tbody>\n<tr>\n<td width=\"168\"><strong>GRUPA U\u017bYTKOWNIK\u00d3W<\/strong><\/td>\n<td width=\"529\"><strong>ZAKRES UPRAWNIE\u0143<\/strong><\/td>\n<\/tr>\n<tr>\n<td width=\"168\">RODZIC \/<\/p>\n<p>PRAWNY OPIEKUN<\/td>\n<td width=\"529\">&#8211;\u00a0\u00a0\u00a0\u00a0\u00a0\u00a0 przegl\u0105danie ocen swojego dziecka<\/p>\n<p>&#8211;\u00a0\u00a0\u00a0\u00a0\u00a0\u00a0 przegl\u0105danie nieobecno\u015bci swojego dziecka<\/p>\n<p>&#8211;\u00a0\u00a0\u00a0\u00a0\u00a0\u00a0 dost\u0119p do wiadomo\u015bci<\/p>\n<p>&#8211;\u00a0\u00a0\u00a0\u00a0\u00a0\u00a0 dost\u0119p do og\u0142osze\u0144 szko\u0142y<\/p>\n<p>&#8211;\u00a0\u00a0\u00a0\u00a0\u00a0\u00a0 dost\u0119p do konfiguracji w\u0142asnego konta<\/p>\n<p>&#8211;\u00a0\u00a0\u00a0\u00a0\u00a0\u00a0 przegl\u0105danie uwag dotycz\u0105cych swojego dziecka<\/td>\n<\/tr>\n<tr>\n<td width=\"168\">SEKRETARIAT<\/td>\n<td width=\"529\">&#8211;\u00a0\u00a0\u00a0\u00a0\u00a0\u00a0 eksport danych potrzebnych do wydruku \u015bwiadectw<\/p>\n<p>&#8211;\u00a0\u00a0\u00a0\u00a0\u00a0\u00a0 uzupe\u0142nianie kartoteki ucznia<\/p>\n<p>&#8211;\u00a0\u00a0\u00a0\u00a0\u00a0\u00a0 ewidencja nauczycieli<\/p>\n<p>&#8211;\u00a0\u00a0\u00a0\u00a0\u00a0\u00a0 wgl\u0105d w list\u0119 kont u\u017cytkownik\u00f3w<\/p>\n<p>&#8211;\u00a0\u00a0\u00a0\u00a0\u00a0\u00a0 wgl\u0105d w statystyki logowa\u0144<\/td>\n<\/tr>\n<tr>\n<td width=\"168\">NAUCZYCIEL<\/td>\n<td width=\"529\">&#8211;\u00a0\u00a0\u00a0\u00a0\u00a0\u00a0 zarz\u0105dzanie ocenami z prowadzonych lekcji<\/p>\n<p>&#8211;\u00a0\u00a0\u00a0\u00a0\u00a0\u00a0 \u00a0zarz\u0105dzanie frekwencj\u0105 z prowadzonych lekcji<\/p>\n<p>&#8211;\u00a0\u00a0\u00a0\u00a0\u00a0\u00a0 zarz\u0105dzanie planem lekcji nauczyciela<\/p>\n<p>&#8211;\u00a0\u00a0\u00a0\u00a0\u00a0\u00a0 \u00a0wgl\u0105d w statystyki wszystkich uczni\u00f3w<\/p>\n<p>&#8211;\u00a0\u00a0\u00a0\u00a0\u00a0\u00a0 \u00a0wgl\u0105d w statystyki logowa\u0144<\/p>\n<p>&#8211;\u00a0\u00a0\u00a0\u00a0\u00a0\u00a0 \u00a0przegl\u0105danie ocen wszystkich uczni\u00f3w<\/p>\n<p>&#8211;\u00a0\u00a0\u00a0\u00a0\u00a0\u00a0 \u00a0przegl\u0105danie frekwencji wszystkich uczni\u00f3w<\/p>\n<p>&#8211;\u00a0\u00a0\u00a0\u00a0\u00a0\u00a0 \u00a0dost\u0119p do wiadomo\u015bci<\/p>\n<p>&#8211;\u00a0\u00a0\u00a0\u00a0\u00a0\u00a0 \u00a0dost\u0119p do og\u0142osze\u0144 szko\u0142y<\/p>\n<p>&#8211;\u00a0\u00a0\u00a0\u00a0\u00a0\u00a0 \u00a0dost\u0119p do konfiguracji konta<\/p>\n<p>&#8211;\u00a0\u00a0\u00a0\u00a0\u00a0\u00a0 \u00a0dost\u0119p do wydruk\u00f3w<\/td>\n<\/tr>\n<tr>\n<td width=\"168\">WYCHOWAWCA KLASY<\/td>\n<td width=\"529\">&#8211;\u00a0\u00a0\u00a0\u00a0\u00a0\u00a0 zarz\u0105dzanie ocenami z prowadzonych lekcji<\/p>\n<p>&#8211;\u00a0\u00a0\u00a0\u00a0\u00a0\u00a0 zarz\u0105dzanie planem lekcji nauczyciela i klasy<\/p>\n<p>&#8211;\u00a0\u00a0\u00a0\u00a0\u00a0\u00a0 \u00a0zarz\u0105dzanie frekwencj\u0105 z prowadzonych przedmiot\u00f3w<\/p>\n<p>&#8211;\u00a0\u00a0\u00a0\u00a0\u00a0\u00a0 zarz\u0105dzanie frekwencj\u0105 w klasie, w kt\u00f3rej nauczyciel jest wychowawc\u0105<\/p>\n<p>&#8211;\u00a0\u00a0\u00a0\u00a0\u00a0\u00a0 edycja danych uczni\u00f3w w klasie, w kt\u00f3rej nauczyciel jest wychowawc\u0105<\/p>\n<p>&#8211;\u00a0\u00a0\u00a0\u00a0\u00a0\u00a0 \u00a0wgl\u0105d w statystyki wszystkich uczni\u00f3w<\/p>\n<p>&#8211;\u00a0\u00a0\u00a0\u00a0\u00a0\u00a0 \u00a0wgl\u0105d w statystyki logowa\u0144<\/p>\n<p>&#8211;\u00a0\u00a0\u00a0\u00a0\u00a0\u00a0 \u00a0przegl\u0105danie ocen wszystkich uczni\u00f3w<\/p>\n<p>&#8211;\u00a0\u00a0\u00a0\u00a0\u00a0\u00a0 przegl\u0105danie frekwencji wszystkich uczni\u00f3w<\/p>\n<p>&#8211;\u00a0\u00a0\u00a0\u00a0\u00a0\u00a0 \u00a0dost\u0119p do wiadomo\u015bci<\/p>\n<p>&#8211;\u00a0\u00a0\u00a0\u00a0\u00a0\u00a0 \u00a0dost\u0119p do og\u0142osze\u0144 szko\u0142y<\/p>\n<p>&#8211;\u00a0\u00a0\u00a0\u00a0\u00a0\u00a0 \u00a0dost\u0119p do konfiguracji konta<\/p>\n<p>&#8211;\u00a0\u00a0\u00a0\u00a0\u00a0\u00a0 \u00a0dost\u0119p do wydruk\u00f3w<\/td>\n<\/tr>\n<tr>\n<td width=\"168\">DYREKTOR SZKO\u0141Y\/<\/p>\n<p>WICEDYREKTOR<\/td>\n<td width=\"529\">&#8211;\u00a0\u00a0\u00a0\u00a0\u00a0\u00a0 zarz\u0105dzanie ocenami z prowadzonych przedmiot\u00f3w<\/p>\n<p>&#8211;\u00a0\u00a0\u00a0\u00a0\u00a0\u00a0 zarz\u0105dzanie frekwencj\u0105 z prowadzonych przedmiot\u00f3w<\/p>\n<p>&#8211;\u00a0\u00a0\u00a0\u00a0\u00a0\u00a0 \u00a0edycja danych wszystkich uczni\u00f3w<\/p>\n<p>&#8211;\u00a0\u00a0\u00a0\u00a0\u00a0\u00a0 \u00a0wgl\u0105d w statystyki wszystkich uczni\u00f3w<\/p>\n<p>&#8211;\u00a0\u00a0\u00a0\u00a0\u00a0\u00a0 \u00a0wgl\u0105d w statystyki logowa\u0144<\/p>\n<p>&#8211;\u00a0\u00a0\u00a0\u00a0\u00a0\u00a0 \u00a0przegl\u0105danie ocen wszystkich uczni\u00f3w<\/p>\n<p>&#8211;\u00a0\u00a0\u00a0\u00a0\u00a0\u00a0 \u00a0przegl\u0105danie frekwencji wszystkich uczni\u00f3w<\/p>\n<p>&#8211;\u00a0\u00a0\u00a0\u00a0\u00a0\u00a0 dost\u0119p do wiadomo\u015bci<\/p>\n<p>&#8211;\u00a0\u00a0\u00a0\u00a0\u00a0\u00a0 \u00a0dost\u0119p do og\u0142osze\u0144 szko\u0142y<\/p>\n<p>&#8211;\u00a0\u00a0\u00a0\u00a0\u00a0\u00a0 \u00a0dost\u0119p do konfiguracji konta<\/p>\n<p>&#8211;\u00a0\u00a0\u00a0\u00a0\u00a0\u00a0 \u00a0dost\u0119p do wydruk\u00f3w<\/p>\n<p>&#8211;\u00a0\u00a0\u00a0\u00a0\u00a0\u00a0 \u00a0dost\u0119p do eksport\u00f3w<\/p>\n<p>&#8211;\u00a0\u00a0\u00a0\u00a0\u00a0\u00a0 \u00a0planowanie zast\u0119pstw<\/p>\n<p>&#8211;\u00a0\u00a0\u00a0\u00a0\u00a0\u00a0 zarz\u0105dzanie planem lekcji<\/p>\n<p>&#8211;\u00a0\u00a0\u00a0\u00a0\u00a0\u00a0 dost\u0119p do danych znajduj\u0105cych si\u0119 w panelu dyrektorskim<\/td>\n<\/tr>\n<tr>\n<td width=\"168\">ADMINISTRATOR SZKO\u0141Y<\/td>\n<td width=\"529\">&#8211;\u00a0\u00a0\u00a0\u00a0\u00a0\u00a0 zarz\u0105dzanie wszystkimi danymi szko\u0142y: jednostki, klasy, uczniowie, nauczyciele, przedmioty, lekcje<\/p>\n<p>&#8211;\u00a0\u00a0\u00a0\u00a0\u00a0\u00a0 \u00a0wgl\u0105d w list\u0119 kont u\u017cytkownik\u00f3w<\/p>\n<p>&#8211;\u00a0\u00a0\u00a0\u00a0\u00a0\u00a0 \u00a0zarz\u0105dzanie zablokowanymi kontami<\/p>\n<p>&#8211;\u00a0\u00a0\u00a0\u00a0\u00a0\u00a0 \u00a0zarz\u0105dzanie frekwencj\u0105 w ca\u0142ej szkole<\/p>\n<p>&#8211;\u00a0\u00a0\u00a0\u00a0\u00a0\u00a0 wgl\u0105d w statystyki wszystkich uczni\u00f3w<\/p>\n<p>&#8211;\u00a0\u00a0\u00a0\u00a0\u00a0\u00a0 \u00a0wgl\u0105d w statystyki logowa\u0144<\/p>\n<p>&#8211;\u00a0\u00a0\u00a0\u00a0\u00a0\u00a0 \u00a0przegl\u0105danie ocen wszystkich uczni\u00f3w<\/p>\n<p>&#8211;\u00a0\u00a0\u00a0\u00a0\u00a0\u00a0 \u00a0przegl\u0105danie frekwencji wszystkich uczni\u00f3w<\/p>\n<p>&#8211;\u00a0\u00a0\u00a0\u00a0\u00a0\u00a0 \u00a0dost\u0119p do wiadomo\u015bci systemowych<\/p>\n<p>&#8211;\u00a0\u00a0\u00a0\u00a0\u00a0\u00a0 \u00a0dost\u0119p do og\u0142osze\u0144 szko\u0142y<\/p>\n<p>&#8211;\u00a0\u00a0\u00a0\u00a0\u00a0\u00a0 \u00a0dost\u0119p do konfiguracji konta<\/p>\n<p>&#8211;\u00a0\u00a0\u00a0\u00a0\u00a0\u00a0 dost\u0119p do wydruk\u00f3w<\/p>\n<p>&#8211;\u00a0\u00a0\u00a0\u00a0\u00a0\u00a0 \u00a0dost\u0119p do eksport\u00f3w<\/p>\n<p>&#8211;\u00a0\u00a0\u00a0\u00a0\u00a0\u00a0 \u00a0zarz\u0105dzanie planem lekcji szko\u0142y<\/p>\n<p>&#8211;\u00a0\u00a0\u00a0\u00a0\u00a0\u00a0 \u00a0nadawanie uprawnie\u0144 dla u\u017cytkownik\u00f3w<\/td>\n<\/tr>\n<tr>\n<td width=\"168\">RADA RODZIC\u00d3W<\/td>\n<td width=\"529\">&#8211;\u00a0\u00a0\u00a0\u00a0\u00a0\u00a0 dost\u0119p do wiadomo\u015bci do Rad Oddzia\u0142owych<\/p>\n<p>&nbsp;<\/td>\n<\/tr>\n<\/tbody>\n<\/table>\n<ol start=\"7\">\n<li>Ka\u017cdy u\u017cytkownik ma obowi\u0105zek dok\u0142adnego zapoznania si\u0119 z POMOC\u0104 i \u00a0REGULAMINEM dost\u0119pnymi po zalogowaniu si\u0119 na swoje konto w szczeg\u00f3lno\u015bci regulaminem korzystania z \u00a0systemu.<\/li>\n<li>Uprawnienia przypisane do kont, w szczeg\u00f3lno\u015bci tych dyrektorskich, nauczycielskich oraz administratorskich mog\u0105 zosta\u0107 zmienione przez administratora dziennika elektronicznego oraz zast\u0119pc\u0119 administratora. Aktualna lista uprawnie\u0144 publikowana jest w dokumentacji systemu dost\u0119pnej po zalogowaniu na kontach dyrektora szko\u0142y oraz administratora dziennika elektronicznego.<\/li>\n<\/ol>\n<p><strong>PRZEKAZYWANIE INFORMACJI W DZIENNIKU ELEKTRONICZNYM<\/strong><\/p>\n<ol>\n<li>W dzienniku elektronicznym do przekazywania i wymiany informacji s\u0142u\u017c\u0105 modu\u0142y: WIADOMO\u015aCI, OG\u0141OSZENIA, TERMINARZ, UWAGI, OCENY, FREKWENCJA.<\/li>\n<li>W szkole w dalszym ci\u0105gu funkcjonuj\u0105 dotychczasowe formy kontakt\u00f3w z rodzicami zgodnie ze statutem szko\u0142y. Szko\u0142a mo\u017ce na \u017cyczenie rodzica (prawnego opiekuna) udost\u0119pni\u0107 papierowe wydruki, kt\u00f3re s\u0105 przewidziane dla konta rodzica w systemie dziennika elektronicznego.<\/li>\n<li>Modu\u0142 WIADOMO\u015aCI s\u0142u\u017cy do komunikacji i przekazywania informacji z mo\u017cliwo\u015bci\u0105 informacji zwrotnej.<\/li>\n<li>Odczytanie informacji przez odbiorc\u0119, zawartej w module WIADOMO\u015aCI, jest r\u00f3wnoznaczne z \u00a0przyj\u0119ciem do wiadomo\u015bci tre\u015bci komunikatu, co potwierdzone zostaje automatycznie odpowiedni\u0105 adnotacj\u0105 systemu przy wiadomo\u015bci. Adnotacj\u0119 potwierdzaj\u0105c\u0105 odczytanie wiadomo\u015bci w systemie uwa\u017ca si\u0119 za r\u00f3wnowa\u017cn\u0105 skutecznemu dostarczeniu jej do rodzica (prawnego opiekuna) ucznia jak r\u00f3wnie\u017c do nauczyciela, dyrektora, sekretariatu oraz administratora.<\/li>\n<li>Je\u015bli nauczyciel uzna, \u017ce zachowanie ucznia wymaga szczeg\u00f3lnego odnotowania, powinien wys\u0142a\u0107 odpowiedni\u0105 tre\u015b\u0107 do rodzica (prawnego opiekuna) za pomoc\u0105 UWAGI wybieraj\u0105c rodzaj informacji jako Negatywna lub Pochwa\u0142a.<\/li>\n<li>Wiadomo\u015bci odznaczone jako UWAGI, b\u0119d\u0105 automatycznie dodawane do kartoteki danego ucznia z podaniem:<\/li>\n<\/ol>\n<ul>\n<li>Daty wys\u0142ania<\/li>\n<li>Imienia i nazwiska nauczyciela wpisuj\u0105cego uwag\u0119<\/li>\n<li>Adresata<\/li>\n<li>Temat i tre\u015bci uwagi<\/li>\n<li>Daty odczytana przez rodzica (prawnego opiekuna).\n<ol start=\"7\">\n<li>Usuni\u0119cie przez nauczyciela wpisanej UWAGI dla ucznia ze swojego konta w zak\u0142adce Wiadomo\u015bci w dzienniku elektronicznym, powoduje usuni\u0119cie jej z systemu. Informacja o \u00a0zamieszczeniu uwagi pozostaje w komunikatorze.<\/li>\n<\/ol>\n<\/li>\n<\/ul>\n<ol start=\"8\">\n<li>Wszystkie informacje umieszczane w dzienniku elektronicznym, kt\u00f3rych celem jest zbi\u00f3rka pieni\u0119dzy, przeprowadzanie spotka\u0144 czy zapis\u00f3w na zaj\u0119cia, w kt\u00f3rych mog\u0105 wzi\u0105\u0107 udzia\u0142 osoby spoza szko\u0142y, imprez o zasi\u0119gu og\u00f3lnoszkolnym organizowanych na terenie szko\u0142y i \u00a0innych o podobnej formie, wymagaj\u0105 akceptacji dyrektora szko\u0142y.<\/li>\n<\/ol>\n<h4><strong>KORZYSTANIE Z DZIENNIKA ELEKTRONICZNEGO PRZEZ WYCHOWAWC<\/strong><strong>\u0118 KLASY<\/strong><\/h4>\n<ol>\n<li>Ka\u017cdy wychowawca klasy jest odpowiedzialny za prowadzenie e-dziennika w zakresie nast\u0119puj\u0105cych danych swojej klasy:<\/li>\n<\/ol>\n<ul>\n<li>dane osobowe ucznia i jego rodzic\u00f3w\/prawnych opiekun\u00f3w,<\/li>\n<li>dane teleadresowe ucznia i jego rodzic\u00f3w\/prawnych opiekun\u00f3w,<\/li>\n<li>oceny zachowania,<\/li>\n<li>wystawianie przewidywanych ocen rocznych zachowania,<\/li>\n<li>wystawianie \u015br\u00f3drocznych i rocznych ocen zachowania,<\/li>\n<li>uwagi o zachowaniu uczni\u00f3w,<\/li>\n<li>upomnienia, nagany, pochwa\u0142y,<\/li>\n<li>usprawiedliwianie nieobecno\u015bci,<\/li>\n<li>podliczanie frekwencji,<\/li>\n<li>wype\u0142nianie danych do arkusza ocen ucznia,<\/li>\n<li>wype\u0142nianie danych do \u015bwiadectwa szkolnego ucznia,<\/li>\n<li>wype\u0142nianie danych dotycz\u0105cych spotka\u0144 z rodzicami uczni\u00f3w,<\/li>\n<li>wype\u0142nianie danych dotycz\u0105cych imprez i uroczysto\u015bci szkolnych, wycieczek szkolnych oraz kr\u00f3tszych wyj\u015b\u0107 poza teren szko\u0142y.<\/li>\n<\/ul>\n<ol start=\"2\">\n<li>W przypadku nieobecno\u015bci wychowawcy w klasie d\u0142u\u017cszej ni\u017c 14 dni \u2013 dziennik prowadzi inna osoba upowa\u017cniona przez dyrektora.<\/li>\n<li>Je\u015bli w danych ucznia nast\u0119puj\u0105 zmiany, wychowawca ma obowi\u0105zek dokona\u0107 zmian w e-dzienniku, bezzw\u0142ocznie po uzyskaniu potwierdzonych informacji o zmianach.<\/li>\n<li>Wychowawca klasy odpowiada za modu\u0142 Edycja Danych Uczni\u00f3w. Dane te powinny zosta\u0107 uzupe\u0142nione do ko\u0144ca pierwszego tygodnia nauki szkolnej.<\/li>\n<li>W przypadku zmian danych osobowych ucznia, wychowawca po poinformowaniu przez rodzica\/ prawnego opiekuna, ma obowi\u0105zek dokona\u0107 odpowiednich zmian w zapisie dziennika elektronicznego i zg\u0142osi\u0107 ten fakt w sekretariacie szko\u0142y w terminie nie d\u0142u\u017cszym ni\u017c 7 dni od uzyskania informacji o zmianie.<\/li>\n<li>Wszelkie zmiany w planie lekcji wychowawca powinien zg\u0142osi\u0107 e-administratorowi zaraz po otrzymaniu o nich informacji.<\/li>\n<li>Na pierwszym zebraniu z rodzicami wychowawca klasy ma obowi\u0105zek:\n<ul>\n<li>osobi\u015bcie rozda\u0107 rodzicom loginy i has\u0142a do ich kont,<\/li>\n<li>przekaza\u0107 podstawowe informacje o zasadach korzystania z dziennika elektronicznego,<\/li>\n<li>uzupe\u0142ni\u0107 dane dotycz\u0105ce Rady Klasowej Rodzic\u00f3w oraz Samorz\u0105du Klasowego.<\/li>\n<\/ul>\n<\/li>\n<\/ol>\n<ol start=\"7\">\n<li>Na pierwszej lekcji wychowawczej wychowawca powinien zapozna\u0107 uczni\u00f3w z zasadami dzia\u0142ania e-dziennika.<\/li>\n<li>Obowi\u0105zkiem wychowawcy jest podsumowywanie osi\u0105gni\u0119\u0107 i frekwencji uczni\u00f3w swojej klasy w ci\u0105gu 10 dni po zako\u0144czeniu ka\u017cdego miesi\u0105ca i dokonywanie odpowiednich zmian, np. usprawiedliwie\u0144.<\/li>\n<li>W dniu poprzedzaj\u0105cym posiedzenie klasyfikacyjne rady pedagogicznej, wychowawca klasy zobowi\u0105zany jest do dokonania podsumowania pracy p\u00f3\u0142rocznej\/rocznej oraz do dokonania wydruk\u00f3w odpowiadaj\u0105cych tym danym ze statystyk.<\/li>\n<li>Na potrzeby zebra\u0144 i spotka\u0144 z rodzicami, wychowawca drukuje z systemu dziennika elektronicznego zestawienia ocen, frekwencji i potrzebnych statystyk do wykorzystania w \u00a0czasie spotkania z rodzicami.<\/li>\n<li>W przypadku przej\u015bcia ucznia do innej szko\u0142y lub klasy wychowawca klasy zg\u0142asza ten fakt w \u00a0sekretariacie szko\u0142y (lub gdy sekretariat uzyska takie informacje, zg\u0142asza je wychowawcy) w ci\u0105gu 3 dni od odej\u015bcia ucznia.<\/li>\n<\/ol>\n<p>Informacj\u0119 o przej\u015bciu ucznia do innej szko\u0142y lub klasy wychowawca zg\u0142asza e-administratorowi.<\/p>\n<ol start=\"12\">\n<li>Na wniosek ucznia\/jego rodzic\u00f3w\/szko\u0142y, do kt\u00f3rej przeni\u00f3s\u0142 si\u0119 ucze\u0144, wychowawca zobowi\u0105zany jest do wydrukowania danych dotycz\u0105cych przebiegu edukacji ucznia i\u00a0przekazania osobie zainteresowanej i upowa\u017cnionej do odbioru danych, za potwierdzeniem odbioru.<\/li>\n<li>W sytuacji doj\u015bcia ucznia do klasy w trakcie roku szkolnego, wychowawca zobowi\u0105zany jest do wprowadzenia jego danych do e-dziennika, tu\u017c po przyj\u0119ciu ucznia do szko\u0142y przez dyrektora.<\/li>\n<li>Wychowawca zobowi\u0105zany jest w\u0142a\u015bciwie wype\u0142nia\u0107 e-dziennik w dni uroczysto\u015bci szkolnych, wyj\u015b\u0107 do kina, teatru, muzeum, wycieczek szkolnych, oboz\u00f3w naukowych.<\/li>\n<li>Wychowawca klasy musi odnotowywa\u0107 w e-dzienniku informacje o przebiegu wywiad\u00f3wki wraz z list\u0105 os\u00f3b obecnych na zebraniu.<\/li>\n<li>Wychowawca klasy powinien odnotowywa\u0107 w e-dzienniku informacje o indywidualnych rozmowach z rodzicami uczni\u00f3w.<\/li>\n<li>Oceny z zachowania wpisuje wychowawca klasy wed\u0142ug zasad okre\u015blonych w Wewn\u0105trzszkolnych Zasadach Oceniania.<\/li>\n<li>Przed dat\u0105 zako\u0144czenia I p\u00f3\u0142rocza i ko\u0144ca roku szkolnego ka\u017cdy wychowawca klasy jest zobowi\u0105zany do dok\u0142adnego sprawdzenia dokonanych wpis\u00f3w w dzienniku elektronicznym, ze szczeg\u00f3lnym uwzgl\u0119dnieniem danych potrzebnych do wydruku \u015bwiadectw. Za poprawno\u015b\u0107 wprowadzonych danych odpowiada nauczyciel danego przedmiotu.<\/li>\n<li>Przed ko\u0144cem roku szkolnego wychowawca klasy zobowi\u0105zany jest dokona\u0107 eksportu danych do \u015bwiadectw z systemu informatycznego. W celu sprawdzenia poprawno\u015bci wydruk\u00f3w wychowawca klasy powinien przekaza\u0107 te \u015bwiadectwa innemu nauczycielowi w\u00a0celu weryfikacji.<\/li>\n<\/ol>\n<h4><strong>KORZYSTANIE Z DZIENNIKA ELEKTRONICZNEGO PRZEZ RODZIC<\/strong><strong>\u00d3W (PRAWNYCH OPIEKUN\u00d3W) <\/strong><\/h4>\n<ol>\n<li>Osobami uprawnionymi do otrzymywania drog\u0105 internetow\u0105 bie\u017c\u0105cej informacji o post\u0119pach edukacyjnych oraz zachowaniu dziecka s\u0105 jego rodzice (opiekunowie prawni).<\/li>\n<li>Rodzice (prawni opiekunowie) maj\u0105 swoje niezale\u017cne konto w systemie dziennika elektronicznego, zapewniaj\u0105ce podgl\u0105d post\u0119p\u00f3w edukacyjnych dziecka oraz daj\u0105cych mo\u017cliwo\u015b\u0107 komunikowania si\u0119 z nauczycielami w spos\u00f3b zapewniaj\u0105cy ochron\u0119 d\u00f3br osobistych innych uczni\u00f3w.<\/li>\n<li>Ka\u017cdy rodzic\/prawny opiekun ucznia na pocz\u0105tku roku szkolnego, otrzymuje login i has\u0142o konta w\u0142asnego oraz do konta swojego dziecka. Has\u0142o odebrane jest osobi\u015bcie przez rodzica\/ prawnego opiekuna.<\/li>\n<li>Osobami uprawnionymi przez Dyrektora Szko\u0142y do przekazywania hase\u0142 s\u0105:<\/li>\n<\/ol>\n<ul>\n<li>wychowawca klasy,<\/li>\n<li>szkolny administrator e-dziennika (e-administrator),<\/li>\n<li>osoba upowa\u017cniona przez dyrektora szko\u0142y.<\/li>\n<\/ul>\n<ol start=\"5\">\n<li>Fakt otrzymania dost\u0119pu do danych zawartych w e-dzienniku, rodzic zobowi\u0105zany jest potwierdzi\u0107 w\u0142asnor\u0119cznym podpisem.<\/li>\n<li>Has\u0142o powinno by\u0107 zmieniane co 30 dni. Has\u0142o musi si\u0119 sk\u0142ada\u0107 z co najmniej 6 znak\u00f3w i\u00a0by\u0107 kombinacj\u0105 liter i cyfr. Pocz\u0105tkowe has\u0142o do swojego konta, kt\u00f3re u\u017cytkownik dostanie od e-administratora s\u0142u\u017cy tylko do pierwszego zalogowania.<\/li>\n<li>Has\u0142o umo\u017cliwiaj\u0105ce dost\u0119p do zasob\u00f3w e-dziennika ka\u017cdy u\u017cytkownik utrzymuje w tajemnicy, r\u00f3wnie\u017c po up\u0142ywie ich wa\u017cno\u015bci.<\/li>\n<li>Konta rodzic\u00f3w\/prawnych opiekun\u00f3w s\u0105 niezale\u017cne, daj\u0105 one mo\u017cliwo\u015b\u0107:<\/li>\n<\/ol>\n<ul>\n<li>wgl\u0105du do bie\u017c\u0105cych ocen cz\u0105stkowych, a tak\u017ce ocen przewidywanych, \u015br\u00f3drocznych i\u00a0rocznych uzyskiwanych przez uczni\u00f3w,<\/li>\n<li>wgl\u0105du do zapis\u00f3w frekwencji na zaj\u0119ciach szkolnych, w tym wszystkich sp\u00f3\u017anie\u0144 na obowi\u0105zkowe zaj\u0119cia,<\/li>\n<li>wgl\u0105du do uwag i pochwa\u0142 otrzymywanych przez ucznia,<\/li>\n<li>wgl\u0105du do zapowiedzi sprawdzian\u00f3w, badania wynik\u00f3w nauczania, pr\u00f3bnych egzamin\u00f3w zewn\u0119trznych, wydarze\u0144 szkolnych,<\/li>\n<li>wgl\u0105du do og\u0142osze\u0144 szkolnych,<\/li>\n<li>otrzymywania powiadomie\u0144 o nowych wiadomo\u015bciach drog\u0105 mailow\u0105,<\/li>\n<li>dost\u0119pu do danych zawartych w dzienniku poprzez interfejs mobilny w telefonach kom\u00f3rkowych,<\/li>\n<li>komunikowania si\u0119 ze wszystkimi nauczycielami, pedagogiem, psychologiem oraz dyrekcj\u0105 szko\u0142y.<\/li>\n<\/ul>\n<ol start=\"8\">\n<li>Rodzic\/ prawny opiekun osobi\u015bcie odpowiada za swoje konto w e-dzienniku i ma obowi\u0105zek nieudost\u0119pniania go swojemu dziecku ani innym nieupowa\u017cnionym osobom.<\/li>\n<li>Rodzic\/ prawny opiekun ma obowi\u0105zek systematycznego sprawdzania post\u0119p\u00f3w w nauce i\u00a0frekwencji dziecka. W razie niezgodno\u015bci ocen ze stanem rzeczywistym nale\u017cy o tym fakcie poinformowa\u0107 wychowawc\u0119 klasy.<\/li>\n<li>Rodzic\/prawny opiekun ma obowi\u0105zek systematycznego usprawiedliwiania nieobecno\u015bci ucznia na zaj\u0119ciach szkolnych w terminach okre\u015blonych w statucie szko\u0142y i przekazanych przez wychowawc\u0119 na pierwszym zebraniu z rodzicami.<\/li>\n<li>Rodzic\/ prawny opiekun jest zobowi\u0105zany do udzielania odpowiedzi na wszystkie wiadomo\u015bci, jakie otrzymuje od nauczycieli i innych pracownik\u00f3w szko\u0142y.<\/li>\n<li>Rodzic ma obowi\u0105zek samodzielnie zapozna\u0107 si\u0119 z zasadami funkcjonowania e-dziennika w funkcji \u201epomoc\u201d lub wzi\u0105\u0107 udzia\u0142 w szkoleniu organizowanym w szkole po pierwszym zebraniu z rodzicami.<\/li>\n<li>Uprawnienia u\u017cytkownik\u00f3w mog\u0105 by\u0107 zmienione przez e-administratora szkolnego e-dziennika.<\/li>\n<li>Korzystanie z informacji w trybie e-dziennika nie zwalnia rodzica\/prawnego opiekuna z obowi\u0105zku udzia\u0142u w wywiad\u00f3wkach i zebraniach organizowanych przez dyrektora i wychowawc\u00f3w.<\/li>\n<li>Szko\u0142a nie ponosi odpowiedzialno\u015bci za udost\u0119pnienie przez rodzica\/prawnego opiekuna lub ucznia w\u0142asnych hase\u0142 osobom nieuprawnionym.<\/li>\n<li>Has\u0142o dost\u0119pu do e-dziennika mo\u017ce by\u0107 w ka\u017cdej chwili zmienione przez osob\u0119 uprawnion\u0105, na inne.<\/li>\n<li>W razie zagubienia has\u0142a nale\u017cy o tym fakcie niezw\u0142ocznie poinformowa\u0107 administratora, kt\u00f3ry dokona zmiany has\u0142a.<\/li>\n<\/ol>\n<p><strong>\u00a0<\/strong><\/p>\n","protected":false},"excerpt":{"rendered":"<p>W Szkole Podstawowej nr 6 z Oddzia\u0142ami Integracyjnymi im. W\u0142adys\u0142awa G\u0119bika w Kwidzynie dokumentacje szkoln\u0105 prowadzi si\u0119 z \u00a0wykorzystaniem dziennika [&hellip;]<\/p>\n","protected":false},"author":1,"featured_media":0,"parent":0,"menu_order":0,"comment_status":"closed","ping_status":"closed","template":"","meta":{"footnotes":""},"class_list":["post-1410","page","type-page","status-publish","hentry","has_no_thumb"],"aioseo_notices":[],"_links":{"self":[{"href":"https:\/\/sp6kwidzyn.pl\/index.php?rest_route=\/wp\/v2\/pages\/1410","targetHints":{"allow":["GET"]}}],"collection":[{"href":"https:\/\/sp6kwidzyn.pl\/index.php?rest_route=\/wp\/v2\/pages"}],"about":[{"href":"https:\/\/sp6kwidzyn.pl\/index.php?rest_route=\/wp\/v2\/types\/page"}],"author":[{"embeddable":true,"href":"https:\/\/sp6kwidzyn.pl\/index.php?rest_route=\/wp\/v2\/users\/1"}],"replies":[{"embeddable":true,"href":"https:\/\/sp6kwidzyn.pl\/index.php?rest_route=%2Fwp%2Fv2%2Fcomments&post=1410"}],"version-history":[{"count":0,"href":"https:\/\/sp6kwidzyn.pl\/index.php?rest_route=\/wp\/v2\/pages\/1410\/revisions"}],"wp:attachment":[{"href":"https:\/\/sp6kwidzyn.pl\/index.php?rest_route=%2Fwp%2Fv2%2Fmedia&parent=1410"}],"curies":[{"name":"wp","href":"https:\/\/api.w.org\/{rel}","templated":true}]}}