{"id":1404,"date":"2019-05-30T11:05:27","date_gmt":"2019-05-30T09:05:27","guid":{"rendered":"http:\/\/sp6kwidzyn.pl\/?page_id=1404"},"modified":"2019-05-30T11:05:27","modified_gmt":"2019-05-30T09:05:27","slug":"organizacja-przerw-miedzylekcyjnych-i-dyzurow-nauczycieli","status":"publish","type":"page","link":"https:\/\/sp6kwidzyn.pl\/?page_id=1404","title":{"rendered":"Organizacja przerw mi\u0119dzylekcyjnych i dy\u017cur\u00f3w nauczycieli."},"content":{"rendered":"<p><u>Nauczyciel:<\/u><\/p>\n<ol>\n<li>Niezw\u0142ocznie po dzwonku na przerw\u0119 rozpoczyna dy\u017cur w wyznaczonym miejscu zgodnie z harmonogramem.<\/li>\n<li>Harmonogram dy\u017cur\u00f3w znajduje si\u0119 w pokoju nauczycielskim i gabinecie dyrektora szko\u0142y oraz w e-dzienniku.<\/li>\n<li>Zajmuje miejsce stanowisko w przydzielonym sektorze, kt\u00f3re opuszcza wraz z dzwonkiem na lekcje.<\/li>\n<li>Miejscem dy\u017curu s\u0105 korytarze, schody, sanitariaty, sto\u0142\u00f3wka, \u0142\u0105cznik, szatnie wychowania fizycznego.<\/li>\n<li>W trakcie pe\u0142nienia dy\u017curu zajmuje miejsca umo\u017cliwiaj\u0105ce mu ogarni\u0119cie wzrokiem ca\u0142ego terenu dy\u017curowania.<\/li>\n<li>W miar\u0119 mo\u017cliwo\u015bci stara si\u0119 eliminowa\u0107 sytuacje zagra\u017caj\u0105ce zdrowiu i \u017cyciu uczni\u00f3w, wydaje polecenia oraz egzekwuje ich wykonanie przez uczni\u00f3w.<\/li>\n<li>Obowi\u0105zkowo i natychmiast zg\u0142asza dyrektorowi szko\u0142y zauwa\u017cone zagro\u017cenie, kt\u00f3rego nie jest w stanie sam usun\u0105\u0107.<\/li>\n<li>Zawiadamia dyrektora szko\u0142y o zauwa\u017conych podczas dy\u017curu zniszczeniach mienia szkolnego lub innych zdarzeniach zagra\u017caj\u0105cych zdrowiu i bezpiecze\u0144stwu uczni\u00f3w oraz pracownik\u00f3w szko\u0142y.<\/li>\n<li>W miar\u0119 mo\u017cliwo\u015bci ustala winnego zniszczonego mienia szkolnego (okno, drzwi, gazetki, obrazy, itp.) przez m\u0142odzie\u017c na przydzielonym terenie i powiadamia wychowawc\u0119 i dyrektora szko\u0142y.<\/li>\n<li>Je\u015bli zdarzy\u0142 si\u0119 wypadek na terenie szko\u0142y podczas pe\u0142nienia dy\u017curu, w wyniku kt\u00f3rego ucze\u0144 utraci\u0142 przytomno\u015b\u0107 lub ma silne dolegliwo\u015bci b\u00f3lowe nauczyciel wzywa s\u0142u\u017cby ratownicze (pogotowie ratunkowe) i powiadamia o tym fakcie rodzic\u00f3w\/prawnych opiekun\u00f3w dziecka.<\/li>\n<li>Powiadamia niezw\u0142ocznie dyrektora o zaistnia\u0142ej sytuacji.<\/li>\n<li>Zg\u0142asza wychowawcy niew\u0142a\u015bciwe zachowanie podopiecznych.<\/li>\n<li>Pe\u0142ni dy\u017cur w spos\u00f3b czynny nie zajmuj\u0105c si\u0119 sprawami postronnymi. Nie pozwala, aby inne czynno\u015bci przeszkadza\u0142y mu w rzetelnym pe\u0142nieniu dy\u017curu.<\/li>\n<li>Nie powinien zej\u015b\u0107 z dy\u017curu bez ustalenia zast\u0119pstwa.<\/li>\n<li>Nauczyciel przyjmuj\u0105cy zast\u0119pstwo za nieobecnego pracownika pe\u0142ni r\u00f3wnie\u017c dy\u017cur w jego zast\u0119pstwie. W przypadku, gdy ma planowo sw\u00f3j dy\u017cur, zg\u0142asza zaistnia\u0142\u0105 sytuacj\u0119 wicedyrektorowi, kt\u00f3ry wyznacza innego nauczyciela na zast\u0119pstwo w pe\u0142nieniu dy\u017curu.<\/li>\n<li>Dy\u017cury rozpoczynaj\u0105 si\u0119 o 7.45 i trwaj\u0105 do zako\u0144czenia zaj\u0119\u0107 lekcyjnych. W \u015bwietlicy \u2013 z chwil\u0105 jej otwarcia, tj. w godz. 6.30 do zamkni\u0119cia (od poniedzia\u0142ku do czwartku &#8211; 16.30, w pi\u0105tki \u2013 do 16.00).<\/li>\n<li>Samowolne zej\u015bcie lub niewywi\u0105zanie si\u0119 z obowi\u0105zku pe\u0142nienia dy\u017curu jest powa\u017cnym zaniedbaniem i naruszeniem dyscypliny pracy.<\/li>\n<li>Regulamin pe\u0142nienia dy\u017cur\u00f3w szczeg\u00f3\u0142owo okre\u015bla zakres obowi\u0105zk\u00f3w nauczyciela dy\u017curuj\u0105cego.<\/li>\n<\/ol>\n<p><u>Uczniowie:<\/u><\/p>\n<ol>\n<li>W czasie przerw zachowuj\u0105 si\u0119 tak, by nie stwarza\u0107 zagro\u017cenia dla innych os\u00f3b (nie biegaj\u0105, nie ha\u0142asuj\u0105).<\/li>\n<li>Po korytarzu i schodach przemieszczaj\u0105 si\u0119 zgodnie z ruchem prawostronnym.<\/li>\n<li>Mog\u0105 siada\u0107 tylko w miejscach do tego przeznaczonych.<\/li>\n<li>Mog\u0105 przebywa\u0107 w salach tylko pod opiek\u0105 nauczycieli.<\/li>\n<li>Dbaj\u0105 o czysto\u015b\u0107 i porz\u0105dek w najbli\u017cszym otoczeniu, szanuj\u0105 mienie szko\u0142y (nie niszcz\u0105 sprz\u0119t\u00f3w, \u015bcian itp.), dbaj\u0105 o cudz\u0105 w\u0142asno\u015b\u0107 (nie niszcz\u0105 plecak\u00f3w, nie zrzucaj\u0105 ubra\u0144 z wieszak\u00f3w w szatniach itp.).<\/li>\n<\/ol>\n<p>&nbsp;<\/p>\n","protected":false},"excerpt":{"rendered":"<p>Nauczyciel: Niezw\u0142ocznie po dzwonku na przerw\u0119 rozpoczyna dy\u017cur w wyznaczonym miejscu zgodnie z harmonogramem. Harmonogram dy\u017cur\u00f3w znajduje si\u0119 w pokoju [&hellip;]<\/p>\n","protected":false},"author":1,"featured_media":0,"parent":0,"menu_order":0,"comment_status":"closed","ping_status":"closed","template":"","meta":{"footnotes":""},"class_list":["post-1404","page","type-page","status-publish","hentry","has_no_thumb"],"aioseo_notices":[],"_links":{"self":[{"href":"https:\/\/sp6kwidzyn.pl\/index.php?rest_route=\/wp\/v2\/pages\/1404","targetHints":{"allow":["GET"]}}],"collection":[{"href":"https:\/\/sp6kwidzyn.pl\/index.php?rest_route=\/wp\/v2\/pages"}],"about":[{"href":"https:\/\/sp6kwidzyn.pl\/index.php?rest_route=\/wp\/v2\/types\/page"}],"author":[{"embeddable":true,"href":"https:\/\/sp6kwidzyn.pl\/index.php?rest_route=\/wp\/v2\/users\/1"}],"replies":[{"embeddable":true,"href":"https:\/\/sp6kwidzyn.pl\/index.php?rest_route=%2Fwp%2Fv2%2Fcomments&post=1404"}],"version-history":[{"count":0,"href":"https:\/\/sp6kwidzyn.pl\/index.php?rest_route=\/wp\/v2\/pages\/1404\/revisions"}],"wp:attachment":[{"href":"https:\/\/sp6kwidzyn.pl\/index.php?rest_route=%2Fwp%2Fv2%2Fmedia&parent=1404"}],"curies":[{"name":"wp","href":"https:\/\/api.w.org\/{rel}","templated":true}]}}