{"id":1398,"date":"2019-05-30T08:15:56","date_gmt":"2019-05-30T06:15:56","guid":{"rendered":"http:\/\/sp6kwidzyn.pl\/?page_id=1398"},"modified":"2019-05-30T08:15:56","modified_gmt":"2019-05-30T06:15:56","slug":"regulamin-internetowego-centrum-informacji-multimedialnej","status":"publish","type":"page","link":"https:\/\/sp6kwidzyn.pl\/?page_id=1398","title":{"rendered":"REGULAMIN  INTERNETOWEGO CENTRUM INFORMACJI  MULTIMEDIALNEJ"},"content":{"rendered":"<ol>\n<li>Z Internetowego Centrum Informacji\u00a0 Multimedialnej mo\u017cna korzysta\u0107 w godzinach pracy biblioteki. (harmonogram umieszczony obok drzwi wej\u015bciowych biblioteki)<\/li>\n<li>Z ksi\u0119gozbioru podr\u0119cznego, czasopism i innych dokument\u00f3w (p\u0142yty, programy) mo\u017cna korzysta\u0107 tylko na miejscu. (za wyj\u0105tkiem materia\u0142\u00f3w wypo\u017cyczonych przez nauczycieli na zaj\u0119cia edukacyjne).<\/li>\n<li>Stanowiska komputerowe w bibliotece s\u0142u\u017c\u0105 wy\u0142\u0105cznie do cel\u00f3w dydaktycznych:\n<ul>\n<li>poszukiwa\u0144 materia\u0142\u00f3w w programach edukacyjnych,<\/li>\n<li>wykonywania w\u0142asnych prac na potrzeby edukacyjne,<\/li>\n<li>dokonywania poszukiwa\u0144 w Internecie,<\/li>\n<li>tworzenia dokument\u00f3w organizacji dzia\u0142aj\u0105cych w szkole.<\/li>\n<\/ul>\n<\/li>\n<li>Korzysta\u0107 mo\u017cna tylko z zainstalowanych program\u00f3w. Zabrania si\u0119 instalowania innych program\u00f3w i dokonywania zmian w ju\u017c istniej\u0105cych oprogramowaniach i ustawieniach systemowych.<\/li>\n<li>Zabrania si\u0119 zapisywania dokument\u00f3w na dysku twardym. Wyj\u0105tek stanowi\u0105 zaj\u0119cia prowadzone pod nadzorem nauczyciela. (po up\u0142ywie jednego miesi\u0105ca dokumenty te nale\u017cy usun\u0105\u0107).Opiekun u\u017cytkownik\u00f3w na tych zaj\u0119ciach odpowiedzialny jest w\u00f3wczas za regulaminowe zachowanie si\u0119 uczni\u00f3w podczas pracy przy stanowiskach.<\/li>\n<li>Zabrania si\u0119 korzystania z komputera w celach zarobkowych, wykonywania czynno\u015bci naruszaj\u0105cych prawa autorskie tw\u00f3rc\u00f3w lub dystrybutor\u00f3w oprogramowanych danych.<\/li>\n<li>Przy stanowisku komputerowym mo\u017ce pracowa\u0107 jedna osoba.<\/li>\n<li>U\u017cytkownik komputera musi posiada\u0107 elementarn\u0105 znajomo\u015b\u0107 obs\u0142ugi komputera i program\u00f3w. Nauczyciel \u2013 bibliotekarz nie ma obowi\u0105zku obs\u0142ugiwania wypo\u017cyczonego przez u\u017cytkownika programu lub udzielania mu sta\u0142ej pomocy w tworzeniu dokumentu. Mo\u017ce jedynie udzieli\u0107 pomocy elementarnej.<\/li>\n<li>Wszelkie uszkodzenia lub nieprawid\u0142owo\u015bci w pracy komputera nale\u017cy natychmiast zg\u0142osi\u0107 nauczycielowi.<\/li>\n<li>Za wszelkie zniszczenia mechaniczne sprz\u0119tu komputerowego i oprogramowania odpowiada finansowo u\u017cytkownik (prawni opiekunowie ucznia).<\/li>\n<li>W przypadku stwierdzenia naruszenia obowi\u0105zuj\u0105cych zasad bibliotekarz ma prawo do natychmiastowego przerwania pracy u\u017cytkownikowi.<\/li>\n<li>U\u017cytkownicy po przygotowaniu materia\u0142\u00f3w edukacyjnych mog\u0105 je drukowa\u0107, kserowa\u0107 i skanowa\u0107 (zob. regulamin przygotowywania materia\u0142\u00f3w dydaktycznych).<\/li>\n<li>Ka\u017cdy u\u017cytkownik komputera powinien przed przyst\u0105pieniem do pracy poda\u0107 swoje dane (imi\u0119 i nazwisko oraz klas\u0119 do kt\u00f3rej ucz\u0119szcza).<\/li>\n<li>Niestosowanie si\u0119 do w\/w punkt\u00f3w regulaminu spowoduje zakaz korzystania ze stanowisk komputerowych na okres wskazany przez nauczyciela \u2013 bibliotekarza (mo\u017ce by\u0107 to zakaz nawet do ko\u0144ca roku szkolnego).<\/li>\n<\/ol>\n","protected":false},"excerpt":{"rendered":"<p>Z Internetowego Centrum Informacji\u00a0 Multimedialnej mo\u017cna korzysta\u0107 w godzinach pracy biblioteki. (harmonogram umieszczony obok drzwi wej\u015bciowych biblioteki) Z ksi\u0119gozbioru podr\u0119cznego, [&hellip;]<\/p>\n","protected":false},"author":1,"featured_media":0,"parent":0,"menu_order":0,"comment_status":"closed","ping_status":"closed","template":"","meta":{"footnotes":""},"class_list":["post-1398","page","type-page","status-publish","hentry","has_no_thumb"],"aioseo_notices":[],"_links":{"self":[{"href":"https:\/\/sp6kwidzyn.pl\/index.php?rest_route=\/wp\/v2\/pages\/1398","targetHints":{"allow":["GET"]}}],"collection":[{"href":"https:\/\/sp6kwidzyn.pl\/index.php?rest_route=\/wp\/v2\/pages"}],"about":[{"href":"https:\/\/sp6kwidzyn.pl\/index.php?rest_route=\/wp\/v2\/types\/page"}],"author":[{"embeddable":true,"href":"https:\/\/sp6kwidzyn.pl\/index.php?rest_route=\/wp\/v2\/users\/1"}],"replies":[{"embeddable":true,"href":"https:\/\/sp6kwidzyn.pl\/index.php?rest_route=%2Fwp%2Fv2%2Fcomments&post=1398"}],"version-history":[{"count":0,"href":"https:\/\/sp6kwidzyn.pl\/index.php?rest_route=\/wp\/v2\/pages\/1398\/revisions"}],"wp:attachment":[{"href":"https:\/\/sp6kwidzyn.pl\/index.php?rest_route=%2Fwp%2Fv2%2Fmedia&parent=1398"}],"curies":[{"name":"wp","href":"https:\/\/api.w.org\/{rel}","templated":true}]}}