{"id":1395,"date":"2019-05-30T08:14:17","date_gmt":"2019-05-30T06:14:17","guid":{"rendered":"http:\/\/sp6kwidzyn.pl\/?page_id=1395"},"modified":"2019-05-30T08:14:17","modified_gmt":"2019-05-30T06:14:17","slug":"sprawowanie-opieki-nad-uczniami-przebywajacymi-w-bibliotece-szkolnej","status":"publish","type":"page","link":"https:\/\/sp6kwidzyn.pl\/?page_id=1395","title":{"rendered":"Sprawowanie opieki nad uczniami przebywaj\u0105cymi w bibliotece szkolnej"},"content":{"rendered":"<ol>\n<li>Uczniowie mog\u0105 przebywa\u0107 w bibliotece szkolnej w godzinach pracy biblioteki, poza godzinami, w\u00a0kt\u00f3rych odbywaj\u0105 si\u0119 lekcje informatyki.<\/li>\n<li>Nauczyciele bibliotekarze sprawuj\u0105 opiek\u0119 nad uczniami korzystaj\u0105cymi ze zbior\u00f3w bibliotecznych lub komputer\u00f3w (w celach edukacyjnych) oraz nieucz\u0119szczaj\u0105cymi na lekcje religii (poza godzinami pracy \u015bwietlicy).<\/li>\n<li>Uczniowie przebywaj\u0105cy w bibliotece szkolnej maj\u0105 obowi\u0105zek przestrzegania regulamin\u00f3w biblioteki szkolnej: regulaminu biblioteki oraz regulaminu ICIM.<\/li>\n<li>Uczni\u00f3w korzystaj\u0105cych ze zbior\u00f3w bibliotecznych lub stanowisk komputerowych wpisuje si\u0119 do ewidencji w programie komputerowym \u201eBiblioteka\u201d.<\/li>\n<li>W przypadku niew\u0142a\u015bciwego zachowania si\u0119 uczni\u00f3w w bibliotece szkolnej (nieprzestrzegania regulamin\u00f3w) obowi\u0105zuj\u0105 nast\u0119puj\u0105ce kroki post\u0119powania:<\/li>\n<li>upomnienie ustne,<\/li>\n<li>zapis uwagi w dzienniku lekcyjnym i zg\u0142oszenie wychowawcy klasy,<\/li>\n<li>zg\u0142oszenie do pedagoga szkolnego, a nast\u0119pnie do dyrektora szko\u0142y (w razie sytuacji powtarzaj\u0105cych si\u0119).<\/li>\n<li>W przypadku niew\u0142a\u015bciwego zachowania si\u0119 ucznia na stanowisku komputerowym nauczyciel bibliotekarz mo\u017ce zastosowa\u0107 r\u00f3wnie\u017c ograniczenie mo\u017cliwo\u015bci korzystania z komputera lub ca\u0142kowity zakaz korzystania z niego przez okre\u015blony czas (do ko\u0144ca roku szkolnego w\u0142\u0105cznie).<\/li>\n<li>O zakazie korzystania ze stanowiska komputerowego przez ucznia informowany jest wychowawca klasy oraz za jego po\u015brednictwem rodzice ucznia.<\/li>\n<\/ol>\n","protected":false},"excerpt":{"rendered":"<p>Uczniowie mog\u0105 przebywa\u0107 w bibliotece szkolnej w godzinach pracy biblioteki, poza godzinami, w\u00a0kt\u00f3rych odbywaj\u0105 si\u0119 lekcje informatyki. Nauczyciele bibliotekarze sprawuj\u0105 [&hellip;]<\/p>\n","protected":false},"author":1,"featured_media":0,"parent":0,"menu_order":0,"comment_status":"closed","ping_status":"closed","template":"","meta":{"footnotes":""},"class_list":["post-1395","page","type-page","status-publish","hentry","has_no_thumb"],"aioseo_notices":[],"_links":{"self":[{"href":"https:\/\/sp6kwidzyn.pl\/index.php?rest_route=\/wp\/v2\/pages\/1395","targetHints":{"allow":["GET"]}}],"collection":[{"href":"https:\/\/sp6kwidzyn.pl\/index.php?rest_route=\/wp\/v2\/pages"}],"about":[{"href":"https:\/\/sp6kwidzyn.pl\/index.php?rest_route=\/wp\/v2\/types\/page"}],"author":[{"embeddable":true,"href":"https:\/\/sp6kwidzyn.pl\/index.php?rest_route=\/wp\/v2\/users\/1"}],"replies":[{"embeddable":true,"href":"https:\/\/sp6kwidzyn.pl\/index.php?rest_route=%2Fwp%2Fv2%2Fcomments&post=1395"}],"version-history":[{"count":0,"href":"https:\/\/sp6kwidzyn.pl\/index.php?rest_route=\/wp\/v2\/pages\/1395\/revisions"}],"wp:attachment":[{"href":"https:\/\/sp6kwidzyn.pl\/index.php?rest_route=%2Fwp%2Fv2%2Fmedia&parent=1395"}],"curies":[{"name":"wp","href":"https:\/\/api.w.org\/{rel}","templated":true}]}}