{"id":1392,"date":"2019-05-30T08:12:55","date_gmt":"2019-05-30T06:12:55","guid":{"rendered":"http:\/\/sp6kwidzyn.pl\/?page_id=1392"},"modified":"2019-05-30T08:12:55","modified_gmt":"2019-05-30T06:12:55","slug":"sprawowanie-opieki-nad-uczniem-w-dni-wolne-od-zajec-dydaktycznych","status":"publish","type":"page","link":"https:\/\/sp6kwidzyn.pl\/?page_id=1392","title":{"rendered":"Sprawowanie opieki nad uczniem w dni wolne od zaj\u0119\u0107 dydaktycznych."},"content":{"rendered":"<ol>\n<li>W dni wolne od zaj\u0119\u0107 dydaktycznych (nie dotyczy sob\u00f3t i niedziel) szko\u0142a mo\u017ce zapewni\u0107 opiek\u0119 uczniom, na pro\u015bb\u0119 rodzic\u00f3w\/prawnych opiekun\u00f3w.<\/li>\n<li>Rodzice dzieci zapisanych do \u015bwietlicy sk\u0142adaj\u0105 pisemn\u0105 informacj\u0119 nauczycielom \u015bwietlicy, pozostali uczniowie wychowawcom klasy w terminie przynajmniej trzech dni przed dniem wolnym.<\/li>\n<li>W tym dniu uczniowie z klas I &#8211; III zapisani do \u015bwietlicy s\u0105 pod opiek\u0105 wychowawc\u00f3w \u015bwietlicy.<\/li>\n<li>Uczniom z klas IV-VIII oraz I-III niezapisanym do \u015bwietlicy zaj\u0119cia wychowawczo-opieku\u0144cze zapewnia nauczyciel wyznaczony przez dyrektora szko\u0142y.<\/li>\n<\/ol>\n<p><strong>\u00a0<\/strong><\/p>\n","protected":false},"excerpt":{"rendered":"<p>W dni wolne od zaj\u0119\u0107 dydaktycznych (nie dotyczy sob\u00f3t i niedziel) szko\u0142a mo\u017ce zapewni\u0107 opiek\u0119 uczniom, na pro\u015bb\u0119 rodzic\u00f3w\/prawnych opiekun\u00f3w. [&hellip;]<\/p>\n","protected":false},"author":1,"featured_media":0,"parent":0,"menu_order":0,"comment_status":"closed","ping_status":"closed","template":"","meta":{"footnotes":""},"class_list":["post-1392","page","type-page","status-publish","hentry","has_no_thumb"],"aioseo_notices":[],"_links":{"self":[{"href":"https:\/\/sp6kwidzyn.pl\/index.php?rest_route=\/wp\/v2\/pages\/1392","targetHints":{"allow":["GET"]}}],"collection":[{"href":"https:\/\/sp6kwidzyn.pl\/index.php?rest_route=\/wp\/v2\/pages"}],"about":[{"href":"https:\/\/sp6kwidzyn.pl\/index.php?rest_route=\/wp\/v2\/types\/page"}],"author":[{"embeddable":true,"href":"https:\/\/sp6kwidzyn.pl\/index.php?rest_route=\/wp\/v2\/users\/1"}],"replies":[{"embeddable":true,"href":"https:\/\/sp6kwidzyn.pl\/index.php?rest_route=%2Fwp%2Fv2%2Fcomments&post=1392"}],"version-history":[{"count":0,"href":"https:\/\/sp6kwidzyn.pl\/index.php?rest_route=\/wp\/v2\/pages\/1392\/revisions"}],"wp:attachment":[{"href":"https:\/\/sp6kwidzyn.pl\/index.php?rest_route=%2Fwp%2Fv2%2Fmedia&parent=1392"}],"curies":[{"name":"wp","href":"https:\/\/api.w.org\/{rel}","templated":true}]}}